{"id":8914,"date":"2025-06-22T15:21:06","date_gmt":"2025-06-22T15:21:06","guid":{"rendered":"https:\/\/ryinz.cz\/velkoobchod\/?post_type=product&#038;p=8914"},"modified":"2026-01-18T20:16:49","modified_gmt":"2026-01-18T20:16:49","slug":"ryinz-wytrzymale-odporne-na-uderzenia-rekawice-mechaniczne-tpr-wzmocniony-grzbiet-dloni-bezpieczenstwo-przemyslowe-w-warsztacie-budowlanym","status":"publish","type":"product","link":"https:\/\/ryinz.cz\/velkoobchod\/pl\/product\/ryinz-heavy-duty-impact-resistant-mechanics-gloves-tpr-back-reinforced-palm-grip-industrial-safety-for-workshop-construction\/","title":{"rendered":"Odporne na uderzenia r\u0119kawice dla mechanik\u00f3w RYINZ - grzbiet TPR, wzmocniony uchwyt d\u0142oni, bezpiecze\u0144stwo przemys\u0142owe w warsztacie i na budowie"},"content":{"rendered":"<p><strong>Kluczowe cechy:<\/strong><\/p>\n<ul>\n<li><strong>Materia\u0142 d\u0142oni<\/strong>: D\u0142o\u0144 z mikrofibry z wy\u015bci\u00f3\u0142k\u0105 z pianki \u017celowej zapewnia doskona\u0142\u0105 wygod\u0119 i amortyzacj\u0119 wstrz\u0105s\u00f3w podczas ci\u0119\u017ckich zada\u0144.<\/li>\n<li><strong>Wzmocnienie<\/strong>: Wzmocnienie z mikrofibry mi\u0119dzy palcem wskazuj\u0105cym a kciukiem dla dodatkowej trwa\u0142o\u015bci.<\/li>\n<li><strong>Mankiet i podszewka<\/strong>: Wyt\u0142aczany mankiet z neoprenu zapewnia bezpieczne dopasowanie, a wy\u015bci\u00f3\u0142ka d\u0142oni wykonana jest z dzianiny kevlarowej dla dodatkowej wytrzyma\u0142o\u015bci.<\/li>\n<li><strong>Ochrona plec\u00f3w<\/strong>: Laminowany, rozci\u0105gliwy w czterech kierunkach materia\u0142 na grzbiecie d\u0142oni z ochron\u0105 TPR na palcach, grzbiecie d\u0142oni i kciuku.<\/li>\n<li><strong>Zamkni\u0119cie<\/strong>: Zapi\u0119cie na rzep z mikrofibry dla \u0142atwej regulacji i bezpiecznego dopasowania.<\/li>\n<\/ul>\n<p><strong>Opis produktu:<\/strong><\/p>\n<p>The <strong>R\u0119kawice Gillani Mechanics Gel-Padded (MG-0591)<\/strong> oferuj\u0105 najwy\u017cszej jako\u015bci ochron\u0119 i komfort dla profesjonalist\u00f3w pracuj\u0105cych w ci\u0119\u017ckich warunkach. Wn\u0119trze d\u0142oni z mikrofibry z \u017celow\u0105 wy\u015bci\u00f3\u0142k\u0105 z pianki zapewnia doskona\u0142\u0105 absorpcj\u0119 wstrz\u0105s\u00f3w podczas ci\u0119\u017ckich zada\u0144. Wzmocnienie z mikrofibry mi\u0119dzy palcem wskazuj\u0105cym a kciukiem zapewnia trwa\u0142o\u015b\u0107, a kevlarowa podszewka wewn\u0105trz d\u0142oni zwi\u0119ksza wytrzyma\u0142o\u015b\u0107. Grzbiet jest laminowany rozci\u0105gliwym w czterech kierunkach materia\u0142em i ochron\u0105 TPR na palcach i tylnej cz\u0119\u015bci d\u0142oni, zapewniaj\u0105c bezpiecze\u0144stwo i elastyczno\u015b\u0107. Zapi\u0119cie na rzep z mikrofibry zapewnia dok\u0142adne dopasowanie, dzi\u0119ki czemu r\u0119kawice te s\u0105 idealne dla mechanik\u00f3w i innych profesjonalist\u00f3w pracuj\u0105cych w ci\u0119\u017ckich warunkach.<\/p>","protected":false},"excerpt":{"rendered":"<p>R\u0119kawice odporne na uderzenia RYINZ Heavy-Duty s\u0105 stworzone do ochrony i pracy w najtrudniejszych warunkach przemys\u0142owych. Dzi\u0119ki os\u0142onom przeciwuderzeniowym TPR na ca\u0142ym grzbiecie d\u0142oni i wzmocnionemu antypo\u015blizgowemu uchwytowi d\u0142oni, zapewniaj\u0105 one pe\u0142ne bezpiecze\u0144stwo bez po\u015bwi\u0119cania komfortu. Niezale\u017cnie od tego, czy pracujesz w zat\u0142oczonym warsztacie samochodowym, na ha\u0142a\u015bliwym placu budowy, czy obs\u0142ugujesz szorstkie narz\u0119dzia, r\u0119kawice te zapewniaj\u0105 ochron\u0119 d\u0142oni i gotowo\u015b\u0107 do pracy. Jaskrawy pomara\u0144czowy kolor przemys\u0142owy zwi\u0119ksza widoczno\u015b\u0107, a elastyczne mankiety i oddychaj\u0105ce materia\u0142y zapewniaj\u0105 komfort noszenia przez ca\u0142y dzie\u0144. Stworzone dla profesjonalist\u00f3w. Zaprojektowane przez RYINZ.<\/p>","protected":false},"featured_media":8969,"comment_status":"closed","ping_status":"closed","template":"","meta":[],"product_brand":[35],"product_cat":[82,83],"product_tag":[79,80,81,84,85],"class_list":{"0":"post-8914","1":"product","2":"type-product","3":"status-publish","4":"has-post-thumbnail","6":"product_brand-ryinz","7":"product_cat-mechanic-industrial-gloves","8":"product_cat-mechanics-gloves","9":"product_tag-gel-padded-gloves","10":"product_tag-gel-padded-work-gloves","11":"product_tag-heavy-duty-work-gloves","12":"product_tag-mechanics-gloves","13":"product_tag-tpr-protection-gloves","15":"first","16":"instock","17":"taxable","18":"shipping-taxable","19":"purchasable","20":"product-type-simple"},"_links":{"self":[{"href":"https:\/\/ryinz.cz\/velkoobchod\/pl\/wp-json\/wp\/v2\/product\/8914","targetHints":{"allow":["GET"]}}],"collection":[{"href":"https:\/\/ryinz.cz\/velkoobchod\/pl\/wp-json\/wp\/v2\/product"}],"about":[{"href":"https:\/\/ryinz.cz\/velkoobchod\/pl\/wp-json\/wp\/v2\/types\/product"}],"replies":[{"embeddable":true,"href":"https:\/\/ryinz.cz\/velkoobchod\/pl\/wp-json\/wp\/v2\/comments?post=8914"}],"wp:featuredmedia":[{"embeddable":true,"href":"https:\/\/ryinz.cz\/velkoobchod\/pl\/wp-json\/wp\/v2\/media\/8969"}],"wp:attachment":[{"href":"https:\/\/ryinz.cz\/velkoobchod\/pl\/wp-json\/wp\/v2\/media?parent=8914"}],"wp:term":[{"taxonomy":"product_brand","embeddable":true,"href":"https:\/\/ryinz.cz\/velkoobchod\/pl\/wp-json\/wp\/v2\/product_brand?post=8914"},{"taxonomy":"product_cat","embeddable":true,"href":"https:\/\/ryinz.cz\/velkoobchod\/pl\/wp-json\/wp\/v2\/product_cat?post=8914"},{"taxonomy":"product_tag","embeddable":true,"href":"https:\/\/ryinz.cz\/velkoobchod\/pl\/wp-json\/wp\/v2\/product_tag?post=8914"}],"curies":[{"name":"wp","href":"https:\/\/api.w.org\/{rel}","templated":true}]}}