{"id":8913,"date":"2025-06-22T15:21:05","date_gmt":"2025-06-22T15:21:05","guid":{"rendered":"https:\/\/ryinz.cz\/velkoobchod\/?post_type=product&#038;p=8913"},"modified":"2026-01-18T20:16:48","modified_gmt":"2026-01-18T20:16:48","slug":"ryinz-czarne-pikowane-rekawice-narciarskie-ocieplane-wodoodporne-rekawice-zimowe-z-antyposlizgowym-uchwytem-do-snowboardu-i-alpinizmu","status":"publish","type":"product","link":"https:\/\/ryinz.cz\/velkoobchod\/pl\/product\/ryinz-black-quilted-ski-snow-gloves-insulated-waterproof-winter-gloves-with-anti-slip-grip-for-snowboarding-alpine-use\/","title":{"rendered":"RYINZ Czarne pikowane r\u0119kawice narciarskie i \u015bniegowe - ocieplane, wodoodporne, zimowe r\u0119kawice z antypo\u015blizgowym uchwytem do snowboardu i alpejskich zastosowa\u0144"},"content":{"rendered":"<p class=\"\" data-start=\"344\" data-end=\"786\">Zmierz si\u0119 z ekstremalnym zimnem dzi\u0119ki doskona\u0142ej ochronie i wydajno\u015bci w <strong data-start=\"413\" data-end=\"448\">R\u0119kawice narciarskie i \u015bniegowe RYINZ GMFG-32<\/strong> - Specjalnie zaprojektowane dla snowboardzist\u00f3w, narciarzy i profesjonalist\u00f3w, kt\u00f3rzy wymagaj\u0105 trwa\u0142o\u015bci, wygody i stylu. Wykonane z pikowanej pow\u0142oki zewn\u0119trznej i precyzyjnie zszytej konstrukcji, te zimowe r\u0119kawice \u0142\u0105cz\u0105 ciep\u0142o i wiatroszczeln\u0105 ochron\u0119 z eleganckim, czarno-czarnym, gotowym na g\u00f3ry designem, kt\u00f3ry poprawia zar\u00f3wno form\u0119, jak i funkcjonalno\u015b\u0107.<\/p>\n<p class=\"\" data-start=\"788\" data-end=\"1203\">Zewn\u0119trzna cz\u0119\u015b\u0107 r\u0119kawic zosta\u0142a zaprojektowana przy u\u017cyciu <strong data-start=\"832\" data-end=\"869\">Zaawansowana tkanina odporna na warunki atmosferyczne<\/strong> kt\u00f3ry odpycha \u015bnieg, wilgo\u0107 i wiatr. Matowy czarny pikowany wz\u00f3r nie tylko dodaje stylowego elementu wizualnego, ale tak\u017ce zwi\u0119ksza zatrzymywanie ciep\u0142a, zmniejszaj\u0105c przenikanie zimnego powietrza. Tkanina ta jest po\u0142\u0105czona z <strong data-start=\"1070\" data-end=\"1097\">wn\u0119trze z polaru termicznego<\/strong> Podszewka zapewniaj\u0105ca sta\u0142e ciep\u0142o i komfort przez ca\u0142y dzie\u0144, nawet w warunkach alpejskich poni\u017cej zera.<\/p>\n<p class=\"\" data-start=\"1205\" data-end=\"1585\">Strategicznie rozmieszczone <strong data-start=\"1226\" data-end=\"1261\">antypo\u015blizgowe silikonowe uchwyty<\/strong> na d\u0142oni i palcach zwi\u0119kszaj\u0105 przyczepno\u015b\u0107 i umo\u017cliwiaj\u0105 pewn\u0105 obs\u0142ug\u0119 kijk\u00f3w narciarskich, kraw\u0119dzi snowboardowych lub urz\u0105dze\u0144 mobilnych. Niezale\u017cnie od tego, czy wspinasz si\u0119 na g\u00f3r\u0119, czy \u015bcigasz si\u0119 w d\u00f3\u0142 stoku, te r\u0119kawice pozostaj\u0105 wygodne, responsywne i niezawodne. Wzmocnione strefy w punktach o wysokim wsp\u00f3\u0142czynniku tarcia zwi\u0119kszaj\u0105 trwa\u0142o\u015b\u0107, nawet przy intensywnym, wielokrotnym u\u017cytkowaniu.<\/p>\n<p class=\"\" data-start=\"1587\" data-end=\"2024\">D\u0142ugi mankiet na nadgarstek zawiera <strong data-start=\"1626\" data-end=\"1656\">regulowany sznurek \u015bci\u0105gaj\u0105cy<\/strong> aby uszczelni\u0107 \u015bnieg i utrzyma\u0107 ciep\u0142o cia\u0142a. \u0141atwy do \u015bci\u0105gni\u0119cia elastyczny pasek na nadgarstek zapewnia bezpieczne dopasowanie do ca\u0142odziennego u\u017cytkowania, a zintegrowane klipsy utrzymuj\u0105 par\u0119 razem w chwilach wolnych od pracy. R\u0119kawice te s\u0105 dost\u0119pne w r\u00f3\u017cnych rozmiarach i umo\u017cliwiaj\u0105 personalizacj\u0119 dla marek, dystrybutor\u00f3w i punkt\u00f3w sprzeda\u017cy detalicznej, kt\u00f3re chc\u0105 rozszerzy\u0107 swoj\u0105 zimow\u0105 kolekcj\u0119 o prywatne marki.<\/p>\n<p class=\"\" data-start=\"2026\" data-end=\"2165\"><strong data-start=\"2026\" data-end=\"2035\">RYINZ<\/strong> cieszy si\u0119 zaufaniem europejskich nabywc\u00f3w ze wzgl\u0119du na jako\u015b\u0107, komfort i przyjazn\u0105 obs\u0142ug\u0119 B2B. Model GMFG-32 stanowi przyk\u0142ad tego zaanga\u017cowania.<\/p>\n<hr class=\"\" data-start=\"2167\" data-end=\"2170\" \/>\n<p class=\"\" data-start=\"2172\" data-end=\"2195\"><strong data-start=\"2172\" data-end=\"2195\">Najwa\u017cniejsze cechy produktu:<\/strong><\/p>\n<ul data-start=\"2197\" data-end=\"2611\">\n<li class=\"\" data-start=\"2197\" data-end=\"2233\">\n<p class=\"\" data-start=\"2199\" data-end=\"2233\">Pikowana pow\u0142oka zewn\u0119trzna o matowym wyko\u0144czeniu<\/p>\n<\/li>\n<li class=\"\" data-start=\"2234\" data-end=\"2272\">\n<p class=\"\" data-start=\"2236\" data-end=\"2272\">Wewn\u0119trzna izolacja z polaru zapewnia ciep\u0142o<\/p>\n<\/li>\n<li class=\"\" data-start=\"2273\" data-end=\"2314\">\n<p class=\"\" data-start=\"2275\" data-end=\"2314\">Wodoodporne i odporne na wiatr materia\u0142y<\/p>\n<\/li>\n<li class=\"\" data-start=\"2315\" data-end=\"2348\">\n<p class=\"\" data-start=\"2317\" data-end=\"2348\">Antypo\u015blizgowe silikonowe strefy d\u0142oni<\/p>\n<\/li>\n<li class=\"\" data-start=\"2349\" data-end=\"2379\">\n<p class=\"\" data-start=\"2351\" data-end=\"2379\">Wzmocnione obszary wysokiego zu\u017cycia<\/p>\n<\/li>\n<li class=\"\" data-start=\"2380\" data-end=\"2420\">\n<p class=\"\" data-start=\"2382\" data-end=\"2420\">Regulowane zapi\u0119cie na sznurek na nadgarstku<\/p>\n<\/li>\n<li class=\"\" data-start=\"2421\" data-end=\"2461\">\n<p class=\"\" data-start=\"2423\" data-end=\"2461\">D\u0142ugi mankiet dla dodatkowej ochrony przedramienia<\/p>\n<\/li>\n<li class=\"\" data-start=\"2462\" data-end=\"2502\">\n<p class=\"\" data-start=\"2464\" data-end=\"2502\">Elastyczny pasek na nadgarstek z zapi\u0119ciem na zatrzask<\/p>\n<\/li>\n<li class=\"\" data-start=\"2503\" data-end=\"2544\">\n<p class=\"\" data-start=\"2505\" data-end=\"2544\">Wst\u0119pnie zakrzywione dopasowanie palc\u00f3w dla lepszego chwytu<\/p>\n<\/li>\n<li class=\"\" data-start=\"2545\" data-end=\"2581\">\n<p class=\"\" data-start=\"2547\" data-end=\"2581\">Blokada zatrzaskowa do zawieszania lub parowania<\/p>\n<\/li>\n<li class=\"\" data-start=\"2582\" data-end=\"2611\">\n<p class=\"\" data-start=\"2584\" data-end=\"2611\">Nadaje si\u0119 do prania w pralce i wielokrotnego u\u017cytku<\/p>\n<\/li>\n<\/ul>\n<hr class=\"\" data-start=\"2613\" data-end=\"2616\" \/>\n<p class=\"\" data-start=\"2618\" data-end=\"2635\"><strong data-start=\"2618\" data-end=\"2635\">Zastosowania:<\/strong><\/p>\n<ul data-start=\"2637\" data-end=\"2918\">\n<li class=\"\" data-start=\"2637\" data-end=\"2671\">\n<p class=\"\" data-start=\"2639\" data-end=\"2671\">Narciarstwo alpejskie i snowboard<\/p>\n<\/li>\n<li class=\"\" data-start=\"2672\" data-end=\"2712\">\n<p class=\"\" data-start=\"2674\" data-end=\"2712\">Jazda na skuterach \u015bnie\u017cnych i wy\u015bcigi na \u015bwie\u017cym powietrzu<\/p>\n<\/li>\n<li class=\"\" data-start=\"2713\" data-end=\"2753\">\n<p class=\"\" data-start=\"2715\" data-end=\"2753\">Zimowy trekking, biwakowanie i piesze w\u0119dr\u00f3wki<\/p>\n<\/li>\n<li class=\"\" data-start=\"2754\" data-end=\"2789\">\n<p class=\"\" data-start=\"2756\" data-end=\"2789\">Dojazdy do pracy i praca w zimnym klimacie<\/p>\n<\/li>\n<li class=\"\" data-start=\"2790\" data-end=\"2827\">\n<p class=\"\" data-start=\"2792\" data-end=\"2827\">Przemys\u0142 zamra\u017carek i ch\u0142odni<\/p>\n<\/li>\n<li class=\"\" data-start=\"2828\" data-end=\"2873\">\n<p class=\"\" data-start=\"2830\" data-end=\"2873\">W\u0119dkarstwo podlodowe lub zawody sport\u00f3w zimowych<\/p>\n<\/li>\n<li class=\"\" data-start=\"2874\" data-end=\"2918\">\n<p class=\"\" data-start=\"2876\" data-end=\"2918\">Operacje ratunkowe lub patrolowanie \u015bniegu<\/p>\n<\/li>\n<\/ul>\n<hr class=\"\" data-start=\"2920\" data-end=\"2923\" \/>\n<p class=\"\" data-start=\"2925\" data-end=\"2944\"><strong data-start=\"2925\" data-end=\"2944\">Specyfikacje:<\/strong><\/p>\n<ul data-start=\"2946\" data-end=\"3349\">\n<li class=\"\" data-start=\"2946\" data-end=\"2991\">\n<p class=\"\" data-start=\"2948\" data-end=\"2991\">Materia\u0142: Pow\u0142oka poliestrowa + strefy chwytu PU<\/p>\n<\/li>\n<li class=\"\" data-start=\"2992\" data-end=\"3026\">\n<p class=\"\" data-start=\"2994\" data-end=\"3026\">Podszewka: Termiczny szczotkowany polar<\/p>\n<\/li>\n<li class=\"\" data-start=\"3027\" data-end=\"3054\">\n<p class=\"\" data-start=\"3029\" data-end=\"3054\">Rozmiary: S, M, L, XL, XXL<\/p>\n<\/li>\n<li class=\"\" data-start=\"3055\" data-end=\"3100\">\n<p class=\"\" data-start=\"3057\" data-end=\"3100\">Zapi\u0119cie: Sznurek na nadgarstek + elastyczny pasek<\/p>\n<\/li>\n<li class=\"\" data-start=\"3101\" data-end=\"3157\">\n<p class=\"\" data-start=\"3103\" data-end=\"3157\">Opakowanie: Woreczek foliowy, zawieszka lub opcje gotowe do sprzeda\u017cy detalicznej<\/p>\n<\/li>\n<li class=\"\" data-start=\"3158\" data-end=\"3216\">\n<p class=\"\" data-start=\"3160\" data-end=\"3216\">Kolory: Czarny w standardzie; niestandardowe kolory na zam\u00f3wienie<\/p>\n<\/li>\n<li class=\"\" data-start=\"3217\" data-end=\"3255\">\n<p class=\"\" data-start=\"3219\" data-end=\"3255\">Certyfikaty: CE EN388, ISO 21420<\/p>\n<\/li>\n<li class=\"\" data-start=\"3256\" data-end=\"3289\">\n<p class=\"\" data-start=\"3258\" data-end=\"3289\">MOQ dla zam\u00f3wie\u0144 OEM: 500 par<\/p>\n<\/li>\n<li class=\"\" data-start=\"3290\" data-end=\"3349\">\n<p class=\"\" data-start=\"3292\" data-end=\"3349\">Personalizacja: Branding, opakowanie i rozmiar na \u017cyczenie<\/p>\n<\/li>\n<\/ul>","protected":false},"excerpt":{"rendered":"<p>R\u0119kawice narciarskie i \u015bniegowe RYINZ GMFG-32 zapewniaj\u0105 wysokiej jako\u015bci ciep\u0142o i wodoodporn\u0105 ochron\u0119 podczas ekstremalnych zimowych przyg\u00f3d. Zaprojektowane z czarn\u0105 pikowan\u0105 pow\u0142ok\u0105, izolacj\u0105 termiczn\u0105 i silikonowymi uchwytami na d\u0142onie, r\u0119kawice te s\u0105 idealne do sport\u00f3w alpejskich, snowboardu i pracy na zewn\u0105trz w niskich temperaturach. D\u0142ugie mankiety ze sznurkami zapobiegaj\u0105 przedostawaniu si\u0119 \u015bniegu, a elastyczne paski na nadgarstki zapewniaj\u0105 bezpieczne i regulowane dopasowanie. Idealne dla nabywc\u00f3w B2B poszukuj\u0105cych gotowych do u\u017cytku w UE, dobrze widocznych r\u0119kawic, kt\u00f3re niezawodnie sprawdzaj\u0105 si\u0119 w mro\u017anych warunkach. Dzi\u0119ki opcjom marki w\u0142asnej i certyfikowanym materia\u0142om r\u0119kawice RYINZ s\u0105 doskona\u0142ym dodatkiem do ka\u017cdego portfolio sprz\u0119tu zimowego lub profesjonalnego zestawu \u015bniegowego.<\/p>","protected":false},"featured_media":8953,"comment_status":"closed","ping_status":"closed","template":"","meta":[],"product_brand":[35],"product_cat":[57],"product_tag":[77,78],"class_list":{"0":"post-8913","1":"product","2":"type-product","3":"status-publish","4":"has-post-thumbnail","6":"product_brand-ryinz","7":"product_cat-ski-snowboarding-gloves","8":"product_tag-amara-fabric-gloves","9":"product_tag-insulated-snow-gloves","11":"first","12":"instock","13":"taxable","14":"shipping-taxable","15":"purchasable","16":"product-type-simple"},"_links":{"self":[{"href":"https:\/\/ryinz.cz\/velkoobchod\/pl\/wp-json\/wp\/v2\/product\/8913","targetHints":{"allow":["GET"]}}],"collection":[{"href":"https:\/\/ryinz.cz\/velkoobchod\/pl\/wp-json\/wp\/v2\/product"}],"about":[{"href":"https:\/\/ryinz.cz\/velkoobchod\/pl\/wp-json\/wp\/v2\/types\/product"}],"replies":[{"embeddable":true,"href":"https:\/\/ryinz.cz\/velkoobchod\/pl\/wp-json\/wp\/v2\/comments?post=8913"}],"wp:featuredmedia":[{"embeddable":true,"href":"https:\/\/ryinz.cz\/velkoobchod\/pl\/wp-json\/wp\/v2\/media\/8953"}],"wp:attachment":[{"href":"https:\/\/ryinz.cz\/velkoobchod\/pl\/wp-json\/wp\/v2\/media?parent=8913"}],"wp:term":[{"taxonomy":"product_brand","embeddable":true,"href":"https:\/\/ryinz.cz\/velkoobchod\/pl\/wp-json\/wp\/v2\/product_brand?post=8913"},{"taxonomy":"product_cat","embeddable":true,"href":"https:\/\/ryinz.cz\/velkoobchod\/pl\/wp-json\/wp\/v2\/product_cat?post=8913"},{"taxonomy":"product_tag","embeddable":true,"href":"https:\/\/ryinz.cz\/velkoobchod\/pl\/wp-json\/wp\/v2\/product_tag?post=8913"}],"curies":[{"name":"wp","href":"https:\/\/api.w.org\/{rel}","templated":true}]}}