{"id":8912,"date":"2025-06-22T15:21:05","date_gmt":"2025-06-22T15:21:05","guid":{"rendered":"https:\/\/ryinz.cz\/velkoobchod\/?post_type=product&#038;p=8912"},"modified":"2026-01-18T20:16:48","modified_gmt":"2026-01-18T20:16:48","slug":"ryinz-premium-wodoodporne-zimowe-rekawice-sportowe-termiczne-rekawice-narciarskie-z-kieszenia-na-suwak-i-regulowanym-paskiem","status":"publish","type":"product","link":"https:\/\/ryinz.cz\/velkoobchod\/pl\/product\/ryinz-premium-waterproof-winter-sports-gloves-thermal-ski-snow-gloves-with-zipper-pocket-and-adjustable-strap\/","title":{"rendered":"Wodoodporne r\u0119kawice do sport\u00f3w zimowych RYINZ Premium - termiczne r\u0119kawice narciarskie i \u015bniegowe z kieszeni\u0105 na suwak i regulowanym paskiem"},"content":{"rendered":"<p class=\"\" data-start=\"362\" data-end=\"734\">Do\u015bwiadcz niezr\u00f3wnanego komfortu i wydajno\u015bci dzi\u0119ki <strong data-start=\"416\" data-end=\"465\">Wodoodporne r\u0119kawice do sport\u00f3w zimowych RYINZ Premium<\/strong>, zaprojektowane dla entuzjast\u00f3w outdooru, narciarzy, snowboardzist\u00f3w i ka\u017cdego, kto pracuje lub bawi si\u0119 w ekstremalnie niskich temperaturach. R\u0119kawice te zosta\u0142y wykonane z my\u015bl\u0105 o trwa\u0142o\u015bci, ochronie i ca\u0142odziennym cieple, oferuj\u0105c jednocze\u015bnie elegancki, taktyczny wygl\u0105d, kt\u00f3ry r\u00f3wnowa\u017cy styl z powa\u017cn\u0105 funkcjonalno\u015bci\u0105.<\/p>\n<p class=\"\" data-start=\"736\" data-end=\"1161\">Zbudowany z <strong data-start=\"753\" data-end=\"798\">Prawdziwa kozia sk\u00f3ra i wzmocniony nylon<\/strong>, R\u0119kawice te zapewniaj\u0105 doskona\u0142\u0105 odporno\u015b\u0107 na \u015bcieranie i ochron\u0119 bez utraty elastyczno\u015bci. Zewn\u0119trzna pow\u0142oka zapewnia pe\u0142n\u0105 odporno\u015b\u0107 na wiatr i wod\u0119, chroni\u0105c d\u0142onie przed \u015bniegiem, lodem i deszczem ze \u015bniegiem. Niezale\u017cnie od tego, czy zje\u017cd\u017casz ze stoku, czy w\u0119drujesz przez burz\u0119 \u015bnie\u017cn\u0105, r\u0119kawice RYINZ s\u0105 zbudowane tak, aby dotrzyma\u0107 Ci kroku i przetrwa\u0107 najtrudniejsze warunki.<\/p>\n<p class=\"\" data-start=\"1163\" data-end=\"1469\">Wn\u0119trze r\u0119kawicy zawiera <strong data-start=\"1193\" data-end=\"1219\">Wielowarstwowa izolacja<\/strong>, W tym syntetyczna warstwa zapewniaj\u0105ca ciep\u0142o i mi\u0119kka, szczotkowana wy\u015bci\u00f3\u0142ka, kt\u00f3ra jest g\u0142adka w dotyku. Materia\u0142y te dzia\u0142aj\u0105 w harmonii, aby zatrzyma\u0107 ciep\u0142o wewn\u0105trz r\u0119kawicy, jednocze\u015bnie odprowadzaj\u0105c wilgo\u0107, dzi\u0119ki czemu d\u0142onie pozostaj\u0105 suche nawet podczas intensywnej aktywno\u015bci.<\/p>\n<p class=\"\" data-start=\"1471\" data-end=\"1762\">Jedn\u0105 z wyr\u00f3\u017cniaj\u0105cych si\u0119 funkcji jest <strong data-start=\"1507\" data-end=\"1546\">Wygodna wodoodporna kiesze\u0144 na suwak<\/strong> znajduje si\u0119 na grzbiecie d\u0142oni. Ta kiesze\u0144 jest idealna na drobne przedmioty, takie jak klucze, got\u00f3wka lub ogrzewacze do r\u0105k - idealna na d\u0142ugie sesje narciarskie lub zimowe przygody, gdy potrzebujesz \u0142atwego dost\u0119pu bez zdejmowania r\u0119kawic.<\/p>\n<p class=\"\" data-start=\"1764\" data-end=\"2208\">The <strong data-start=\"1768\" data-end=\"1794\">regulowany pasek na nadgarstek<\/strong> oraz <strong data-start=\"1799\" data-end=\"1819\">elastyczny sznurek<\/strong> na mankiecie zapewniaj\u0105 w pe\u0142ni konfigurowalne dopasowanie, kt\u00f3re uszczelnia zimne powietrze i \u015bnieg. Konstrukcja z d\u0142ugimi mankietami sprawia, \u017ce s\u0105 one r\u00f3wnie\u017c kompatybilne z kurtkami zimowymi i sprz\u0119tem, zapobiegaj\u0105c przedostawaniu si\u0119 \u015bniegu podczas szybkich zjazd\u00f3w lub jazdy w g\u0142\u0119bokim puchu. Wzmocnione strefy d\u0142oni z dodatkowymi \u0142atami zapewniaj\u0105 niezawodn\u0105 obs\u0142ug\u0119 kijk\u00f3w, narz\u0119dzi i sprz\u0119tu, zapewniaj\u0105c kontrol\u0119 bez po\u015bwi\u0119cania ochrony.<\/p>\n<p class=\"\" data-start=\"2210\" data-end=\"2547\">Zaprojektowany zar\u00f3wno dla <strong data-start=\"2228\" data-end=\"2245\">m\u0119\u017cczy\u017ani i kobiety<\/strong>, Te r\u0119kawice \u0142\u0105cz\u0105 w sobie wytrzyma\u0142e materia\u0142y, nowoczesne funkcje i ergonomiczny kszta\u0142t, zapewniaj\u0105c idealn\u0105 r\u00f3wnowag\u0119 mi\u0119dzy komfortem a wytrzyma\u0142o\u015bci\u0105. Niezale\u017cnie od tego, czy je\u017adzisz na nartach, snowboardzie, skuterze \u015bnie\u017cnym, czy od\u015bnie\u017casz, r\u0119kawice <strong data-start=\"2464\" data-end=\"2495\">R\u0119kawiczki zimowe RYINZ Premium<\/strong> zapewniaj\u0105 niezawodn\u0105 wydajno\u015b\u0107, gdy jest ona najbardziej potrzebna.<\/p>\n<hr class=\"\" data-start=\"2549\" data-end=\"2552\" \/>\n<h3 class=\"\" data-start=\"2554\" data-end=\"2581\"><strong data-start=\"2558\" data-end=\"2581\">Najwa\u017cniejsze cechy produktu:<\/strong><\/h3>\n<ul data-start=\"2583\" data-end=\"3140\">\n<li class=\"\" data-start=\"2583\" data-end=\"2641\">\n<p class=\"\" data-start=\"2585\" data-end=\"2641\">Wysokiej jako\u015bci kozia sk\u00f3ra i wzmocniona nylonowa konstrukcja<\/p>\n<\/li>\n<li class=\"\" data-start=\"2642\" data-end=\"2687\">\n<p class=\"\" data-start=\"2644\" data-end=\"2687\">Wodoodporna i wiatroszczelna pow\u0142oka zewn\u0119trzna<\/p>\n<\/li>\n<li class=\"\" data-start=\"2688\" data-end=\"2758\">\n<p class=\"\" data-start=\"2690\" data-end=\"2758\">Izolacja z zatrzymuj\u0105c\u0105 ciep\u0142o syntetyczn\u0105 wy\u015bci\u00f3\u0142k\u0105 i szczotkowan\u0105 podszewk\u0105<\/p>\n<\/li>\n<li class=\"\" data-start=\"2759\" data-end=\"2808\">\n<p class=\"\" data-start=\"2761\" data-end=\"2808\">Zintegrowana kiesze\u0144 na suwak na drobne akcesoria<\/p>\n<\/li>\n<li class=\"\" data-start=\"2809\" data-end=\"2862\">\n<p class=\"\" data-start=\"2811\" data-end=\"2862\">Regulowany pasek na nadgarstek zapewniaj\u0105cy dok\u0142adne, indywidualne dopasowanie<\/p>\n<\/li>\n<li class=\"\" data-start=\"2863\" data-end=\"2917\">\n<p class=\"\" data-start=\"2865\" data-end=\"2917\">\u015aci\u0105gacz przy mankiecie chroni przed \u015bniegiem i zimnym powietrzem<\/p>\n<\/li>\n<li class=\"\" data-start=\"2918\" data-end=\"2971\">\n<p class=\"\" data-start=\"2920\" data-end=\"2971\">Wst\u0119pnie zakrzywione ergonomiczne palce dla naturalnego ruchu<\/p>\n<\/li>\n<li class=\"\" data-start=\"2972\" data-end=\"3025\">\n<p class=\"\" data-start=\"2974\" data-end=\"3025\">Wzmocnione d\u0142onie zapewniaj\u0105 trwa\u0142o\u015b\u0107 i lepsz\u0105 przyczepno\u015b\u0107<\/p>\n<\/li>\n<li class=\"\" data-start=\"3026\" data-end=\"3081\">\n<p class=\"\" data-start=\"3028\" data-end=\"3081\">Elegancki, ciemnobr\u0105zowo-czarny design w stylu unisex<\/p>\n<\/li>\n<li class=\"\" data-start=\"3082\" data-end=\"3140\">\n<p class=\"\" data-start=\"3084\" data-end=\"3140\">Idealny do uprawiania sportu, ratownictwa lub zimowej pracy na \u015bwie\u017cym powietrzu<\/p>\n<\/li>\n<\/ul>\n<hr class=\"\" data-start=\"3142\" data-end=\"3145\" \/>\n<h3 class=\"\" data-start=\"3147\" data-end=\"3168\"><strong data-start=\"3151\" data-end=\"3168\">Zastosowania:<\/strong><\/h3>\n<ul data-start=\"3170\" data-end=\"3418\">\n<li class=\"\" data-start=\"3170\" data-end=\"3197\">\n<p class=\"\" data-start=\"3172\" data-end=\"3197\">Narciarstwo i snowboard<\/p>\n<\/li>\n<li class=\"\" data-start=\"3198\" data-end=\"3241\">\n<p class=\"\" data-start=\"3200\" data-end=\"3241\">Rakiety \u015bnie\u017cne, w\u0119dr\u00f3wki i wspinaczka g\u00f3rska<\/p>\n<\/li>\n<li class=\"\" data-start=\"3242\" data-end=\"3276\">\n<p class=\"\" data-start=\"3244\" data-end=\"3276\">Praca zim\u0105 na zewn\u0105trz i patrolowanie<\/p>\n<\/li>\n<li class=\"\" data-start=\"3277\" data-end=\"3308\">\n<p class=\"\" data-start=\"3279\" data-end=\"3308\">Jazda na skuterach \u015bnie\u017cnych i quadach<\/p>\n<\/li>\n<li class=\"\" data-start=\"3309\" data-end=\"3346\">\n<p class=\"\" data-start=\"3311\" data-end=\"3346\">Ch\u0142odnie i logistyka wysokog\u00f3rska<\/p>\n<\/li>\n<li class=\"\" data-start=\"3347\" data-end=\"3383\">\n<p class=\"\" data-start=\"3349\" data-end=\"3383\">Wojskowe i taktyczne zastosowanie w zimie<\/p>\n<\/li>\n<li class=\"\" data-start=\"3384\" data-end=\"3418\">\n<p class=\"\" data-start=\"3386\" data-end=\"3418\">Sprz\u0119t sportowy i sprzeda\u017c detaliczna<\/p>\n<\/li>\n<\/ul>\n<hr class=\"\" data-start=\"3420\" data-end=\"3423\" \/>\n<h3 class=\"\" data-start=\"3425\" data-end=\"3448\"><strong data-start=\"3429\" data-end=\"3448\">Specyfikacje:<\/strong><\/h3>\n<ul data-start=\"3450\" data-end=\"3822\">\n<li class=\"\" data-start=\"3450\" data-end=\"3490\">\n<p class=\"\" data-start=\"3452\" data-end=\"3490\">Materia\u0142: Kozia sk\u00f3ra, tkanina nylonowa<\/p>\n<\/li>\n<li class=\"\" data-start=\"3491\" data-end=\"3532\">\n<p class=\"\" data-start=\"3493\" data-end=\"3532\">Izolacja: Syntetyczna + podszewka z polaru<\/p>\n<\/li>\n<li class=\"\" data-start=\"3533\" data-end=\"3560\">\n<p class=\"\" data-start=\"3535\" data-end=\"3560\">Rozmiary: S, M, L, XL, XXL<\/p>\n<\/li>\n<li class=\"\" data-start=\"3561\" data-end=\"3593\">\n<p class=\"\" data-start=\"3563\" data-end=\"3593\">Dopasowanie: Ergonomiczna konstrukcja unisex<\/p>\n<\/li>\n<li class=\"\" data-start=\"3594\" data-end=\"3649\">\n<p class=\"\" data-start=\"3596\" data-end=\"3649\">Cechy: Kiesze\u0144 na suwak, pasek na nadgarstek, mankiet \u015bci\u0105gany sznurkiem<\/p>\n<\/li>\n<li class=\"\" data-start=\"3650\" data-end=\"3711\">\n<p class=\"\" data-start=\"3652\" data-end=\"3711\">Personalizacja: Marka w\u0142asna, nadruk logo, wyb\u00f3r koloru<\/p>\n<\/li>\n<li class=\"\" data-start=\"3712\" data-end=\"3730\">\n<p class=\"\" data-start=\"3714\" data-end=\"3730\">MOQ: 300 par<\/p>\n<\/li>\n<li class=\"\" data-start=\"3731\" data-end=\"3779\">\n<p class=\"\" data-start=\"3733\" data-end=\"3779\">Certyfikaty: CE, EN388\/EN511 (na \u017cyczenie)<\/p>\n<\/li>\n<li class=\"\" data-start=\"3780\" data-end=\"3822\">\n<p class=\"\" data-start=\"3782\" data-end=\"3822\">Opakowanie: Opakowania zbiorcze lub niestandardowe opakowania detaliczne<\/p>\n<\/li>\n<\/ul>","protected":false},"excerpt":{"rendered":"<p class=\"\" data-start=\"3881\" data-end=\"4496\">B\u0105d\u017a chroniony, ciep\u0142y i gotowy na zimowe przygody dzi\u0119ki <strong data-start=\"3944\" data-end=\"3983\">Wodoodporne r\u0119kawice narciarskie RYINZ Premium<\/strong>. Te wysokowydajne r\u0119kawice s\u0105 wykonane z koziej sk\u00f3ry i wytrzyma\u0142ego nylonu, aby zapewni\u0107 trwa\u0142o\u015b\u0107 i styl. Wyposa\u017cone w d\u0142ugi mankiet, wodoodporn\u0105 pow\u0142ok\u0119 zewn\u0119trzn\u0105 i wn\u0119trze wy\u015bcie\u0142ane polarem, s\u0105 idealne na wycieczki narciarskie, snowboard, wspinaczk\u0119 g\u00f3rsk\u0105 i prace zimowe. Zintegrowana kiesze\u0144 na zamek b\u0142yskawiczny zapewnia bezpiecze\u0144stwo drobnych przedmiot\u00f3w, a regulowany pasek na nadgarstek i sznurek do mankietu zapewniaj\u0105 idealne dopasowanie. Zaprojektowane z my\u015bl\u0105 o komforcie i wydajno\u015bci, oferuj\u0105 doskona\u0142\u0105 przyczepno\u015b\u0107, izolacj\u0119 i elastyczno\u015b\u0107 na ka\u017cde \u015bnie\u017cne wyzwanie.<\/p>","protected":false},"featured_media":8946,"comment_status":"closed","ping_status":"closed","template":"","meta":[],"product_brand":[35],"product_cat":[57],"product_tag":[75,76],"class_list":{"0":"post-8912","1":"product","2":"type-product","3":"status-publish","4":"has-post-thumbnail","6":"product_brand-ryinz","7":"product_cat-ski-snowboarding-gloves","8":"product_tag-custom-logo-winter-gloves","9":"product_tag-customizable-ski-gloves","11":"first","12":"instock","13":"taxable","14":"shipping-taxable","15":"purchasable","16":"product-type-simple"},"_links":{"self":[{"href":"https:\/\/ryinz.cz\/velkoobchod\/pl\/wp-json\/wp\/v2\/product\/8912","targetHints":{"allow":["GET"]}}],"collection":[{"href":"https:\/\/ryinz.cz\/velkoobchod\/pl\/wp-json\/wp\/v2\/product"}],"about":[{"href":"https:\/\/ryinz.cz\/velkoobchod\/pl\/wp-json\/wp\/v2\/types\/product"}],"replies":[{"embeddable":true,"href":"https:\/\/ryinz.cz\/velkoobchod\/pl\/wp-json\/wp\/v2\/comments?post=8912"}],"wp:featuredmedia":[{"embeddable":true,"href":"https:\/\/ryinz.cz\/velkoobchod\/pl\/wp-json\/wp\/v2\/media\/8946"}],"wp:attachment":[{"href":"https:\/\/ryinz.cz\/velkoobchod\/pl\/wp-json\/wp\/v2\/media?parent=8912"}],"wp:term":[{"taxonomy":"product_brand","embeddable":true,"href":"https:\/\/ryinz.cz\/velkoobchod\/pl\/wp-json\/wp\/v2\/product_brand?post=8912"},{"taxonomy":"product_cat","embeddable":true,"href":"https:\/\/ryinz.cz\/velkoobchod\/pl\/wp-json\/wp\/v2\/product_cat?post=8912"},{"taxonomy":"product_tag","embeddable":true,"href":"https:\/\/ryinz.cz\/velkoobchod\/pl\/wp-json\/wp\/v2\/product_tag?post=8912"}],"curies":[{"name":"wp","href":"https:\/\/api.w.org\/{rel}","templated":true}]}}