{"id":8911,"date":"2025-06-22T15:21:05","date_gmt":"2025-06-22T15:21:05","guid":{"rendered":"https:\/\/ryinz.cz\/velkoobchod\/?post_type=product&#038;p=8911"},"modified":"2026-01-18T20:16:47","modified_gmt":"2026-01-18T20:16:47","slug":"ryinz-wodoodporne-rekawice-termiczne-wytrzymale-izolowane-rekawice-sniezne-na-narty-snowboard-ekstremalnie-zimna-pogoda","status":"publish","type":"product","link":"https:\/\/ryinz.cz\/velkoobchod\/pl\/product\/ryinz-waterproof-thermal-mittens-heavy-duty-insulated-snow-mitts-for-ski-snowboard-extreme-cold-weather\/","title":{"rendered":"Wodoodporne r\u0119kawice termiczne RYINZ - wytrzyma\u0142e, izolowane r\u0119kawice \u015bnie\u017cne do jazdy na nartach, snowboardzie i w ekstremalnie niskich temperaturach"},"content":{"rendered":"<p class=\"\" data-start=\"360\" data-end=\"732\">Przedstawiamy <strong data-start=\"376\" data-end=\"412\">Wodoodporne r\u0119kawice termiczne RYINZ<\/strong> - zaprojektowane z my\u015bl\u0105 o zapewnieniu wyj\u0105tkowego ciep\u0142a, komfortu i ochrony w ekstremalnie niskich temperaturach. R\u0119kawice te zosta\u0142y stworzone z my\u015bl\u0105 o powa\u017cnych warunkach zimowych, \u0142\u0105cz\u0105c zaawansowane materia\u0142y i inteligentn\u0105 konstrukcj\u0119, aby zapewni\u0107 d\u0142oniom sucho\u015b\u0107 i ciep\u0142o, niezale\u017cnie od tego, czy je\u017adzisz na nartach, snowboardzie, w\u0119drujesz, czy wykonujesz ci\u0119\u017ck\u0105 prac\u0119 na \u015bwie\u017cym powietrzu.<\/p>\n<p class=\"\" data-start=\"734\" data-end=\"1169\">R\u0119kawiczki z jednym palcem s\u0105 naturalnie cieplejsze ni\u017c r\u0119kawiczki ze wzgl\u0119du na ich zdolno\u015b\u0107 do skuteczniejszego zatrzymywania ciep\u0142a poprzez trzymanie palc\u00f3w razem. R\u0119kawiczki <strong data-start=\"859\" data-end=\"899\">Konstrukcja RYINZ zwi\u0119ksza t\u0119 przewag\u0119<\/strong> z wielowarstwowym systemem izolacji, kt\u00f3ry obejmuje wodoodporn\u0105 pow\u0142ok\u0119 zewn\u0119trzn\u0105, termiczn\u0105 podszewk\u0119 z polaru i warstw\u0119 barierow\u0105 zatrzymuj\u0105c\u0105 ciep\u0142o, zapewniaj\u0105c\u0105 trwa\u0142e ciep\u0142o w ujemnych temperaturach. Idealny do u\u017cytku na stokach, na polach \u015bnie\u017cnych lub podczas podr\u00f3\u017cy i dojazd\u00f3w do pracy w temperaturach poni\u017cej zera.<\/p>\n<p class=\"\" data-start=\"1171\" data-end=\"1576\">Wykonane z <strong data-start=\"1184\" data-end=\"1238\">wytrzyma\u0142y, odporny na warunki atmosferyczne nylon i materia\u0142y syntetyczne<\/strong>, Te r\u0119kawice zosta\u0142y stworzone, aby przetrwa\u0107 trudne warunki. Zewn\u0119trzna pow\u0142oka jest odporna na wod\u0119, \u015bnieg i wiatr, a wewn\u0119trzna podszewka zapewnia mi\u0119kkie, przyjazne dla sk\u00f3ry uczucie, kt\u00f3re utrzymuje d\u0142onie w sucho\u015bci poprzez odprowadzanie wewn\u0119trznej wilgoci. A <strong data-start=\"1458\" data-end=\"1483\">wzmocniony panel d\u0142oni<\/strong> zapewnia trwa\u0142o\u015b\u0107 i przyczepno\u015b\u0107, u\u0142atwiaj\u0105c trzymanie kijk\u00f3w narciarskich, \u0142opaty lub narz\u0119dzi.<\/p>\n<p class=\"\" data-start=\"1578\" data-end=\"1998\">Aby zapewni\u0107 wygod\u0119 i funkcjonalno\u015b\u0107, r\u0119kawice RYINZ s\u0105 wyposa\u017cone w <strong data-start=\"1636\" data-end=\"1680\">regulowany pasek z klamr\u0105 na nadgarstek<\/strong> aby bezpiecznie zacisn\u0105\u0107 r\u0119kawic\u0119 i zapobiec przedostawaniu si\u0119 \u015bniegu. Przed\u0142u\u017cony mankiet z <strong data-start=\"1775\" data-end=\"1805\">regulowany sznurek \u015bci\u0105gaj\u0105cy<\/strong> zapewnia dodatkow\u0105 ochron\u0119 i kompatybilno\u015b\u0107 z kurtkami lub kombinezonami \u015bnie\u017cnymi. Niezale\u017cnie od tego, czy je\u017adzisz w puchu, czy pracujesz na zewn\u0105trz w \u015bniegu, te r\u0119kawiczki s\u0105 zbudowane tak, aby chroni\u0107 przed zimnem i ciep\u0142em.<\/p>\n<p class=\"\" data-start=\"2000\" data-end=\"2203\">Opr\u00f3cz zalet technicznych, r\u0119kawice oferuj\u0105 <strong data-start=\"2057\" data-end=\"2098\">minimalistyczna estetyka czer\u0144 na czerni<\/strong> z charakterystycznym brandingiem RYINZ - idealny zar\u00f3wno dla m\u0119\u017cczyzn, jak i kobiet, kt\u00f3rzy preferuj\u0105 elegancki, taktyczny sprz\u0119t zimowy.<\/p>\n<hr class=\"\" data-start=\"2205\" data-end=\"2208\" \/>\n<h3 class=\"\" data-start=\"2210\" data-end=\"2237\"><strong data-start=\"2214\" data-end=\"2237\">Najwa\u017cniejsze cechy produktu:<\/strong><\/h3>\n<ul data-start=\"2239\" data-end=\"2775\">\n<li class=\"\" data-start=\"2239\" data-end=\"2298\">\n<p class=\"\" data-start=\"2241\" data-end=\"2298\">Termiczne r\u0119kawiczki zimowe do sport\u00f3w zimowych i ekstremalnych mroz\u00f3w<\/p>\n<\/li>\n<li class=\"\" data-start=\"2299\" data-end=\"2356\">\n<p class=\"\" data-start=\"2301\" data-end=\"2356\">Wiatroszczelna, wodoodporna i odporna na \u015bnieg pow\u0142oka zewn\u0119trzna<\/p>\n<\/li>\n<li class=\"\" data-start=\"2357\" data-end=\"2428\">\n<p class=\"\" data-start=\"2359\" data-end=\"2428\">Wielowarstwowa izolacja cieplna z odprowadzaj\u0105cym wilgo\u0107 wn\u0119trzem z polaru<\/p>\n<\/li>\n<li class=\"\" data-start=\"2429\" data-end=\"2473\">\n<p class=\"\" data-start=\"2431\" data-end=\"2473\">Wzmocniony uchwyt dla bezpiecznej obs\u0142ugi<\/p>\n<\/li>\n<li class=\"\" data-start=\"2474\" data-end=\"2533\">\n<p class=\"\" data-start=\"2476\" data-end=\"2533\">Ergonomiczne dopasowanie zapewnia naturalne ruchy i utrzymanie ciep\u0142a<\/p>\n<\/li>\n<li class=\"\" data-start=\"2534\" data-end=\"2594\">\n<p class=\"\" data-start=\"2536\" data-end=\"2594\">Regulowany pasek z klamr\u0105 na nadgarstku dla bezpiecznego dopasowania<\/p>\n<\/li>\n<li class=\"\" data-start=\"2595\" data-end=\"2646\">\n<p class=\"\" data-start=\"2597\" data-end=\"2646\">Zapi\u0119cie mankiet\u00f3w na sznurek chroni przed \u015bniegiem i wiatrem<\/p>\n<\/li>\n<li class=\"\" data-start=\"2647\" data-end=\"2693\">\n<p class=\"\" data-start=\"2649\" data-end=\"2693\">Przed\u0142u\u017cone mankiety r\u0119kawic dla dodatkowej ochrony<\/p>\n<\/li>\n<li class=\"\" data-start=\"2694\" data-end=\"2744\">\n<p class=\"\" data-start=\"2696\" data-end=\"2744\">Trwa\u0142e szwy i materia\u0142y odporne na zu\u017cycie<\/p>\n<\/li>\n<li class=\"\" data-start=\"2745\" data-end=\"2775\">\n<p class=\"\" data-start=\"2747\" data-end=\"2775\">Odpowiedni dla m\u0119\u017cczyzn i kobiet<\/p>\n<\/li>\n<\/ul>\n<hr class=\"\" data-start=\"2777\" data-end=\"2780\" \/>\n<h3 class=\"\" data-start=\"2782\" data-end=\"2803\"><strong data-start=\"2786\" data-end=\"2803\">Zastosowania:<\/strong><\/h3>\n<ul data-start=\"2805\" data-end=\"3115\">\n<li class=\"\" data-start=\"2805\" data-end=\"2842\">\n<p class=\"\" data-start=\"2807\" data-end=\"2842\">Narciarstwo zjazdowe i biegowe<\/p>\n<\/li>\n<li class=\"\" data-start=\"2843\" data-end=\"2876\">\n<p class=\"\" data-start=\"2845\" data-end=\"2876\">Jazda na snowboardzie i skuterach \u015bnie\u017cnych<\/p>\n<\/li>\n<li class=\"\" data-start=\"2877\" data-end=\"2919\">\n<p class=\"\" data-start=\"2879\" data-end=\"2919\">Wspinaczka g\u00f3rska i w\u0119dr\u00f3wki w niskich temperaturach<\/p>\n<\/li>\n<li class=\"\" data-start=\"2920\" data-end=\"2968\">\n<p class=\"\" data-start=\"2922\" data-end=\"2968\">Zewn\u0119trzne prace zimowe, w tym od\u015bnie\u017canie<\/p>\n<\/li>\n<li class=\"\" data-start=\"2969\" data-end=\"3005\">\n<p class=\"\" data-start=\"2971\" data-end=\"3005\">Zastosowanie w wojsku i patrolach bezpiecze\u0144stwa<\/p>\n<\/li>\n<li class=\"\" data-start=\"3006\" data-end=\"3042\">\n<p class=\"\" data-start=\"3008\" data-end=\"3042\">Ratownictwo alpejskie i sprz\u0119t ratunkowy<\/p>\n<\/li>\n<li class=\"\" data-start=\"3043\" data-end=\"3089\">\n<p class=\"\" data-start=\"3045\" data-end=\"3089\">Dojazdy do pracy lub podr\u00f3\u017ce w warunkach poni\u017cej zera<\/p>\n<\/li>\n<li class=\"\" data-start=\"3090\" data-end=\"3115\">\n<p class=\"\" data-start=\"3092\" data-end=\"3115\">Obs\u0142uga ch\u0142odni<\/p>\n<\/li>\n<\/ul>\n<hr class=\"\" data-start=\"3117\" data-end=\"3120\" \/>\n<h3 class=\"\" data-start=\"3122\" data-end=\"3145\"><strong data-start=\"3126\" data-end=\"3145\">Specyfikacje:<\/strong><\/h3>\n<ul data-start=\"3147\" data-end=\"3513\">\n<li class=\"\" data-start=\"3147\" data-end=\"3220\">\n<p class=\"\" data-start=\"3149\" data-end=\"3220\">Materia\u0142y: Wodoodporna nylonowa pow\u0142oka, polarowa wy\u015bci\u00f3\u0142ka, syntetyczna izolacja<\/p>\n<\/li>\n<li class=\"\" data-start=\"3221\" data-end=\"3248\">\n<p class=\"\" data-start=\"3223\" data-end=\"3248\">Rozmiary: S, M, L, XL, XXL<\/p>\n<\/li>\n<li class=\"\" data-start=\"3249\" data-end=\"3271\">\n<p class=\"\" data-start=\"3251\" data-end=\"3271\">Kolor: czarny matowy<\/p>\n<\/li>\n<li class=\"\" data-start=\"3272\" data-end=\"3319\">\n<p class=\"\" data-start=\"3274\" data-end=\"3319\">Zapi\u0119cie: pasek na nadgarstek zapinany na klamr\u0119 + mankiet \u015bci\u0105gany sznurkiem<\/p>\n<\/li>\n<li class=\"\" data-start=\"3320\" data-end=\"3388\">\n<p class=\"\" data-start=\"3322\" data-end=\"3388\">Personalizacja: Marka w\u0142asna, dostosowanie kolor\u00f3w, niestandardowy branding<\/p>\n<\/li>\n<li class=\"\" data-start=\"3389\" data-end=\"3451\">\n<p class=\"\" data-start=\"3391\" data-end=\"3451\">Opakowanie: Standardowa torebka foliowa lub markowe pude\u0142ko (zgodnie z \u017cyczeniem)<\/p>\n<\/li>\n<li class=\"\" data-start=\"3452\" data-end=\"3494\">\n<p class=\"\" data-start=\"3454\" data-end=\"3494\">Certyfikaty: CE &amp; EN 511 (na \u017c\u0105danie)<\/p>\n<\/li>\n<li class=\"\" data-start=\"3495\" data-end=\"3513\">\n<p class=\"\" data-start=\"3497\" data-end=\"3513\">MOQ: 200 par<\/p>\n<\/li>\n<\/ul>","protected":false},"excerpt":{"rendered":"<p>Wodoodporne r\u0119kawice termiczne RYINZ oferuj\u0105 wyj\u0105tkowe ciep\u0142o i ochron\u0119 w najtrudniejszych warunkach zimowych. Zaprojektowane do jazdy na nartach, snowboardzie i trekkingu, r\u0119kawice te posiadaj\u0105 wielowarstwow\u0105 izolacj\u0119 i wodoodporn\u0105 konstrukcj\u0119 skorupy, kt\u00f3ra blokuje ciep\u0142o i blokuje wiatr, \u015bnieg i wilgo\u0107. Wzmocniona d\u0142o\u0144 zapewnia trwa\u0142o\u015b\u0107 podczas chwytania sprz\u0119tu, a szeroki mankiet i podw\u00f3jny system zapinania (pasek i sznurek) zapewniaj\u0105 dok\u0142adne, odporne na \u015bnieg dopasowanie. Wygodne i wytrzyma\u0142e, te r\u0119kawice s\u0105 idealne do uprawiania sport\u00f3w alpejskich, lodowatej pracy na \u015bwie\u017cym powietrzu lub mro\u017anych podr\u00f3\u017cy. Odpowiednie zar\u00f3wno dla m\u0119\u017cczyzn, jak i kobiet, z mo\u017cliwo\u015bci\u0105 dostosowania do potrzeb marki.<\/p>","protected":false},"featured_media":8945,"comment_status":"closed","ping_status":"closed","template":"","meta":[],"product_brand":[35],"product_cat":[57],"product_tag":[73,74],"class_list":{"0":"post-8911","1":"product","2":"type-product","3":"status-publish","4":"has-post-thumbnail","6":"product_brand-ryinz","7":"product_cat-ski-snowboarding-gloves","8":"product_tag-adjustable-snow-mittens","9":"product_tag-fleece-lined-mittens","11":"first","12":"instock","13":"taxable","14":"shipping-taxable","15":"purchasable","16":"product-type-simple"},"_links":{"self":[{"href":"https:\/\/ryinz.cz\/velkoobchod\/pl\/wp-json\/wp\/v2\/product\/8911","targetHints":{"allow":["GET"]}}],"collection":[{"href":"https:\/\/ryinz.cz\/velkoobchod\/pl\/wp-json\/wp\/v2\/product"}],"about":[{"href":"https:\/\/ryinz.cz\/velkoobchod\/pl\/wp-json\/wp\/v2\/types\/product"}],"replies":[{"embeddable":true,"href":"https:\/\/ryinz.cz\/velkoobchod\/pl\/wp-json\/wp\/v2\/comments?post=8911"}],"wp:featuredmedia":[{"embeddable":true,"href":"https:\/\/ryinz.cz\/velkoobchod\/pl\/wp-json\/wp\/v2\/media\/8945"}],"wp:attachment":[{"href":"https:\/\/ryinz.cz\/velkoobchod\/pl\/wp-json\/wp\/v2\/media?parent=8911"}],"wp:term":[{"taxonomy":"product_brand","embeddable":true,"href":"https:\/\/ryinz.cz\/velkoobchod\/pl\/wp-json\/wp\/v2\/product_brand?post=8911"},{"taxonomy":"product_cat","embeddable":true,"href":"https:\/\/ryinz.cz\/velkoobchod\/pl\/wp-json\/wp\/v2\/product_cat?post=8911"},{"taxonomy":"product_tag","embeddable":true,"href":"https:\/\/ryinz.cz\/velkoobchod\/pl\/wp-json\/wp\/v2\/product_tag?post=8911"}],"curies":[{"name":"wp","href":"https:\/\/api.w.org\/{rel}","templated":true}]}}