{"id":8910,"date":"2025-06-22T15:21:05","date_gmt":"2025-06-22T15:21:05","guid":{"rendered":"https:\/\/ryinz.cz\/velkoobchod\/?post_type=product&#038;p=8910"},"modified":"2026-01-18T20:16:47","modified_gmt":"2026-01-18T20:16:47","slug":"ryinz-gsg-0501-wodoodporne-rekawice-narciarskie-z-regulowanym-paskiem-wielokolorowe-ocieplane-rekawice-do-sportow-zimowych","status":"publish","type":"product","link":"https:\/\/ryinz.cz\/velkoobchod\/pl\/product\/ryinz-gsg-0501-waterproof-ski-snow-gloves-with-adjustable-strap-multicolor-insulated-gloves-for-winter-sports\/","title":{"rendered":"RYINZ GSG-0501 Wodoodporne r\u0119kawice narciarskie i \u015bniegowe z regulowanym paskiem - wielokolorowe ocieplane r\u0119kawice do sport\u00f3w zimowych"},"content":{"rendered":"<p class=\"\" data-start=\"330\" data-end=\"694\">Pokonaj zimno w \u017cywym stylu dzi\u0119ki <strong data-start=\"373\" data-end=\"420\">Wodoodporne r\u0119kawice narciarskie i \u015bniegowe RYINZ GSG-0501<\/strong>, Skrupulatnie zaprojektowane do jazdy na nartach, snowboardzie i ekstremalnych sport\u00f3w zimowych. R\u0119kawice te \u0142\u0105cz\u0105 w sobie wydajn\u0105 izolacj\u0119, wodoodporn\u0105 ochron\u0119 i odwa\u017cn\u0105 wielokolorow\u0105 estetyk\u0119, oferuj\u0105c zar\u00f3wno funkcjonalno\u015b\u0107, jak i mod\u0119 sportowcom zimowym, pracownikom outdoorowym i poszukiwaczom przyg\u00f3d g\u00f3rskich.<\/p>\n<p class=\"\" data-start=\"696\" data-end=\"1067\">Wykonane z wysokiej jako\u015bci, odpornego na warunki atmosferyczne poliestrowego materia\u0142u zewn\u0119trznego i wy\u0142o\u017cone ciep\u0142\u0105, oddychaj\u0105c\u0105 izolacj\u0105, r\u0119kawice te s\u0105 idealne do d\u0142ugotrwa\u0142ego u\u017cytkowania w zimnym, mokrym i wietrznym otoczeniu. Wn\u0119trze d\u0142oni ma wzmocnione powierzchnie chwytne z trwa\u0142ymi nak\u0142adkami ze sk\u00f3ry PU, zapewniaj\u0105c doskona\u0142\u0105 kontrol\u0119 chwytu kijk\u00f3w narciarskich, desek snowboardowych lub obs\u0142ugi sprz\u0119tu - nawet gdy s\u0105 mokre.<\/p>\n<p class=\"\" data-start=\"1069\" data-end=\"1403\">Zaprojektowane zar\u00f3wno do u\u017cytku profesjonalnego, jak i rekreacyjnego, r\u0119kawice RYINZ GSG-0501 posiadaj\u0105 <strong data-start=\"1153\" data-end=\"1180\">Wielokolorowa konstrukcja panelu<\/strong> (bia\u0142y, pomara\u0144czowy, niebieski, mi\u0119towy zielony i czarny) z dobrze widocznym brandingiem. Odwa\u017cna kombinacja kolor\u00f3w nie tylko dodaje szyku, ale tak\u017ce poprawia widoczno\u015b\u0107 na stoku, zwi\u0119kszaj\u0105c bezpiecze\u0144stwo w zat\u0142oczonych lub s\u0142abo widocznych miejscach.<\/p>\n<p class=\"\" data-start=\"1405\" data-end=\"1672\">R\u0119kawice te s\u0105 wyposa\u017cone w <strong data-start=\"1436\" data-end=\"1469\">W pe\u0142ni regulowane paski na nadgarstki<\/strong> dla spersonalizowanego dopasowania i rozszerzonej ochrony mankietu. Niezawodny system klips\u00f3w utrzymuje r\u0119kawice bezpiecznie sparowane podczas przerw, a elastyczna smycz zapobiega przypadkowym upadkom na wyci\u0105gach krzese\u0142kowych lub za\u015bnie\u017conych szlakach.<\/p>\n<p class=\"\" data-start=\"1674\" data-end=\"1958\">Dla dodatkowej wygody, model GSG-0501 zawiera <strong data-start=\"1727\" data-end=\"1760\">Wodoodporna boczna kiesze\u0144 na suwak<\/strong>-Idealny do przenoszenia kluczy, karnet\u00f3w na wyci\u0105gi lub pakiet\u00f3w termicznych podczas d\u0142u\u017cszych sesji. Wn\u0119trze wy\u015bcie\u0142ane jest mi\u0119kkim polarem zapewniaj\u0105cym komfort, a zewn\u0119trzna wy\u015bci\u00f3\u0142ka zapewnia ochron\u0119 przed uderzeniami i otarciami.<\/p>\n<p class=\"\" data-start=\"1960\" data-end=\"2240\">Niezale\u017cnie od tego, czy je\u017adzisz na nartach w Alpach, czy w\u0119drujesz przez obfite opady \u015bniegu, r\u0119kawice te oferuj\u0105 wysoki poziom zr\u0119czno\u015bci, ciep\u0142a i wodoodporno\u015bci - zaufali im zar\u00f3wno europejscy nabywcy, jak i dystrybutorzy. RYINZ obs\u0142uguje marki w\u0142asne i us\u0142ugi OEM z szybk\u0105 realizacj\u0105 zam\u00f3wie\u0144 hurtowych.<\/p>\n<hr class=\"\" data-start=\"2242\" data-end=\"2245\" \/>\n<h3 class=\"\" data-start=\"2247\" data-end=\"2274\"><strong data-start=\"2251\" data-end=\"2274\">Najwa\u017cniejsze cechy produktu:<\/strong><\/h3>\n<ul data-start=\"2276\" data-end=\"2770\">\n<li class=\"\" data-start=\"2276\" data-end=\"2333\">\n<p class=\"\" data-start=\"2278\" data-end=\"2333\">Wodoodporna poliestrowa pow\u0142oka z PU wzmocnion\u0105 d\u0142oni\u0105<\/p>\n<\/li>\n<li class=\"\" data-start=\"2334\" data-end=\"2399\">\n<p class=\"\" data-start=\"2336\" data-end=\"2399\">Wielokolorowy wygl\u0105d zewn\u0119trzny (bia\u0142y, pomara\u0144czowy, mi\u0119towy, niebieski, czarny)<\/p>\n<\/li>\n<li class=\"\" data-start=\"2400\" data-end=\"2451\">\n<p class=\"\" data-start=\"2402\" data-end=\"2451\">Mi\u0119kka wewn\u0119trzna polarowa podszewka zapewnia ciep\u0142o i wygod\u0119<\/p>\n<\/li>\n<li class=\"\" data-start=\"2452\" data-end=\"2505\">\n<p class=\"\" data-start=\"2454\" data-end=\"2505\">Regulowana klamra na nadgarstek + sznurek do \u015bci\u0105gania dla bezpiecznego dopasowania<\/p>\n<\/li>\n<li class=\"\" data-start=\"2506\" data-end=\"2539\">\n<p class=\"\" data-start=\"2508\" data-end=\"2539\">D\u0142ugi mankiet dla ochrony przed \u015bniegiem<\/p>\n<\/li>\n<li class=\"\" data-start=\"2540\" data-end=\"2591\">\n<p class=\"\" data-start=\"2542\" data-end=\"2591\">Wzmocniona d\u0142o\u0144 i opuszki palc\u00f3w dla d\u0142u\u017cszego u\u017cytkowania<\/p>\n<\/li>\n<li class=\"\" data-start=\"2592\" data-end=\"2650\">\n<p class=\"\" data-start=\"2594\" data-end=\"2650\">Kiesze\u0144 na suwak z ty\u0142u d\u0142oni (idealna na przepustk\u0119 lub klucze)<\/p>\n<\/li>\n<li class=\"\" data-start=\"2651\" data-end=\"2690\">\n<p class=\"\" data-start=\"2653\" data-end=\"2690\">Elastyczna smycz na nadgarstek dla bezpiecze\u0144stwa podczas upadku<\/p>\n<\/li>\n<li class=\"\" data-start=\"2691\" data-end=\"2718\">\n<p class=\"\" data-start=\"2693\" data-end=\"2718\">Oddychaj\u0105ca wy\u015bci\u00f3\u0142ka wewn\u0119trzna<\/p>\n<\/li>\n<li class=\"\" data-start=\"2719\" data-end=\"2770\">\n<p class=\"\" data-start=\"2721\" data-end=\"2770\">Odpowiedni dla m\u0119\u017cczyzn, kobiet, nastolatk\u00f3w i profesjonalist\u00f3w<\/p>\n<\/li>\n<\/ul>\n<hr class=\"\" data-start=\"2772\" data-end=\"2775\" \/>\n<h3 class=\"\" data-start=\"2777\" data-end=\"2798\"><strong data-start=\"2781\" data-end=\"2798\">Zastosowania:<\/strong><\/h3>\n<ul data-start=\"2800\" data-end=\"3069\">\n<li class=\"\" data-start=\"2800\" data-end=\"2837\">\n<p class=\"\" data-start=\"2802\" data-end=\"2837\">Narciarstwo, snowboard, sporty \u015bnie\u017cne<\/p>\n<\/li>\n<li class=\"\" data-start=\"2838\" data-end=\"2867\">\n<p class=\"\" data-start=\"2840\" data-end=\"2867\">Jazda na skuterach \u015bnie\u017cnych i quadach<\/p>\n<\/li>\n<li class=\"\" data-start=\"2868\" data-end=\"2909\">\n<p class=\"\" data-start=\"2870\" data-end=\"2909\">Alpinizm na \u015bwie\u017cym powietrzu, trekking \u015bnie\u017cny<\/p>\n<\/li>\n<li class=\"\" data-start=\"2910\" data-end=\"2936\">\n<p class=\"\" data-start=\"2912\" data-end=\"2936\">Dojazdy do pracy w niskich temperaturach<\/p>\n<\/li>\n<li class=\"\" data-start=\"2937\" data-end=\"2980\">\n<p class=\"\" data-start=\"2939\" data-end=\"2980\">Profesjonalne zastosowanie w \u015brodowisku wysokog\u00f3rskim<\/p>\n<\/li>\n<li class=\"\" data-start=\"2981\" data-end=\"3031\">\n<p class=\"\" data-start=\"2983\" data-end=\"3031\">Zastosowanie wojskowe i patrolowe w warunkach poni\u017cej zera<\/p>\n<\/li>\n<li class=\"\" data-start=\"3032\" data-end=\"3069\">\n<p class=\"\" data-start=\"3034\" data-end=\"3069\">Zewn\u0119trzne prace zimowe i konserwacja<\/p>\n<\/li>\n<\/ul>\n<hr class=\"\" data-start=\"3071\" data-end=\"3074\" \/>\n<h3 class=\"\" data-start=\"3076\" data-end=\"3099\"><strong data-start=\"3080\" data-end=\"3099\">Specyfikacje:<\/strong><\/h3>\n<ul data-start=\"3101\" data-end=\"3587\">\n<li class=\"\" data-start=\"3101\" data-end=\"3174\">\n<p class=\"\" data-start=\"3103\" data-end=\"3174\">Materia\u0142y: Wodoodporna pow\u0142oka poliestrowa, d\u0142o\u0144 ze sk\u00f3ry PU, podszewka z polaru<\/p>\n<\/li>\n<li class=\"\" data-start=\"3175\" data-end=\"3207\">\n<p class=\"\" data-start=\"3177\" data-end=\"3207\">Rozmiary: XS-XXL (z mo\u017cliwo\u015bci\u0105 dostosowania)<\/p>\n<\/li>\n<li class=\"\" data-start=\"3208\" data-end=\"3226\">\n<p class=\"\" data-start=\"3210\" data-end=\"3226\">P\u0142e\u0107: Unisex<\/p>\n<\/li>\n<li class=\"\" data-start=\"3227\" data-end=\"3281\">\n<p class=\"\" data-start=\"3229\" data-end=\"3281\">Kolor: Dost\u0119pne standardowe kolory wielokolorowe lub kolory OEM<\/p>\n<\/li>\n<li class=\"\" data-start=\"3282\" data-end=\"3329\">\n<p class=\"\" data-start=\"3284\" data-end=\"3329\">Zapi\u0119cie: Regulowany pasek + sznurek \u015bci\u0105gaj\u0105cy<\/p>\n<\/li>\n<li class=\"\" data-start=\"3330\" data-end=\"3382\">\n<p class=\"\" data-start=\"3332\" data-end=\"3382\">Branding: Logo RYINZ (obs\u0142uga niestandardowego brandingu)<\/p>\n<\/li>\n<li class=\"\" data-start=\"3383\" data-end=\"3419\">\n<p class=\"\" data-start=\"3385\" data-end=\"3419\">Certyfikaty: CE EN388 \/ EN511<\/p>\n<\/li>\n<li class=\"\" data-start=\"3420\" data-end=\"3464\">\n<p class=\"\" data-start=\"3422\" data-end=\"3464\">MOQ: 300-500 par dla niestandardowych zam\u00f3wie\u0144<\/p>\n<\/li>\n<li class=\"\" data-start=\"3465\" data-end=\"3524\">\n<p class=\"\" data-start=\"3467\" data-end=\"3524\">Opakowanie: Polybag z kodem kreskowym lub opakowanie detaliczne OEM<\/p>\n<\/li>\n<li class=\"\" data-start=\"3525\" data-end=\"3587\">\n<p class=\"\" data-start=\"3527\" data-end=\"3587\">Dodatki: Opcjonalne ko\u0144c\u00f3wki do ekran\u00f3w dotykowych, kompatybilno\u015b\u0107 z kieszeniami termicznymi<\/p>\n<\/li>\n<\/ul>","protected":false},"excerpt":{"rendered":"<p>R\u0119kawice narciarskie RYINZ GSG-0501 zosta\u0142y zaprojektowane z my\u015bl\u0105 o optymalnej wydajno\u015bci zimowej dzi\u0119ki wodoodpornym materia\u0142om, termicznej podszewce z polaru i kolorowemu wzornictwu zwi\u0119kszaj\u0105cemu bezpiecze\u0144stwo. R\u0119kawice te posiadaj\u0105 regulowane paski na nadgarstki, chwytne d\u0142onie PU i przed\u0142u\u017cone mankiety zapewniaj\u0105ce pe\u0142n\u0105 ochron\u0119 przed \u015bniegiem. Praktyczna wodoodporna kiesze\u0144 na zamek z ty\u0142u pozwala przechowywa\u0107 niezb\u0119dne rzeczy, takie jak karnet narciarski lub cieplejsze opakowania. Idealne do jazdy na nartach, snowboardzie, skuterach \u015bnie\u017cnych i przyg\u00f3d w zimne dni. Idealny dla hurtowni B2B, sprzedawc\u00f3w detalicznych sprz\u0119tu sportowego lub dostawc\u00f3w sprz\u0119tu ochronnego. Dost\u0119pne z personalizacj\u0105 OEM i us\u0142ugami marki w\u0142asnej dla europejskich nabywc\u00f3w.<\/p>","protected":false},"featured_media":8952,"comment_status":"closed","ping_status":"closed","template":"","meta":[],"product_brand":[35],"product_cat":[57],"product_tag":[62,72],"class_list":{"0":"post-8910","1":"product","2":"type-product","3":"status-publish","4":"has-post-thumbnail","6":"product_brand-ryinz","7":"product_cat-ski-snowboarding-gloves","8":"product_tag-insulated-snowboarding-gloves","9":"product_tag-stretch-fabric-ski-gloves","11":"first","12":"instock","13":"taxable","14":"shipping-taxable","15":"purchasable","16":"product-type-simple"},"_links":{"self":[{"href":"https:\/\/ryinz.cz\/velkoobchod\/pl\/wp-json\/wp\/v2\/product\/8910","targetHints":{"allow":["GET"]}}],"collection":[{"href":"https:\/\/ryinz.cz\/velkoobchod\/pl\/wp-json\/wp\/v2\/product"}],"about":[{"href":"https:\/\/ryinz.cz\/velkoobchod\/pl\/wp-json\/wp\/v2\/types\/product"}],"replies":[{"embeddable":true,"href":"https:\/\/ryinz.cz\/velkoobchod\/pl\/wp-json\/wp\/v2\/comments?post=8910"}],"wp:featuredmedia":[{"embeddable":true,"href":"https:\/\/ryinz.cz\/velkoobchod\/pl\/wp-json\/wp\/v2\/media\/8952"}],"wp:attachment":[{"href":"https:\/\/ryinz.cz\/velkoobchod\/pl\/wp-json\/wp\/v2\/media?parent=8910"}],"wp:term":[{"taxonomy":"product_brand","embeddable":true,"href":"https:\/\/ryinz.cz\/velkoobchod\/pl\/wp-json\/wp\/v2\/product_brand?post=8910"},{"taxonomy":"product_cat","embeddable":true,"href":"https:\/\/ryinz.cz\/velkoobchod\/pl\/wp-json\/wp\/v2\/product_cat?post=8910"},{"taxonomy":"product_tag","embeddable":true,"href":"https:\/\/ryinz.cz\/velkoobchod\/pl\/wp-json\/wp\/v2\/product_tag?post=8910"}],"curies":[{"name":"wp","href":"https:\/\/api.w.org\/{rel}","templated":true}]}}