{"id":8909,"date":"2025-06-22T15:21:05","date_gmt":"2025-06-22T15:21:05","guid":{"rendered":"https:\/\/ryinz.cz\/velkoobchod\/?post_type=product&#038;p=8909"},"modified":"2026-01-18T20:16:46","modified_gmt":"2026-01-18T20:16:46","slug":"ryinz-skorzane-rekawice-narciarskie-z-dzielonymi-palcami-hybrydowe-cieple-rekawice-zrecznosciowe-do-ekstremalnie-zimnego-snowboardu-i-narciarstwa","status":"publish","type":"product","link":"https:\/\/ryinz.cz\/velkoobchod\/pl\/product\/ryinz-split-finger-leather-ski-mittens-hybrid-warmth-dexterity-gloves-for-extreme-cold-snowboarding-skiing\/","title":{"rendered":"Sk\u00f3rzane r\u0119kawice narciarskie RYINZ z dzielonymi palcami - hybrydowe r\u0119kawice zapewniaj\u0105ce ciep\u0142o i zr\u0119czno\u015b\u0107 podczas jazdy na snowboardzie i nartach w ekstremalnie niskich temperaturach"},"content":{"rendered":"<p class=\"\" data-start=\"432\" data-end=\"848\">Odkryj idealne po\u0142\u0105czenie ciep\u0142a i kontroli dzi\u0119ki <strong data-start=\"485\" data-end=\"527\">Sk\u00f3rzane r\u0119kawice narciarskie RYINZ z dzielonymi palcami<\/strong>, R\u0119kawice te zosta\u0142y zaprojektowane z my\u015bl\u0105 o narciarzach alpejskich, snowboardzistach i pracownikach zimowych, kt\u00f3rzy wymagaj\u0105 elastyczno\u015bci bez uszczerbku dla izolacji termicznej. Te wysokowydajne hybrydowe r\u0119kawice z jednym palcem zosta\u0142y zaprojektowane z unikalnym <strong data-start=\"727\" data-end=\"758\">pazur homara (rozdwojony palec)<\/strong> Konstrukcja \u0142\u0105cz\u0105ca zr\u0119czno\u015b\u0107 palc\u00f3w r\u0119kawic z w\u0142a\u015bciwo\u015bciami termoizolacyjnymi r\u0119kawic z jednym palcem.<\/p>\n<p class=\"\" data-start=\"850\" data-end=\"1226\">Wykonane z <strong data-start=\"860\" data-end=\"890\">Wytrzyma\u0142a sk\u00f3ra licowa<\/strong> W kontrastuj\u0105cych odcieniach czerni, szaro\u015bci i br\u0105zu, te r\u0119kawice oferuj\u0105 solidny styl i naturaln\u0105 odporno\u015b\u0107 na warunki atmosferyczne. Sk\u00f3rzana strona zewn\u0119trzna jest wystarczaj\u0105co wytrzyma\u0142a, aby wytrzyma\u0107 trudne warunki g\u00f3rskie, \u015bcieranie sprz\u0119tu i d\u0142ugotrwa\u0142e zu\u017cycie, a jednocze\u015bnie wystarczaj\u0105co mi\u0119kka, aby umo\u017cliwi\u0107 zwinny ruch d\u0142oni podczas zapinania klamer, chwytania kijk\u00f3w lub korzystania z urz\u0105dze\u0144 mobilnych.<\/p>\n<p class=\"\" data-start=\"1228\" data-end=\"1597\">Wewn\u0105trz r\u0119kawice zosta\u0142y zaprojektowane z my\u015bl\u0105 o <strong data-start=\"1268\" data-end=\"1286\">maksymalne ciep\u0142o<\/strong> przy u\u017cyciu <strong data-start=\"1293\" data-end=\"1319\">Wielowarstwowa izolacja<\/strong>. Wewn\u0119trzna wy\u015bci\u00f3\u0142ka z mi\u0119kkiego polaru otula d\u0142onie komfortem, a gruba warstwa \u015brodkowa z wy\u015bci\u00f3\u0142k\u0105 termiczn\u0105 zatrzymuje ciep\u0142o podczas d\u0142ugiej ekspozycji na temperatury poni\u017cej zera. Niezale\u017cnie od tego, czy poruszasz si\u0119 po oblodzonych stokach, czy zje\u017cd\u017casz w puchu, te r\u0119kawice zapewniaj\u0105 sucho\u015b\u0107, ciep\u0142o i responsywno\u015b\u0107 d\u0142oni.<\/p>\n<p class=\"\" data-start=\"1599\" data-end=\"1880\">The <strong data-start=\"1603\" data-end=\"1632\">Konstrukcja z dzielonymi palcami<\/strong> Umo\u017cliwia niezale\u017cny ruch palca wskazuj\u0105cego i kciuka, zapewniaj\u0105c lepsz\u0105 kontrol\u0119 chwytu i precyzj\u0119 w razie potrzeby - kluczowa zaleta dla snowboardzist\u00f3w reguluj\u0105cych wi\u0105zania, skuter\u00f3w \u015bnie\u017cnych na przepustnicach lub cz\u0142onk\u00f3w zespo\u0142u ratowniczego wymagaj\u0105cych szybkiej koordynacji.<\/p>\n<p class=\"\" data-start=\"1882\" data-end=\"2207\">Dodatkowe funkcje zwi\u0119kszaj\u0105ce komfort obejmuj\u0105 <strong data-start=\"1915\" data-end=\"1943\">panel zwrotnicy flex-ridge<\/strong> kt\u00f3ry promuje naturalny ruch d\u0142oni, a <strong data-start=\"1984\" data-end=\"2010\">regulowany pasek na nadgarstek<\/strong> z zapi\u0119ciem na rzep dla bezpiecznego dopasowania i <strong data-start=\"2056\" data-end=\"2082\">elastyczny mankiet wewn\u0119trzny<\/strong> aby zablokowa\u0107 przenikanie \u015bniegu. Mi\u0119kka \u0142atka na kciuku i wzmocnione strefy d\u0142oni dodatkowo zwi\u0119kszaj\u0105 u\u017cyteczno\u015b\u0107 i trwa\u0142o\u015b\u0107.<\/p>\n<p class=\"\" data-start=\"2209\" data-end=\"2510\">Jest to r\u0119kawica dla profesjonalist\u00f3w, poszukiwaczy przyg\u00f3d i sprzedawc\u00f3w alpejskich poszukuj\u0105cych innowacji i komfortu w jednym solidnym pakiecie. Wystarczaj\u0105co stylowe dla narciarzy rekreacyjnych i wystarczaj\u0105co wytrzyma\u0142e dla patroli narciarskich lub organizator\u00f3w wycieczek. <strong data-start=\"2433\" data-end=\"2463\">R\u0119kawiczki z dzielonymi palcami RYINZ<\/strong> wyznaczaj\u0105 nowy standard w sprz\u0119cie zimowym.<\/p>\n<hr class=\"\" data-start=\"2512\" data-end=\"2515\" \/>\n<h3 class=\"\" data-start=\"2517\" data-end=\"2544\"><strong data-start=\"2521\" data-end=\"2544\">Najwa\u017cniejsze cechy produktu:<\/strong><\/h3>\n<ul data-start=\"2546\" data-end=\"3195\">\n<li class=\"\" data-start=\"2546\" data-end=\"2620\">\n<p class=\"\" data-start=\"2548\" data-end=\"2620\">Hybrydowa konstrukcja w stylu homara: \u0142\u0105czy ciep\u0142o r\u0119kawicy ze zr\u0119czno\u015bci\u0105 r\u0119kawic<\/p>\n<\/li>\n<li class=\"\" data-start=\"2621\" data-end=\"2691\">\n<p class=\"\" data-start=\"2623\" data-end=\"2691\">Zewn\u0119trzna pow\u0142oka z licowej sk\u00f3ry zapewnia trwa\u0142o\u015b\u0107 i wodoodporno\u015b\u0107<\/p>\n<\/li>\n<li class=\"\" data-start=\"2692\" data-end=\"2770\">\n<p class=\"\" data-start=\"2694\" data-end=\"2770\">Wn\u0119trze wy\u015bcie\u0142ane polarem z izolowanym rdzeniem termicznym dla ekstremalnej ochrony przed zimnem<\/p>\n<\/li>\n<li class=\"\" data-start=\"2771\" data-end=\"2828\">\n<p class=\"\" data-start=\"2773\" data-end=\"2828\">Niezale\u017cny ruch wska\u017anika i kciuka dla kontroli chwytu<\/p>\n<\/li>\n<li class=\"\" data-start=\"2829\" data-end=\"2878\">\n<p class=\"\" data-start=\"2831\" data-end=\"2878\">Wzmocnione obszary d\u0142oni i kciuka do intensywnego u\u017cytkowania<\/p>\n<\/li>\n<li class=\"\" data-start=\"2879\" data-end=\"2937\">\n<p class=\"\" data-start=\"2881\" data-end=\"2937\">Akordeonowo-elastyczna konstrukcja przegubu dla wi\u0119kszej elastyczno\u015bci<\/p>\n<\/li>\n<li class=\"\" data-start=\"2938\" data-end=\"2985\">\n<p class=\"\" data-start=\"2940\" data-end=\"2985\">Mi\u0119kki panel na kciuk do wycierania gogli lub twarzy<\/p>\n<\/li>\n<li class=\"\" data-start=\"2986\" data-end=\"3047\">\n<p class=\"\" data-start=\"2988\" data-end=\"3047\">Pasek na nadgarstek na rzep z bezpiecznym dopasowaniem i elastycznym mankietem wewn\u0119trznym<\/p>\n<\/li>\n<li class=\"\" data-start=\"3048\" data-end=\"3118\">\n<p class=\"\" data-start=\"3050\" data-end=\"3118\">Atrakcyjna mieszanka br\u0105zowej\/czarnej\/szarej sk\u00f3ry zapewnia doskona\u0142y, solidny wygl\u0105d.<\/p>\n<\/li>\n<li class=\"\" data-start=\"3119\" data-end=\"3195\">\n<p class=\"\" data-start=\"3121\" data-end=\"3195\">Nadaje si\u0119 do jazdy na nartach, snowboardzie, skuterach \u015bnie\u017cnych i ratownictwa g\u00f3rskiego<\/p>\n<\/li>\n<\/ul>\n<hr class=\"\" data-start=\"3197\" data-end=\"3200\" \/>\n<h3 class=\"\" data-start=\"3202\" data-end=\"3223\"><strong data-start=\"3206\" data-end=\"3223\">Zastosowania:<\/strong><\/h3>\n<ul data-start=\"3225\" data-end=\"3497\">\n<li class=\"\" data-start=\"3225\" data-end=\"3257\">\n<p class=\"\" data-start=\"3227\" data-end=\"3257\">Narciarstwo alpejskie i snowboard<\/p>\n<\/li>\n<li class=\"\" data-start=\"3258\" data-end=\"3289\">\n<p class=\"\" data-start=\"3260\" data-end=\"3289\">Jazda na skuterach \u015bnie\u017cnych i quadach<\/p>\n<\/li>\n<li class=\"\" data-start=\"3290\" data-end=\"3330\">\n<p class=\"\" data-start=\"3292\" data-end=\"3330\">W\u0119dr\u00f3wki wysokog\u00f3rskie, wspinaczka g\u00f3rska<\/p>\n<\/li>\n<li class=\"\" data-start=\"3331\" data-end=\"3379\">\n<p class=\"\" data-start=\"3333\" data-end=\"3379\">Patrol narciarski, przewodnicy i zimowi pracownicy terenowi<\/p>\n<\/li>\n<li class=\"\" data-start=\"3380\" data-end=\"3431\">\n<p class=\"\" data-start=\"3382\" data-end=\"3431\">O\u015brodki wypoczynkowe, wypo\u017cyczalnie i sklepy sportowe<\/p>\n<\/li>\n<li class=\"\" data-start=\"3432\" data-end=\"3497\">\n<p class=\"\" data-start=\"3434\" data-end=\"3497\">Szkolenie na \u015bwie\u017cym powietrzu, personel bezpiecze\u0144stwa i dzia\u0142alno\u015b\u0107 szk\u00f3\u0142 narciarskich<\/p>\n<\/li>\n<\/ul>\n<hr class=\"\" data-start=\"3499\" data-end=\"3502\" \/>\n<h3 class=\"\" data-start=\"3504\" data-end=\"3527\"><strong data-start=\"3508\" data-end=\"3527\">Specyfikacje:<\/strong><\/h3>\n<ul data-start=\"3529\" data-end=\"4047\">\n<li class=\"\" data-start=\"3529\" data-end=\"3580\">\n<p class=\"\" data-start=\"3531\" data-end=\"3580\">Na zewn\u0105trz: Pe\u0142noziarnista sk\u00f3ra premium (wielokolorowa)<\/p>\n<\/li>\n<li class=\"\" data-start=\"3581\" data-end=\"3633\">\n<p class=\"\" data-start=\"3583\" data-end=\"3633\">Wn\u0119trze: Mi\u0119kka polarowa wy\u015bci\u00f3\u0142ka + izolacja termiczna<\/p>\n<\/li>\n<li class=\"\" data-start=\"3634\" data-end=\"3670\">\n<p class=\"\" data-start=\"3636\" data-end=\"3670\">Dopasowanie: R\u0119kawica z dzielonymi palcami<\/p>\n<\/li>\n<li class=\"\" data-start=\"3671\" data-end=\"3740\">\n<p class=\"\" data-start=\"3673\" data-end=\"3740\">Rozmiary: S, M, L, XL, XXL (niestandardowe rozmiary dost\u0119pne dla zam\u00f3wie\u0144 hurtowych)<\/p>\n<\/li>\n<li class=\"\" data-start=\"3741\" data-end=\"3796\">\n<p class=\"\" data-start=\"3743\" data-end=\"3796\">Branding: RYINZ z opcjonaln\u0105 us\u0142ug\u0105 marki w\u0142asnej<\/p>\n<\/li>\n<li class=\"\" data-start=\"3797\" data-end=\"3844\">\n<p class=\"\" data-start=\"3799\" data-end=\"3844\">Mankiet: Neopren wzmocniony paskiem na rzep<\/p>\n<\/li>\n<li class=\"\" data-start=\"3845\" data-end=\"3896\">\n<p class=\"\" data-start=\"3847\" data-end=\"3896\">Opakowanie: Pojedyncza torebka foliowa lub niestandardowe pude\u0142ko OEM<\/p>\n<\/li>\n<li class=\"\" data-start=\"3897\" data-end=\"3915\">\n<p class=\"\" data-start=\"3899\" data-end=\"3915\">MOQ: 300 par<\/p>\n<\/li>\n<li class=\"\" data-start=\"3916\" data-end=\"3978\">\n<p class=\"\" data-start=\"3918\" data-end=\"3978\">Personalizacja: Dost\u0119pne logo, kolor, wk\u0142adka i opakowanie<\/p>\n<\/li>\n<li class=\"\" data-start=\"3979\" data-end=\"4047\">\n<p class=\"\" data-start=\"3981\" data-end=\"4047\">Certyfikaty: CE EN388 &amp; normy odporno\u015bci na zimno na \u017c\u0105danie<\/p>\n<\/li>\n<\/ul>","protected":false},"excerpt":{"rendered":"<p>Zachowaj ciep\u0142o, zachowuj\u0105c kontrol\u0119 dzi\u0119ki innowacyjno\u015bci <strong data-start=\"4161\" data-end=\"4195\">R\u0119kawice narciarskie z dzielonymi palcami RYINZ<\/strong> - Rewolucyjna hybrydowa konstrukcja dla tych, kt\u00f3rzy chc\u0105 zar\u00f3wno wydajno\u015bci, jak i ciep\u0142a. R\u0119kawice te \u0142\u0105cz\u0105 w sobie naturalne zalety r\u0119kawic z zatrzymywaniem ciep\u0142a ze zr\u0119czno\u015bci\u0105 r\u0119kawic dzi\u0119ki sprytnej konstrukcji z dzielonymi palcami, oferuj\u0105c lepsz\u0105 przyczepno\u015b\u0107 i ruch w ujemnych temperaturach. Wykonane z najwy\u017cszej jako\u015bci sk\u00f3ry i wyposa\u017cone w elastyczn\u0105 wy\u015bci\u00f3\u0142k\u0119 kostek, izolacj\u0119 termiczn\u0105 i wzmocnione obszary o wysokim zu\u017cyciu, s\u0105 zbudowane tak, aby poradzi\u0107 sobie ze wszystkim, od bieg\u00f3w w terenie po oblodzone zjazdy. Niezale\u017cnie od tego, czy jeste\u015b profesjonalnym przewodnikiem, entuzjast\u0105 alpinizmu, czy zimowym sprzedawc\u0105 detalicznym, te r\u0119kawice s\u0105 najlepszym wyborem dla wytrzyma\u0142ej funkcjonalno\u015bci z nowoczesn\u0105 kraw\u0119dzi\u0105.<\/p>","protected":false},"featured_media":8948,"comment_status":"closed","ping_status":"closed","template":"","meta":[],"product_brand":[35],"product_cat":[57],"product_tag":[70,71],"class_list":{"0":"post-8909","1":"product","2":"type-product","3":"status-publish","4":"has-post-thumbnail","6":"product_brand-ryinz","7":"product_cat-ski-snowboarding-gloves","8":"product_tag-amara-patch-gloves","9":"product_tag-amara-patch-snow-gloves","11":"first","12":"instock","13":"taxable","14":"shipping-taxable","15":"purchasable","16":"product-type-simple"},"_links":{"self":[{"href":"https:\/\/ryinz.cz\/velkoobchod\/pl\/wp-json\/wp\/v2\/product\/8909","targetHints":{"allow":["GET"]}}],"collection":[{"href":"https:\/\/ryinz.cz\/velkoobchod\/pl\/wp-json\/wp\/v2\/product"}],"about":[{"href":"https:\/\/ryinz.cz\/velkoobchod\/pl\/wp-json\/wp\/v2\/types\/product"}],"replies":[{"embeddable":true,"href":"https:\/\/ryinz.cz\/velkoobchod\/pl\/wp-json\/wp\/v2\/comments?post=8909"}],"wp:featuredmedia":[{"embeddable":true,"href":"https:\/\/ryinz.cz\/velkoobchod\/pl\/wp-json\/wp\/v2\/media\/8948"}],"wp:attachment":[{"href":"https:\/\/ryinz.cz\/velkoobchod\/pl\/wp-json\/wp\/v2\/media?parent=8909"}],"wp:term":[{"taxonomy":"product_brand","embeddable":true,"href":"https:\/\/ryinz.cz\/velkoobchod\/pl\/wp-json\/wp\/v2\/product_brand?post=8909"},{"taxonomy":"product_cat","embeddable":true,"href":"https:\/\/ryinz.cz\/velkoobchod\/pl\/wp-json\/wp\/v2\/product_cat?post=8909"},{"taxonomy":"product_tag","embeddable":true,"href":"https:\/\/ryinz.cz\/velkoobchod\/pl\/wp-json\/wp\/v2\/product_tag?post=8909"}],"curies":[{"name":"wp","href":"https:\/\/api.w.org\/{rel}","templated":true}]}}