{"id":8908,"date":"2025-06-22T15:21:04","date_gmt":"2025-06-22T15:21:04","guid":{"rendered":"https:\/\/ryinz.cz\/velkoobchod\/?post_type=product&#038;p=8908"},"modified":"2026-01-18T20:16:45","modified_gmt":"2026-01-18T20:16:45","slug":"ryinz-art-print-wodoodporne-rekawice-narciarskie-rekawice-snowboardowe-regulowany-pasek-rekawice-zimowe-ze-stylowa-grafika","status":"publish","type":"product","link":"https:\/\/ryinz.cz\/velkoobchod\/pl\/product\/ryinz-art-print-waterproof-ski-snowboard-gloves-adjustable-strap-winter-gloves-with-stylish-graphic-design\/","title":{"rendered":"Wodoodporne r\u0119kawice narciarskie i snowboardowe RYINZ Art-Print - zimowe r\u0119kawice z regulowanym paskiem i stylow\u0105 grafik\u0105"},"content":{"rendered":"<p class=\"\" data-start=\"326\" data-end=\"639\">Zachowaj ciep\u0142o, styl i ochron\u0119 na stoku dzi\u0119ki <strong data-start=\"383\" data-end=\"424\">R\u0119kawice narciarskie i snowboardowe RYINZ GSG-0502<\/strong>, zaprojektowane z my\u015bl\u0105 o wysokowydajnych sportach zimowych i alpejskich przygodach. Te r\u0119kawice to co\u015b wi\u0119cej ni\u017c tylko ochrona - to wyraz osobowo\u015bci, z unikalnymi wzorami z nadrukami, kt\u00f3re wyr\u00f3\u017cniaj\u0105 Ci\u0119 w g\u00f3rach.<\/p>\n<p class=\"\" data-start=\"641\" data-end=\"940\">Wykonane przy u\u017cyciu <strong data-start=\"655\" data-end=\"698\">wytrzyma\u0142a wodoodporna pow\u0142oka poliestrowa<\/strong> R\u0119kawice te zosta\u0142y zaprojektowane tak, aby wytrzyma\u0107 silne mrozy, mokry \u015bnieg i wietrzne warunki. Wewn\u0119trzna wy\u015bci\u00f3\u0142ka z mi\u0119kkiego polaru zapewnia optymaln\u0105 izolacj\u0119 termiczn\u0105 i ca\u0142odzienny komfort w ujemnych temperaturach.<\/p>\n<p class=\"\" data-start=\"942\" data-end=\"1247\">Najwa\u017cniejsz\u0105 cech\u0105 modelu GSG-0502 jest jego <strong data-start=\"985\" data-end=\"1021\">Ekskluzywna obudowa z wieloma wzorami<\/strong>, dost\u0119pne w r\u00f3\u017cnych cyfrowo drukowanych wzorach inspirowanych sztuk\u0105. Te uderzaj\u0105ce wzory wizualne nie tylko odzwierciedlaj\u0105 osobisty styl, ale tak\u017ce zwi\u0119kszaj\u0105 widoczno\u015b\u0107 podczas jazdy na snowboardzie, nartach, skuterach \u015bnie\u017cnych i w\u0119dr\u00f3wek w za\u015bnie\u017conym terenie.<\/p>\n<p class=\"\" data-start=\"1249\" data-end=\"1667\"><strong data-start=\"1249\" data-end=\"1277\">Wydajno\u015b\u0107 idzie w parze z designem<\/strong> z ergonomicznie wyprofilowanym dopasowaniem, wst\u0119pnie zakrzywionymi palcami i regulowanym paskiem na nadgarstek, kt\u00f3ry zapewnia dok\u0142adne dopasowanie. R\u0119kawice s\u0105 wyposa\u017cone w trwa\u0142y <strong data-start=\"1423\" data-end=\"1472\">Pasek na rzep z szybko zwalnian\u0105 klamr\u0105<\/strong> aby zabezpieczy\u0107 r\u0119kawice i zmniejszy\u0107 ryzyko przedostania si\u0119 \u015bniegu. Klips blokuj\u0105cy utrzymuje par\u0119 razem, gdy nie jest u\u017cywana, a opcjonalna smycz na nadgarstek gwarantuje, \u017ce nigdy nie upu\u015bcisz ich z wyci\u0105gu.<\/p>\n<p class=\"\" data-start=\"1669\" data-end=\"1947\">Wewn\u0105trz r\u0119kawice s\u0105 wyposa\u017cone w <strong data-start=\"1702\" data-end=\"1742\">Oddychaj\u0105ca membrana odprowadzaj\u0105ca wilgo\u0107<\/strong> kt\u00f3ra zapobiega gromadzeniu si\u0119 potu podczas intensywnych aktywno\u015bci, jednocze\u015bnie utrzymuj\u0105c wilgo\u0107 z zewn\u0105trz. Dzi\u0119ki temu s\u0105 odpowiednie dla aktywnych u\u017cytkownik\u00f3w sport\u00f3w zimowych na du\u017cych wysoko\u015bciach, kt\u00f3rzy wymagaj\u0105 zar\u00f3wno komfortu, jak i wydajno\u015bci.<\/p>\n<p class=\"\" data-start=\"1949\" data-end=\"2224\">R\u0119kawice te s\u0105 idealne do u\u017cytku unisex (dla m\u0119\u017cczyzn i kobiet), dost\u0119pne w rozmiarach od XS do XXL. Niezale\u017cnie od tego, czy przygotowujesz si\u0119 do kolejnej wyprawy narciarskiej w Alpy, czy te\u017c szukasz funkcjonalnych i modnych r\u0119kawic do swojego sklepu, <strong data-start=\"2169\" data-end=\"2187\">RYINZ GSG-0502<\/strong> zapewnia inteligentne, wyr\u00f3\u017cniaj\u0105ce si\u0119 rozwi\u0105zanie.<\/p>\n<hr class=\"\" data-start=\"2226\" data-end=\"2229\" \/>\n<h3 class=\"\" data-start=\"2231\" data-end=\"2258\"><strong data-start=\"2235\" data-end=\"2258\">Najwa\u017cniejsze cechy produktu:<\/strong><\/h3>\n<ul data-start=\"2260\" data-end=\"2823\">\n<li class=\"\" data-start=\"2260\" data-end=\"2325\">\n<p class=\"\" data-start=\"2262\" data-end=\"2325\">Wodoodporna i wiatroszczelna pow\u0142oka poliestrowa z d\u0142oni\u0105 ze sk\u00f3ry PU<\/p>\n<\/li>\n<li class=\"\" data-start=\"2326\" data-end=\"2396\">\n<p class=\"\" data-start=\"2328\" data-end=\"2396\">Zewn\u0119trzna strona z wielokolorowym nadrukiem cyfrowym i wieloma opcjami wzornictwa<\/p>\n<\/li>\n<li class=\"\" data-start=\"2397\" data-end=\"2442\">\n<p class=\"\" data-start=\"2399\" data-end=\"2442\">Mi\u0119kka polarowa podszewka zapewniaj\u0105ca izolacj\u0119 termiczn\u0105<\/p>\n<\/li>\n<li class=\"\" data-start=\"2443\" data-end=\"2493\">\n<p class=\"\" data-start=\"2445\" data-end=\"2493\">Regulowany pasek + system szybkiego zwalniania klamry<\/p>\n<\/li>\n<li class=\"\" data-start=\"2494\" data-end=\"2544\">\n<p class=\"\" data-start=\"2496\" data-end=\"2544\">Wzmocniona d\u0142o\u0144 dla lepszej przyczepno\u015bci i trwa\u0142o\u015bci<\/p>\n<\/li>\n<li class=\"\" data-start=\"2545\" data-end=\"2591\">\n<p class=\"\" data-start=\"2547\" data-end=\"2591\">Oddychaj\u0105ca membrana wewn\u0119trzna odprowadzaj\u0105ca wilgo\u0107<\/p>\n<\/li>\n<li class=\"\" data-start=\"2592\" data-end=\"2633\">\n<p class=\"\" data-start=\"2594\" data-end=\"2633\">Klips blokuj\u0105cy i opcjonalna smycz na nadgarstek<\/p>\n<\/li>\n<li class=\"\" data-start=\"2634\" data-end=\"2704\">\n<p class=\"\" data-start=\"2636\" data-end=\"2704\">Dost\u0119pne w wielu wzorach graficznych (pokazanych poni\u017cej g\u0142\u00f3wnego obrazu)<\/p>\n<\/li>\n<li class=\"\" data-start=\"2705\" data-end=\"2772\">\n<p class=\"\" data-start=\"2707\" data-end=\"2772\">Idealny do jazdy na nartach, snowboardzie, zimowych w\u0119dr\u00f3wek i skuter\u00f3w \u015bnie\u017cnych<\/p>\n<\/li>\n<li class=\"\" data-start=\"2773\" data-end=\"2823\">\n<p class=\"\" data-start=\"2775\" data-end=\"2823\">Dost\u0119pna us\u0142uga brandingu OEM i marki w\u0142asnej<\/p>\n<\/li>\n<\/ul>\n<hr class=\"\" data-start=\"2825\" data-end=\"2828\" \/>\n<h3 class=\"\" data-start=\"2830\" data-end=\"2851\"><strong data-start=\"2834\" data-end=\"2851\">Zastosowania:<\/strong><\/h3>\n<ul data-start=\"2853\" data-end=\"3100\">\n<li class=\"\" data-start=\"2853\" data-end=\"2893\">\n<p class=\"\" data-start=\"2855\" data-end=\"2893\">Rekreacyjna jazda na nartach i snowboardzie<\/p>\n<\/li>\n<li class=\"\" data-start=\"2894\" data-end=\"2924\">\n<p class=\"\" data-start=\"2896\" data-end=\"2924\">Profesjonalne sporty alpejskie<\/p>\n<\/li>\n<li class=\"\" data-start=\"2925\" data-end=\"2946\">\n<p class=\"\" data-start=\"2927\" data-end=\"2946\">Jazda na skuterach \u015bnie\u017cnych<\/p>\n<\/li>\n<li class=\"\" data-start=\"2947\" data-end=\"2978\">\n<p class=\"\" data-start=\"2949\" data-end=\"2978\">Zimowe dojazdy do pracy i podr\u00f3\u017ce<\/p>\n<\/li>\n<li class=\"\" data-start=\"2979\" data-end=\"3015\">\n<p class=\"\" data-start=\"2981\" data-end=\"3015\">Eksploracja i trekking na \u015bwie\u017cym powietrzu<\/p>\n<\/li>\n<li class=\"\" data-start=\"3016\" data-end=\"3059\">\n<p class=\"\" data-start=\"3018\" data-end=\"3059\">Instruktorzy narciarstwa i pracownicy o\u015brodk\u00f3w narciarskich<\/p>\n<\/li>\n<li class=\"\" data-start=\"3060\" data-end=\"3100\">\n<p class=\"\" data-start=\"3062\" data-end=\"3100\">Modne kolekcje odzie\u017cy zimowej<\/p>\n<\/li>\n<\/ul>\n<hr class=\"\" data-start=\"3102\" data-end=\"3105\" \/>\n<h3 class=\"\" data-start=\"3107\" data-end=\"3130\"><strong data-start=\"3111\" data-end=\"3130\">Specyfikacje:<\/strong><\/h3>\n<ul data-start=\"3132\" data-end=\"3608\">\n<li class=\"\" data-start=\"3132\" data-end=\"3193\">\n<p class=\"\" data-start=\"3134\" data-end=\"3193\">Materia\u0142: Wodoodporny poliester, sk\u00f3ra PU, podszewka z polaru<\/p>\n<\/li>\n<li class=\"\" data-start=\"3194\" data-end=\"3264\">\n<p class=\"\" data-start=\"3196\" data-end=\"3264\">Rozmiary: XS, S, M, L, XL, XXL (rozmiary niestandardowe dost\u0119pne przy zam\u00f3wieniach hurtowych)<\/p>\n<\/li>\n<li class=\"\" data-start=\"3265\" data-end=\"3330\">\n<p class=\"\" data-start=\"3267\" data-end=\"3330\">Kolor\/wzory: R\u00f3\u017cne nowoczesne nadruki graficzne (dost\u0119pne OEM)<\/p>\n<\/li>\n<li class=\"\" data-start=\"3331\" data-end=\"3384\">\n<p class=\"\" data-start=\"3333\" data-end=\"3384\">Zapi\u0119cie: pasek na rzep z regulowan\u0105 klamr\u0105<\/p>\n<\/li>\n<li class=\"\" data-start=\"3385\" data-end=\"3437\">\n<p class=\"\" data-start=\"3387\" data-end=\"3437\">Branding: Standardowe lub niestandardowe logo RYINZ<\/p>\n<\/li>\n<li class=\"\" data-start=\"3438\" data-end=\"3473\">\n<p class=\"\" data-start=\"3440\" data-end=\"3473\">Certyfikaty: CE EN388, EN511<\/p>\n<\/li>\n<li class=\"\" data-start=\"3474\" data-end=\"3514\">\n<p class=\"\" data-start=\"3476\" data-end=\"3514\">Opakowanie: Polybag lub pude\u0142ko detaliczne OEM<\/p>\n<\/li>\n<li class=\"\" data-start=\"3515\" data-end=\"3537\">\n<p class=\"\" data-start=\"3517\" data-end=\"3537\">MOQ: 300-500 par<\/p>\n<\/li>\n<li class=\"\" data-start=\"3538\" data-end=\"3608\">\n<p class=\"\" data-start=\"3540\" data-end=\"3608\">Opcjonalne dodatki: Palec wskazuj\u0105cy ekranu dotykowego, kiesze\u0144 termiczna, smycz na nadgarstek<\/p>\n<\/li>\n<\/ul>","protected":false},"excerpt":{"rendered":"<p>R\u0119kawice RYINZ GSG-0502 to zimowy towarzysz, \u0142\u0105cz\u0105cy ciep\u0142o, wodoodporno\u015b\u0107 i osza\u0142amiaj\u0105cy wygl\u0105d. Zaprojektowane z my\u015bl\u0105 o mi\u0142o\u015bnikach sport\u00f3w zimowych, r\u0119kawice te maj\u0105 oddychaj\u0105c\u0105 polarow\u0105 podszewk\u0119, uchwyt d\u0142oni ze sk\u00f3ry PU i wyr\u00f3\u017cniaj\u0105c\u0105 si\u0119 cholewk\u0119 z cyfrowym nadrukiem. Regulowany pasek z klamr\u0105 zapewnia idealne dopasowanie, a graficzny wz\u00f3r wyr\u00f3\u017cnia Tw\u00f3j wygl\u0105d na stoku. Idealne do jazdy na nartach, snowboardzie lub eksploracji w niskich temperaturach. Dost\u0119pne w wielu wzorach i rozmiarach, z pe\u0142n\u0105 obs\u0142ug\u0105 brandingu OEM dla nabywc\u00f3w w Europie i poza ni\u0105.<\/p>","protected":false},"featured_media":8951,"comment_status":"closed","ping_status":"closed","template":"","meta":[],"product_brand":[35],"product_cat":[57],"product_tag":[66,58,67],"class_list":{"0":"post-8908","1":"product","2":"type-product","3":"status-publish","4":"has-post-thumbnail","6":"product_brand-ryinz","7":"product_cat-ski-snowboarding-gloves","8":"product_tag-adjustable-winter-gloves","9":"product_tag-cowhide-leather-gloves","10":"product_tag-stretch-fabric-gloves","12":"first","13":"instock","14":"taxable","15":"shipping-taxable","16":"purchasable","17":"product-type-simple"},"_links":{"self":[{"href":"https:\/\/ryinz.cz\/velkoobchod\/pl\/wp-json\/wp\/v2\/product\/8908","targetHints":{"allow":["GET"]}}],"collection":[{"href":"https:\/\/ryinz.cz\/velkoobchod\/pl\/wp-json\/wp\/v2\/product"}],"about":[{"href":"https:\/\/ryinz.cz\/velkoobchod\/pl\/wp-json\/wp\/v2\/types\/product"}],"replies":[{"embeddable":true,"href":"https:\/\/ryinz.cz\/velkoobchod\/pl\/wp-json\/wp\/v2\/comments?post=8908"}],"wp:featuredmedia":[{"embeddable":true,"href":"https:\/\/ryinz.cz\/velkoobchod\/pl\/wp-json\/wp\/v2\/media\/8951"}],"wp:attachment":[{"href":"https:\/\/ryinz.cz\/velkoobchod\/pl\/wp-json\/wp\/v2\/media?parent=8908"}],"wp:term":[{"taxonomy":"product_brand","embeddable":true,"href":"https:\/\/ryinz.cz\/velkoobchod\/pl\/wp-json\/wp\/v2\/product_brand?post=8908"},{"taxonomy":"product_cat","embeddable":true,"href":"https:\/\/ryinz.cz\/velkoobchod\/pl\/wp-json\/wp\/v2\/product_cat?post=8908"},{"taxonomy":"product_tag","embeddable":true,"href":"https:\/\/ryinz.cz\/velkoobchod\/pl\/wp-json\/wp\/v2\/product_tag?post=8908"}],"curies":[{"name":"wp","href":"https:\/\/api.w.org\/{rel}","templated":true}]}}