{"id":8907,"date":"2025-06-22T15:21:04","date_gmt":"2025-06-22T15:21:04","guid":{"rendered":"https:\/\/ryinz.cz\/velkoobchod\/?post_type=product&#038;p=8907"},"modified":"2026-01-18T20:16:45","modified_gmt":"2026-01-18T20:16:45","slug":"ryinz-rekawice-narciarskie-na-kazda-pogode-wzmocnione-termiczne-rekawice-zimowe-z-regulowanymi-mankietami-dla-mezczyzn-i-kobiet","status":"publish","type":"product","link":"https:\/\/ryinz.cz\/velkoobchod\/pl\/product\/ryinz-all-weather-snow-ski-gloves-reinforced-thermal-winter-gloves-with-adjustable-cuffs-for-men-women\/","title":{"rendered":"R\u0119kawice \u015bnie\u017cne i narciarskie RYINZ na ka\u017cd\u0105 pogod\u0119 - wzmocnione termiczne r\u0119kawice zimowe z regulowanymi mankietami dla m\u0119\u017cczyzn i kobiet"},"content":{"rendered":"<p class=\"\" data-start=\"325\" data-end=\"664\">Zaprojektowany dla tych, kt\u00f3rzy \u017cyj\u0105 w g\u00f3rach. <strong data-start=\"376\" data-end=\"415\">R\u0119kawice \u015bniegowe i narciarskie RYINZ na ka\u017cd\u0105 pogod\u0119<\/strong> zapewniaj\u0105 najwy\u017csz\u0105 ochron\u0119, komfort i wydajno\u015b\u0107 w niskich temperaturach. Niezale\u017cnie od tego, czy je\u017adzisz na stoku, chodzisz w rakietach \u015bnie\u017cnych po oblodzonych szlakach, czy pracujesz na zewn\u0105trz w zimnie, te r\u0119kawice zosta\u0142y zaprojektowane tak, aby zapewni\u0107 Ci sucho\u015b\u0107, ciep\u0142o i pe\u0142n\u0105 kontrol\u0119.<\/p>\n<p class=\"\" data-start=\"666\" data-end=\"1135\">Wykonane z <strong data-start=\"679\" data-end=\"733\">wzmocniona sk\u00f3ra syntetyczna i wytrzyma\u0142a tkanina<\/strong>, Te r\u0119kawice zapewniaj\u0105 wyj\u0105tkow\u0105 trwa\u0142o\u015b\u0107 i odporno\u015b\u0107 na \u015bcieranie, nawet w najtrudniejszych warunkach zimowych. Zewn\u0119trzna pow\u0142oka jest odporna na wiatr i wilgo\u0107, a d\u0142onie i opuszki palc\u00f3w s\u0105 wzmocnione materia\u0142ami o wysokiej odporno\u015bci na zu\u017cycie, aby zapewni\u0107 doskona\u0142\u0105 przyczepno\u015b\u0107 i trwa\u0142o\u015b\u0107. Elegancki, nowoczesny dwukolorowy szary design jest stylowy, a jednocze\u015bnie wytrzyma\u0142y, dzi\u0119ki czemu idealnie nadaje si\u0119 zar\u00f3wno dla entuzjast\u00f3w sportu, jak i profesjonalist\u00f3w outdoorowych.<\/p>\n<p class=\"\" data-start=\"1137\" data-end=\"1547\">Wn\u0119trze r\u0119kawicy zawiera <strong data-start=\"1172\" data-end=\"1214\">wielowarstwowy system izolacji termicznej<\/strong>, oferuj\u0105c doskona\u0142e zatrzymywanie ciep\u0142a przy zachowaniu oddychalno\u015bci. Mi\u0119kka w dotyku podszewka zapewnia komfort przez ca\u0142y dzie\u0144, a \u015brodkowa warstwa izolacji tworzy barier\u0119 termiczn\u0105 przed lodowatym wiatrem i mokrym \u015bniegiem. Te r\u0119kawice zatrzymuj\u0105 ciep\u0142o i odprowadzaj\u0105 wilgo\u0107, zapobiegaj\u0105c gromadzeniu si\u0119 potu i utrzymuj\u0105c d\u0142onie komfortowo suche podczas d\u0142ugich \u015bnie\u017cnych dni.<\/p>\n<p class=\"\" data-start=\"1549\" data-end=\"2017\">An <strong data-start=\"1552\" data-end=\"1578\">regulowany pasek na nadgarstek<\/strong> oraz <strong data-start=\"1583\" data-end=\"1605\">elastyczna linka zaciskowa<\/strong> na mankiecie r\u0119kawicy pozwala dostosowa\u0107 dopasowanie i chroni przed \u015bniegiem, lodem i wiatrem. R\u0119kawice te pasuj\u0105 bezpiecznie na r\u0119kawy kurtki, dzi\u0119ki czemu idealnie nadaj\u0105 si\u0119 do jazdy na snowboardzie, nartach, pieszych w\u0119dr\u00f3wkach lub skuterach \u015bnie\u017cnych. R\u0119kawice <strong data-start=\"1812\" data-end=\"1840\">wst\u0119pnie zakrzywiona konstrukcja palc\u00f3w<\/strong> na\u015bladuje naturalny ruch d\u0142oni, zapewniaj\u0105c niem\u0119cz\u0105cy chwyt i lepsz\u0105 zr\u0119czno\u015b\u0107, niezale\u017cnie od tego, czy u\u017cywasz kijk\u00f3w, sprz\u0119tu czy telefon\u00f3w z opcj\u0105 ko\u0144c\u00f3wki wra\u017cliwej na ekran dotykowy (dost\u0119pna na zam\u00f3wienie).<\/p>\n<p class=\"\" data-start=\"2019\" data-end=\"2330\">Dodatkowo grzbiet d\u0142oni posiada <strong data-start=\"2063\" data-end=\"2103\">wzmocnione panele i wy\u015bcie\u0142ane strefy<\/strong>, oferuj\u0105c odporno\u015b\u0107 na uderzenia i dodatkow\u0105 trwa\u0142o\u015b\u0107. Mankiet na ca\u0142ej d\u0142ugo\u015bci zosta\u0142 zaprojektowany tak, aby zakrywa\u0142 r\u0119kawy, zapewniaj\u0105c maksymaln\u0105 ochron\u0119 przed warunkami atmosferycznymi, a lekka konstrukcja zapobiega niepor\u0119cznym, sztywnym ruchom przy jednoczesnym zachowaniu struktury.<\/p>\n<p class=\"\" data-start=\"2332\" data-end=\"2536\">Idealny dla <strong data-start=\"2342\" data-end=\"2359\">m\u0119\u017cczy\u017ani i kobiety<\/strong>, w <strong data-start=\"2365\" data-end=\"2404\">R\u0119kawice \u015bniegowe i narciarskie RYINZ na ka\u017cd\u0105 pogod\u0119<\/strong> to idealne po\u0142\u0105czenie wydajno\u015bci, ochrony i komfortu - stworzone zar\u00f3wno do rekreacyjnej zabawy, jak i profesjonalnej pracy zim\u0105.<\/p>\n<hr class=\"\" data-start=\"2538\" data-end=\"2541\" \/>\n<h3 class=\"\" data-start=\"2543\" data-end=\"2570\"><strong data-start=\"2547\" data-end=\"2570\">Najwa\u017cniejsze cechy produktu:<\/strong><\/h3>\n<ul data-start=\"2572\" data-end=\"3128\">\n<li class=\"\" data-start=\"2572\" data-end=\"2625\">\n<p class=\"\" data-start=\"2574\" data-end=\"2625\">Wodoodporna pow\u0142oka zewn\u0119trzna z tkaniny blokuj\u0105cej wiatr<\/p>\n<\/li>\n<li class=\"\" data-start=\"2626\" data-end=\"2687\">\n<p class=\"\" data-start=\"2628\" data-end=\"2687\">Wytrzyma\u0142a d\u0142o\u0144 ze sk\u00f3ry syntetycznej ze wzmocnionymi strefami zu\u017cycia<\/p>\n<\/li>\n<li class=\"\" data-start=\"2688\" data-end=\"2743\">\n<p class=\"\" data-start=\"2690\" data-end=\"2743\">Wielowarstwowa izolacja zapewniaj\u0105ca ciep\u0142o i oddychalno\u015b\u0107<\/p>\n<\/li>\n<li class=\"\" data-start=\"2744\" data-end=\"2779\">\n<p class=\"\" data-start=\"2746\" data-end=\"2779\">Mi\u0119kka, szczotkowana podszewka zapewnia wygod\u0119<\/p>\n<\/li>\n<li class=\"\" data-start=\"2780\" data-end=\"2839\">\n<p class=\"\" data-start=\"2782\" data-end=\"2839\">Regulowany pasek na nadgarstek + sznurek \u015bci\u0105gaj\u0105cy dla szczelnego uszczelnienia przed \u015bniegiem<\/p>\n<\/li>\n<li class=\"\" data-start=\"2840\" data-end=\"2897\">\n<p class=\"\" data-start=\"2842\" data-end=\"2897\">Przed\u0142u\u017cony mankiet w stylu r\u0119kawicy pasuje do r\u0119kaw\u00f3w kurtki<\/p>\n<\/li>\n<li class=\"\" data-start=\"2898\" data-end=\"2946\">\n<p class=\"\" data-start=\"2900\" data-end=\"2946\">Wst\u0119pnie zakrzywione palce dla naturalnego ruchu d\u0142oni<\/p>\n<\/li>\n<li class=\"\" data-start=\"2947\" data-end=\"3011\">\n<p class=\"\" data-start=\"2949\" data-end=\"3011\">Dwukolorowy, nowoczesny design (jasny\/ciemny szary) dla atrakcyjno\u015bci unisex<\/p>\n<\/li>\n<li class=\"\" data-start=\"3012\" data-end=\"3072\">\n<p class=\"\" data-start=\"3014\" data-end=\"3072\">Wystarczaj\u0105co wytrzyma\u0142e do backcountry, wystarczaj\u0105co stylowe do kurort\u00f3w<\/p>\n<\/li>\n<li class=\"\" data-start=\"3073\" data-end=\"3128\">\n<p class=\"\" data-start=\"3075\" data-end=\"3128\">Nadaje si\u0119 do uprawiania sportu, ratownictwa i pracy w niskich temperaturach<\/p>\n<\/li>\n<\/ul>\n<hr class=\"\" data-start=\"3130\" data-end=\"3133\" \/>\n<h3 class=\"\" data-start=\"3135\" data-end=\"3156\"><strong data-start=\"3139\" data-end=\"3156\">Zastosowania:<\/strong><\/h3>\n<ul data-start=\"3158\" data-end=\"3415\">\n<li class=\"\" data-start=\"3158\" data-end=\"3185\">\n<p class=\"\" data-start=\"3160\" data-end=\"3185\">Narciarstwo i snowboard<\/p>\n<\/li>\n<li class=\"\" data-start=\"3186\" data-end=\"3218\">\n<p class=\"\" data-start=\"3188\" data-end=\"3218\">Trekking lodowy, wspinaczka g\u00f3rska<\/p>\n<\/li>\n<li class=\"\" data-start=\"3219\" data-end=\"3253\">\n<p class=\"\" data-start=\"3221\" data-end=\"3253\">Jazda na skuterach \u015bnie\u017cnych i rowerach zimowych<\/p>\n<\/li>\n<li class=\"\" data-start=\"3254\" data-end=\"3293\">\n<p class=\"\" data-start=\"3256\" data-end=\"3293\">Przechowywanie w ch\u0142odni lub praca zim\u0105 na zewn\u0105trz<\/p>\n<\/li>\n<li class=\"\" data-start=\"3294\" data-end=\"3326\">\n<p class=\"\" data-start=\"3296\" data-end=\"3326\">Ratownictwo alpejskie i patrol narciarski<\/p>\n<\/li>\n<li class=\"\" data-start=\"3327\" data-end=\"3369\">\n<p class=\"\" data-start=\"3329\" data-end=\"3369\">Obs\u0142uga sprz\u0119tu w warunkach oblodzenia<\/p>\n<\/li>\n<li class=\"\" data-start=\"3370\" data-end=\"3415\">\n<p class=\"\" data-start=\"3372\" data-end=\"3415\">Sprzeda\u017c detaliczna odzie\u017cy sportowej i wypo\u017cyczalnia sprz\u0119tu<\/p>\n<\/li>\n<\/ul>\n<hr class=\"\" data-start=\"3417\" data-end=\"3420\" \/>\n<h3 class=\"\" data-start=\"3422\" data-end=\"3445\"><strong data-start=\"3426\" data-end=\"3445\">Specyfikacje:<\/strong><\/h3>\n<ul data-start=\"3447\" data-end=\"3911\">\n<li class=\"\" data-start=\"3447\" data-end=\"3489\">\n<p class=\"\" data-start=\"3449\" data-end=\"3489\">Materia\u0142: Poliester, sk\u00f3ra syntetyczna<\/p>\n<\/li>\n<li class=\"\" data-start=\"3490\" data-end=\"3540\">\n<p class=\"\" data-start=\"3492\" data-end=\"3540\">Izolacja: Szczotkowana podszewka + termiczna warstwa \u015brodkowa<\/p>\n<\/li>\n<li class=\"\" data-start=\"3541\" data-end=\"3594\">\n<p class=\"\" data-start=\"3543\" data-end=\"3594\">Rozmiary: S, M, L, XL, XXL (dost\u0119pne rozmiary niestandardowe)<\/p>\n<\/li>\n<li class=\"\" data-start=\"3595\" data-end=\"3624\">\n<p class=\"\" data-start=\"3597\" data-end=\"3624\">Dopasowanie: Ergonomiczne dopasowanie unisex<\/p>\n<\/li>\n<li class=\"\" data-start=\"3625\" data-end=\"3682\">\n<p class=\"\" data-start=\"3627\" data-end=\"3682\">Zapi\u0119cie: Regulowany pasek na rzep + zapi\u0119cie na nadgarstek<\/p>\n<\/li>\n<li class=\"\" data-start=\"3683\" data-end=\"3738\">\n<p class=\"\" data-start=\"3685\" data-end=\"3738\">Branding: Dost\u0119pna marka standardowa RYINZ lub marka w\u0142asna<\/p>\n<\/li>\n<li class=\"\" data-start=\"3739\" data-end=\"3788\">\n<p class=\"\" data-start=\"3741\" data-end=\"3788\">Personalizacja: Logo, schemat kolor\u00f3w, typ wk\u0142adki<\/p>\n<\/li>\n<li class=\"\" data-start=\"3789\" data-end=\"3807\">\n<p class=\"\" data-start=\"3791\" data-end=\"3807\">MOQ: 300 par<\/p>\n<\/li>\n<li class=\"\" data-start=\"3808\" data-end=\"3859\">\n<p class=\"\" data-start=\"3810\" data-end=\"3859\">Certyfikacja: Dost\u0119pne na \u017cyczenie (CE, EN388)<\/p>\n<\/li>\n<li class=\"\" data-start=\"3860\" data-end=\"3911\">\n<p class=\"\" data-start=\"3862\" data-end=\"3911\">Opakowanie: Pojedyncza torebka foliowa lub niestandardowe pude\u0142ko<\/p>\n<\/li>\n<\/ul>","protected":false},"excerpt":{"rendered":"<p>Zachowaj wygod\u0119 i pewno\u015b\u0107 siebie na \u015bniegu dzi\u0119ki <strong data-start=\"4018\" data-end=\"4057\">R\u0119kawice \u015bniegowe i narciarskie RYINZ na ka\u017cd\u0105 pogod\u0119<\/strong> - Gotowe na zim\u0119 r\u0119kawice stworzone z my\u015bl\u0105 o powa\u017cnej wydajno\u015bci w ekstremalnych warunkach. R\u0119kawice te \u0142\u0105cz\u0105 wytrzyma\u0142\u0105 pow\u0142ok\u0119 zewn\u0119trzn\u0105 z izolacj\u0105 termiczn\u0105 i wygodn\u0105 podszewk\u0105, zapewniaj\u0105c niezawodn\u0105 ochron\u0119 przed wiatrem, \u015bniegiem i wilgoci\u0105. D\u0142ugi mankiet zapewnia dodatkow\u0105 os\u0142on\u0119, a regulowany pasek i zacisk na nadgarstek utrzymuj\u0105 je bezpiecznie na miejscu. Wzmocniona d\u0142o\u0144 poprawia przyczepno\u015b\u0107, a wy\u015bcie\u0142ane obszary i wst\u0119pnie zakrzywione palce zwi\u0119kszaj\u0105 elastyczno\u015b\u0107 i ochron\u0119. Idealne do jazdy na nartach, snowboardzie, skuterach \u015bnie\u017cnych i pracy w niskich temperaturach, r\u0119kawice te s\u0105 przeznaczone dla m\u0119\u017cczyzn i kobiet, kt\u00f3rzy potrzebuj\u0105 zar\u00f3wno stylu, jak i wydajno\u015bci w jednym.<\/p>","protected":false},"featured_media":8947,"comment_status":"closed","ping_status":"closed","template":"","meta":[],"product_brand":[35],"product_cat":[57],"product_tag":[63,65],"class_list":{"0":"post-8907","1":"product","2":"type-product","3":"status-publish","4":"has-post-thumbnail","6":"product_brand-ryinz","7":"product_cat-ski-snowboarding-gloves","8":"product_tag-adjustable-snowboarding-gloves","9":"product_tag-cordura-ski-gloves","11":"first","12":"instock","13":"taxable","14":"shipping-taxable","15":"purchasable","16":"product-type-simple"},"_links":{"self":[{"href":"https:\/\/ryinz.cz\/velkoobchod\/pl\/wp-json\/wp\/v2\/product\/8907","targetHints":{"allow":["GET"]}}],"collection":[{"href":"https:\/\/ryinz.cz\/velkoobchod\/pl\/wp-json\/wp\/v2\/product"}],"about":[{"href":"https:\/\/ryinz.cz\/velkoobchod\/pl\/wp-json\/wp\/v2\/types\/product"}],"replies":[{"embeddable":true,"href":"https:\/\/ryinz.cz\/velkoobchod\/pl\/wp-json\/wp\/v2\/comments?post=8907"}],"wp:featuredmedia":[{"embeddable":true,"href":"https:\/\/ryinz.cz\/velkoobchod\/pl\/wp-json\/wp\/v2\/media\/8947"}],"wp:attachment":[{"href":"https:\/\/ryinz.cz\/velkoobchod\/pl\/wp-json\/wp\/v2\/media?parent=8907"}],"wp:term":[{"taxonomy":"product_brand","embeddable":true,"href":"https:\/\/ryinz.cz\/velkoobchod\/pl\/wp-json\/wp\/v2\/product_brand?post=8907"},{"taxonomy":"product_cat","embeddable":true,"href":"https:\/\/ryinz.cz\/velkoobchod\/pl\/wp-json\/wp\/v2\/product_cat?post=8907"},{"taxonomy":"product_tag","embeddable":true,"href":"https:\/\/ryinz.cz\/velkoobchod\/pl\/wp-json\/wp\/v2\/product_tag?post=8907"}],"curies":[{"name":"wp","href":"https:\/\/api.w.org\/{rel}","templated":true}]}}