{"id":8906,"date":"2025-06-22T15:21:04","date_gmt":"2025-06-22T15:21:04","guid":{"rendered":"https:\/\/ryinz.cz\/velkoobchod\/?post_type=product&#038;p=8906"},"modified":"2026-01-18T20:16:44","modified_gmt":"2026-01-18T20:16:44","slug":"ryinz-extreme-cold-weather-rekawice-narciarskie-rekawice-snowboardowe-wiatroszczelne-wodoodporne-ocieplane-rekawice-zimowe-z-paskiem-na-nadgarstek","status":"publish","type":"product","link":"https:\/\/ryinz.cz\/velkoobchod\/pl\/product\/ryinz-extreme-cold-weather-ski-snowboarding-gloves-windproof-waterproof-insulated-winter-gloves-with-wrist-strap\/","title":{"rendered":"R\u0119kawice narciarskie i snowboardowe RYINZ Extreme Cold Weather - wiatroszczelne, wodoodporne, ocieplane r\u0119kawice zimowe z paskiem na nadgarstek"},"content":{"rendered":"<p class=\"\" data-start=\"346\" data-end=\"701\">Do\u015bwiadcz najwy\u017cszej wydajno\u015bci i wyj\u0105tkowej ochrony w trudnych warunkach zimowych dzi\u0119ki <strong data-start=\"439\" data-end=\"504\">R\u0119kawice narciarskie i snowboardowe RYINZ MSG-0064 na ekstremalne zimno<\/strong>. R\u0119kawice te s\u0105 przeznaczone dla sportowc\u00f3w, pracownik\u00f3w outdoorowych, entuzjast\u00f3w sport\u00f3w \u015bnie\u017cnych i podr\u00f3\u017cnik\u00f3w alpejskich, kt\u00f3rzy wymagaj\u0105 ciep\u0142a, funkcjonalno\u015bci i trwa\u0142o\u015bci w temperaturach poni\u017cej zera.<\/p>\n<p class=\"\" data-start=\"703\" data-end=\"1106\">Zbudowany z <strong data-start=\"722\" data-end=\"744\">System tr\u00f3jwarstwowy<\/strong>, R\u0119kawice te posiadaj\u0105 <strong data-start=\"769\" data-end=\"807\">wytrzyma\u0142a wodoodporna nylonowa pow\u0142oka zewn\u0119trzna<\/strong>, a <strong data-start=\"811\" data-end=\"848\">wzmocniona d\u0142o\u0144 ze sk\u00f3ry syntetycznej<\/strong>, oraz <strong data-start=\"856\" data-end=\"894\">Mi\u0119kka, ocieplana podszewka z polaru<\/strong> dla maksymalnej ochrony przed wiatrem, wilgoci\u0105 i mrozem. Niezale\u017cnie od tego, czy je\u017adzisz na nartach, snowboardzie, od\u015bnie\u017casz, czy w\u0119drujesz po g\u00f3rzystym terenie, MSG-0064 oferuje niezachwian\u0105 niezawodno\u015b\u0107 i ciep\u0142o.<\/p>\n<p class=\"\" data-start=\"1108\" data-end=\"1434\">Obszar d\u0142oni jest wykonany z <strong data-start=\"1138\" data-end=\"1162\">Sk\u00f3ra PU o wysokiej przyczepno\u015bci<\/strong>, Zaprojektowane, aby zwi\u0119kszy\u0107 kontrol\u0119 i zapobiec po\u015blizgowi podczas trzymania kijk\u00f3w narciarskich, uchwyt\u00f3w skuter\u00f3w \u015bnie\u017cnych lub sprz\u0119tu. Strategiczne wzmocnienia u podstawy d\u0142oni i na czubkach palc\u00f3w zwi\u0119kszaj\u0105 wytrzyma\u0142o\u015b\u0107 w obszarach o wysokim zu\u017cyciu, dzi\u0119ki czemu r\u0119kawice te s\u0105 wyj\u0105tkowo trwa\u0142e do aktywnego u\u017cytkowania w trudnych warunkach.<\/p>\n<p class=\"\" data-start=\"1436\" data-end=\"1770\">Wewn\u0119trznie r\u0119kawice zawieraj\u0105 <strong data-start=\"1469\" data-end=\"1511\">Oddychaj\u0105ca, ale zatrzymuj\u0105ca ciep\u0142o membrana<\/strong>, pozwalaj\u0105c na ucieczk\u0119 wilgoci, jednocze\u015bnie zatrzymuj\u0105c ciep\u0142e powietrze wewn\u0105trz. Tworzy to optymalny mikroklimat dla d\u0142oni nawet podczas d\u0142ugotrwa\u0142ej ekspozycji na zewn\u0105trz. Wn\u0119trze <strong data-start=\"1672\" data-end=\"1695\">mi\u0119kka szczotkowana podszewka<\/strong> Zapewnia przytulne uczucie i zapobiega tarciu lub podra\u017cnieniom podczas d\u0142ugiego noszenia.<\/p>\n<p class=\"\" data-start=\"1772\" data-end=\"2067\">R\u0119kawice MSG-0064 posiadaj\u0105 r\u00f3wnie\u017c <strong data-start=\"1805\" data-end=\"1847\">przed\u0142u\u017cone mankiety z zapi\u0119ciem na sznurek<\/strong> oraz <strong data-start=\"1852\" data-end=\"1879\">regulowane paski na nadgarstki<\/strong>, umo\u017cliwiaj\u0105c skuteczne uszczelnienie przed \u015bniegiem i wiatrem. Zintegrowany <strong data-start=\"1947\" data-end=\"1991\">regulowany pasek z klamr\u0105 na nadgarstek<\/strong> zapewnia bezpieczne dopasowanie i zapobiega zsuwaniu si\u0119 nawet podczas szybkiej aktywno\u015bci.<\/p>\n<p class=\"\" data-start=\"2069\" data-end=\"2305\">Dodatkowo r\u0119kawice wyposa\u017cone s\u0105 w <strong data-start=\"2104\" data-end=\"2144\">Klipsy blokuj\u0105ce do \u0142\u0105czenia par<\/strong> i s\u0105 kompatybilne ze smyczami na nadgarstek dla wi\u0119kszego bezpiecze\u0144stwa na wyci\u0105gach narciarskich. Odblaskowe logo zwi\u0119ksza widoczno\u015b\u0107 w warunkach s\u0142abego o\u015bwietlenia, zwi\u0119kszaj\u0105c bezpiecze\u0144stwo.<\/p>\n<p class=\"\" data-start=\"2307\" data-end=\"2603\">Zaprojektowane z my\u015bl\u0105 o wydajno\u015bci, ergonomiczny kszta\u0142t r\u0119kawic zapewnia elastyczno\u015b\u0107 i zr\u0119czno\u015b\u0107, jednocze\u015bnie zapewniaj\u0105c izolacj\u0119. S\u0105 idealne do <strong data-start=\"2463\" data-end=\"2526\">narciarze, snowboardzi\u015bci, osoby pracuj\u0105ce w zimnym klimacie, tury\u015bci g\u00f3rscy<\/strong>, i ka\u017cdy, kto potrzebuje niezawodnych r\u0119kawic termicznych do pracy w najzimniejszych warunkach.<\/p>\n<p class=\"\" data-start=\"2605\" data-end=\"2795\">Dzi\u0119ki wzornictwu unisex i dost\u0119pno\u015bci w wielu rozmiarach <strong data-start=\"2666\" data-end=\"2684\">RYINZ MSG-0064<\/strong> to najlepszy wyb\u00f3r dla sprzedawc\u00f3w sprz\u0119tu do sport\u00f3w zimowych, g\u00f3rskich outfit\u00f3w lub osobistych ulepsze\u0144 sprz\u0119tu zimowego.<\/p>\n<hr class=\"\" data-start=\"2797\" data-end=\"2800\" \/>\n<h3 class=\"\" data-start=\"2802\" data-end=\"2829\"><strong data-start=\"2806\" data-end=\"2829\">Najwa\u017cniejsze cechy produktu:<\/strong><\/h3>\n<ul data-start=\"2831\" data-end=\"3515\">\n<li class=\"\" data-start=\"2831\" data-end=\"2929\">\n<p class=\"\" data-start=\"2833\" data-end=\"2929\">Tr\u00f3jwarstwowa ochrona: Wodoodporna pow\u0142oka zewn\u0119trzna, ciep\u0142a izolacja i mi\u0119kka polarowa podszewka wewn\u0119trzna<\/p>\n<\/li>\n<li class=\"\" data-start=\"2930\" data-end=\"2989\">\n<p class=\"\" data-start=\"2932\" data-end=\"2989\">Wysoce przyczepna d\u0142o\u0144 ze sk\u00f3ry PU ze wzmocnionymi strefami kontaktu<\/p>\n<\/li>\n<li class=\"\" data-start=\"2990\" data-end=\"3065\">\n<p class=\"\" data-start=\"2992\" data-end=\"3065\">Wiatroszczelna i odporna na \u015bnieg z regulowanym paskiem na nadgarstek i przed\u0142u\u017conym mankietem<\/p>\n<\/li>\n<li class=\"\" data-start=\"3066\" data-end=\"3136\">\n<p class=\"\" data-start=\"3068\" data-end=\"3136\">Oddychaj\u0105ca, odprowadzaj\u0105ca wilgo\u0107 membrana wewn\u0119trzna zapewnia sucho\u015b\u0107 i wygod\u0119<\/p>\n<\/li>\n<li class=\"\" data-start=\"3137\" data-end=\"3224\">\n<p class=\"\" data-start=\"3139\" data-end=\"3224\">Bezpieczny pasek z klamr\u0105 na nadgarstek + klipsy blokuj\u0105ce + mankiet ze sznurkiem dla pe\u0142nej ochrony<\/p>\n<\/li>\n<li class=\"\" data-start=\"3225\" data-end=\"3281\">\n<p class=\"\" data-start=\"3227\" data-end=\"3281\">Ergonomiczna konstrukcja zapewniaj\u0105ca elastyczno\u015b\u0107 i swobod\u0119 ruchu palc\u00f3w<\/p>\n<\/li>\n<li class=\"\" data-start=\"3282\" data-end=\"3349\">\n<p class=\"\" data-start=\"3284\" data-end=\"3349\">Odblaskowe logo RYINZ zapewnia widoczno\u015b\u0107 w nocy lub podczas \u015bnie\u017cycy<\/p>\n<\/li>\n<li class=\"\" data-start=\"3350\" data-end=\"3448\">\n<p class=\"\" data-start=\"3352\" data-end=\"3448\">Nadaje si\u0119 do jazdy na snowboardzie, nartach, zimowych w\u0119dr\u00f3wek, od\u015bnie\u017cania lub og\u00f3lnej pracy w niskich temperaturach<\/p>\n<\/li>\n<li class=\"\" data-start=\"3449\" data-end=\"3515\">\n<p class=\"\" data-start=\"3451\" data-end=\"3515\">Dost\u0119pne w kolorze czarnym\/szarym i z mo\u017cliwo\u015bci\u0105 dostosowania do w\u0142asnych potrzeb.<\/p>\n<\/li>\n<\/ul>\n<hr class=\"\" data-start=\"3517\" data-end=\"3520\" \/>\n<h3 class=\"\" data-start=\"3522\" data-end=\"3543\"><strong data-start=\"3526\" data-end=\"3543\">Zastosowania:<\/strong><\/h3>\n<ul data-start=\"3545\" data-end=\"3891\">\n<li class=\"\" data-start=\"3545\" data-end=\"3583\">\n<p class=\"\" data-start=\"3547\" data-end=\"3583\">Narciarstwo rekreacyjne i snowboard<\/p>\n<\/li>\n<li class=\"\" data-start=\"3584\" data-end=\"3632\">\n<p class=\"\" data-start=\"3586\" data-end=\"3632\">Zimowe sporty outdoorowe i wyprawy wysokog\u00f3rskie<\/p>\n<\/li>\n<li class=\"\" data-start=\"3633\" data-end=\"3677\">\n<p class=\"\" data-start=\"3635\" data-end=\"3677\">Praca w zimnym klimacie w przemy\u015ble i na zewn\u0105trz<\/p>\n<\/li>\n<li class=\"\" data-start=\"3678\" data-end=\"3721\">\n<p class=\"\" data-start=\"3680\" data-end=\"3721\">Wojskowe i taktyczne operacje zimowe<\/p>\n<\/li>\n<li class=\"\" data-start=\"3722\" data-end=\"3760\">\n<p class=\"\" data-start=\"3724\" data-end=\"3760\">Jazda na skuterach \u015bnie\u017cnych i psich zaprz\u0119gach<\/p>\n<\/li>\n<li class=\"\" data-start=\"3761\" data-end=\"3801\">\n<p class=\"\" data-start=\"3763\" data-end=\"3801\">Turystyka piesza, trekking i wspinaczka g\u00f3rska<\/p>\n<\/li>\n<li class=\"\" data-start=\"3802\" data-end=\"3849\">\n<p class=\"\" data-start=\"3804\" data-end=\"3849\">U\u017cytkowanie w ch\u0142odniach i magazynach ch\u0142odniczych<\/p>\n<\/li>\n<li class=\"\" data-start=\"3850\" data-end=\"3891\">\n<p class=\"\" data-start=\"3852\" data-end=\"3891\">Policja, s\u0142u\u017cby ratownicze i personel ratunkowy<\/p>\n<\/li>\n<\/ul>\n<hr class=\"\" data-start=\"3893\" data-end=\"3896\" \/>\n<h3 class=\"\" data-start=\"3898\" data-end=\"3921\"><strong data-start=\"3902\" data-end=\"3921\">Specyfikacje:<\/strong><\/h3>\n<ul data-start=\"3923\" data-end=\"4431\">\n<li class=\"\" data-start=\"3923\" data-end=\"3942\">\n<p class=\"\" data-start=\"3925\" data-end=\"3942\">Model: MSG-0064<\/p>\n<\/li>\n<li class=\"\" data-start=\"3943\" data-end=\"4017\">\n<p class=\"\" data-start=\"3945\" data-end=\"4017\">Materia\u0142y: Wodoodporny nylon, syntetyczna sk\u00f3ra PU, mi\u0119kki szczotkowany polar<\/p>\n<\/li>\n<li class=\"\" data-start=\"4018\" data-end=\"4049\">\n<p class=\"\" data-start=\"4020\" data-end=\"4049\">Rozmiary: XS, S, M, L, XL, XXL<\/p>\n<\/li>\n<li class=\"\" data-start=\"4050\" data-end=\"4122\">\n<p class=\"\" data-start=\"4052\" data-end=\"4122\">Rodzaj zapi\u0119cia: Regulowany pasek z rzepem i mankietem ze sznurkiem<\/p>\n<\/li>\n<li class=\"\" data-start=\"4123\" data-end=\"4175\">\n<p class=\"\" data-start=\"4125\" data-end=\"4175\">Kolor: czarny\/szary (konfigurowalny dla zam\u00f3wie\u0144 hurtowych)<\/p>\n<\/li>\n<li class=\"\" data-start=\"4176\" data-end=\"4220\">\n<p class=\"\" data-start=\"4178\" data-end=\"4220\">Logo: RYINZ (mo\u017cliwe drukowanie logo OEM)<\/p>\n<\/li>\n<li class=\"\" data-start=\"4221\" data-end=\"4285\">\n<p class=\"\" data-start=\"4223\" data-end=\"4285\">Temperatura znamionowa: Nadaje si\u0119 do \u015brodowisk o temperaturze od -25\u00b0C do -30\u00b0C<\/p>\n<\/li>\n<li class=\"\" data-start=\"4286\" data-end=\"4344\">\n<p class=\"\" data-start=\"4288\" data-end=\"4344\">Certyfikaty: CE EN388 \/ EN511 dost\u0119pne na \u017c\u0105danie<\/p>\n<\/li>\n<li class=\"\" data-start=\"4345\" data-end=\"4385\">\n<p class=\"\" data-start=\"4347\" data-end=\"4385\">MOQ: 300-500 par dla zam\u00f3wie\u0144 niestandardowych<\/p>\n<\/li>\n<li class=\"\" data-start=\"4386\" data-end=\"4431\">\n<p class=\"\" data-start=\"4388\" data-end=\"4431\">Opakowanie: Polybag, opcjonalnie pude\u0142ko detaliczne OEM<\/p>\n<\/li>\n<\/ul>","protected":false},"excerpt":{"rendered":"<p>Bez obaw staw czo\u0142a najzimniejszym warunkom nosz\u0105c <strong data-start=\"4549\" data-end=\"4593\">R\u0119kawice narciarskie i snowboardowe RYINZ MSG-0064<\/strong>. Zaprojektowane z my\u015bl\u0105 o ekstremalnych osi\u0105gach, r\u0119kawice te \u0142\u0105cz\u0105 w sobie wodoodporn\u0105 tkanin\u0119 zewn\u0119trzn\u0105, izolacj\u0119 podszyt\u0105 polarem i d\u0142onie PU o wysokiej przyczepno\u015bci, zapewniaj\u0105c doskona\u0142e ciep\u0142o i u\u017cyteczno\u015b\u0107 na \u015bniegu. Dzi\u0119ki przed\u0142u\u017conym mankietom, zapi\u0119ciom na sznurek i regulowanym paskom na nadgarstki, zapewniaj\u0105 one bezpieczne dopasowanie i pe\u0142n\u0105 ochron\u0119 przed wiatrem i \u015bniegiem. Wzmocnione w punktach napr\u0119\u017cenia i oddychaj\u0105ce od wewn\u0105trz, s\u0105 idealne do jazdy na snowboardzie, jazdy na nartach, zimowych w\u0119dr\u00f3wek lub pracy w niskich temperaturach. Zaprojektowane z my\u015bl\u0105 o pracy w klimacie poni\u017cej zera i wspierane przez zaufan\u0105 jako\u015b\u0107 RYINZ, r\u0119kawice te s\u0105 dost\u0119pne w wielu rozmiarach i oferuj\u0105 mo\u017cliwo\u015bci brandingu OEM dla profesjonalnych nabywc\u00f3w w ca\u0142ej Europie i poza ni\u0105.<\/p>","protected":false},"featured_media":8950,"comment_status":"closed","ping_status":"closed","template":"","meta":[],"product_brand":[35],"product_cat":[57],"product_tag":[63,64],"class_list":{"0":"post-8906","1":"product","2":"type-product","3":"status-publish","4":"has-post-thumbnail","6":"product_brand-ryinz","7":"product_cat-ski-snowboarding-gloves","8":"product_tag-adjustable-snowboarding-gloves","9":"product_tag-fleece-lined-snowboarding-gloves","11":"first","12":"instock","13":"taxable","14":"shipping-taxable","15":"purchasable","16":"product-type-simple"},"_links":{"self":[{"href":"https:\/\/ryinz.cz\/velkoobchod\/pl\/wp-json\/wp\/v2\/product\/8906","targetHints":{"allow":["GET"]}}],"collection":[{"href":"https:\/\/ryinz.cz\/velkoobchod\/pl\/wp-json\/wp\/v2\/product"}],"about":[{"href":"https:\/\/ryinz.cz\/velkoobchod\/pl\/wp-json\/wp\/v2\/types\/product"}],"replies":[{"embeddable":true,"href":"https:\/\/ryinz.cz\/velkoobchod\/pl\/wp-json\/wp\/v2\/comments?post=8906"}],"wp:featuredmedia":[{"embeddable":true,"href":"https:\/\/ryinz.cz\/velkoobchod\/pl\/wp-json\/wp\/v2\/media\/8950"}],"wp:attachment":[{"href":"https:\/\/ryinz.cz\/velkoobchod\/pl\/wp-json\/wp\/v2\/media?parent=8906"}],"wp:term":[{"taxonomy":"product_brand","embeddable":true,"href":"https:\/\/ryinz.cz\/velkoobchod\/pl\/wp-json\/wp\/v2\/product_brand?post=8906"},{"taxonomy":"product_cat","embeddable":true,"href":"https:\/\/ryinz.cz\/velkoobchod\/pl\/wp-json\/wp\/v2\/product_cat?post=8906"},{"taxonomy":"product_tag","embeddable":true,"href":"https:\/\/ryinz.cz\/velkoobchod\/pl\/wp-json\/wp\/v2\/product_tag?post=8906"}],"curies":[{"name":"wp","href":"https:\/\/api.w.org\/{rel}","templated":true}]}}