{"id":8905,"date":"2025-06-22T15:21:04","date_gmt":"2025-06-22T15:21:04","guid":{"rendered":"https:\/\/ryinz.cz\/velkoobchod\/?post_type=product&#038;p=8905"},"modified":"2026-01-18T20:16:44","modified_gmt":"2026-01-18T20:16:44","slug":"ryinz-wodoodporne-rekawice-narciarskie-i-snowboardowe-ze-skorzana-wysciolka-cieple-i-wiatroszczelne-do-uprawiania-sportow-w-niskich-temperaturach","status":"publish","type":"product","link":"https:\/\/ryinz.cz\/velkoobchod\/pl\/product\/ryinz-waterproof-ski-snowboarding-gloves-with-leather-palm-warm-lining-windproof-protection-for-cold-weather-sports\/","title":{"rendered":"Wodoodporne r\u0119kawice narciarskie i snowboardowe RYINZ ze sk\u00f3rzan\u0105 d\u0142oni\u0105, ciep\u0142\u0105 podszewk\u0105 i wiatroszczeln\u0105 ochron\u0105 do uprawiania sport\u00f3w w niskich temperaturach"},"content":{"rendered":"<p class=\"\" data-start=\"320\" data-end=\"635\">Zachowaj ciep\u0142o, ochron\u0119 i styl na stoku dzi\u0119ki <strong data-start=\"377\" data-end=\"412\">R\u0119kawice narciarskie i snowboardowe RYINZ<\/strong>, zaprojektowane z my\u015bl\u0105 o wyczynowych sportach zimowych i pracy na \u015bwie\u017cym powietrzu w temperaturach poni\u017cej zera. Ten model r\u0119kawic \u0142\u0105czy w sobie funkcjonaln\u0105 konstrukcj\u0119, trwa\u0142e materia\u0142y i nowoczesn\u0105 estetyk\u0119, aby spe\u0142ni\u0107 oczekiwania zar\u00f3wno profesjonalist\u00f3w, jak i entuzjast\u00f3w.<\/p>\n<p class=\"\" data-start=\"637\" data-end=\"1050\">Zbudowany z <strong data-start=\"656\" data-end=\"689\">Zewn\u0119trzna pow\u0142oka odporna na warunki atmosferyczne<\/strong>, Te r\u0119kawice chroni\u0105 d\u0142onie przed \u015bniegiem, deszczem ze \u015bniegiem i przenikliwym wiatrem. Odwa\u017cna pomara\u0144czowo-szaro-czarna kolorystyka zapewnia wysok\u0105 widoczno\u015b\u0107 w za\u015bnie\u017conym terenie, zachowuj\u0105c jednocze\u015bnie elegancki, sportowy wygl\u0105d. Wn\u0119trze d\u0142oni jest wzmocnione <strong data-start=\"912\" data-end=\"931\">sk\u00f3ra naturalna<\/strong>, oferuj\u0105c doskona\u0142\u0105 przyczepno\u015b\u0107 i d\u0142ugotrwa\u0142\u0105 wytrzyma\u0142o\u015b\u0107 - nawet w trudnych warunkach, takich jak jazda na nartach, snowboardzie i skuterach \u015bnie\u017cnych.<\/p>\n<p class=\"\" data-start=\"1052\" data-end=\"1461\">Wewn\u0105trz znajduje si\u0119 <strong data-start=\"1074\" data-end=\"1097\">Mi\u0119kka podszewka termiczna<\/strong> kt\u00f3ry zatrzymuje ciep\u0142o cia\u0142a i izoluje d\u0142onie, zapewniaj\u0105c d\u0142ugotrwa\u0142e ciep\u0142o bez powodowania przegrzania. Wn\u0119trze jest oddychaj\u0105ce, odprowadzaj\u0105c wilgo\u0107 z dala od sk\u00f3ry, jednocze\u015bnie utrzymuj\u0105c zimne powietrze na zewn\u0105trz. Wy\u015bcie\u0142any panel na kostkach zapewnia ochron\u0119 przed uderzeniami i trudnymi warunkami pogodowymi, a wst\u0119pnie zakrzywiona konstrukcja palc\u00f3w zapewnia naturalne dopasowanie i zwi\u0119kszony komfort podczas d\u0142ugiego u\u017cytkowania.<\/p>\n<p class=\"\" data-start=\"1463\" data-end=\"1806\">Obszar nadgarstka jest wyposa\u017cony w elastyczny <strong data-start=\"1504\" data-end=\"1536\">System zamykania na rzep<\/strong> dla dopasowanego i konfigurowalnego dopasowania. Elastyczne \u015bci\u0105gacze na nadgarstkach zapobiegaj\u0105 przedostawaniu si\u0119 \u015bniegu i pomagaj\u0105 utrzyma\u0107 wewn\u0119trzne ciep\u0142o. Niezale\u017cnie od tego, czy chwytasz kijki narciarskie, poruszasz si\u0119 po oblodzonym terenie, czy zje\u017cd\u017casz ze stoku, ergonomiczne strefy chwytu zapewniaj\u0105 doskona\u0142e trzymanie i zmniejszaj\u0105 zm\u0119czenie.<\/p>\n<p class=\"\" data-start=\"1808\" data-end=\"2049\">R\u0119kawice te zosta\u0142y zaprojektowane do pracy pod presj\u0105, przetestowane przez sportowc\u00f3w i profesjonalist\u00f3w zimowych, aby zapewni\u0107 d\u0142ugotrwa\u0142e noszenie w zimnych i wymagaj\u0105cych \u015brodowiskach. Od g\u00f3rskich szczyt\u00f3w po przemys\u0142owe miejsca pracy, <strong data-start=\"2011\" data-end=\"2048\">R\u0119kawice RYINZ s\u0105 stworzone do ochrony<\/strong>.<\/p>\n<p class=\"\" data-start=\"2051\" data-end=\"2074\"><strong data-start=\"2051\" data-end=\"2074\">Najwa\u017cniejsze cechy produktu:<\/strong><\/p>\n<ul data-start=\"2076\" data-end=\"3000\">\n<li class=\"\" data-start=\"2076\" data-end=\"2176\">\n<p class=\"\" data-start=\"2078\" data-end=\"2176\"><strong data-start=\"2078\" data-end=\"2103\">Wytrzyma\u0142a konstrukcja:<\/strong> Wiatroszczelna i wodoodporna pow\u0142oka zewn\u0119trzna ze wzmocnion\u0105 sk\u00f3rzan\u0105 d\u0142oni\u0105<\/p>\n<\/li>\n<li class=\"\" data-start=\"2177\" data-end=\"2270\">\n<p class=\"\" data-start=\"2179\" data-end=\"2270\"><strong data-start=\"2179\" data-end=\"2202\">Ciep\u0142o i wygoda:<\/strong> Wn\u0119trze wy\u0142o\u017cone materia\u0142em termoizolacyjnym, aby d\u0142onie by\u0142y ciep\u0142e<\/p>\n<\/li>\n<li class=\"\" data-start=\"2271\" data-end=\"2356\">\n<p class=\"\" data-start=\"2273\" data-end=\"2356\"><strong data-start=\"2273\" data-end=\"2295\">Oddychaj\u0105ca konstrukcja:<\/strong> Zmniejsza pocenie si\u0119 i poprawia wentylacj\u0119 podczas intensywnego u\u017cytkowania<\/p>\n<\/li>\n<li class=\"\" data-start=\"2357\" data-end=\"2428\">\n<p class=\"\" data-start=\"2359\" data-end=\"2428\"><strong data-start=\"2359\" data-end=\"2386\">Antypo\u015blizgowa sk\u00f3rzana d\u0142o\u0144:<\/strong> Doskona\u0142a przyczepno\u015b\u0107 na mokrej lub oblodzonej nawierzchni<\/p>\n<\/li>\n<li class=\"\" data-start=\"2429\" data-end=\"2506\">\n<p class=\"\" data-start=\"2431\" data-end=\"2506\"><strong data-start=\"2431\" data-end=\"2446\">Bezpieczne dopasowanie:<\/strong> Regulowany pasek na nadgarstek i elastyczny mankiet dla pe\u0142nego pokrycia<\/p>\n<\/li>\n<li class=\"\" data-start=\"2507\" data-end=\"2580\">\n<p class=\"\" data-start=\"2509\" data-end=\"2580\"><strong data-start=\"2509\" data-end=\"2529\">Wysoka widoczno\u015b\u0107:<\/strong> Jaskrawy pomara\u0144czowo-szaro-czarny design dla wi\u0119kszego bezpiecze\u0144stwa<\/p>\n<\/li>\n<li class=\"\" data-start=\"2581\" data-end=\"2672\">\n<p class=\"\" data-start=\"2583\" data-end=\"2672\"><strong data-start=\"2583\" data-end=\"2606\">Wst\u0119pnie zakrzywione palce:<\/strong> Naturalne dopasowanie dla mniejszego zm\u0119czenia d\u0142oni podczas jazdy na nartach lub snowboardzie<\/p>\n<\/li>\n<li class=\"\" data-start=\"2673\" data-end=\"2756\">\n<p class=\"\" data-start=\"2675\" data-end=\"2756\"><strong data-start=\"2675\" data-end=\"2697\">Ochrona przed uderzeniami:<\/strong> Wzmocniona strefa kostek zapewnia bezpiecze\u0144stwo podczas upadk\u00f3w lub pokonywania przeszk\u00f3d<\/p>\n<\/li>\n<li class=\"\" data-start=\"2757\" data-end=\"2848\">\n<p class=\"\" data-start=\"2759\" data-end=\"2848\"><strong data-start=\"2759\" data-end=\"2780\">Uniwersalne zastosowanie:<\/strong> Nadaje si\u0119 do uprawiania sportu, od\u015bnie\u017cania, w\u0119dr\u00f3wek i zimowych dojazd\u00f3w do pracy<\/p>\n<\/li>\n<li class=\"\" data-start=\"2849\" data-end=\"2922\">\n<p class=\"\" data-start=\"2851\" data-end=\"2922\"><strong data-start=\"2851\" data-end=\"2871\">Dost\u0119pne rozmiary:<\/strong> S, M, L, XL, XXL (rozmiary niestandardowe dla zam\u00f3wie\u0144 hurtowych)<\/p>\n<\/li>\n<li class=\"\" data-start=\"2923\" data-end=\"3000\">\n<p class=\"\" data-start=\"2925\" data-end=\"3000\"><strong data-start=\"2925\" data-end=\"2945\">Niestandardowy branding:<\/strong> Opcje marki w\u0142asnej z nadrukowanym lub haftowanym logo<\/p>\n<\/li>\n<\/ul>\n<p class=\"\" data-start=\"3002\" data-end=\"3019\"><strong data-start=\"3002\" data-end=\"3019\">Zastosowania:<\/strong><\/p>\n<ul data-start=\"3021\" data-end=\"3314\">\n<li class=\"\" data-start=\"3021\" data-end=\"3057\">\n<p class=\"\" data-start=\"3023\" data-end=\"3057\">Narciarstwo zjazdowe i snowboard<\/p>\n<\/li>\n<li class=\"\" data-start=\"3058\" data-end=\"3106\">\n<p class=\"\" data-start=\"3060\" data-end=\"3106\">Narciarstwo biegowe lub trekking backcountry<\/p>\n<\/li>\n<li class=\"\" data-start=\"3107\" data-end=\"3137\">\n<p class=\"\" data-start=\"3109\" data-end=\"3137\">Jazda na skuterach \u015bnie\u017cnych lub quadach<\/p>\n<\/li>\n<li class=\"\" data-start=\"3138\" data-end=\"3171\">\n<p class=\"\" data-start=\"3140\" data-end=\"3171\">Zadania przemys\u0142owe w niskich temperaturach<\/p>\n<\/li>\n<li class=\"\" data-start=\"3172\" data-end=\"3202\">\n<p class=\"\" data-start=\"3174\" data-end=\"3202\">Praca w ch\u0142odni i magazynie<\/p>\n<\/li>\n<li class=\"\" data-start=\"3203\" data-end=\"3247\">\n<p class=\"\" data-start=\"3205\" data-end=\"3247\">U\u017cytkowanie przez ekipy budowlane i drogowe w zimie<\/p>\n<\/li>\n<li class=\"\" data-start=\"3248\" data-end=\"3288\">\n<p class=\"\" data-start=\"3250\" data-end=\"3288\">Dojazdy do pracy w ekstremalnie niskich temperaturach<\/p>\n<\/li>\n<li class=\"\" data-start=\"3289\" data-end=\"3314\">\n<p class=\"\" data-start=\"3291\" data-end=\"3314\">Wspinaczka lodowa i w\u0119dr\u00f3wki<\/p>\n<\/li>\n<\/ul>\n<p class=\"\" data-start=\"3316\" data-end=\"3338\"><strong data-start=\"3316\" data-end=\"3338\">Opcje opakowania:<\/strong><\/p>\n<ul data-start=\"3340\" data-end=\"3526\">\n<li class=\"\" data-start=\"3340\" data-end=\"3388\">\n<p class=\"\" data-start=\"3342\" data-end=\"3388\">Standardowa torebka foliowa lub niestandardowe markowe opakowanie<\/p>\n<\/li>\n<li class=\"\" data-start=\"3389\" data-end=\"3431\">\n<p class=\"\" data-start=\"3391\" data-end=\"3431\">Etykiety z kodami kreskowymi dla jednostek gotowych do sprzeda\u017cy detalicznej<\/p>\n<\/li>\n<li class=\"\" data-start=\"3432\" data-end=\"3473\">\n<p class=\"\" data-start=\"3434\" data-end=\"3473\">Opakowanie zbiorcze dost\u0119pne dla nabywc\u00f3w B2B<\/p>\n<\/li>\n<li class=\"\" data-start=\"3474\" data-end=\"3526\">\n<p class=\"\" data-start=\"3476\" data-end=\"3526\">Opcjonalna zawieszka i opakowanie ekspozycyjne do sprzeda\u017cy detalicznej<\/p>\n<\/li>\n<\/ul>\n<p class=\"\" data-start=\"3528\" data-end=\"3547\"><strong data-start=\"3528\" data-end=\"3547\">Certyfikaty:<\/strong><\/p>\n<ul data-start=\"3549\" data-end=\"3734\">\n<li class=\"\" data-start=\"3549\" data-end=\"3565\">\n<p class=\"\" data-start=\"3551\" data-end=\"3565\">Certyfikat CE<\/p>\n<\/li>\n<li class=\"\" data-start=\"3566\" data-end=\"3610\">\n<p class=\"\" data-start=\"3568\" data-end=\"3610\">Ochrona przed zimnem zgodna z norm\u0105 EN 511<\/p>\n<\/li>\n<li class=\"\" data-start=\"3611\" data-end=\"3640\">\n<p class=\"\" data-start=\"3613\" data-end=\"3640\">Materia\u0142y zgodne z REACH<\/p>\n<\/li>\n<li class=\"\" data-start=\"3641\" data-end=\"3695\">\n<p class=\"\" data-start=\"3643\" data-end=\"3695\">Zaprojektowany zgodnie z wytycznymi bezpiecze\u0144stwa UE dla \u015brodk\u00f3w ochrony indywidualnej<\/p>\n<\/li>\n<li class=\"\" data-start=\"3696\" data-end=\"3734\">\n<p class=\"\" data-start=\"3698\" data-end=\"3734\">Przestrzeganie standard\u00f3w produkcyjnych ISO<\/p>\n<\/li>\n<\/ul>\n<p class=\"\" data-start=\"3736\" data-end=\"3763\"><strong data-start=\"3736\" data-end=\"3763\">Us\u0142ugi dostosowywania:<\/strong><\/p>\n<p class=\"\" data-start=\"3765\" data-end=\"4074\">Jako europejski dostawca <strong data-start=\"3791\" data-end=\"3800\">RYINZ<\/strong>, Oferujemy elastyczne us\u0142ugi OEM\/ODM. Klienci mog\u0105 za\u017c\u0105da\u0107 niestandardowych rozmiar\u00f3w, logo marki, kombinacji drukowanych kolor\u00f3w i specjalistycznych opakowa\u0144 do cel\u00f3w detalicznych, zespo\u0142owych lub odzie\u017cy roboczej. Specjalizujemy si\u0119 w <strong data-start=\"3996\" data-end=\"4041\">Zam\u00f3wienia masowe z obs\u0142ug\u0105 klienta premium<\/strong> dla kupuj\u0105cych w UE i USA.<\/p>","protected":false},"excerpt":{"rendered":"<p>Wielowarstwowe r\u0119kawice narciarskie i snowboardowe RYINZ maj\u0105 wodoodporn\u0105 pow\u0142ok\u0119, ciep\u0142\u0105 wewn\u0119trzn\u0105 podszewk\u0119 i trwa\u0142y sk\u00f3rzany uchwyt d\u0142oni - zaprojektowany do warunk\u00f3w alpejskich. Wst\u0119pnie zakrzywione palce, bezpieczne zapi\u0119cie nadgarstka i uszczelniona konstrukcja zapewniaj\u0105 d\u0142oniom ciep\u0142o i sucho\u015b\u0107, zapewniaj\u0105c jednocze\u015bnie ochron\u0119 przed wiatrem i wilgoci\u0105. Zaprojektowane z my\u015bl\u0105 o je\u017adzie na nartach, snowboardzie, skuterach \u015bnie\u017cnych i pracy na \u015bwie\u017cym powietrzu, r\u0119kawice te zapewniaj\u0105 ca\u0142odzienny komfort i trwa\u0142o\u015b\u0107, a tak\u017ce niestandardowe opcje brandingu dla sprzedawc\u00f3w detalicznych i zespo\u0142\u00f3w.<\/p>","protected":false},"featured_media":8955,"comment_status":"closed","ping_status":"closed","template":"","meta":[],"product_brand":[35],"product_cat":[57],"product_tag":[61,62],"class_list":{"0":"post-8905","1":"product","2":"type-product","3":"status-publish","4":"has-post-thumbnail","6":"product_brand-ryinz","7":"product_cat-ski-snowboarding-gloves","8":"product_tag-cowhide-leather-ski-gloves","9":"product_tag-insulated-snowboarding-gloves","11":"first","12":"instock","13":"taxable","14":"shipping-taxable","15":"purchasable","16":"product-type-simple"},"_links":{"self":[{"href":"https:\/\/ryinz.cz\/velkoobchod\/pl\/wp-json\/wp\/v2\/product\/8905","targetHints":{"allow":["GET"]}}],"collection":[{"href":"https:\/\/ryinz.cz\/velkoobchod\/pl\/wp-json\/wp\/v2\/product"}],"about":[{"href":"https:\/\/ryinz.cz\/velkoobchod\/pl\/wp-json\/wp\/v2\/types\/product"}],"replies":[{"embeddable":true,"href":"https:\/\/ryinz.cz\/velkoobchod\/pl\/wp-json\/wp\/v2\/comments?post=8905"}],"wp:featuredmedia":[{"embeddable":true,"href":"https:\/\/ryinz.cz\/velkoobchod\/pl\/wp-json\/wp\/v2\/media\/8955"}],"wp:attachment":[{"href":"https:\/\/ryinz.cz\/velkoobchod\/pl\/wp-json\/wp\/v2\/media?parent=8905"}],"wp:term":[{"taxonomy":"product_brand","embeddable":true,"href":"https:\/\/ryinz.cz\/velkoobchod\/pl\/wp-json\/wp\/v2\/product_brand?post=8905"},{"taxonomy":"product_cat","embeddable":true,"href":"https:\/\/ryinz.cz\/velkoobchod\/pl\/wp-json\/wp\/v2\/product_cat?post=8905"},{"taxonomy":"product_tag","embeddable":true,"href":"https:\/\/ryinz.cz\/velkoobchod\/pl\/wp-json\/wp\/v2\/product_tag?post=8905"}],"curies":[{"name":"wp","href":"https:\/\/api.w.org\/{rel}","templated":true}]}}