{"id":8903,"date":"2025-06-22T15:21:03","date_gmt":"2025-06-22T15:21:03","guid":{"rendered":"https:\/\/ryinz.cz\/velkoobchod\/?post_type=product&#038;p=8903"},"modified":"2026-01-18T20:16:42","modified_gmt":"2026-01-18T20:16:42","slug":"ogrzewane-rekawice-narciarskie-i-snowboardowe-ryinz-z-wodoodporna-powloka-akumulatorem-i-ekranem-dotykowym","status":"publish","type":"product","link":"https:\/\/ryinz.cz\/velkoobchod\/pl\/product\/ryinz-heated-ski-snowboarding-gloves-with-waterproof-shell-rechargeable-battery-and-touchscreen-capability\/","title":{"rendered":"Podgrzewane r\u0119kawice narciarskie i snowboardowe RYINZ z wodoodporn\u0105 pow\u0142ok\u0105, akumulatorem i mo\u017cliwo\u015bci\u0105 obs\u0142ugi ekranu dotykowego"},"content":{"rendered":"<p class=\"\" data-start=\"351\" data-end=\"761\">Prze\u017cyj emocje zwi\u0105zane ze sportami zimowymi bez po\u015bwi\u0119cania komfortu lub ciep\u0142a dzi\u0119ki <strong data-start=\"433\" data-end=\"475\">Podgrzewane r\u0119kawice narciarskie i snowboardowe RYINZ<\/strong>, zaprojektowane z my\u015bl\u0105 o ekstremalnych warunkach pogodowych i wyczynowej aktywno\u015bci na \u015bwie\u017cym powietrzu. R\u0119kawice te \u0142\u0105cz\u0105 w sobie zaawansowan\u0105 technologi\u0119 grzewcz\u0105, trwa\u0142\u0105 konstrukcj\u0119 i przyjazne dla u\u017cytkownika funkcje, aby zaspokoi\u0107 potrzeby narciarzy, snowboardzist\u00f3w, skuter\u00f3w \u015bnie\u017cnych i pracownik\u00f3w pracuj\u0105cych na zewn\u0105trz w zimnym klimacie.<\/p>\n<p class=\"\" data-start=\"763\" data-end=\"1206\">Wykonany z wysokiej wydajno\u015bci <strong data-start=\"795\" data-end=\"829\">Wodoodporna i wiatroszczelna pow\u0142oka<\/strong>, Te r\u0119kawice zosta\u0142y stworzone, aby zapewni\u0107 sucho\u015b\u0107 i ochron\u0119 d\u0142oni w warunkach \u015bniegu, deszczu lub zamieci. Zewn\u0119trzna warstwa wykonana jest z po\u0142\u0105czenia syntetycznych tkanin i sk\u00f3rzanych wzmocnie\u0144, co zapewnia najwy\u017csz\u0105 trwa\u0142o\u015b\u0107 i elastyczno\u015b\u0107. Wewn\u0105trz znajduje si\u0119 wyj\u0105tkowo mi\u0119kka, izolowana podszewka i zintegrowana ocieplina. <strong data-start=\"1113\" data-end=\"1146\">Elementy grzejne z w\u0142\u00f3kna w\u0119glowego<\/strong> Zapewniaj\u0105 ci\u0105g\u0142e ciep\u0142o palc\u00f3w i grzbietu d\u0142oni.<\/p>\n<p class=\"\" data-start=\"1208\" data-end=\"1564\">Za naci\u015bni\u0119ciem przycisku u\u017cytkownicy mog\u0105 aktywowa\u0107 jedn\u0105 z nast\u0119puj\u0105cych funkcji <strong data-start=\"1261\" data-end=\"1285\">trzy poziomy ogrzewania<\/strong>, b\u0142yskawicznie rozprowadzaj\u0105c ciep\u0142o tam, gdzie jest ono najbardziej potrzebne. R\u0119kawice s\u0105 zasilane przez <strong data-start=\"1365\" data-end=\"1403\">akumulatory litowo-jonowe<\/strong>, Oferuje do 6-8 godzin ciep\u0142a na niskim ustawieniu, 4-5 godzin na \u015brednim i 2-3 godziny na wysokim - idealne rozwi\u0105zanie na d\u0142ugie dni na stoku lub w mro\u017anych warunkach pracy.<\/p>\n<p class=\"\" data-start=\"1566\" data-end=\"1982\">Ergonomiczna konstrukcja obejmuje <strong data-start=\"1596\" data-end=\"1615\">wy\u015bcie\u0142ane kostki<\/strong>, i antypo\u015blizgowe d\u0142onie ze sk\u00f3ry PU zapewniaj\u0105 doskona\u0142\u0105 przyczepno\u015b\u0107 kijk\u00f3w narciarskich, desek snowboardowych lub narz\u0119dzi. Przed\u0142u\u017cony mankiet z regulowanym sznurkiem i elastycznym nadgarstkiem zapewnia bezpieczne dopasowanie, jednocze\u015bnie chroni\u0105c przed \u015bniegiem i zimnym powietrzem. Nawet w r\u0119kawiczkach, zintegrowane <strong data-start=\"1885\" data-end=\"1922\">opuszki palc\u00f3w kompatybilne z ekranem dotykowym<\/strong> pozwalaj\u0105 u\u017cytkownikom bez wysi\u0142ku korzysta\u0107 ze smartfon\u00f3w lub urz\u0105dze\u0144 GPS.<\/p>\n<p class=\"\" data-start=\"1984\" data-end=\"2001\"><strong data-start=\"1984\" data-end=\"2001\">Kluczowe cechy:<\/strong><\/p>\n<ul data-start=\"2003\" data-end=\"2974\">\n<li class=\"\" data-start=\"2003\" data-end=\"2116\">\n<p class=\"\" data-start=\"2005\" data-end=\"2116\"><strong data-start=\"2005\" data-end=\"2037\">Akumulatorowy system grzewczy:<\/strong> Trzy ustawienia temperatury (niska\/\u015brednia\/wysoka) z czasem pracy baterii do 8 godzin<\/p>\n<\/li>\n<li class=\"\" data-start=\"2117\" data-end=\"2208\">\n<p class=\"\" data-start=\"2119\" data-end=\"2208\"><strong data-start=\"2119\" data-end=\"2150\">Strefy grzewcze z w\u0142\u00f3kna w\u0119glowego:<\/strong> R\u00f3wnomierne rozprowadzanie ciep\u0142a na grzbiecie d\u0142oni i palcach<\/p>\n<\/li>\n<li class=\"\" data-start=\"2209\" data-end=\"2301\">\n<p class=\"\" data-start=\"2211\" data-end=\"2301\"><strong data-start=\"2211\" data-end=\"2229\">Wytrzyma\u0142a konstrukcja:<\/strong> Wodoodporna, wiatroszczelna i wzmocniona sk\u00f3r\u0105 w miejscach nara\u017conych na zu\u017cycie<\/p>\n<\/li>\n<li class=\"\" data-start=\"2302\" data-end=\"2377\">\n<p class=\"\" data-start=\"2304\" data-end=\"2377\"><strong data-start=\"2304\" data-end=\"2328\">Palce na ekranie dotykowym:<\/strong> Obs\u0142uga urz\u0105dze\u0144 mobilnych bez zdejmowania r\u0119kawic<\/p>\n<\/li>\n<li class=\"\" data-start=\"2378\" data-end=\"2452\">\n<p class=\"\" data-start=\"2380\" data-end=\"2452\"><strong data-start=\"2380\" data-end=\"2395\">Bezpieczne dopasowanie:<\/strong> Regulowany pasek na nadgarstek i elastyczny mankiet ze \u015bci\u0105gaczem<\/p>\n<\/li>\n<li class=\"\" data-start=\"2453\" data-end=\"2528\">\n<p class=\"\" data-start=\"2455\" data-end=\"2528\"><strong data-start=\"2455\" data-end=\"2478\">D\u0142o\u0144 o zwi\u0119kszonej przyczepno\u015bci:<\/strong> Antypo\u015blizgowy PU dla lepszej kontroli i precyzji<\/p>\n<\/li>\n<li class=\"\" data-start=\"2529\" data-end=\"2622\">\n<p class=\"\" data-start=\"2531\" data-end=\"2622\"><strong data-start=\"2531\" data-end=\"2553\">Wy\u015bcie\u0142ana ochrona:<\/strong> Dodatkowa warstwa na kostkach i d\u0142oni zapewnia bezpiecze\u0144stwo podczas upadk\u00f3w lub uderze\u0144<\/p>\n<\/li>\n<li class=\"\" data-start=\"2623\" data-end=\"2711\">\n<p class=\"\" data-start=\"2625\" data-end=\"2711\"><strong data-start=\"2625\" data-end=\"2657\">Akumulator z funkcj\u0105 szybkiego \u0142adowania:<\/strong> Podw\u00f3jne baterie w zestawie z \u0142adowark\u0105 \u015bcienn\u0105 i kablem<\/p>\n<\/li>\n<li class=\"\" data-start=\"2712\" data-end=\"2775\">\n<p class=\"\" data-start=\"2714\" data-end=\"2775\"><strong data-start=\"2714\" data-end=\"2740\">Oddychaj\u0105ca izolacja:<\/strong> Utrzymuje ciep\u0142o i odprowadza wilgo\u0107<\/p>\n<\/li>\n<li class=\"\" data-start=\"2776\" data-end=\"2858\">\n<p class=\"\" data-start=\"2778\" data-end=\"2858\"><strong data-start=\"2778\" data-end=\"2801\">Personalizacja logo:<\/strong> Dost\u0119pne dla marek w\u0142asnych lub masowych marek korporacyjnych<\/p>\n<\/li>\n<li class=\"\" data-start=\"2859\" data-end=\"2913\">\n<p class=\"\" data-start=\"2861\" data-end=\"2913\"><strong data-start=\"2861\" data-end=\"2871\">Rozmiary:<\/strong> M, L, XL, XXL (rozmiary niestandardowe na \u017cyczenie)<\/p>\n<\/li>\n<li class=\"\" data-start=\"2914\" data-end=\"2974\">\n<p class=\"\" data-start=\"2916\" data-end=\"2974\"><strong data-start=\"2916\" data-end=\"2926\">Kolor:<\/strong> Czarny z czerwonymi akcentami (kolory niestandardowe na zam\u00f3wienie)<\/p>\n<\/li>\n<\/ul>\n<p class=\"\" data-start=\"2976\" data-end=\"2993\"><strong data-start=\"2976\" data-end=\"2993\">Zastosowania:<\/strong><\/p>\n<ul data-start=\"2995\" data-end=\"3309\">\n<li class=\"\" data-start=\"2995\" data-end=\"3040\">\n<p class=\"\" data-start=\"2997\" data-end=\"3040\">Narciarstwo alpejskie, snowboard, skutery \u015bnie\u017cne<\/p>\n<\/li>\n<li class=\"\" data-start=\"3041\" data-end=\"3070\">\n<p class=\"\" data-start=\"3043\" data-end=\"3070\">Zimowe w\u0119dr\u00f3wki i biwakowanie<\/p>\n<\/li>\n<li class=\"\" data-start=\"3071\" data-end=\"3104\">\n<p class=\"\" data-start=\"3073\" data-end=\"3104\">Praca w ch\u0142odniach i mro\u017aniach<\/p>\n<\/li>\n<li class=\"\" data-start=\"3105\" data-end=\"3132\">\n<p class=\"\" data-start=\"3107\" data-end=\"3132\">W\u0119dkarstwo podlodowe i \u0142owiectwo<\/p>\n<\/li>\n<li class=\"\" data-start=\"3133\" data-end=\"3162\">\n<p class=\"\" data-start=\"3135\" data-end=\"3162\">Ratownictwo g\u00f3rskie lub patrol<\/p>\n<\/li>\n<li class=\"\" data-start=\"3163\" data-end=\"3204\">\n<p class=\"\" data-start=\"3165\" data-end=\"3204\">Jazda motocyklem lub rowerem elektrycznym zim\u0105<\/p>\n<\/li>\n<li class=\"\" data-start=\"3205\" data-end=\"3255\">\n<p class=\"\" data-start=\"3207\" data-end=\"3255\">Wydarzenia sportowe na \u015bwie\u017cym powietrzu w ujemnych temperaturach<\/p>\n<\/li>\n<li class=\"\" data-start=\"3256\" data-end=\"3309\">\n<p class=\"\" data-start=\"3258\" data-end=\"3309\">Budowa i konserwacja w warunkach poni\u017cej zera<\/p>\n<\/li>\n<\/ul>\n<p class=\"\" data-start=\"3311\" data-end=\"3335\"><strong data-start=\"3311\" data-end=\"3335\">W zestawie:<\/strong><\/p>\n<ul data-start=\"3337\" data-end=\"3563\">\n<li class=\"\" data-start=\"3337\" data-end=\"3364\">\n<p class=\"\" data-start=\"3339\" data-end=\"3364\">1 para podgrzewanych r\u0119kawic<\/p>\n<\/li>\n<li class=\"\" data-start=\"3365\" data-end=\"3414\">\n<p class=\"\" data-start=\"3367\" data-end=\"3414\">2 akumulatory (po jednym dla ka\u017cdej r\u0119kawicy)<\/p>\n<\/li>\n<li class=\"\" data-start=\"3415\" data-end=\"3456\">\n<p class=\"\" data-start=\"3417\" data-end=\"3456\">1 Podw\u00f3jny kabel do \u0142adowania lub adapter \u015bcienny<\/p>\n<\/li>\n<li class=\"\" data-start=\"3457\" data-end=\"3503\">\n<p class=\"\" data-start=\"3459\" data-end=\"3503\">Podr\u0119cznik u\u017cytkownika z wieloj\u0119zycznymi instrukcjami<\/p>\n<\/li>\n<li class=\"\" data-start=\"3504\" data-end=\"3563\">\n<p class=\"\" data-start=\"3506\" data-end=\"3563\">Opcjonalny wodoodporny pokrowiec do przechowywania w torbie podr\u00f3\u017cnej lub torbie na sprz\u0119t<\/p>\n<\/li>\n<\/ul>\n<p class=\"\" data-start=\"3565\" data-end=\"3597\"><strong data-start=\"3565\" data-end=\"3597\">Zgodno\u015b\u0107 z przepisami i certyfikaty:<\/strong><\/p>\n<ul data-start=\"3599\" data-end=\"3781\">\n<li class=\"\" data-start=\"3599\" data-end=\"3630\">\n<p class=\"\" data-start=\"3601\" data-end=\"3630\">Certyfikat CE - gotowo\u015b\u0107 do pracy w Europie<\/p>\n<\/li>\n<li class=\"\" data-start=\"3631\" data-end=\"3660\">\n<p class=\"\" data-start=\"3633\" data-end=\"3660\">Komponenty zgodne z dyrektyw\u0105 RoHS<\/p>\n<\/li>\n<li class=\"\" data-start=\"3661\" data-end=\"3699\">\n<p class=\"\" data-start=\"3663\" data-end=\"3699\">Certyfikowane normy bezpiecze\u0144stwa akumulator\u00f3w<\/p>\n<\/li>\n<li class=\"\" data-start=\"3700\" data-end=\"3727\">\n<p class=\"\" data-start=\"3702\" data-end=\"3727\">Wodoodporno\u015b\u0107: IPX4<\/p>\n<\/li>\n<li class=\"\" data-start=\"3728\" data-end=\"3781\">\n<p class=\"\" data-start=\"3730\" data-end=\"3781\">Bezpieczny w kontakcie ze sk\u00f3r\u0105 - hipoalergiczna wy\u015bci\u00f3\u0142ka wewn\u0119trzna<\/p>\n<\/li>\n<\/ul>\n<p class=\"\" data-start=\"3783\" data-end=\"3813\"><strong data-start=\"3783\" data-end=\"3813\">Marka w\u0142asna i sprzeda\u017c hurtowa:<\/strong><\/p>\n<p class=\"\" data-start=\"3815\" data-end=\"4141\">RYINZ oferuje pe\u0142ne wsparcie OEM i ODM dla hurtownik\u00f3w, dystrybutor\u00f3w i sprzedawc\u00f3w detalicznych w Europie, Ameryce P\u00f3\u0142nocnej i Azji. Niezale\u017cnie od tego, czy chcesz doda\u0107 swoje logo, zmieni\u0107 kolory lub do\u0142\u0105czy\u0107 niestandardowe opakowanie, nasze zespo\u0142y projektowe i produkcyjne s\u0105 gotowe spe\u0142ni\u0107 specyficzne wymagania Twojej marki przy kr\u00f3tkim czasie realizacji i konkurencyjnych cenach.<\/p>","protected":false},"excerpt":{"rendered":"<p>The <strong data-start=\"4200\" data-end=\"4242\">Podgrzewane r\u0119kawice narciarskie i snowboardowe RYINZ<\/strong> oferuj\u0105 idealne po\u0142\u0105czenie zaawansowanej technologii termicznej i wytrzyma\u0142ej ochrony dla entuzjast\u00f3w sport\u00f3w zimowych i profesjonalist\u00f3w. Dzi\u0119ki wodoodpornej pow\u0142oce, akumulatorowemu systemowi ogrzewania, antypo\u015blizgowemu uchwytowi i palcom z ekranem dotykowym, r\u0119kawice te utrzymuj\u0105 d\u0142onie w cieple, sucho\u015bci i funkcjonalno\u015bci nawet w najzimniejszych warunkach. S\u0105 idealne do jazdy na nartach, snowboardzie, skuterach \u015bnie\u017cnych lub pracy na zewn\u0105trz w zimie. Trzy regulowane poziomy ogrzewania zasilane przez wbudowane baterie zapewniaj\u0105 sta\u0142e ciep\u0142o. Dost\u0119pne w wielu rozmiarach i z niestandardowym brandingiem dla nabywc\u00f3w hurtowych.<\/p>","protected":false},"featured_media":8944,"comment_status":"closed","ping_status":"closed","template":"","meta":[],"product_brand":[35],"product_cat":[57],"product_tag":[55,56],"class_list":{"0":"post-8903","1":"product","2":"type-product","3":"status-publish","4":"has-post-thumbnail","6":"product_brand-ryinz","7":"product_cat-ski-snowboarding-gloves","8":"product_tag-heated-ski-gloves","9":"product_tag-heated-snowboarding-gloves","11":"first","12":"instock","13":"taxable","14":"shipping-taxable","15":"purchasable","16":"product-type-simple"},"_links":{"self":[{"href":"https:\/\/ryinz.cz\/velkoobchod\/pl\/wp-json\/wp\/v2\/product\/8903","targetHints":{"allow":["GET"]}}],"collection":[{"href":"https:\/\/ryinz.cz\/velkoobchod\/pl\/wp-json\/wp\/v2\/product"}],"about":[{"href":"https:\/\/ryinz.cz\/velkoobchod\/pl\/wp-json\/wp\/v2\/types\/product"}],"replies":[{"embeddable":true,"href":"https:\/\/ryinz.cz\/velkoobchod\/pl\/wp-json\/wp\/v2\/comments?post=8903"}],"wp:featuredmedia":[{"embeddable":true,"href":"https:\/\/ryinz.cz\/velkoobchod\/pl\/wp-json\/wp\/v2\/media\/8944"}],"wp:attachment":[{"href":"https:\/\/ryinz.cz\/velkoobchod\/pl\/wp-json\/wp\/v2\/media?parent=8903"}],"wp:term":[{"taxonomy":"product_brand","embeddable":true,"href":"https:\/\/ryinz.cz\/velkoobchod\/pl\/wp-json\/wp\/v2\/product_brand?post=8903"},{"taxonomy":"product_cat","embeddable":true,"href":"https:\/\/ryinz.cz\/velkoobchod\/pl\/wp-json\/wp\/v2\/product_cat?post=8903"},{"taxonomy":"product_tag","embeddable":true,"href":"https:\/\/ryinz.cz\/velkoobchod\/pl\/wp-json\/wp\/v2\/product_tag?post=8903"}],"curies":[{"name":"wp","href":"https:\/\/api.w.org\/{rel}","templated":true}]}}