{"id":8902,"date":"2025-06-22T15:21:03","date_gmt":"2025-06-22T15:21:03","guid":{"rendered":"https:\/\/ryinz.cz\/velkoobchod\/?post_type=product&#038;p=8902"},"modified":"2026-01-18T20:16:42","modified_gmt":"2026-01-18T20:16:42","slug":"ryinz-profesjonalne-rekawiczki-rowerowe-z-pelnym-palcem-wytrzymale-rekawiczki-mtb-dla-mezczyzn-i-kobiet-antyposlizgowe-oddychajace-stylowe","status":"publish","type":"product","link":"https:\/\/ryinz.cz\/velkoobchod\/pl\/product\/ryinz-professional-mountain-bike-gloves-full-finger-durable-mtb-gloves-for-men-and-women-anti-slip-breathable-stylish\/","title":{"rendered":"Profesjonalne r\u0119kawiczki rowerowe RYINZ - Wytrzyma\u0142e r\u0119kawiczki MTB z pe\u0142nymi palcami dla m\u0119\u017cczyzn i kobiet - antypo\u015blizgowe, oddychaj\u0105ce, stylowe"},"content":{"rendered":"<p class=\"\" data-start=\"298\" data-end=\"823\">Do\u015bwiadcz wydajno\u015bci na najwy\u017cszym poziomie dzi\u0119ki r\u0119kawicom RYINZ Professional Mountain Bike Gloves, zaprojektowanym, aby na nowo zdefiniowa\u0107 przygod\u0119 rowerow\u0105 w trudnym terenie. Dopasowane z pasj\u0105 i precyzj\u0105, r\u0119kawice te stanowi\u0105 idealn\u0105 r\u00f3wnowag\u0119 mi\u0119dzy trwa\u0142o\u015bci\u0105, stylem, komfortem i bezpiecze\u0144stwem - niezb\u0119dne dla ka\u017cdego powa\u017cnego rowerzysty g\u00f3rskiego, BMX-owca lub entuzjasty kolarstwa terenowego. Niezale\u017cnie od tego, czy pokonujesz trudne g\u00f3rskie szlaki, czy nawigujesz po szybkich wy\u015bcigach zjazdowych, r\u0119kawice te zosta\u0142y zaprojektowane tak, aby zapewni\u0107 wyj\u0105tkow\u0105 kontrol\u0119 i pewno\u015b\u0107 siebie.<\/p>\n<p class=\"\" data-start=\"825\" data-end=\"1283\">Wykonane z wysokiej jako\u015bci mieszanki sk\u00f3ry syntetycznej i oddychaj\u0105cego elastycznego materia\u0142u, r\u0119kawice zapewniaj\u0105 doskona\u0142\u0105 ochron\u0119 bez uszczerbku dla elastyczno\u015bci i wentylacji. Lekka konstrukcja zapewnia, \u017ce d\u0142onie pozostaj\u0105 ch\u0142odne i suche, zapobiegaj\u0105c przegrzaniu nawet podczas najbardziej intensywnych przeja\u017cd\u017cek. Perforowana sk\u00f3ra w kluczowych obszarach maksymalizuje przep\u0142yw powietrza, tworz\u0105c wolne od potu wra\u017cenia z jazdy, kt\u00f3re s\u0105 idealne na wiosn\u0119, lato i wczesn\u0105 jesie\u0144.<\/p>\n<p class=\"\" data-start=\"1285\" data-end=\"1622\">Ergonomiczna konstrukcja z pe\u0142nymi palcami odzwierciedla naturalny kszta\u0142t d\u0142oni, zapewniaj\u0105c dopasowanie drugiej sk\u00f3ry, kt\u00f3re zwi\u0119ksza zr\u0119czno\u015b\u0107 i zapobiega zm\u0119czeniu podczas d\u0142ugich przeja\u017cd\u017cek. Dzi\u0119ki innowacyjnej, wst\u0119pnie zakrzywionej konstrukcji palc\u00f3w, rowerzy\u015bci korzystaj\u0105 z naturalnego chwytu kierownicy, poprawiaj\u0105c umiej\u0119tno\u015bci prowadzenia roweru, jednocze\u015bnie zmniejszaj\u0105c ryzyko powstawania p\u0119cherzy i nadwyr\u0119\u017ce\u0144.<\/p>\n<p class=\"\" data-start=\"1624\" data-end=\"2153\">Zwi\u0119kszone bezpiecze\u0144stwo to jedna z wyr\u00f3\u017cniaj\u0105cych cech tych r\u0119kawic. Obszar d\u0142oni jest wzmocniony wyj\u0105tkowo mocn\u0105 wy\u015bci\u00f3\u0142k\u0105 ze sk\u00f3ry syntetycznej, kt\u00f3ra poch\u0142ania wstrz\u0105sy i redukuje wibracje powstaj\u0105ce na wyboistym terenie. Zintegrowane paski antypo\u015blizgowe na palcach i d\u0142oni zapewniaj\u0105 pewny chwyt kierownicy i d\u017awigni zmiany bieg\u00f3w, nawet w mokrych warunkach. Wzmocnione strefy uderzeniowe na grzbiecie d\u0142oni i kostkach dodaj\u0105 warstw\u0119 ochrony przed nieoczekiwanymi upadkami, ga\u0142\u0119ziami lub kamieniami, czyni\u0105c jazd\u0119 bezpieczniejsz\u0105 bez zb\u0119dnego zwi\u0119kszania masy.<\/p>\n<p class=\"\" data-start=\"2155\" data-end=\"2492\">Kolejn\u0105 kluczow\u0105 cech\u0105 jest elastyczne i trwa\u0142e zapi\u0119cie na rzep w nadgarstku, umo\u017cliwiaj\u0105ce \u0142atwe zak\u0142adanie i zdejmowanie oraz w pe\u0142ni regulowane dopasowanie. Niezale\u017cnie od tego, czy masz na sobie lekk\u0105 koszulk\u0119, czy grub\u0105 kurtk\u0119, te r\u0119kawice idealnie si\u0119 dopasowuj\u0105, nie ograniczaj\u0105c ruch\u00f3w nadgarstka. Dopasowany kr\u00f3j chroni przed kurzem, brudem i zanieczyszczeniami, zachowuj\u0105c jednocze\u015bnie pe\u0142ny zakres ruchu.<\/p>\n<p class=\"\" data-start=\"2494\" data-end=\"2931\">R\u0119kawiczki RYINZ do jazdy na rowerze g\u00f3rskim to nie tylko funkcjonalno\u015b\u0107, ale tak\u017ce nowoczesny, agresywny styl. Dzi\u0119ki dynamicznemu po\u0142\u0105czeniu odcieni bieli, br\u0105zu i czerni oraz minimalistycznym paskom odblaskowym zapewniaj\u0105cym dodatkow\u0105 widoczno\u015b\u0107 w warunkach s\u0142abego o\u015bwietlenia, r\u0119kawice te zapewniaj\u0105 r\u00f3wnie dobry wygl\u0105d, co jazd\u0119. Kultowe logo RYINZ umieszczone odwa\u017cnie z ty\u0142u sygnalizuje jako\u015b\u0107 i profesjonalizm, gdziekolwiek zaprowadzi Ci\u0119 Twoja podr\u00f3\u017c.<\/p>\n<p class=\"\" data-start=\"2933\" data-end=\"3212\">Idealne do wielu dyscyplin, te r\u0119kawice s\u0105 idealne do MTB, BMX, dirt biking, jazdy po szlakach, cross-country, wy\u015bcig\u00f3w zjazdowych, freeride, a nawet do u\u017cytku na motocyklu. Ich wszechstronno\u015b\u0107 sprawia, \u017ce s\u0105 niezb\u0119dnym elementem wyposa\u017cenia dla rowerzyst\u00f3w na wszystkich poziomach, od pocz\u0105tkuj\u0105cych po profesjonalist\u00f3w.<\/p>\n<p class=\"\" data-start=\"3214\" data-end=\"3541\">Konserwacja jest bezproblemowa - r\u0119kawice mo\u017cna \u0142atwo wyczy\u015bci\u0107 delikatnym praniem r\u0119cznym w zimnej wodzie i szybko wysuszy\u0107 na powietrzu bez utraty kszta\u0142tu i elastyczno\u015bci. R\u0119kawiczki RYINZ MTB, stworzone, aby sprosta\u0107 wymaganiom codziennego treningu i wy\u015bcig\u00f3w, s\u0105 najlepszym wyborem dla rowerzyst\u00f3w, kt\u00f3rzy nie uznaj\u0105 kompromis\u00f3w w zakresie wydajno\u015bci.<\/p>\n<p class=\"\" data-start=\"3543\" data-end=\"3738\">Dost\u0119pne w wielu rozmiarach (S, M, L, XL, XXL), aby zapewni\u0107 idealne dopasowanie dla ka\u017cdego rowerzysty. Prosimy o zapoznanie si\u0119 z nasz\u0105 szczeg\u00f3\u0142ow\u0105 tabel\u0105 rozmiar\u00f3w w celu uzyskania dok\u0142adnych pomiar\u00f3w, aby zmaksymalizowa\u0107 komfort i skuteczno\u015b\u0107.<\/p>\n<p class=\"\" data-start=\"3740\" data-end=\"4005\">Zwi\u0119ksz swoje wra\u017cenia z jazdy dzi\u0119ki r\u0119kawicom, kt\u00f3re s\u0105 tak wytrzyma\u0142e i pe\u0142ne przyg\u00f3d jak Ty. Z RYINZ ka\u017cda jazda jest zwyci\u0119ska. Przygotuj si\u0119 na mocniejsz\u0105, szybsz\u0105 i bezpieczniejsz\u0105 jazd\u0119 - wspieran\u0105 przez zaufane innowacje i kunszt RYINZ Professional Gear.<\/p>","protected":false},"excerpt":{"rendered":"<p>Podbij ka\u017cdy szlak z profesjonalnymi r\u0119kawicami rowerowymi RYINZ. Zaprojektowane z my\u015bl\u0105 o najwy\u017cszej wydajno\u015bci, te r\u0119kawiczki MTB z pe\u0142nymi palcami s\u0105 wykonane z oddychaj\u0105cego, rozci\u0105gliwego materia\u0142u ze wzmocnieniem ze sk\u00f3ry syntetycznej, co zapewnia wyj\u0105tkow\u0105 trwa\u0142o\u015b\u0107 i wentylacj\u0119. Wst\u0119pnie zakrzywione palce, amortyzuj\u0105ca wy\u015bci\u00f3\u0142ka d\u0142oni i paski antypo\u015blizgowe zwi\u0119kszaj\u0105 przyczepno\u015b\u0107, komfort i kontrol\u0119. Dzi\u0119ki regulowanym zapi\u0119ciom na rzepy, stylowym odblaskowym akcentom i wielu opcjom rozmiar\u00f3w, r\u0119kawice te s\u0105 idealnym towarzyszem kolarstwa g\u00f3rskiego, BMX, jazdy po szlakach i przyg\u00f3d w terenie. Zbudowane z my\u015bl\u0105 o powa\u017cnych rowerzystach, kt\u00f3rzy wymagaj\u0105 stylu, ochrony i doskona\u0142ej wydajno\u015bci od swojego sprz\u0119tu rowerowego.<\/p>","protected":false},"featured_media":8934,"comment_status":"closed","ping_status":"closed","template":"","meta":[],"product_brand":[35],"product_cat":[31,50],"product_tag":[49,54,40],"class_list":{"0":"post-8902","1":"product","2":"type-product","3":"status-publish","4":"has-post-thumbnail","6":"product_brand-ryinz","7":"product_cat-cycling-mountain-gloves","8":"product_cat-mountain-bike-gloves","9":"product_tag-full-finger-cycling-gloves","10":"product_tag-microfiber-palm-gloves","11":"product_tag-performance-cycling-gear","13":"first","14":"instock","15":"sold-individually","16":"taxable","17":"shipping-taxable","18":"purchasable","19":"product-type-simple"},"_links":{"self":[{"href":"https:\/\/ryinz.cz\/velkoobchod\/pl\/wp-json\/wp\/v2\/product\/8902","targetHints":{"allow":["GET"]}}],"collection":[{"href":"https:\/\/ryinz.cz\/velkoobchod\/pl\/wp-json\/wp\/v2\/product"}],"about":[{"href":"https:\/\/ryinz.cz\/velkoobchod\/pl\/wp-json\/wp\/v2\/types\/product"}],"replies":[{"embeddable":true,"href":"https:\/\/ryinz.cz\/velkoobchod\/pl\/wp-json\/wp\/v2\/comments?post=8902"}],"wp:featuredmedia":[{"embeddable":true,"href":"https:\/\/ryinz.cz\/velkoobchod\/pl\/wp-json\/wp\/v2\/media\/8934"}],"wp:attachment":[{"href":"https:\/\/ryinz.cz\/velkoobchod\/pl\/wp-json\/wp\/v2\/media?parent=8902"}],"wp:term":[{"taxonomy":"product_brand","embeddable":true,"href":"https:\/\/ryinz.cz\/velkoobchod\/pl\/wp-json\/wp\/v2\/product_brand?post=8902"},{"taxonomy":"product_cat","embeddable":true,"href":"https:\/\/ryinz.cz\/velkoobchod\/pl\/wp-json\/wp\/v2\/product_cat?post=8902"},{"taxonomy":"product_tag","embeddable":true,"href":"https:\/\/ryinz.cz\/velkoobchod\/pl\/wp-json\/wp\/v2\/product_tag?post=8902"}],"curies":[{"name":"wp","href":"https:\/\/api.w.org\/{rel}","templated":true}]}}