{"id":8901,"date":"2025-06-22T15:21:03","date_gmt":"2025-06-22T15:21:03","guid":{"rendered":"https:\/\/ryinz.cz\/velkoobchod\/?post_type=product&#038;p=8901"},"modified":"2026-01-18T20:16:41","modified_gmt":"2026-01-18T20:16:41","slug":"ryinz-all-terrain-rekawice-na-rower-gorski-z-pelnymi-palcami-oddychajace-lekkie-i-odporne-na-wstrzasy-rekawice-mtb-dla-mezczyzn-i-kobiet","status":"publish","type":"product","link":"https:\/\/ryinz.cz\/velkoobchod\/pl\/product\/ryinz-all-terrain-full-finger-mountain-bike-gloves-breathable-lightweight-shockproof-mtb-gloves-for-men-and-women\/","title":{"rendered":"R\u0119kawiczki rowerowe RYINZ All-Terrain z pe\u0142nymi palcami - oddychaj\u0105ce, lekkie i odporne na wstrz\u0105sy r\u0119kawiczki MTB dla m\u0119\u017cczyzn i kobiet"},"content":{"rendered":"<p class=\"\" data-start=\"280\" data-end=\"723\">Przedstawiamy r\u0119kawice rowerowe RYINZ All-Terrain Full Finger Mountain Bike Gloves - prze\u0142om w profesjonalnym sprz\u0119cie rowerowym zaprojektowanym dla zapalonych kolarzy. Niezale\u017cnie od tego, czy pokonujesz g\u00f3rskie szlaki, \u015bcigasz si\u0119 w zje\u017adzie, je\u017adzisz po trudnym terenie, czy po prostu doje\u017cd\u017casz do pracy, te r\u0119kawice gwarantuj\u0105 niezr\u00f3wnan\u0105 wydajno\u015b\u0107, ochron\u0119 i wygod\u0119. Wykonane z zaawansowanych materia\u0142\u00f3w i ergonomicznej in\u017cynierii, s\u0105 zbudowane tak, aby dotrzyma\u0107 kroku najbardziej ambitnym przeja\u017cd\u017ckom.<\/p>\n<p class=\"\" data-start=\"725\" data-end=\"1163\">Konstrukcja cholewki wykonana jest z wytrzyma\u0142ej, ale ultra oddychaj\u0105cej tkaniny siatkowej 3D, zapewniaj\u0105cej optymalny przep\u0142yw powietrza, aby d\u0142onie by\u0142y ch\u0142odne i suche nawet podczas intensywnego wysi\u0142ku. Ciep\u0142o i wilgo\u0107 s\u0105 skutecznie odprowadzane, zapobiegaj\u0105c dyskomfortowi zwi\u0105zanemu ze spoconymi d\u0142o\u0144mi. W po\u0142\u0105czeniu z elastycznymi panelami ze spandexu, r\u0119kawice oferuj\u0105 adaptacyjne, dopasowane dopasowanie, kt\u00f3re sprawia wra\u017cenie drugiej sk\u00f3ry, zwi\u0119kszaj\u0105c naturalny ruch i elastyczno\u015b\u0107 bez po\u015bwi\u0119cania trwa\u0142o\u015bci.<\/p>\n<p class=\"\" data-start=\"1165\" data-end=\"1659\">Obszar d\u0142oni jest prawdziwym arcydzie\u0142em technicznej konstrukcji. Wykonana z odpornej na \u015bcieranie sk\u00f3ry syntetycznej, zapewnia niezwyk\u0142\u0105 r\u00f3wnowag\u0119 mi\u0119dzy trwa\u0142o\u015bci\u0105, przyczepno\u015bci\u0105 i ochron\u0105. Wzmocniona wy\u015bci\u00f3\u0142ka \u017celowa w krytycznych strefach nacisku poch\u0142ania wstrz\u0105sy i redukuje wibracje przenoszone przez kierownic\u0119, chroni\u0105c nerwy i stawy przed przeci\u0105\u017ceniem i zm\u0119czeniem. Niezale\u017cnie od tego, czy poruszasz si\u0119 po kamienistych zjazdach, czy przebijasz si\u0119 przez korzenie i koleiny, te r\u0119kawice minimalizuj\u0105 dr\u0119twienie d\u0142oni i maksymalizuj\u0105 kontrol\u0119.<\/p>\n<p class=\"\" data-start=\"1661\" data-end=\"2032\">Zintegrowane silikonowe nadruki na opuszkach palc\u00f3w zapewniaj\u0105 doskona\u0142\u0105 przyczepno\u015b\u0107, co jest szczeg\u00f3lnie wa\u017cne dla utrzymania precyzyjnej kontroli nad hamulcem i d\u017awigni\u0105 zmiany bieg\u00f3w w mokrych, b\u0142otnistych lub zakurzonych warunkach. Ponadto r\u0119kawice s\u0105 kompatybilne z ekranem dotykowym, umo\u017cliwiaj\u0105c p\u0142ynn\u0105 interakcj\u0119 ze smartfonami lub urz\u0105dzeniami GPS bez konieczno\u015bci ich zdejmowania - niezb\u0119dna funkcja dla wsp\u00f3\u0142czesnych rowerzyst\u00f3w.<\/p>\n<p class=\"\" data-start=\"2034\" data-end=\"2396\">Bezpiecze\u0144stwo i dopasowanie s\u0105 dodatkowo zwi\u0119kszone dzi\u0119ki regulowanemu paskowi na nadgarstek z mocnym systemem zapinania na rzep. Zapewnia to nie tylko indywidualne dopasowanie do r\u00f3\u017cnych rozmiar\u00f3w nadgarstk\u00f3w, ale tak\u017ce zapobiega zsuwaniu si\u0119 r\u0119kawic podczas agresywnych przeja\u017cd\u017cek. Opaska na nadgarstek jest wykonana z mi\u0119kkiego, rozci\u0105gliwego materia\u0142u, kt\u00f3ry zapewnia swobod\u0119 ruch\u00f3w i wi\u0119kszy komfort podczas d\u0142ugodystansowych przeja\u017cd\u017cek.<\/p>\n<p class=\"\" data-start=\"2398\" data-end=\"2757\">Bezpiecze\u0144stwo jest kluczowym elementem projektu. Odblaskowe detale s\u0105 strategicznie rozmieszczone, aby zwi\u0119kszy\u0107 widoczno\u015b\u0107 w warunkach s\u0142abego o\u015bwietlenia, oferuj\u0105c dodatkow\u0105 warstw\u0119 ochrony podczas wieczornych lub wczesnych porannych przeja\u017cd\u017cek. Wzmocnione panele kostek zapewniaj\u0105 umiarkowan\u0105 ochron\u0119 przed ga\u0142\u0119ziami, gruzem lub nieoczekiwanymi uderzeniami bez zwi\u0119kszania sztywno\u015bci lub zmniejszania elastyczno\u015bci.<\/p>\n<p class=\"\" data-start=\"2759\" data-end=\"3098\">Te r\u0119kawice RYINZ s\u0105 niezwykle wszechstronne, idealne nie tylko do kolarstwa g\u00f3rskiego, ale tak\u017ce do jazdy po szutrze, motocrossu, biegania po szlakach, wspinaczki, wy\u015bcig\u00f3w przygodowych, a nawet trening\u00f3w na si\u0142owni, gdzie ochrona d\u0142oni jest niezb\u0119dna. Zosta\u0142y stworzone z my\u015bl\u0105 o wszystkich porach roku - od ch\u0142odnych wiosennych porank\u00f3w i gor\u0105cych letnich popo\u0142udni po \u0142agodne jesienne wieczory.<\/p>\n<p class=\"\" data-start=\"3100\" data-end=\"3360\">Piel\u0119gnacja r\u0119kawic nie wymaga wysi\u0142ku: mo\u017cna je pra\u0107 r\u0119cznie przy u\u017cyciu \u0142agodnego myd\u0142a i zimnej wody. Odporna na blakni\u0119cie kolorystyka i trwa\u0142e szwy zapewniaj\u0105 zachowanie profesjonalnego wygl\u0105du i wydajno\u015bci nawet po wielokrotnym praniu i d\u0142ugim u\u017cytkowaniu.<\/p>\n<p class=\"\" data-start=\"3362\" data-end=\"3630\">Dost\u0119pne w r\u00f3\u017cnych rozmiarach, od S do XXL, r\u0119kawice te s\u0105 idealnie dopasowane do ka\u017cdego rowerzysty. Ich elegancka i agresywna estetyka, \u0142\u0105cz\u0105ca odcienie niebieskiego, czarnego i szarego z odwa\u017cnym brandingiem RYINZ, z pewno\u015bci\u0105 zrobi mocne wra\u017cenie na ka\u017cdym szlaku lub ulicy.<\/p>\n<p class=\"\" data-start=\"3632\" data-end=\"3843\">R\u0119kawice MTB RYINZ All-Terrain Full Finger to co\u015b wi\u0119cej ni\u017c tylko r\u0119kawice - to poprawiaj\u0105ce osi\u0105gi przed\u0142u\u017cenie Twojego cia\u0142a. Je\u017adzij mocniej, chwytaj lepiej i poczuj r\u00f3\u017cnic\u0119, jak\u0105 daje profesjonalny sprz\u0119t.<\/p>","protected":false},"excerpt":{"rendered":"<p>Zdominuj ka\u017cd\u0105 przeja\u017cd\u017ck\u0119 w r\u0119kawicach rowerowych RYINZ All-Terrain Full Finger Mountain Bike Gloves. Te wysokowydajne r\u0119kawiczki rowerowe maj\u0105 oddychaj\u0105c\u0105 siateczkow\u0105 konstrukcj\u0119 zapewniaj\u0105c\u0105 maksymalny przep\u0142yw powietrza i elastyczny materia\u0142 zapewniaj\u0105cy dopasowanie drugiej sk\u00f3ry. D\u0142o\u0144 jest wzmocniona odporn\u0105 na \u015bcieranie sk\u00f3r\u0105 syntetyczn\u0105 i amortyzuj\u0105cymi wk\u0142adkami \u017celowymi, kt\u00f3re amortyzuj\u0105 uderzenia i zmniejszaj\u0105 zm\u0119czenie w trudnym terenie. Silikonowe wzmocnienia zapewniaj\u0105 pewny chwyt d\u017awigni hamulca i zmiany bieg\u00f3w, nawet w trudnych warunkach. Dzi\u0119ki kompatybilno\u015bci z ekranami dotykowymi, regulowanym paskom na nadgarstki na rzepy, odblaskowym akcentom bezpiecze\u0144stwa i wzmocnionej ochronie kostek, r\u0119kawice te zapewniaj\u0105 wszystko, czego potrzebuje rowerzysta terenowy: komfort, przyczepno\u015b\u0107, elastyczno\u015b\u0107 i bezpiecze\u0144stwo. Idealne do MTB, jazdy w terenie, szutrowych przyg\u00f3d, motocrossu i ca\u0142odziennych misji rowerowych. R\u0119kawice RYINZ zapewniaj\u0105 ochron\u0119 d\u0142oni, pewno\u015b\u0107 siebie i pe\u0142n\u0105 kontrol\u0119, kilometr po kilometrze.<\/p>","protected":false},"featured_media":8933,"comment_status":"closed","ping_status":"closed","template":"","meta":[],"product_brand":[35],"product_cat":[31,50],"product_tag":[52,49,53],"class_list":{"0":"post-8901","1":"product","2":"type-product","3":"status-publish","4":"has-post-thumbnail","6":"product_brand-ryinz","7":"product_cat-cycling-mountain-gloves","8":"product_cat-mountain-bike-gloves","9":"product_tag-breathable-neoprene-gloves","10":"product_tag-full-finger-cycling-gloves","11":"product_tag-professional-cycling-gloves","13":"first","14":"instock","15":"sold-individually","16":"taxable","17":"shipping-taxable","18":"purchasable","19":"product-type-simple"},"_links":{"self":[{"href":"https:\/\/ryinz.cz\/velkoobchod\/pl\/wp-json\/wp\/v2\/product\/8901","targetHints":{"allow":["GET"]}}],"collection":[{"href":"https:\/\/ryinz.cz\/velkoobchod\/pl\/wp-json\/wp\/v2\/product"}],"about":[{"href":"https:\/\/ryinz.cz\/velkoobchod\/pl\/wp-json\/wp\/v2\/types\/product"}],"replies":[{"embeddable":true,"href":"https:\/\/ryinz.cz\/velkoobchod\/pl\/wp-json\/wp\/v2\/comments?post=8901"}],"wp:featuredmedia":[{"embeddable":true,"href":"https:\/\/ryinz.cz\/velkoobchod\/pl\/wp-json\/wp\/v2\/media\/8933"}],"wp:attachment":[{"href":"https:\/\/ryinz.cz\/velkoobchod\/pl\/wp-json\/wp\/v2\/media?parent=8901"}],"wp:term":[{"taxonomy":"product_brand","embeddable":true,"href":"https:\/\/ryinz.cz\/velkoobchod\/pl\/wp-json\/wp\/v2\/product_brand?post=8901"},{"taxonomy":"product_cat","embeddable":true,"href":"https:\/\/ryinz.cz\/velkoobchod\/pl\/wp-json\/wp\/v2\/product_cat?post=8901"},{"taxonomy":"product_tag","embeddable":true,"href":"https:\/\/ryinz.cz\/velkoobchod\/pl\/wp-json\/wp\/v2\/product_tag?post=8901"}],"curies":[{"name":"wp","href":"https:\/\/api.w.org\/{rel}","templated":true}]}}