{"id":8900,"date":"2025-06-22T15:21:03","date_gmt":"2025-06-22T15:21:03","guid":{"rendered":"https:\/\/ryinz.cz\/velkoobchod\/?post_type=product&#038;p=8900"},"modified":"2026-01-18T20:16:41","modified_gmt":"2026-01-18T20:16:41","slug":"profesjonalne-rekawiczki-rowerowe-mtb-z-pelnymi-palcami-antyposlizgowe-oddychajace-kompatybilne-z-ekranami-dotykowymi-marki-ryinz","status":"publish","type":"product","link":"https:\/\/ryinz.cz\/velkoobchod\/pl\/product\/professional-full-finger-mtb-mountain-bike-gloves-non-slip-breathable-touchscreen-compatible-by-ryinz\/","title":{"rendered":"Profesjonalne r\u0119kawiczki rowerowe MTB z pe\u0142nym palcem - antypo\u015blizgowe, oddychaj\u0105ce, kompatybilne z ekranem dotykowym marki RYINZ"},"content":{"rendered":"<p class=\"\" data-start=\"304\" data-end=\"759\">Przedstawiamy r\u0119kawice rowerowe RYINZ Professional Full Finger MTB Mountain Bike Gloves, najwy\u017cszej jako\u015bci rozwi\u0105zanie zaprojektowane specjalnie dla powa\u017cnych rowerzyst\u00f3w, kolarzy g\u00f3rskich i poszukiwaczy przyg\u00f3d. R\u0119kawice te \u0142\u0105cz\u0105 w sobie trwa\u0142o\u015b\u0107, wygod\u0119 i zaawansowane funkcje, aby podnie\u015b\u0107 wra\u017cenia z jazdy na rowerze na wy\u017cszy poziom. Niezale\u017cnie od tego, czy pokonujesz trudne g\u00f3rskie szlaki, doje\u017cd\u017casz do pracy w mie\u015bcie, czy je\u017adzisz na d\u0142ugich trasach, te r\u0119kawice zapewniaj\u0105 niezr\u00f3wnan\u0105 ochron\u0119, przyczepno\u015b\u0107 i kontrol\u0119 podczas ka\u017cdej podr\u00f3\u017cy.<\/p>\n<p class=\"\" data-start=\"761\" data-end=\"1188\">Wykonane z doskona\u0142ej mieszanki oddychaj\u0105cego poliestru, syntetycznej sk\u00f3ry i spandeksu, r\u0119kawice te zapewniaj\u0105 optymalny przep\u0142yw powietrza, oferuj\u0105c jednocze\u015bnie du\u017c\u0105 wytrzyma\u0142o\u015b\u0107. Wysoce wentylowana tkanina utrzymuje d\u0142onie suche i wolne od potu nawet podczas intensywnych przeja\u017cd\u017cek w s\u0142o\u0144cu. W\u0142a\u015bciwo\u015bci odprowadzania wilgoci materia\u0142\u00f3w zapewniaj\u0105 komfort przez ca\u0142y dzie\u0144, dzi\u0119ki czemu r\u0119kawice te s\u0105 idealnym towarzyszem zar\u00f3wno dla profesjonalnych zawodnik\u00f3w, jak i zwyk\u0142ych rowerzyst\u00f3w.<\/p>\n<p class=\"\" data-start=\"1190\" data-end=\"1649\">R\u0119kawice maj\u0105 ergonomiczn\u0105 konstrukcj\u0119 z pe\u0142nymi palcami, dopasowan\u0105 do naturalnej krzywizny d\u0142oni. Zapewnia to \u015bcis\u0142e, ale elastyczne dopasowanie, kt\u00f3re nie ogranicza ruch\u00f3w. Wst\u0119pnie zakrzywiona konstrukcja zmniejsza zm\u0119czenie d\u0142oni, pozwalaj\u0105c zachowa\u0107 lepsz\u0105 kontrol\u0119 nad kierownic\u0105 podczas stromych podjazd\u00f3w i szybkich zjazd\u00f3w. Wzmocnione szwy wzd\u0142u\u017c krytycznych obszar\u00f3w gwarantuj\u0105, \u017ce r\u0119kawice wytrzymaj\u0105 codzienne zu\u017cycie, nawet w ekstremalnych warunkach.<\/p>\n<p class=\"\" data-start=\"1651\" data-end=\"2028\">Kluczow\u0105 cech\u0105 tych r\u0119kawic jest antypo\u015blizgowa d\u0142o\u0144 wykonana z wysokiej jako\u015bci sk\u00f3ry syntetycznej wzmocnionej silikonowymi wzorami chwytnymi. Zapewnia to doskona\u0142\u0105 kontrol\u0119 nad kierownic\u0105, szczeg\u00f3lnie podczas gwa\u0142townych manewr\u00f3w lub w mokrych warunkach. Strategicznie rozmieszczone wk\u0142adki poch\u0142aniaj\u0105ce wstrz\u0105sy redukuj\u0105 wibracje powstaj\u0105ce na nier\u00f3wnym terenie, chroni\u0105c d\u0142onie przed dr\u0119twieniem, b\u00f3lem i d\u0142ugotrwa\u0142ym zm\u0119czeniem.<\/p>\n<p class=\"\" data-start=\"2030\" data-end=\"2443\">Bezpiecze\u0144stwo i wygoda id\u0105 w parze dzi\u0119ki zintegrowanemu ekranowi dotykowemu na kciuku i palcu wskazuj\u0105cym. Mo\u017cesz \u0142atwo obs\u0142ugiwa\u0107 smartfon, urz\u0105dzenie GPS lub komputer rowerowy bez konieczno\u015bci zdejmowania r\u0119kawiczek, co u\u0142atwia nawigacj\u0119 lub komunikacj\u0119 podczas jazdy. Wzmocnione opuszki palc\u00f3w zapewniaj\u0105 dodatkow\u0105 trwa\u0142o\u015b\u0107 bez uszczerbku dla czu\u0142o\u015bci, zapewniaj\u0105c d\u0142ugotrwa\u0142\u0105 wydajno\u015b\u0107 ekranu dotykowego.<\/p>\n<p class=\"\" data-start=\"2445\" data-end=\"2718\">R\u0119kawice s\u0105 wyposa\u017cone w regulowany pasek na rzep na nadgarstku, oferuj\u0105cy bezpieczne i konfigurowalne dopasowanie do r\u00f3\u017cnych rozmiar\u00f3w nadgarstk\u00f3w. Zapobiega to zsuwaniu si\u0119 r\u0119kawic podczas intensywnych aktywno\u015bci i zapewnia, \u017ce pozostaj\u0105 one wygodnie na miejscu podczas jazdy.<\/p>\n<p class=\"\" data-start=\"2720\" data-end=\"3084\">Pod wzgl\u0119dem estetyki r\u0119kawice RYINZ Professional Full Finger MTB wyr\u00f3\u017cniaj\u0105 si\u0119 eleganckim, dynamicznym designem \u0142\u0105cz\u0105cym granatowe, czarne i z\u0142ote elementy. Wyt\u0142aczane linie graficzne nie tylko zwi\u0119kszaj\u0105 atrakcyjno\u015b\u0107 wizualn\u0105, ale tak\u017ce dodaj\u0105 subtelnej tekstury dla dodatkowej przyczepno\u015bci. Ten stylowy wygl\u0105d sprawia, \u017ce s\u0105 one odpowiednie zar\u00f3wno dla m\u0119\u017cczyzn, jak i kobiet, kt\u00f3rzy ceni\u0105 sobie zar\u00f3wno wydajno\u015b\u0107, jak i wygl\u0105d.<\/p>\n<p class=\"\" data-start=\"3086\" data-end=\"3370\">R\u0119kawice te s\u0105 idealne do szerokiej gamy aktywno\u015bci poza kolarstwem g\u00f3rskim, w tym jazdy na BMX, motocrossie, dirt bike'u, pieszych w\u0119dr\u00f3wek, trening\u00f3w na si\u0142owni, a nawet zwyk\u0142ych przyg\u00f3d na \u015bwie\u017cym powietrzu. Doskonale nadaj\u0105 si\u0119 do u\u017cytku wiosn\u0105, latem i jesieni\u0105, z \u0142atwo\u015bci\u0105 dostosowuj\u0105c si\u0119 do r\u00f3\u017cnych warunk\u00f3w pogodowych.<\/p>\n<p class=\"\" data-start=\"3372\" data-end=\"3714\">R\u0119kawiczki RYINZ Professional Full Finger MTB Gloves s\u0105 dost\u0119pne w wielu rozmiarach, oferuj\u0105c dopasowanie do ma\u0142ych, \u015brednich, du\u017cych i bardzo du\u017cych d\u0142oni. Aby uzyska\u0107 idealne dopasowanie, zapoznaj si\u0119 z nasz\u0105 szczeg\u00f3\u0142ow\u0105 tabel\u0105 rozmiar\u00f3w. Ponadto r\u0119kawice te s\u0105 \u0142atwe w utrzymaniu - wystarczy pra\u0107 je r\u0119cznie w zimnej wodzie i suszy\u0107 na powietrzu, aby zachowa\u0107 ich kszta\u0142t i wydajno\u015b\u0107.<\/p>\n<p class=\"\" data-start=\"3716\" data-end=\"4046\">Ka\u017cdy powa\u017cny rowerzysta wie, jak wa\u017cna jest ochrona d\u0142oni, a dzi\u0119ki RYINZ inwestujesz w jako\u015b\u0107, bezpiecze\u0144stwo i d\u0142ugotrwa\u0142y komfort. Jeste\u015bmy dumni z dostarczania wysokiej jako\u015bci sprz\u0119tu rowerowego, kt\u00f3remu ufaj\u0105 sportowcy na ca\u0142ym \u015bwiecie. Ju\u017c dzi\u015b poczuj r\u00f3\u017cnic\u0119 dzi\u0119ki RYINZ - najlepszemu partnerowi w doskona\u0142o\u015bci rowerowej.<\/p>\n<p class=\"\" data-start=\"4048\" data-end=\"4277\">Niezale\u017cnie od tego, czy przygotowujesz si\u0119 do intensywnego wy\u015bcigu g\u00f3rskiego, czy planujesz weekendow\u0105 przeja\u017cd\u017ck\u0119 po szlakach, r\u0119kawice RYINZ MTB s\u0105 idealnym wyborem. Zam\u00f3w je ju\u017c dzi\u015b i jed\u017a z pewno\u015bci\u0105 siebie, stylem i doskona\u0142\u0105 wydajno\u015bci\u0105 na ka\u017cdym kilometrze!<\/p>","protected":false},"excerpt":{"rendered":"<p><strong>Podnie\u015b swoje wra\u017cenia z jazdy na rowerze dzi\u0119ki r\u0119kawicom RYINZ Professional Full Finger MTB Mountain Bike Gloves. Zaprojektowane z my\u015bl\u0105 o wydajno\u015bci i trwa\u0142o\u015bci, r\u0119kawice te oferuj\u0105 wyj\u0105tkow\u0105 oddychalno\u015b\u0107, komfort i kontrol\u0119. Wyposa\u017cone w antypo\u015blizgow\u0105 d\u0142o\u0144 z podk\u0142adkami amortyzuj\u0105cymi, kompatybilno\u015b\u0107 z ekranami dotykowymi, ergonomiczn\u0105 konstrukcj\u0119 i regulowane zapi\u0119cie na rzep, s\u0105 idealne do kolarstwa g\u00f3rskiego, BMX, motocrossu i nie tylko. Idealne dla m\u0119\u017cczyzn i kobiet poszukuj\u0105cych idealnego po\u0142\u0105czenia stylu, ochrony i funkcjonalno\u015bci. Dost\u0119pne w stylowych kolorach granatowym, czarnym i z\u0142otym ze wzmocnionymi szwami dla zwi\u0119kszenia trwa\u0142o\u015bci. Zachowaj wygod\u0119 i pewno\u015b\u0107 siebie na ka\u017cdym szlaku z RYINZ!<\/strong><\/p>","protected":false},"featured_media":8932,"comment_status":"closed","ping_status":"closed","template":"","meta":[],"product_brand":[35],"product_cat":[31,50],"product_tag":[49,51],"class_list":{"0":"post-8900","1":"product","2":"type-product","3":"status-publish","4":"has-post-thumbnail","6":"product_brand-ryinz","7":"product_cat-cycling-mountain-gloves","8":"product_cat-mountain-bike-gloves","9":"product_tag-full-finger-cycling-gloves","10":"product_tag-neoprene-cycling-gloves","12":"first","13":"instock","14":"sold-individually","15":"taxable","16":"shipping-taxable","17":"purchasable","18":"product-type-simple"},"_links":{"self":[{"href":"https:\/\/ryinz.cz\/velkoobchod\/pl\/wp-json\/wp\/v2\/product\/8900","targetHints":{"allow":["GET"]}}],"collection":[{"href":"https:\/\/ryinz.cz\/velkoobchod\/pl\/wp-json\/wp\/v2\/product"}],"about":[{"href":"https:\/\/ryinz.cz\/velkoobchod\/pl\/wp-json\/wp\/v2\/types\/product"}],"replies":[{"embeddable":true,"href":"https:\/\/ryinz.cz\/velkoobchod\/pl\/wp-json\/wp\/v2\/comments?post=8900"}],"wp:featuredmedia":[{"embeddable":true,"href":"https:\/\/ryinz.cz\/velkoobchod\/pl\/wp-json\/wp\/v2\/media\/8932"}],"wp:attachment":[{"href":"https:\/\/ryinz.cz\/velkoobchod\/pl\/wp-json\/wp\/v2\/media?parent=8900"}],"wp:term":[{"taxonomy":"product_brand","embeddable":true,"href":"https:\/\/ryinz.cz\/velkoobchod\/pl\/wp-json\/wp\/v2\/product_brand?post=8900"},{"taxonomy":"product_cat","embeddable":true,"href":"https:\/\/ryinz.cz\/velkoobchod\/pl\/wp-json\/wp\/v2\/product_cat?post=8900"},{"taxonomy":"product_tag","embeddable":true,"href":"https:\/\/ryinz.cz\/velkoobchod\/pl\/wp-json\/wp\/v2\/product_tag?post=8900"}],"curies":[{"name":"wp","href":"https:\/\/api.w.org\/{rel}","templated":true}]}}