{"id":8899,"date":"2025-06-22T15:21:02","date_gmt":"2025-06-22T15:21:02","guid":{"rendered":"https:\/\/ryinz.cz\/velkoobchod\/?post_type=product&#038;p=8899"},"modified":"2026-01-18T20:16:40","modified_gmt":"2026-01-18T20:16:40","slug":"rekawiczki-rowerowe-ryinz-z-pelnymi-palcami-oddychajace-rekawiczki-mtb-enduro-cross-country-downhill-dla-mezczyzn-i-kobiet","status":"publish","type":"product","link":"https:\/\/ryinz.cz\/velkoobchod\/pl\/product\/ryinz-mountain-bike-gloves-full-finger-breathable-mtb-enduro-cross-country-downhill-gloves-for-men-and-women\/","title":{"rendered":"R\u0119kawiczki rowerowe RYINZ z pe\u0142nym palcem - oddychaj\u0105ce r\u0119kawiczki MTB, Enduro, Cross-Country, Downhill dla m\u0119\u017cczyzn i kobiet"},"content":{"rendered":"<p class=\"\" data-start=\"285\" data-end=\"734\">Uwolnij swojego ducha jazdy po szlakach dzi\u0119ki r\u0119kawicom rowerowym RYINZ Mountain Bike Gloves Full Finger - zaprojektowanym z my\u015bl\u0105 o zapewnieniu najwy\u017cszej kontroli, komfortu i ochrony dla powa\u017cnych rowerzyst\u00f3w. Niezale\u017cnie od tego, czy podbijasz trudne g\u00f3rskie szlaki, pokonujesz wyzwania enduro, \u015bcigasz si\u0119 w zje\u017adzie, czy cieszysz si\u0119 przygodami cross-country, te r\u0119kawice zapewniaj\u0105 idealne po\u0142\u0105czenie przyczepno\u015bci, oddychalno\u015bci i trwa\u0142o\u015bci, aby dopasowa\u0107 si\u0119 do Twojej intensywno\u015bci.<\/p>\n<p class=\"\" data-start=\"736\" data-end=\"1151\">R\u0119kawiczki RYINZ do jazdy na rowerze g\u00f3rskim maj\u0105 lekki, oddychaj\u0105cy ty\u0142 z siateczki, kt\u00f3ry utrzymuje d\u0142onie w ch\u0142odzie podczas najbardziej wymagaj\u0105cych przeja\u017cd\u017cek. Nawet przy du\u017cym wysi\u0142ku lub upalnej pogodzie zaawansowany system wentylacji zapewnia komfort odprowadzania wilgoci, zapobiegaj\u0105c poceniu si\u0119 d\u0142oni i poprawiaj\u0105c kontrol\u0119 chwytu. Zaprojektowane specjalnie do kolarstwa g\u00f3rskiego, r\u0119kawice te doskonale sprawdzaj\u0105 si\u0119 w trudnym terenie i ekstremalnych warunkach pogodowych.<\/p>\n<p class=\"\" data-start=\"1153\" data-end=\"1624\">D\u0142onie s\u0105 wykonane z wysokiej jako\u015bci, wzmocnionego syntetycznego zamszu, oferuj\u0105cego doskona\u0142\u0105 przyczepno\u015b\u0107 i odporno\u015b\u0107 na \u015bcieranie bez utraty elastyczno\u015bci. Antypo\u015blizgowe silikonowe paski na palcach maksymalizuj\u0105 kontrol\u0119 nad kierownic\u0105, hamulcami i manetkami, zapewniaj\u0105c przewag\u0119 potrzebn\u0105 do technicznych zjazd\u00f3w i ostrych zakr\u0119t\u00f3w. Absorbuj\u0105ca wstrz\u0105sy wy\u015bci\u00f3\u0142ka strategicznie umieszczona na d\u0142oniach redukuje wibracje, minimalizuje zm\u0119czenie i chroni wra\u017cliwe miejsca podczas d\u0142ugich przeja\u017cd\u017cek.<\/p>\n<p class=\"\" data-start=\"1626\" data-end=\"2011\">Zaprojektowane z my\u015bl\u0105 o agresywnym stylu jazdy, r\u0119kawice te zapewniaj\u0105 pe\u0142n\u0105 ochron\u0119 palc\u00f3w, zachowuj\u0105c jednocze\u015bnie wyj\u0105tkowo lekki i elastyczny kr\u00f3j. Bezpieczne zapi\u0119cie na rzep na nadgarstku umo\u017cliwia regulacj\u0119 szczelno\u015bci w celu uzyskania indywidualnego dopasowania, dzi\u0119ki czemu r\u0119kawice pozostaj\u0105 na miejscu nawet podczas intensywnych przeja\u017cd\u017cek. Wzmocnione panele na kciukach zapewniaj\u0105 dodatkow\u0105 trwa\u0142o\u015b\u0107 w obszarach nara\u017conych na du\u017ce obci\u0105\u017cenia.<\/p>\n<p class=\"\" data-start=\"2013\" data-end=\"2332\">R\u0119kawiczki RYINZ Mountain Bike Gloves s\u0105 r\u00f3wnie\u017c kompatybilne z ekranem dotykowym, umo\u017cliwiaj\u0105c \u0142atwe korzystanie ze smartfona, urz\u0105dzenia GPS lub kamery sportowej bez konieczno\u015bci zdejmowania r\u0119kawiczek. Dost\u0119pne w odwa\u017cnych i atrakcyjnych kolorach, w tym w uderzaj\u0105cej kombinacji czerwieni, bieli i niebieskiego, r\u0119kawice te zapewniaj\u0105, \u017ce b\u0119dziesz wygl\u0105da\u0107 tak samo pot\u0119\u017cnie, jak je\u017adzisz.<\/p>\n<p class=\"\" data-start=\"2334\" data-end=\"2523\">Idealne do wszystkich rodzaj\u00f3w kolarstwa g\u00f3rskiego - od szlak\u00f3w i all-mountain po downhill i cross-country - te r\u0119kawice s\u0105 niezb\u0119dne dla rowerzyst\u00f3w, kt\u00f3rzy wymagaj\u0105 wydajno\u015bci, ochrony i stylu.<\/p>\n<p class=\"\" data-start=\"2525\" data-end=\"2546\"><strong data-start=\"2525\" data-end=\"2544\">Specyfikacje:<\/strong><\/p>\n<ul data-start=\"2547\" data-end=\"3025\">\n<li class=\"\" data-start=\"2547\" data-end=\"2579\">\n<p class=\"\" data-start=\"2549\" data-end=\"2579\">P\u0142e\u0107: Unisex (m\u0119\u017cczy\u017ani i kobiety)<\/p>\n<\/li>\n<li class=\"\" data-start=\"2580\" data-end=\"2622\">\n<p class=\"\" data-start=\"2582\" data-end=\"2622\">Typ: R\u0119kawiczki rowerowe z pe\u0142nymi palcami<\/p>\n<\/li>\n<li class=\"\" data-start=\"2623\" data-end=\"2669\">\n<p class=\"\" data-start=\"2625\" data-end=\"2669\">Kolory: Czerwony, bia\u0142y i niebieski (wielokolorowe)<\/p>\n<\/li>\n<li class=\"\" data-start=\"2670\" data-end=\"2707\">\n<p class=\"\" data-start=\"2672\" data-end=\"2707\">Dost\u0119pne rozmiary: S, M, L, XL, XXL<\/p>\n<\/li>\n<li class=\"\" data-start=\"2708\" data-end=\"2765\">\n<p class=\"\" data-start=\"2710\" data-end=\"2765\">Materia\u0142: Oddychaj\u0105ca siatka z ty\u0142u, wzmocniona zamszowa d\u0142o\u0144<\/p>\n<\/li>\n<li class=\"\" data-start=\"2766\" data-end=\"2882\">\n<p class=\"\" data-start=\"2768\" data-end=\"2882\">Cechy: Antypo\u015blizgowy silikonowy uchwyt, Amortyzuj\u0105ca wstrz\u0105sy wy\u015bci\u00f3\u0142ka d\u0142oni, Oddychaj\u0105ca siateczka, Regulowane zapi\u0119cie na rzepy<\/p>\n<\/li>\n<li class=\"\" data-start=\"2883\" data-end=\"2936\">\n<p class=\"\" data-start=\"2885\" data-end=\"2936\">Dodatki specjalne: Palce kompatybilne z ekranem dotykowym<\/p>\n<\/li>\n<li class=\"\" data-start=\"2937\" data-end=\"3025\">\n<p class=\"\" data-start=\"2939\" data-end=\"3025\">Idealne dla: MTB, Enduro, Cross-Country, Downhill, Trail Riding, Fitness, Casual Cycling<\/p>\n<\/li>\n<\/ul>\n<p class=\"\" data-start=\"3027\" data-end=\"3046\"><strong data-start=\"3027\" data-end=\"3044\">Kluczowe cechy:<\/strong><\/p>\n<ul data-start=\"3047\" data-end=\"3849\">\n<li class=\"\" data-start=\"3047\" data-end=\"3104\">\n<p class=\"\" data-start=\"3049\" data-end=\"3104\">Lekka, oddychaj\u0105ca siateczka zapewnia doskona\u0142\u0105 wentylacj\u0119<\/p>\n<\/li>\n<li class=\"\" data-start=\"3105\" data-end=\"3157\">\n<p class=\"\" data-start=\"3107\" data-end=\"3157\">Wzmocniona antypo\u015blizgowa zamszowa d\u0142o\u0144 dla maksymalnej przyczepno\u015bci<\/p>\n<\/li>\n<li class=\"\" data-start=\"3158\" data-end=\"3211\">\n<p class=\"\" data-start=\"3160\" data-end=\"3211\">Wy\u015bci\u00f3\u0142ka antywibracyjna zapewnia wygod\u0119 i ochron\u0119<\/p>\n<\/li>\n<li class=\"\" data-start=\"3212\" data-end=\"3255\">\n<p class=\"\" data-start=\"3214\" data-end=\"3255\">Kompatybilno\u015b\u0107 z ekranami dotykowymi na wyci\u0105gni\u0119cie r\u0119ki<\/p>\n<\/li>\n<li class=\"\" data-start=\"3256\" data-end=\"3312\">\n<p class=\"\" data-start=\"3258\" data-end=\"3312\">Elastyczna, lekka konstrukcja zapewniaj\u0105ca zwinno\u015b\u0107 i wygod\u0119<\/p>\n<\/li>\n<li class=\"\" data-start=\"3313\" data-end=\"3357\">\n<p class=\"\" data-start=\"3315\" data-end=\"3357\">Regulowany pasek na nadgarstek dla idealnego dopasowania<\/p>\n<\/li>\n<li class=\"\" data-start=\"3358\" data-end=\"3405\">\n<p class=\"\" data-start=\"3360\" data-end=\"3405\">Absorpcja wstrz\u0105s\u00f3w w krytycznych strefach ci\u015bnienia<\/p>\n<\/li>\n<li class=\"\" data-start=\"3406\" data-end=\"3463\">\n<p class=\"\" data-start=\"3408\" data-end=\"3463\">Stylowy czerwono-bia\u0142o-niebieski design dla lepszej widoczno\u015bci<\/p>\n<\/li>\n<li class=\"\" data-start=\"3464\" data-end=\"3509\">\n<p class=\"\" data-start=\"3466\" data-end=\"3509\">Trwa\u0142e szwy i solidna konstrukcja<\/p>\n<\/li>\n<li class=\"\" data-start=\"3510\" data-end=\"3556\">\n<p class=\"\" data-start=\"3512\" data-end=\"3556\">Idealny na wiosenne, letnie i jesienne przeja\u017cd\u017cki<\/p>\n<\/li>\n<li class=\"\" data-start=\"3557\" data-end=\"3615\">\n<p class=\"\" data-start=\"3559\" data-end=\"3615\">Idealny zar\u00f3wno do wy\u015bcig\u00f3w, jak i jazdy rekreacyjnej<\/p>\n<\/li>\n<li class=\"\" data-start=\"3616\" data-end=\"3662\">\n<p class=\"\" data-start=\"3618\" data-end=\"3662\">Zbudowany, aby wytrzyma\u0107 trudne g\u00f3rskie tereny<\/p>\n<\/li>\n<li class=\"\" data-start=\"3663\" data-end=\"3727\">\n<p class=\"\" data-start=\"3665\" data-end=\"3727\">Zaprojektowany, aby zmniejszy\u0107 zm\u0119czenie d\u0142oni i zwi\u0119kszy\u0107 wytrzyma\u0142o\u015b\u0107 podczas jazdy.<\/p>\n<\/li>\n<li class=\"\" data-start=\"3728\" data-end=\"3798\">\n<p class=\"\" data-start=\"3730\" data-end=\"3798\">Nadaje si\u0119 zar\u00f3wno dla pocz\u0105tkuj\u0105cych, entuzjast\u00f3w, jak i profesjonalnych kolarzy<\/p>\n<\/li>\n<li class=\"\" data-start=\"3799\" data-end=\"3849\">\n<p class=\"\" data-start=\"3801\" data-end=\"3849\">\u0141atwa konserwacja: mo\u017cna pra\u0107 r\u0119cznie i szybko schn\u0105\u0107<\/p>\n<\/li>\n<\/ul>\n<p class=\"\" data-start=\"3851\" data-end=\"4023\">Przygotuj si\u0119 na kolejn\u0105 przeja\u017cd\u017ck\u0119 z r\u0119kawicami rowerowymi RYINZ Mountain Bike Gloves Full Finger - Twoim najlepszym partnerem w pokonywaniu najtrudniejszych szlak\u00f3w i zapewnianiu najwy\u017cszej wydajno\u015bci na ka\u017cdym kilometrze.<\/p>","protected":false},"excerpt":{"rendered":"<p>Podbij ka\u017cdy szlak w r\u0119kawicach rowerowych RYINZ Mountain Bike Gloves Full Finger. Zaprojektowane z my\u015bl\u0105 o MTB, enduro, cross-country i kolarstwie zjazdowym, r\u0119kawice te s\u0105 wyposa\u017cone w oddychaj\u0105c\u0105 siateczk\u0119, antypo\u015blizgowe d\u0142onie, amortyzuj\u0105c\u0105 wy\u015bci\u00f3\u0142k\u0119 i kompatybilno\u015b\u0107 z ekranem dotykowym. Lekkie, elastyczne i wytrzyma\u0142e, zapewniaj\u0105 maksymaln\u0105 kontrol\u0119, komfort i ochron\u0119 podczas ka\u017cdej jazdy. Je\u017adzij m\u0105drzej i mocniej w r\u0119kawicach RYINZ stworzonych dla mistrz\u00f3w.<\/p>\n<ul data-start=\"3047\" data-end=\"3849\">\n<li class=\"\" data-start=\"3256\" data-end=\"3312\">\n<p class=\"\" data-start=\"3258\" data-end=\"3312\">Elastyczna, lekka konstrukcja zapewniaj\u0105ca zwinno\u015b\u0107 i wygod\u0119<\/p>\n<\/li>\n<li class=\"\" data-start=\"3313\" data-end=\"3357\">\n<p class=\"\" data-start=\"3315\" data-end=\"3357\">Regulowany pasek na nadgarstek dla idealnego dopasowania<\/p>\n<\/li>\n<li class=\"\" data-start=\"3358\" data-end=\"3405\">\n<p class=\"\" data-start=\"3360\" data-end=\"3405\">Absorpcja wstrz\u0105s\u00f3w w krytycznych strefach ci\u015bnienia<\/p>\n<\/li>\n<li class=\"\" data-start=\"3406\" data-end=\"3463\">\n<p class=\"\" data-start=\"3408\" data-end=\"3463\">Stylowy czerwono-bia\u0142o-niebieski design dla lepszej widoczno\u015bci<\/p>\n<\/li>\n<li class=\"\" data-start=\"3464\" data-end=\"3509\">\n<p class=\"\" data-start=\"3466\" data-end=\"3509\">Trwa\u0142e szwy i solidna konstrukcja<\/p>\n<\/li>\n<li class=\"\" data-start=\"3510\" data-end=\"3556\">\n<p class=\"\" data-start=\"3512\" data-end=\"3556\">Idealny na wiosenne, letnie i jesienne przeja\u017cd\u017cki<\/p>\n<\/li>\n<\/ul>","protected":false},"featured_media":8931,"comment_status":"closed","ping_status":"closed","template":"","meta":[],"product_brand":[35],"product_cat":[31,50],"product_tag":[49,34],"class_list":{"0":"post-8899","1":"product","2":"type-product","3":"status-publish","4":"has-post-thumbnail","6":"product_brand-ryinz","7":"product_cat-cycling-mountain-gloves","8":"product_cat-mountain-bike-gloves","9":"product_tag-full-finger-cycling-gloves","10":"product_tag-mountain-bike-gloves","12":"first","13":"instock","14":"sold-individually","15":"taxable","16":"shipping-taxable","17":"purchasable","18":"product-type-simple"},"_links":{"self":[{"href":"https:\/\/ryinz.cz\/velkoobchod\/pl\/wp-json\/wp\/v2\/product\/8899","targetHints":{"allow":["GET"]}}],"collection":[{"href":"https:\/\/ryinz.cz\/velkoobchod\/pl\/wp-json\/wp\/v2\/product"}],"about":[{"href":"https:\/\/ryinz.cz\/velkoobchod\/pl\/wp-json\/wp\/v2\/types\/product"}],"replies":[{"embeddable":true,"href":"https:\/\/ryinz.cz\/velkoobchod\/pl\/wp-json\/wp\/v2\/comments?post=8899"}],"wp:featuredmedia":[{"embeddable":true,"href":"https:\/\/ryinz.cz\/velkoobchod\/pl\/wp-json\/wp\/v2\/media\/8931"}],"wp:attachment":[{"href":"https:\/\/ryinz.cz\/velkoobchod\/pl\/wp-json\/wp\/v2\/media?parent=8899"}],"wp:term":[{"taxonomy":"product_brand","embeddable":true,"href":"https:\/\/ryinz.cz\/velkoobchod\/pl\/wp-json\/wp\/v2\/product_brand?post=8899"},{"taxonomy":"product_cat","embeddable":true,"href":"https:\/\/ryinz.cz\/velkoobchod\/pl\/wp-json\/wp\/v2\/product_cat?post=8899"},{"taxonomy":"product_tag","embeddable":true,"href":"https:\/\/ryinz.cz\/velkoobchod\/pl\/wp-json\/wp\/v2\/product_tag?post=8899"}],"curies":[{"name":"wp","href":"https:\/\/api.w.org\/{rel}","templated":true}]}}