{"id":8898,"date":"2025-06-22T15:21:02","date_gmt":"2025-06-22T15:21:02","guid":{"rendered":"https:\/\/ryinz.cz\/velkoobchod\/?post_type=product&#038;p=8898"},"modified":"2026-01-18T20:16:40","modified_gmt":"2026-01-18T20:16:40","slug":"ryinz-neonowa-zielen-oddychajace-rekawiczki-rowerowe-na-pol-palca-z-zelowa-wysciolka-antyposlizgowa-do-uzytku-szosowego-mtb-i-fitness","status":"publish","type":"product","link":"https:\/\/ryinz.cz\/velkoobchod\/pl\/product\/ryinz-neon-green-breathable-half-finger-cycling-gloves-with-gel-padding-anti-slip-grip-for-road-mtb-and-fitness-use\/","title":{"rendered":"RYINZ Neon Green Oddychaj\u0105ce r\u0119kawiczki rowerowe z p\u00f3\u0142palcami z \u017celow\u0105 wy\u015bci\u00f3\u0142k\u0105 i antypo\u015blizgowym uchwytem do jazdy szosowej, MTB i fitnessu"},"content":{"rendered":"<p class=\"\" data-start=\"396\" data-end=\"877\">Przedstawiamy najlepsze rozwi\u0105zanie dla rowerzyst\u00f3w, kt\u00f3rzy wymagaj\u0105 zar\u00f3wno wydajno\u015bci, jak i widoczno\u015bci: r\u0119kawiczki rowerowe RYINZ bez palc\u00f3w o wysokiej widoczno\u015bci. Zaprojektowane z my\u015bl\u0105 o wytrzyma\u0142o\u015bci, szybko\u015bci i d\u0142ugich przeja\u017cd\u017ckach, r\u0119kawice te \u0142\u0105cz\u0105 wyj\u0105tkow\u0105 funkcjonalno\u015b\u0107 z profesjonaln\u0105 estetyk\u0105. Wyposa\u017cone w nowoczesn\u0105, neonow\u0105 siateczk\u0119 o wysokiej widoczno\u015bci i ergonomiczn\u0105 konstrukcj\u0119, model ten zapewnia najwy\u017cszy komfort i kontrol\u0119 zar\u00f3wno amatorom, jak i zawodowym rowerzystom.<\/p>\n<p class=\"\" data-start=\"879\" data-end=\"1335\">Wykonane z wytrzyma\u0142ego syntetycznego zamszu i wzmocnionych szw\u00f3w, r\u0119kawice te zapewniaj\u0105 lepsz\u0105 ochron\u0119 d\u0142oni bez uszczerbku dla zr\u0119czno\u015bci. D\u0142o\u0144 jest wyposa\u017cona w strategiczne antypo\u015blizgowe silikonowe wzory, kt\u00f3re zwi\u0119kszaj\u0105 kontrol\u0119 i przyczepno\u015b\u0107 w ka\u017cdych warunkach pogodowych, niezale\u017cnie od tego, czy peda\u0142ujesz w deszczu, wietrze czy pocie. Konstrukcja bez palc\u00f3w poprawia wentylacj\u0119 i umo\u017cliwia swobodny ruch, dzi\u0119ki czemu idealnie nadaje si\u0119 do gor\u0105cego klimatu i wyczynowego u\u017cytkowania.<\/p>\n<p class=\"\" data-start=\"1337\" data-end=\"1761\">Oddychaj\u0105ca cholewka z siateczki szybko odprowadza wilgo\u0107 i zapobiega przegrzaniu, a mi\u0119kki, niskoprofilowy pasek na rzep zapewnia bezpieczne dopasowanie bez zm\u0119czenia nadgarstka. To po\u0142\u0105czenie zapewnia rowerzystom dodatkow\u0105 warstw\u0119 stabilno\u015bci i kontroli nad kierownic\u0105, hamulcami i zmian\u0105 bieg\u00f3w. Niezale\u017cnie od tego, czy pokonujesz miejskie drogi, g\u00f3rskie szlaki czy wiejskie \u015bcie\u017cki, te r\u0119kawice s\u0105 niezawodnym partnerem zapewniaj\u0105cym szybko\u015b\u0107 i wygod\u0119.<\/p>\n<p class=\"\" data-start=\"1763\" data-end=\"2059\">Ka\u017cda r\u0119kawica jest wyposa\u017cona w mi\u0119kki panel kciuka z tkaniny frotte, kt\u00f3ry odprowadza pot podczas intensywnych przeja\u017cd\u017cek, a wy\u015bcie\u0142ane strefy zmniejszaj\u0105 wibracje na drodze, zapobiegaj\u0105c dr\u0119twieniu i zm\u0119czeniu. R\u0119kawice s\u0105 lekkie, elastyczne i mo\u017cna je pra\u0107 w pralce, dzi\u0119ki czemu idealnie nadaj\u0105 si\u0119 do codziennych trening\u00f3w, wycieczek i dojazd\u00f3w do pracy.<\/p>\n<p class=\"\" data-start=\"2061\" data-end=\"2404\">R\u0119kawiczki rowerowe RYINZ zosta\u0142y przetestowane zar\u00f3wno przez profesjonalnych, jak i zwyk\u0142ych rowerzyst\u00f3w, aby upewni\u0107 si\u0119, \u017ce przekraczaj\u0105 oczekiwania. W ramach naszego zaanga\u017cowania w jako\u015b\u0107, ka\u017cda para przechodzi rygorystyczn\u0105 kontrol\u0119 jako\u015bci podczas produkcji. RYINZ oferuje hurtow\u0105 personalizacj\u0119 dla nabywc\u00f3w hurtowych, w tym drukowanie logo, dopasowywanie kolor\u00f3w i opcje pakowania detalicznego.<\/p>\n<p class=\"\" data-start=\"2406\" data-end=\"2810\">R\u0119kawice te s\u0105 idealne do u\u017cytku podczas imprez kolarskich, w zespo\u0142ach wy\u015bcigowych lub jako cz\u0119\u015b\u0107 markowych towar\u00f3w dla firm zajmuj\u0105cych si\u0119 fitnessem i odzie\u017c\u0105 sportow\u0105. Zaopatrujemy rynki europejskie, nabywc\u00f3w B2B, dystrybutor\u00f3w sportowych i sprzedawc\u00f3w detalicznych w 28 krajach. Nasze r\u0119kawice s\u0105 dost\u0119pne w szerokim zakresie rozmiar\u00f3w i spe\u0142niaj\u0105 mi\u0119dzynarodowe normy bezpiecze\u0144stwa i materia\u0142owe. Opcje MOQ i us\u0142ugi OEM s\u0105 r\u00f3wnie\u017c dost\u0119pne na \u017cyczenie.<\/p>\n<p class=\"\" data-start=\"2812\" data-end=\"3124\">Niezale\u017cnie od tego, czy jeste\u015b mark\u0105 poszukuj\u0105c\u0105 niestandardowych r\u0119kawic rowerowych o wysokiej widoczno\u015bci, czy te\u017c sprzedawc\u0105 poszukuj\u0105cym wysokiej jako\u015bci zapas\u00f3w, RYINZ jest zaufanym partnerem produkcyjnym w zakresie wydajnych r\u0119kawic rowerowych. Nasze produkty, poparte wieloletnim do\u015bwiadczeniem w produkcji r\u0119kawic i reputacj\u0105 niezawodno\u015bci, gwarantuj\u0105 satysfakcj\u0119 i powtarzalno\u015b\u0107 sprzeda\u017cy.<\/p>\n<p class=\"\" data-start=\"3126\" data-end=\"3788\"><strong data-start=\"3126\" data-end=\"3162\">Dlaczego warto wybra\u0107 r\u0119kawiczki rowerowe RYINZ?<\/strong><br data-start=\"3162\" data-end=\"3165\" \/>- Oddychaj\u0105ca cholewka z siateczki dla kontroli ciep\u0142a i potu<br data-start=\"3215\" data-end=\"3218\" \/>- Konstrukcja bez palc\u00f3w zapewnia maksymaln\u0105 elastyczno\u015b\u0107 i pewno\u015b\u0107 chwytu<br data-start=\"3279\" data-end=\"3282\" \/>- Mi\u0119kka, wy\u015bcie\u0142ana zamszem d\u0142o\u0144 z \u017celowymi strefami redukuj\u0105cymi wibracje<br data-start=\"3345\" data-end=\"3348\" \/>- Regulowany pasek na rzep dla wygody nadgarstka i bezpiecznego zamkni\u0119cia<br data-start=\"3410\" data-end=\"3413\" \/>- Lekki, zmywalny i odporny na warunki atmosferyczne<br data-start=\"3455\" data-end=\"3458\" \/>- Odpowiedni dla m\u0119\u017cczyzn, kobiet i rozmiar\u00f3w unisex<br data-start=\"3502\" data-end=\"3505\" \/>- Idealny do kolarstwa szosowego, spinningu, MTB, triathlon\u00f3w i jazdy po mie\u015bcie<br data-start=\"3573\" data-end=\"3576\" \/>- Produkcja masowa z opcjami brandingu dla hurtownik\u00f3w i klient\u00f3w OEM<br data-start=\"3647\" data-end=\"3650\" \/>- Szybka dostawa, prywatne oznakowanie i niskie minimalne ilo\u015bci zam\u00f3wie\u0144<br data-start=\"3717\" data-end=\"3720\" \/>- Zaufany przez europejskich detalist\u00f3w rowerowych i firmy B2B zajmuj\u0105ce si\u0119 odzie\u017c\u0105 sportow\u0105<\/p>\n<p class=\"\" data-start=\"3790\" data-end=\"4107\"><strong data-start=\"3790\" data-end=\"3812\">Dostosuj z nami:<\/strong><br data-start=\"3812\" data-end=\"3815\" \/>RYINZ to profesjonalny producent z siedzib\u0105 w Pakistanie i europejskim biurem sprzeda\u017cy. Oferujemy us\u0142ugi OEM, ODM i white-label dla nabywc\u00f3w na ca\u0142ym \u015bwiecie. Dostosuj ten model za pomoc\u0105 nazwy firmy, logo lub flagi kraju. Skontaktuj si\u0119 z nami ju\u017c dzi\u015b, aby otrzyma\u0107 pr\u00f3bk\u0119 lub zapozna\u0107 si\u0119 z naszym pe\u0142nym katalogiem sprz\u0119tu rowerowego.<\/p>","protected":false},"excerpt":{"rendered":"<p>Do\u015bwiadcz komfortu, oddychalno\u015bci i doskona\u0142ej przyczepno\u015bci dzi\u0119ki r\u0119kawiczkom rowerowym RYINZ bez palc\u00f3w o wysokiej widoczno\u015bci - stworzonym dla powa\u017cnych rowerzyst\u00f3w, kt\u00f3rzy wymagaj\u0105 najwy\u017cszej wydajno\u015bci i codziennej u\u017cyteczno\u015bci. Wyposa\u017cone w lekk\u0105, odprowadzaj\u0105c\u0105 wilgo\u0107 cholewk\u0119 z neonowej siateczki i wy\u015bcie\u0142an\u0105 zamszow\u0105 d\u0142o\u0144, r\u0119kawice te redukuj\u0105 wibracje na drodze i zwi\u0119kszaj\u0105 kontrol\u0119 w ka\u017cdym terenie. Konstrukcja z otwartymi palcami zapewnia doskona\u0142\u0105 elastyczno\u015b\u0107 podczas hamowania, zmiany bieg\u00f3w i ch\u0142odzenia podczas d\u0142ugich przeja\u017cd\u017cek. Stworzone z my\u015bl\u0105 o letniej pogodzie, treningu w hali i je\u017adzie na rowerze na \u015bwie\u017cym powietrzu, s\u0105 idealne dla os\u00f3b doje\u017cd\u017caj\u0105cych do pracy, zawodnik\u00f3w i rowerzyst\u00f3w fitness. Dzi\u0119ki regulowanym paskom na nadgarstki, mi\u0119kkim, odprowadzaj\u0105cym pot kciukom i wzmocnionym szwom, r\u0119kawice te oferuj\u0105 zar\u00f3wno styl, jak i tre\u015b\u0107 - idealne do sprzeda\u017cy hurtowej, promocji marki lub u\u017cytku osobistego.<\/p>\n<p>&nbsp;<\/p>","protected":false},"featured_media":8921,"comment_status":"closed","ping_status":"closed","template":"","meta":[],"product_brand":[35],"product_cat":[31,33],"product_tag":[46,47,48],"class_list":{"0":"post-8898","1":"product","2":"type-product","3":"status-publish","4":"has-post-thumbnail","6":"product_brand-ryinz","7":"product_cat-cycling-mountain-gloves","8":"product_cat-cycling-gloves","9":"product_tag-breathable-mesh-gloves","10":"product_tag-lightweight-cycling-gloves","11":"product_tag-padded-palm-gloves","13":"first","14":"instock","15":"sold-individually","16":"taxable","17":"shipping-taxable","18":"purchasable","19":"product-type-simple"},"_links":{"self":[{"href":"https:\/\/ryinz.cz\/velkoobchod\/pl\/wp-json\/wp\/v2\/product\/8898","targetHints":{"allow":["GET"]}}],"collection":[{"href":"https:\/\/ryinz.cz\/velkoobchod\/pl\/wp-json\/wp\/v2\/product"}],"about":[{"href":"https:\/\/ryinz.cz\/velkoobchod\/pl\/wp-json\/wp\/v2\/types\/product"}],"replies":[{"embeddable":true,"href":"https:\/\/ryinz.cz\/velkoobchod\/pl\/wp-json\/wp\/v2\/comments?post=8898"}],"wp:featuredmedia":[{"embeddable":true,"href":"https:\/\/ryinz.cz\/velkoobchod\/pl\/wp-json\/wp\/v2\/media\/8921"}],"wp:attachment":[{"href":"https:\/\/ryinz.cz\/velkoobchod\/pl\/wp-json\/wp\/v2\/media?parent=8898"}],"wp:term":[{"taxonomy":"product_brand","embeddable":true,"href":"https:\/\/ryinz.cz\/velkoobchod\/pl\/wp-json\/wp\/v2\/product_brand?post=8898"},{"taxonomy":"product_cat","embeddable":true,"href":"https:\/\/ryinz.cz\/velkoobchod\/pl\/wp-json\/wp\/v2\/product_cat?post=8898"},{"taxonomy":"product_tag","embeddable":true,"href":"https:\/\/ryinz.cz\/velkoobchod\/pl\/wp-json\/wp\/v2\/product_tag?post=8898"}],"curies":[{"name":"wp","href":"https:\/\/api.w.org\/{rel}","templated":true}]}}