{"id":8897,"date":"2025-06-22T15:21:02","date_gmt":"2025-06-22T15:21:02","guid":{"rendered":"https:\/\/ryinz.cz\/velkoobchod\/?post_type=product&#038;p=8897"},"modified":"2026-01-18T20:16:39","modified_gmt":"2026-01-18T20:16:39","slug":"ryinz-lekkie-oddychajace-rekawiczki-rowerowe-na-pol-palca-dla-mezczyzn-i-kobiet-antyposlizgowe-wyscielane-sportowe-rekawiczki-do-jazdy-na-rowerze","status":"publish","type":"product","link":"https:\/\/ryinz.cz\/velkoobchod\/pl\/product\/ryinz-lightweight-breathable-half-finger-cycling-gloves-for-men-and-women-anti-slip-padded-sport-bike-riding-gloves\/","title":{"rendered":"RYINZ Lekkie, oddychaj\u0105ce r\u0119kawiczki rowerowe z p\u00f3\u0142palcami dla m\u0119\u017cczyzn i kobiet - antypo\u015blizgowe, wy\u015bcie\u0142ane sportowe r\u0119kawiczki rowerowe"},"content":{"rendered":"<p class=\"\" data-start=\"277\" data-end=\"946\">Do\u015bwiadcz niezr\u00f3wnanego komfortu, wydajno\u015bci i kontroli dzi\u0119ki lekkim, oddychaj\u0105cym r\u0119kawiczkom rowerowym RYINZ z p\u00f3\u0142palcami, zaprojektowanym tak, aby spe\u0142ni\u0107 potrzeby ka\u017cdego rowerzysty, od zwyk\u0142ych rowerzyst\u00f3w po powa\u017cnych zawodnik\u00f3w. Zaprojektowane z najnowocze\u015bniejszych lekkich materia\u0142\u00f3w, r\u0119kawice te zapewniaj\u0105 maksymaln\u0105 wentylacj\u0119, aby d\u0142onie by\u0142y ch\u0142odne i suche nawet podczas najbardziej intensywnych przeja\u017cd\u017cek. Oddychaj\u0105ca tkanina siatkowa z ty\u0142u zapewnia pe\u0142ny przep\u0142yw powietrza, a wytrzyma\u0142a syntetyczna sk\u00f3ra d\u0142oni z antypo\u015blizgow\u0105 wy\u015bci\u00f3\u0142k\u0105 zapewnia lepsz\u0105 przyczepno\u015b\u0107, amortyzacj\u0119 i optymalny rozk\u0142ad nacisku na d\u0142onie, zmniejszaj\u0105c ryzyko dr\u0119twienia i zm\u0119czenia.<\/p>\n<p class=\"\" data-start=\"949\" data-end=\"1398\">Ergonomiczna konstrukcja z po\u0142ow\u0105 palc\u00f3w pozwala na naturalne wyczucie kierownicy, dzi\u0119ki czemu zmiany bieg\u00f3w, hamowanie i zakr\u0119ty s\u0105 bardziej precyzyjne i responsywne. Strategicznie rozmieszczone wk\u0142adki \u017celowe chroni\u0105 d\u0142onie przed wibracjami i wstrz\u0105sami spowodowanymi nier\u00f3wnym terenem lub d\u0142ugodystansow\u0105 jazd\u0105. Regulowane zapi\u0119cia na nadgarstkach zapewniaj\u0105 bezpieczne i indywidualne dopasowanie, zapobiegaj\u0105c zsuwaniu si\u0119 i zapewniaj\u0105c, \u017ce r\u0119kawice pozostan\u0105 na swoim miejscu bez wzgl\u0119du na to, jak wymagaj\u0105ca b\u0119dzie jazda.<\/p>\n<p class=\"\" data-start=\"1401\" data-end=\"1903\">R\u0119kawiczki rowerowe RYINZ zosta\u0142y stworzone z my\u015bl\u0105 o wszechstronno\u015bci i mog\u0105 by\u0107 u\u017cywane do r\u00f3\u017cnych aktywno\u015bci, takich jak kolarstwo szosowe, kolarstwo g\u00f3rskie (MTB), BMX, jazda na hulajnodze, trening fitness i treningi na \u015bwie\u017cym powietrzu. Stylowy, nowoczesny design i wysokiej jako\u015bci konstrukcja sprawiaj\u0105, \u017ce s\u0105 one idealnym wyborem zar\u00f3wno dla m\u0119\u017cczyzn, jak i kobiet, kt\u00f3rzy wymagaj\u0105 jako\u015bci i wydajno\u015bci od swojego sprz\u0119tu. Niezale\u017cnie od tego, czy codziennie doje\u017cd\u017casz do pracy, je\u017adzisz rekreacyjnie, czy bierzesz udzia\u0142 w wy\u015bcigach, te r\u0119kawice zapewniaj\u0105 niezb\u0119dn\u0105 ochron\u0119, wygod\u0119 i profesjonalny wygl\u0105d.<\/p>\n<p class=\"\" data-start=\"1906\" data-end=\"2296\">W r\u0119kawicach RYINZ ka\u017cdy szczeg\u00f3\u0142 ma znaczenie. Wzmocnione szwy zwi\u0119kszaj\u0105 trwa\u0142o\u015b\u0107, zapewniaj\u0105c, \u017ce r\u0119kawice te wytrzymaj\u0105 intensywne u\u017cytkowanie i rygorystyczne warunki jazdy. Wygodne zaczepy na palcach sprawiaj\u0105, \u017ce zdejmowanie jest szybkie i \u0142atwe bez konieczno\u015bci wywracania r\u0119kawic na lew\u0105 stron\u0119. Mi\u0119kka ch\u0142onna \u0142atka na kciuku s\u0142u\u017cy do wycierania potu podczas jazdy, pomagaj\u0105c zachowa\u0107 koncentracj\u0119 i wygod\u0119.<\/p>\n<p class=\"\" data-start=\"2299\" data-end=\"2566\">Dost\u0119pne w r\u00f3\u017cnych rozmiarach, lekkie oddychaj\u0105ce r\u0119kawiczki rowerowe RYINZ zosta\u0142y zaprojektowane tak, aby idealnie pasowa\u0142y do r\u00f3\u017cnych kszta\u0142t\u00f3w d\u0142oni. Elegancka kombinacja kolor\u00f3w czarnego i szarego zapewnia uniwersalny wygl\u0105d, p\u0142ynnie \u0142\u0105cz\u0105c si\u0119 z ka\u017cdym strojem rowerowym.<\/p>\n<p class=\"\" data-start=\"2569\" data-end=\"2982\">Zainwestuj w r\u0119kawiczki RYINZ i przenie\u015b swoj\u0105 jazd\u0119 na rowerze na nowy poziom bezpiecze\u0144stwa, kontroli i komfortu. Zaprojektowane z my\u015bl\u0105 o trwa\u0142o\u015bci, stylizowane dla pewno\u015bci siebie i zbudowane dla mistrz\u00f3w, te r\u0119kawice s\u0105 najlepszym towarzyszem rowerowym, kt\u00f3rego szuka\u0142e\u015b. Niezale\u017cnie od tego, czy je\u017adzisz po ulicach miasta, sprintujesz na torze wy\u015bcigowym, czy pokonujesz terenowe szlaki, r\u0119kawice RYINZ s\u0105 przepustk\u0105 do szczytowej wydajno\u015bci.<\/p>\n<p class=\"\" data-start=\"2985\" data-end=\"3227\">Po\u017cegnaj si\u0119 z p\u0119cherzami, spoconymi d\u0142o\u0144mi i \u015bliskimi uchwytami - i przywitaj si\u0119 z najwy\u017csz\u0105 kontrol\u0105, wyj\u0105tkow\u0105 ochron\u0105 i doskona\u0142ymi wra\u017ceniami z jazdy. Zaufaj RYINZ, aby chroni\u0107 swoje d\u0142onie, jednocze\u015bnie poprawiaj\u0105c swoj\u0105 jazd\u0119 na ka\u017cdym kilometrze, ka\u017cdego dnia.<\/p>","protected":false},"excerpt":{"rendered":"<p>Lekkie, oddychaj\u0105ce r\u0119kawiczki rowerowe RYINZ z p\u00f3\u0142palcami \u0142\u0105cz\u0105 w sobie wysokiej jako\u015bci materia\u0142y z ergonomiczn\u0105 konstrukcj\u0105 dla lepszej jazdy. Wyposa\u017cone w antypo\u015blizgowe wy\u015bcie\u0142ane d\u0142onie, oddychaj\u0105c\u0105 siateczk\u0119 i regulowane zapi\u0119cia na nadgarstkach, r\u0119kawice te zapewniaj\u0105 niezr\u00f3wnany komfort, przyczepno\u015b\u0107 i kontrol\u0119. Idealne do kolarstwa szosowego, g\u00f3rskiego, treningu fitness i nie tylko, chroni\u0105 d\u0142onie przed zm\u0119czeniem i wstrz\u0105sami. Dzi\u0119ki zaczepom u\u0142atwiaj\u0105cym zdejmowanie i ch\u0142onnemu kciukowi do wycierania potu, r\u0119kawice RYINZ s\u0105 idealne dla rowerzyst\u00f3w, kt\u00f3rzy wymagaj\u0105 stylu, wygody i funkcjonalno\u015bci. Je\u017adzij m\u0105drzej, bezpieczniej i mocniej z RYINZ.<\/p>","protected":false},"featured_media":8923,"comment_status":"closed","ping_status":"closed","template":"","meta":[],"product_brand":[35],"product_cat":[31,33],"product_tag":[43,44,45],"class_list":{"0":"post-8897","1":"product","2":"type-product","3":"status-publish","4":"has-post-thumbnail","6":"product_brand-ryinz","7":"product_cat-cycling-mountain-gloves","8":"product_cat-cycling-gloves","9":"product_tag-breathable-lycra-gloves","10":"product_tag-non-slip-silicone-grip","11":"product_tag-performance-cycling-gloves","13":"first","14":"instock","15":"sold-individually","16":"taxable","17":"shipping-taxable","18":"purchasable","19":"product-type-simple"},"_links":{"self":[{"href":"https:\/\/ryinz.cz\/velkoobchod\/pl\/wp-json\/wp\/v2\/product\/8897","targetHints":{"allow":["GET"]}}],"collection":[{"href":"https:\/\/ryinz.cz\/velkoobchod\/pl\/wp-json\/wp\/v2\/product"}],"about":[{"href":"https:\/\/ryinz.cz\/velkoobchod\/pl\/wp-json\/wp\/v2\/types\/product"}],"replies":[{"embeddable":true,"href":"https:\/\/ryinz.cz\/velkoobchod\/pl\/wp-json\/wp\/v2\/comments?post=8897"}],"wp:featuredmedia":[{"embeddable":true,"href":"https:\/\/ryinz.cz\/velkoobchod\/pl\/wp-json\/wp\/v2\/media\/8923"}],"wp:attachment":[{"href":"https:\/\/ryinz.cz\/velkoobchod\/pl\/wp-json\/wp\/v2\/media?parent=8897"}],"wp:term":[{"taxonomy":"product_brand","embeddable":true,"href":"https:\/\/ryinz.cz\/velkoobchod\/pl\/wp-json\/wp\/v2\/product_brand?post=8897"},{"taxonomy":"product_cat","embeddable":true,"href":"https:\/\/ryinz.cz\/velkoobchod\/pl\/wp-json\/wp\/v2\/product_cat?post=8897"},{"taxonomy":"product_tag","embeddable":true,"href":"https:\/\/ryinz.cz\/velkoobchod\/pl\/wp-json\/wp\/v2\/product_tag?post=8897"}],"curies":[{"name":"wp","href":"https:\/\/api.w.org\/{rel}","templated":true}]}}