{"id":8895,"date":"2025-06-22T15:21:02","date_gmt":"2025-06-22T15:21:02","guid":{"rendered":"https:\/\/ryinz.cz\/velkoobchod\/?post_type=product&#038;p=8895"},"modified":"2026-01-18T20:16:38","modified_gmt":"2026-01-18T20:16:38","slug":"ryinz-ultra-grip-polpalczaste-rekawiczki-rowerowe-dla-mezczyzn-kobiet-oddychajace-wyscielane-rekawiczki-rowerowe-do-treningu-szosowego-mtb-fitness-spin","status":"publish","type":"product","link":"https:\/\/ryinz.cz\/velkoobchod\/pl\/product\/ryinz-ultra-grip-half-finger-cycling-gloves-for-men-women-breathable-padded-bicycle-gloves-for-road-mtb-fitness-spin-training\/","title":{"rendered":"R\u0119kawiczki rowerowe RYINZ Ultra Grip z p\u00f3\u0142palcami dla m\u0119\u017cczyzn i kobiet - oddychaj\u0105ce, wy\u015bcie\u0142ane r\u0119kawiczki rowerowe na szos\u0119, MTB, fitness i trening spinningowy"},"content":{"rendered":"<p>R\u0119kawiczki rowerowe RYINZ Ultra Grip Half-Finger to najlepsze rozwi\u0105zanie dla rowerzyst\u00f3w poszukuj\u0105cych oddychalno\u015bci, komfortu i kontroli. Wykonane z wysokiej jako\u015bci, lekkich materia\u0142\u00f3w, r\u0119kawice te zosta\u0142y zaprojektowane w celu zmniejszenia zm\u0119czenia d\u0142oni, poch\u0142aniania wstrz\u0105s\u00f3w i zapewnienia doskona\u0142ej przyczepno\u015bci podczas intensywnych przeja\u017cd\u017cek. Konstrukcja z po\u0142ow\u0105 palc\u00f3w zapewnia maksymaln\u0105 mobilno\u015b\u0107 palc\u00f3w i wentylacj\u0119, dzi\u0119ki czemu idealnie nadaj\u0105 si\u0119 do letniej jazdy na rowerze, kolarstwa g\u00f3rskiego, wy\u015bcig\u00f3w szosowych i treningu spinowego w pomieszczeniach. Regulowane paski na nadgarstki zapewniaj\u0105 bezpieczne dopasowanie, a wy\u015bcie\u0142ana \u017celem d\u0142o\u0144 poch\u0142ania wibracje i chroni przed p\u0119cherzami. Ergonomiczna konstrukcja pod\u0105\u017ca za naturalnymi konturami d\u0142oni, zapewniaj\u0105c idealne, elastyczne dopasowanie. Niezale\u017cnie od tego, czy wspinasz si\u0119 na strome wzg\u00f3rza, manewrujesz w trudnym terenie, czy cieszysz si\u0119 swobodn\u0105 jazd\u0105, r\u0119kawice RYINZ zapewniaj\u0105 wydajno\u015b\u0107, trwa\u0142o\u015b\u0107 i styl. Te r\u0119kawice s\u0105 r\u00f3wnie\u017c wyposa\u017cone w antypo\u015blizgowe silikonowe uchwyty, kt\u00f3re zapobiegaj\u0105 \u015blizganiu si\u0119 d\u0142oni, nawet podczas spoconych sesji. Wzmocnione szwy i oddychaj\u0105ca tkanina siatkowa zapewniaj\u0105 d\u0142ugotrwa\u0142e u\u017cytkowanie zar\u00f3wno amatorom, jak i profesjonalnym rowerzystom. Idealne dla m\u0119\u017cczyzn i kobiet, te r\u0119kawiczki rowerowe oferuj\u0105 atrakcyjno\u015b\u0107 unisex, dost\u0119pne w wielu rozmiarach, aby dopasowa\u0107 si\u0119 do ka\u017cdej d\u0142oni. Zak\u0142adki na palce umo\u017cliwiaj\u0105 szybkie i \u0142atwe zdejmowanie po je\u017adzie. Mo\u017cna ich u\u017cywa\u0107 podczas zaj\u0119\u0107 spinningowych, jazdy na rowerze na \u015bwie\u017cym powietrzu lub treningu crossowego. R\u0119kawiczki RYINZ mo\u017cna pra\u0107 w pralce i s\u0105 szybkoschn\u0105ce, dzi\u0119ki czemu ich konserwacja nie wymaga wysi\u0142ku. Elastyczne zapi\u0119cie na rzep pozwala na \u0142atw\u0105 regulacj\u0119, zapewniaj\u0105c brak ucisku na nadgarstek. Zaprojektowane z my\u015bl\u0105 o bezpiecze\u0144stwie, zmniejszaj\u0105 ryzyko obra\u017ce\u0144 i pozwalaj\u0105 na wygodn\u0105 jazd\u0119 nawet podczas d\u0142ugich dojazd\u00f3w do pracy. Odwa\u017cne logo RYINZ dodaje odrobin\u0119 brandingu i pewno\u015bci siebie. Przetestowane przez prawdziwych rowerzyst\u00f3w, r\u0119kawice te spe\u0142niaj\u0105 wysokie standardy przyczepno\u015bci, odporno\u015bci na pot i wygody. S\u0105 nie tylko funkcjonalne, ale tak\u017ce modne, z eleganckim czarnym wzorem podkre\u015blonym odblaskowymi detalami zapewniaj\u0105cymi widoczno\u015b\u0107. Te r\u0119kawice s\u0105 \u015bwietne dla wszystkich poziom\u00f3w - od codziennych dojazd\u00f3w do pracy po wy\u015bcigi d\u0142ugodystansowe. Oddychaj\u0105ca cholewka z lycry utrzymuje sta\u0142y przep\u0142yw powietrza, zapobiegaj\u0105c przegrzaniu. Wy\u015bci\u00f3\u0142ka d\u0142oni zmniejsza wibracje na drodze i napi\u0119cie nadgarstka. Zaprojektowane we wsp\u00f3\u0142pracy z ekspertami fitness i kolarzami, r\u0119kawiczki z p\u00f3\u0142palcami RYINZ s\u0105 niezb\u0119dnym elementem ka\u017cdego zestawu narz\u0119dzi rowerowych. Je\u015bli powa\u017cnie my\u015blisz o wydajno\u015bci i warto\u015bci, ten produkt to zapewni. Technologia Comfort-fit sprawia, \u017ce r\u0119kawiczki z czasem dopasowuj\u0105 si\u0119 do d\u0142oni, zapewniaj\u0105c indywidualne odczucia. Mo\u017cna im zaufa\u0107 podczas treningu triathlonowego, kolarstwa wytrzyma\u0142o\u015bciowego i nie tylko. Ich kompaktowy, sk\u0142adany charakter u\u0142atwia przechowywanie i przenoszenie w ka\u017cdym zestawie rowerowym. R\u0119kawiczki przesz\u0142y testy trwa\u0142o\u015bci, oceny zu\u017cycia i wytrzyma\u0142o\u015bci chwytu. Niezale\u017cnie od tego, czy jeste\u015b na si\u0142owni, czy na szutrowym szlaku, wyr\u00f3\u017cniaj\u0105 si\u0119. RYINZ jest liderem w produkcji r\u0119kawiczek, zapewniaj\u0105c, \u017ce ka\u017cdy produkt r\u00f3wnowa\u017cy funkcjonalno\u015b\u0107 z nowoczesn\u0105 stylistyk\u0105. Nasze r\u0119kawiczki rowerowe s\u0105 r\u00f3wnie\u017c kompatybilne z nawigacj\u0105 na ekranie dotykowym, umo\u017cliwiaj\u0105c szybkie korzystanie z telefonu w podr\u00f3\u017cy. Podnie\u015b swoj\u0105 jazd\u0119 dzi\u0119ki r\u0119kawiczkom zaprojektowanym dla sportowc\u00f3w przez sportowc\u00f3w.<\/p>","protected":false},"excerpt":{"rendered":"<p>Ich kompaktowy, sk\u0142adany charakter u\u0142atwia przechowywanie i przenoszenie w ka\u017cdym zestawie rowerowym. R\u0119kawiczki te przesz\u0142y testy wytrzyma\u0142o\u015bci, oceny zu\u017cycia i wytrzyma\u0142o\u015bci chwytu. Niezale\u017cnie od tego, czy jeste\u015b na si\u0142owni, czy na szutrowym szlaku, wyr\u00f3\u017cniaj\u0105 si\u0119. RYINZ jest liderem w produkcji r\u0119kawiczek, zapewniaj\u0105c, \u017ce ka\u017cdy produkt r\u00f3wnowa\u017cy funkcjonalno\u015b\u0107 z nowoczesn\u0105 stylistyk\u0105. Nasze r\u0119kawiczki rowerowe s\u0105 r\u00f3wnie\u017c kompatybilne z nawigacj\u0105 na ekranie dotykowym, umo\u017cliwiaj\u0105c szybkie korzystanie z telefonu w podr\u00f3\u017cy. Podnie\u015b swoj\u0105 jazd\u0119 dzi\u0119ki r\u0119kawiczkom zaprojektowanym dla sportowc\u00f3w przez sportowc\u00f3w.<\/p>","protected":false},"featured_media":8930,"comment_status":"closed","ping_status":"closed","template":"","meta":[],"product_brand":[35],"product_cat":[31,33],"product_tag":[40,42],"class_list":{"0":"post-8895","1":"product","2":"type-product","3":"status-publish","4":"has-post-thumbnail","6":"product_brand-ryinz","7":"product_cat-cycling-mountain-gloves","8":"product_cat-cycling-gloves","9":"product_tag-performance-cycling-gear","10":"product_tag-shock-absorbing-gloves","12":"first","13":"instock","14":"taxable","15":"shipping-taxable","16":"purchasable","17":"product-type-simple"},"_links":{"self":[{"href":"https:\/\/ryinz.cz\/velkoobchod\/pl\/wp-json\/wp\/v2\/product\/8895","targetHints":{"allow":["GET"]}}],"collection":[{"href":"https:\/\/ryinz.cz\/velkoobchod\/pl\/wp-json\/wp\/v2\/product"}],"about":[{"href":"https:\/\/ryinz.cz\/velkoobchod\/pl\/wp-json\/wp\/v2\/types\/product"}],"replies":[{"embeddable":true,"href":"https:\/\/ryinz.cz\/velkoobchod\/pl\/wp-json\/wp\/v2\/comments?post=8895"}],"wp:featuredmedia":[{"embeddable":true,"href":"https:\/\/ryinz.cz\/velkoobchod\/pl\/wp-json\/wp\/v2\/media\/8930"}],"wp:attachment":[{"href":"https:\/\/ryinz.cz\/velkoobchod\/pl\/wp-json\/wp\/v2\/media?parent=8895"}],"wp:term":[{"taxonomy":"product_brand","embeddable":true,"href":"https:\/\/ryinz.cz\/velkoobchod\/pl\/wp-json\/wp\/v2\/product_brand?post=8895"},{"taxonomy":"product_cat","embeddable":true,"href":"https:\/\/ryinz.cz\/velkoobchod\/pl\/wp-json\/wp\/v2\/product_cat?post=8895"},{"taxonomy":"product_tag","embeddable":true,"href":"https:\/\/ryinz.cz\/velkoobchod\/pl\/wp-json\/wp\/v2\/product_tag?post=8895"}],"curies":[{"name":"wp","href":"https:\/\/api.w.org\/{rel}","templated":true}]}}