{"id":8894,"date":"2025-06-22T15:21:01","date_gmt":"2025-06-22T15:21:01","guid":{"rendered":"https:\/\/ryinz.cz\/velkoobchod\/?post_type=product&#038;p=8894"},"modified":"2026-01-18T20:16:38","modified_gmt":"2026-01-18T20:16:38","slug":"ryinz-rekawiczki-rowerowe-z-nadrukiem-zebry-wyscielane-rekawiczki-na-pol-palca-do-jazdy-na-rowerze-spinningu-silowni-i-fitnessu-oddychajace-i-stylowe","status":"publish","type":"product","link":"https:\/\/ryinz.cz\/velkoobchod\/pl\/product\/ryinz-zebra-print-cycling-gloves-half-finger-padded-gloves-for-biking-spinning-gym-and-fitness-breathable-and-stylish\/","title":{"rendered":"R\u0119kawiczki rowerowe RYINZ Zebra Print - wy\u015bcie\u0142ane r\u0119kawiczki na p\u00f3\u0142 palca do jazdy na rowerze, spinningu, si\u0142owni i fitnessu - oddychaj\u0105ce i stylowe"},"content":{"rendered":"<p>Uwolnij swoj\u0105 dzik\u0105 stron\u0119 dzi\u0119ki r\u0119kawicom kolarskim RYINZ Zebra Print, zaprojektowanym z my\u015bl\u0105 o po\u0142\u0105czeniu odwa\u017cnego stylu z niezr\u00f3wnan\u0105 wydajno\u015bci\u0105. Niezale\u017cnie od tego, czy \u015bcigasz si\u0119 po ulicach miasta, odkrywasz nier\u00f3wne g\u00f3rskie szlaki, czy szlifujesz intensywn\u0105 sesj\u0119 kolarstwa halowego, te r\u0119kawiczki oferuj\u0105 idealne po\u0142\u0105czenie komfortu, kontroli i osobowo\u015bci. Idealne dla rowerzyst\u00f3w, kt\u00f3rzy chc\u0105 si\u0119 wyr\u00f3\u017cnia\u0107, zachowuj\u0105c ochron\u0119 i osi\u0105gaj\u0105c najlepsze wyniki.<\/p>\n<p>R\u0119kawiczki rowerowe RYINZ Zebra Print, wykonane z oddychaj\u0105cych materia\u0142\u00f3w o wysokiej rozci\u0105gliwo\u015bci, utrzymuj\u0105 d\u0142onie w ch\u0142odzie i sucho\u015bci bez wzgl\u0119du na to, jak intensywnie je\u017adzisz. Tkanina odprowadzaj\u0105ca wilgo\u0107 z ty\u0142u zapewnia odpowiedni\u0105 wentylacj\u0119, zmniejszaj\u0105c gromadzenie si\u0119 potu i zapobiegaj\u0105c przegrzaniu podczas gor\u0105cych letnich przeja\u017cd\u017cek. Konstrukcja z po\u0142ow\u0105 palc\u00f3w zwi\u0119ksza elastyczno\u015b\u0107 i zapewnia kontrol\u0119 dotykow\u0105, umo\u017cliwiaj\u0105c \u0142atw\u0105 zmian\u0119 bieg\u00f3w, hamowanie i korzystanie ze smartfona bez zdejmowania r\u0119kawiczek.<\/p>\n<p>Strategicznie rozmieszczone wy\u015bcie\u0142ane \u017celem d\u0142onie poch\u0142aniaj\u0105 wstrz\u0105sy i wibracje z trudnego terenu, zapewniaj\u0105c, \u017ce d\u0142onie pozostaj\u0105 zrelaksowane i wolne od zm\u0119czenia nawet podczas d\u0142ugich przeja\u017cd\u017cek. Obszar d\u0142oni jest wzmocniony trwa\u0142ymi antypo\u015blizgowymi teksturami, kt\u00f3re zapewniaj\u0105 pewny chwyt kierownicy w ka\u017cdych warunkach pogodowych - w deszczu, b\u0142ocie lub pocie. Wzmocnione szwy zapewniaj\u0105, \u017ce r\u0119kawice te wytrzymaj\u0105 rygorystyczne warunki jazdy, sezon po sezonie.<\/p>\n<p>Poza jazd\u0105 na rowerze, r\u0119kawice te s\u0105 wystarczaj\u0105co wszechstronne do treningu fitness, podnoszenia ci\u0119\u017car\u00f3w, spinningu i og\u00f3lnych trening\u00f3w na si\u0142owni. Ich dopasowany, ergonomiczny kr\u00f3j minimalizuje tarcie, zmniejsza ryzyko powstawania p\u0119cherzy i poprawia og\u00f3ln\u0105 wydajno\u015b\u0107 jazdy. System \u0142atwego \u015bci\u0105gania umo\u017cliwia szybkie zdejmowanie po d\u0142ugiej je\u017adzie, a regulowany pasek na rzep zapewnia indywidualne, bezpieczne dopasowanie, kt\u00f3re pozostaje na miejscu bez ograniczania ruchu nadgarstka.<\/p>\n<p>Kultowy czarno-bia\u0142y nadruk zebry nie tylko nadaje stylowy wygl\u0105d strojowi rowerowemu, ale tak\u017ce dodaje wyj\u0105tkowego charakteru, kt\u00f3ry wyr\u00f3\u017cnia Ci\u0119 na szlaku, torze lub si\u0142owni. Niezale\u017cnie od tego, czy jeste\u015b zawodnikiem wyczynowym, zwyk\u0142ym doje\u017cd\u017caj\u0105cym do pracy, czy entuzjast\u0105 fitnessu, r\u0119kawice rowerowe RYINZ Zebra Print to najlepszy wyb\u00f3r zapewniaj\u0105cy doskona\u0142\u0105 ochron\u0119 d\u0142oni, wyj\u0105tkowy komfort i efektowny styl.<\/p>\n<p>Specyfikacje:<\/p>\n<p>P\u0142e\u0107: Unisex (m\u0119\u017cczy\u017ani i kobiety)<\/p>\n<p>Styl: P\u00f3\u0142 palca, wy\u015bcie\u0142ana d\u0142o\u0144, nadruk zebry<\/p>\n<p>Kolory: Czarno-bia\u0142y wz\u00f3r zebry<\/p>\n<p>Dost\u0119pne rozmiary: S, M, L, XL<\/p>\n<p>Materia\u0142y: Oddychaj\u0105ca elastyczna tkanina, wy\u015bcie\u0142ane \u017celem d\u0142onie, antypo\u015blizgowy teksturowany uchwyt<\/p>\n<p>Typ zapi\u0119cia: Regulowany pasek na nadgarstek na rzep<\/p>\n<p>Idealny do: Kolarstwo szosowe, kolarstwo g\u00f3rskie, trening fitness, indoor cycling, spinning, treningi na si\u0142owni<\/p>\n<p>Cechy:<\/p>\n<p>Przyci\u0105gaj\u0105cy wzrok wz\u00f3r w zebr\u0119<\/p>\n<p>Oddychaj\u0105cy i odprowadzaj\u0105cy wilgo\u0107 materia\u0142 na plecach<\/p>\n<p>Amortyzuj\u0105ca wstrz\u0105sy \u017celowa wy\u015bci\u00f3\u0142ka d\u0142oni<\/p>\n<p>Antypo\u015blizgowy uchwyt dla bezpiecznej obs\u0142ugi<\/p>\n<p>Lekka i elastyczna dla maksymalnej zr\u0119czno\u015bci<\/p>\n<p>\u0141atwo zdejmowane zak\u0142adki dla wygody<\/p>\n<p>Regulowany pasek na nadgarstek dla bezpiecznego dopasowania<\/p>\n<p>Trwa\u0142e szwy dla d\u0142ugotrwa\u0142ego noszenia<\/p>\n<p>Wyposa\u017c si\u0119 w r\u0119kawiczki rowerowe RYINZ Zebra Print i podnie\u015b poziom ka\u017cdej jazdy lub sesji treningowej. Oferuj\u0105c niezr\u00f3wnany komfort, ochron\u0119 i przyci\u0105gaj\u0105cy uwag\u0119 design, r\u0119kawiczki te zapewni\u0105 d\u0142oniom bezpiecze\u0144stwo i styl, jazda po je\u017adzie, kilometr po kilometrze.<\/p>","protected":false},"excerpt":{"rendered":"<p>Wyposa\u017c si\u0119 w r\u0119kawiczki rowerowe RYINZ Zebra Print i podnie\u015b poziom ka\u017cdej jazdy lub sesji treningowej. Oferuj\u0105c niezr\u00f3wnany komfort, ochron\u0119 i przyci\u0105gaj\u0105cy uwag\u0119 design, r\u0119kawiczki te zapewni\u0105 d\u0142oniom bezpiecze\u0144stwo i styl, jazda po je\u017adzie, kilometr po kilometrze.<\/p>\n<p>Je\u017adzij stylowo i pewnie w r\u0119kawiczkach rowerowych RYINZ Zebra Print. Zaprojektowane z oddychaj\u0105cego, odprowadzaj\u0105cego wilgo\u0107 materia\u0142u, \u017celowych wk\u0142adek poch\u0142aniaj\u0105cych wstrz\u0105sy i bezpiecznego antypo\u015blizgowego uchwytu, te p\u00f3\u0142palczaste r\u0119kawiczki zapewniaj\u0105 ca\u0142odzienny komfort i kontrol\u0119. Idealne do kolarstwa szosowego, kolarstwa g\u00f3rskiego, treningu fitness i \u0107wicze\u0144 na si\u0142owni, ich odwa\u017cny wz\u00f3r zebry zapewnia wyr\u00f3\u017cnienie si\u0119 podczas ka\u017cdej jazdy.<\/p>","protected":false},"featured_media":8922,"comment_status":"closed","ping_status":"closed","template":"","meta":[],"product_brand":[35],"product_cat":[31,33],"product_tag":[36,37,41],"class_list":{"0":"post-8894","1":"product","2":"type-product","3":"status-publish","4":"has-post-thumbnail","6":"product_brand-ryinz","7":"product_cat-cycling-mountain-gloves","8":"product_cat-cycling-gloves","9":"product_tag-cycling-gloves","10":"product_tag-half-finger-gloves","11":"product_tag-lightweight-gloves","13":"first","14":"instock","15":"taxable","16":"shipping-taxable","17":"purchasable","18":"product-type-simple"},"_links":{"self":[{"href":"https:\/\/ryinz.cz\/velkoobchod\/pl\/wp-json\/wp\/v2\/product\/8894","targetHints":{"allow":["GET"]}}],"collection":[{"href":"https:\/\/ryinz.cz\/velkoobchod\/pl\/wp-json\/wp\/v2\/product"}],"about":[{"href":"https:\/\/ryinz.cz\/velkoobchod\/pl\/wp-json\/wp\/v2\/types\/product"}],"replies":[{"embeddable":true,"href":"https:\/\/ryinz.cz\/velkoobchod\/pl\/wp-json\/wp\/v2\/comments?post=8894"}],"wp:featuredmedia":[{"embeddable":true,"href":"https:\/\/ryinz.cz\/velkoobchod\/pl\/wp-json\/wp\/v2\/media\/8922"}],"wp:attachment":[{"href":"https:\/\/ryinz.cz\/velkoobchod\/pl\/wp-json\/wp\/v2\/media?parent=8894"}],"wp:term":[{"taxonomy":"product_brand","embeddable":true,"href":"https:\/\/ryinz.cz\/velkoobchod\/pl\/wp-json\/wp\/v2\/product_brand?post=8894"},{"taxonomy":"product_cat","embeddable":true,"href":"https:\/\/ryinz.cz\/velkoobchod\/pl\/wp-json\/wp\/v2\/product_cat?post=8894"},{"taxonomy":"product_tag","embeddable":true,"href":"https:\/\/ryinz.cz\/velkoobchod\/pl\/wp-json\/wp\/v2\/product_tag?post=8894"}],"curies":[{"name":"wp","href":"https:\/\/api.w.org\/{rel}","templated":true}]}}