{"id":8893,"date":"2025-06-22T15:21:01","date_gmt":"2025-06-22T15:21:01","guid":{"rendered":"https:\/\/ryinz.cz\/velkoobchod\/?post_type=product&#038;p=8893"},"modified":"2026-01-18T20:16:37","modified_gmt":"2026-01-18T20:16:37","slug":"ryinz-ultralekkie-oddychajace-rekawiczki-rowerowe-na-pol-palca-antyposlizgowe-amortyzujace-letnie-rekawiczki-rowerowe-dla-mezczyzn-i-kobiet","status":"publish","type":"product","link":"https:\/\/ryinz.cz\/velkoobchod\/pl\/product\/ryinz-ultra-light-breathable-half-finger-cycling-gloves-anti-slip-shock-absorbing-summer-bike-gloves-for-men-and-women\/","title":{"rendered":"RYINZ Ultralekkie, oddychaj\u0105ce r\u0119kawiczki rowerowe z p\u00f3\u0142palcami - antypo\u015blizgowe, absorbuj\u0105ce wstrz\u0105sy, letnie r\u0119kawiczki rowerowe dla m\u0119\u017cczyzn i kobiet"},"content":{"rendered":"<p class=\"\" data-start=\"284\" data-end=\"797\">Przedstawiamy ultralekkie, oddychaj\u0105ce r\u0119kawiczki rowerowe RYINZ z p\u00f3\u0142palcami, kt\u00f3re s\u0105 najlepszym towarzyszem wszystkich rowerowych przyg\u00f3d! Zaprojektowane z precyzj\u0105 dla m\u0119\u017cczyzn i kobiet, kt\u00f3rzy wymagaj\u0105 najwy\u017cszego komfortu, trwa\u0142o\u015bci i wydajno\u015bci, r\u0119kawice te \u0142\u0105cz\u0105 styl i technologi\u0119, aby zapewni\u0107 niezr\u00f3wnane wra\u017cenia z jazdy. Niezale\u017cnie od tego, czy je\u017adzisz po g\u00f3rskich szlakach, \u015bcigasz si\u0119 na autostradach, czy doje\u017cd\u017casz do pracy w mie\u015bcie, te r\u0119kawiczki oferuj\u0105 idealne po\u0142\u0105czenie ochrony, oddychalno\u015bci i przyczepno\u015bci.<\/p>\n<p class=\"\" data-start=\"799\" data-end=\"1183\">Wykonane z wysokiej jako\u015bci lekkiej tkaniny siateczkowej, r\u0119kawice zapewniaj\u0105 wyj\u0105tkow\u0105 wentylacj\u0119, aby d\u0142onie by\u0142y ch\u0142odne i suche nawet w najgor\u0119tsze dni. Konstrukcja z po\u0142ow\u0105 palc\u00f3w zapewnia maksymaln\u0105 mobilno\u015b\u0107 palc\u00f3w, umo\u017cliwiaj\u0105c obs\u0142ug\u0119 bieg\u00f3w, hamulc\u00f3w i smartfon\u00f3w bez zdejmowania r\u0119kawic. Ich oddychaj\u0105ca struktura zmniejsza gromadzenie si\u0119 potu, zapobiegaj\u0105c dyskomfortowi podczas d\u0142ugich przeja\u017cd\u017cek.<\/p>\n<p class=\"\" data-start=\"1185\" data-end=\"1468\">Wn\u0119trze d\u0142oni jest strategicznie wy\u015bcie\u0142ane piank\u0105 poch\u0142aniaj\u0105c\u0105 wstrz\u0105sy, aby zminimalizowa\u0107 wibracje i chroni\u0107 d\u0142onie podczas d\u0142ugich sesji rowerowych. Zaprojektowane z my\u015bl\u0105 o trudnych terenach i miejskich trasach, r\u0119kawice te zmniejszaj\u0105 dr\u0119twienie i zm\u0119czenie d\u0142oni, zwi\u0119kszaj\u0105c zar\u00f3wno bezpiecze\u0144stwo, jak i wytrzyma\u0142o\u015b\u0107.<\/p>\n<p class=\"\" data-start=\"1470\" data-end=\"1840\">Wzmocnione wytrzyma\u0142\u0105, antypo\u015blizgow\u0105 sk\u00f3r\u0105 syntetyczn\u0105 d\u0142onie zapewniaj\u0105 solidny chwyt w ka\u017cdych warunkach pogodowych. Niezale\u017cnie od tego, czy je\u017adzisz po deszczu, b\u0142otnistych \u015bcie\u017ckach, czy suchych chodnikach, r\u0119kawice RYINZ utrzymuj\u0105 d\u0142onie bezpiecznie po\u0142\u0105czone z kierownic\u0105. Ergonomiczne szwy naturalnie dopasowuj\u0105 si\u0119 do kszta\u0142tu d\u0142oni, oferuj\u0105c \u015bcis\u0142e dopasowanie, kt\u00f3re zwi\u0119ksza kontrol\u0119 i zwrotno\u015b\u0107.<\/p>\n<p class=\"\" data-start=\"1842\" data-end=\"2164\">Szybkie zak\u0142adki na palcach umo\u017cliwiaj\u0105 \u0142atwe i szybkie zdejmowanie po intensywnej je\u017adzie, a regulowany pasek na nadgarstek z zapi\u0119ciem na rzep zapewnia indywidualne dopasowanie do ka\u017cdego rozmiaru nadgarstka. Podw\u00f3jne szwy w obszarach nara\u017conych na du\u017ce obci\u0105\u017cenia zwi\u0119kszaj\u0105 \u017cywotno\u015b\u0107 r\u0119kawic, czyni\u0105c je niezawodn\u0105 inwestycj\u0105 zar\u00f3wno dla powa\u017cnych, jak i zwyk\u0142ych rowerzyst\u00f3w.<\/p>\n<p class=\"\" data-start=\"2166\" data-end=\"2490\">Opr\u00f3cz jazdy na rowerze, te wszechstronne r\u0119kawiczki mog\u0105 by\u0107 r\u00f3wnie\u017c u\u017cywane do zaj\u0119\u0107 fitness, takich jak podnoszenie ci\u0119\u017car\u00f3w, zaj\u0119cia spinningowe, wio\u015blarstwo i og\u00f3lne sporty na \u015bwie\u017cym powietrzu. Ich stylowa kombinacja kolor\u00f3w czarnego, bia\u0142ego i kawowego zapewnia modny, sportowy wygl\u0105d, kt\u00f3ry idealnie pasuje do szerokiej gamy stroj\u00f3w rowerowych i gimnastycznych.<\/p>\n<p class=\"\" data-start=\"2492\" data-end=\"2513\"><strong data-start=\"2492\" data-end=\"2511\">Specyfikacje:<\/strong><\/p>\n<ul data-start=\"2514\" data-end=\"2883\">\n<li class=\"\" data-start=\"2514\" data-end=\"2546\">\n<p class=\"\" data-start=\"2516\" data-end=\"2546\">P\u0142e\u0107: Unisex (m\u0119\u017cczy\u017ani i kobiety)<\/p>\n<\/li>\n<li class=\"\" data-start=\"2547\" data-end=\"2569\">\n<p class=\"\" data-start=\"2549\" data-end=\"2569\">Styl: P\u00f3\u0142palec<\/p>\n<\/li>\n<li class=\"\" data-start=\"2570\" data-end=\"2602\">\n<p class=\"\" data-start=\"2572\" data-end=\"2602\">Kolory: Czarny, Bia\u0142y, Kawowy<\/p>\n<\/li>\n<li class=\"\" data-start=\"2603\" data-end=\"2635\">\n<p class=\"\" data-start=\"2605\" data-end=\"2635\">Dost\u0119pne rozmiary: S, M, L, XL<\/p>\n<\/li>\n<li class=\"\" data-start=\"2636\" data-end=\"2726\">\n<p class=\"\" data-start=\"2638\" data-end=\"2726\">Materia\u0142y: Oddychaj\u0105cy ty\u0142 z siateczki, antypo\u015blizgowa d\u0142o\u0144 ze sk\u00f3ry syntetycznej, wy\u015bcie\u0142ane piankowe wstawki<\/p>\n<\/li>\n<li class=\"\" data-start=\"2727\" data-end=\"2763\">\n<p class=\"\" data-start=\"2729\" data-end=\"2763\">Zapi\u0119cie: Regulowany pasek na rzep<\/p>\n<\/li>\n<li class=\"\" data-start=\"2764\" data-end=\"2883\">\n<p class=\"\" data-start=\"2766\" data-end=\"2883\">Idealny do: Kolarstwo szosowe, MTB, turystyka, fitness na si\u0142owni, trening si\u0142owy, indoor cycling, jazda na hulajnodze, kolarstwo przygodowe<\/p>\n<\/li>\n<\/ul>\n<p class=\"\" data-start=\"2885\" data-end=\"3178\">Je\u015bli szukasz komfortu, ochrony i stylowego wygl\u0105du w jednej parze r\u0119kawiczek, RYINZ Ultra-Light Breathable Half Finger Cycling Gloves s\u0105 najlepszym wyborem. Zaprojektowane z my\u015bl\u0105 o wydajno\u015bci, zbudowane z my\u015bl\u0105 o wytrzyma\u0142o\u015bci i stworzone dla codziennych mistrz\u00f3w - je\u017adzij m\u0105drzej, je\u017adzij dalej, je\u017adzij z RYINZ.<\/p>","protected":false},"excerpt":{"rendered":"<p class=\"\" data-start=\"3185\" data-end=\"3740\"><br data-start=\"3230\" data-end=\"3233\" \/>R\u0119kawiczki rowerowe RYINZ Ultra-Light Breathable Half Finger zapewniaj\u0105 och\u0142od\u0119, wygod\u0119 i kontrol\u0119. Idealne na letnie przeja\u017cd\u017cki, treningi na si\u0142owni i przygody na \u015bwie\u017cym powietrzu, te r\u0119kawiczki s\u0105 wyposa\u017cone w oddychaj\u0105cy materia\u0142 siatkowy, amortyzuj\u0105c\u0105 wy\u015bci\u00f3\u0142k\u0119 d\u0142oni i antypo\u015blizgowy uchwyt. Stylowa czarno-bia\u0142o-kawowa kolorystyka pasuje do ka\u017cdego stroju. Zaprojektowane zar\u00f3wno dla m\u0119\u017cczyzn, jak i kobiet, zapewniaj\u0105 optymaln\u0105 elastyczno\u015b\u0107, doskona\u0142\u0105 przyczepno\u015b\u0107 i zwi\u0119kszon\u0105 trwa\u0142o\u015b\u0107. Podnie\u015b swoj\u0105 wydajno\u015b\u0107 i do\u015bwiadcz najwy\u017cszego komfortu dzi\u0119ki RYINZ.<\/p>","protected":false},"featured_media":8928,"comment_status":"closed","ping_status":"closed","template":"","meta":[],"product_brand":[35],"product_cat":[31,33],"product_tag":[40,39],"class_list":{"0":"post-8893","1":"product","2":"type-product","3":"status-publish","4":"has-post-thumbnail","6":"product_brand-ryinz","7":"product_cat-cycling-mountain-gloves","8":"product_cat-cycling-gloves","9":"product_tag-performance-cycling-gear","10":"product_tag-sport-gloves","12":"first","13":"instock","14":"taxable","15":"shipping-taxable","16":"purchasable","17":"product-type-simple"},"_links":{"self":[{"href":"https:\/\/ryinz.cz\/velkoobchod\/pl\/wp-json\/wp\/v2\/product\/8893","targetHints":{"allow":["GET"]}}],"collection":[{"href":"https:\/\/ryinz.cz\/velkoobchod\/pl\/wp-json\/wp\/v2\/product"}],"about":[{"href":"https:\/\/ryinz.cz\/velkoobchod\/pl\/wp-json\/wp\/v2\/types\/product"}],"replies":[{"embeddable":true,"href":"https:\/\/ryinz.cz\/velkoobchod\/pl\/wp-json\/wp\/v2\/comments?post=8893"}],"wp:featuredmedia":[{"embeddable":true,"href":"https:\/\/ryinz.cz\/velkoobchod\/pl\/wp-json\/wp\/v2\/media\/8928"}],"wp:attachment":[{"href":"https:\/\/ryinz.cz\/velkoobchod\/pl\/wp-json\/wp\/v2\/media?parent=8893"}],"wp:term":[{"taxonomy":"product_brand","embeddable":true,"href":"https:\/\/ryinz.cz\/velkoobchod\/pl\/wp-json\/wp\/v2\/product_brand?post=8893"},{"taxonomy":"product_cat","embeddable":true,"href":"https:\/\/ryinz.cz\/velkoobchod\/pl\/wp-json\/wp\/v2\/product_cat?post=8893"},{"taxonomy":"product_tag","embeddable":true,"href":"https:\/\/ryinz.cz\/velkoobchod\/pl\/wp-json\/wp\/v2\/product_tag?post=8893"}],"curies":[{"name":"wp","href":"https:\/\/api.w.org\/{rel}","templated":true}]}}