{"id":8892,"date":"2025-06-22T15:21:01","date_gmt":"2025-06-22T15:21:01","guid":{"rendered":"https:\/\/ryinz.cz\/velkoobchod\/?post_type=product&#038;p=8892"},"modified":"2026-01-18T20:16:36","modified_gmt":"2026-01-18T20:16:36","slug":"ryinz-rozowe-rekawiczki-rowerowe-na-pol-palca-oddychajace-lekkie-wyscielane-rekawiczki-rowerowe-dla-kobiet-i-mezczyzn-amortyzujace-wstrzasy-komfort","status":"publish","type":"product","link":"https:\/\/ryinz.cz\/velkoobchod\/pl\/product\/ryinz-pink-half-finger-cycling-gloves-breathable-lightweight-padded-bike-gloves-for-women-and-men-shock-absorbing-comfort\/","title":{"rendered":"R\u0119kawiczki rowerowe RYINZ Pink Half Finger - oddychaj\u0105ce, lekkie, wy\u015bcie\u0142ane r\u0119kawiczki rowerowe dla kobiet i m\u0119\u017cczyzn, komfort amortyzacji wstrz\u0105s\u00f3w"},"content":{"rendered":"<p class=\"\" data-start=\"262\" data-end=\"748\">Przedstawiamy r\u0119kawiczki rowerowe RYINZ Pink Half Finger Cycling Gloves, idealne po\u0142\u0105czenie wydajno\u015bci, wygody i przyci\u0105gaj\u0105cego wzrok stylu. Zaprojektowane specjalnie dla rowerzyst\u00f3w, kt\u00f3rzy wymagaj\u0105 funkcjonalno\u015bci bez po\u015bwi\u0119cania mody, r\u0119kawiczki te oferuj\u0105 wszystko, co potrzebne do lepszej jazdy na rowerze. Niezale\u017cnie od tego, czy \u015bcigasz si\u0119 na szosie, wspinasz si\u0119 na nier\u00f3wne wzg\u00f3rza, kr\u0119cisz w pomieszczeniu, czy je\u017adzisz po mie\u015bcie, r\u0119kawiczki RYINZ zapewniaj\u0105 wzrost wydajno\u015bci, na kt\u00f3ry zas\u0142ugujesz.<\/p>\n<p class=\"\" data-start=\"750\" data-end=\"1087\">Wykonane z wysokiej jako\u015bci oddychaj\u0105cych materia\u0142\u00f3w, r\u0119kawice te zapewniaj\u0105 maksymalny przep\u0142yw powietrza, zapewniaj\u0105c d\u0142oniom ch\u0142\u00f3d, sucho\u015b\u0107 i wygod\u0119 nawet podczas najbardziej intensywnych przeja\u017cd\u017cek. Tkanina odprowadzaj\u0105ca wilgo\u0107 zapobiega poceniu si\u0119, a lekka konstrukcja zapewnia uczucie lekko\u015bci, pozwalaj\u0105c skupi\u0107 si\u0119 na je\u017adzie bez rozpraszania uwagi.<\/p>\n<p class=\"\" data-start=\"1089\" data-end=\"1464\">D\u0142onie s\u0105 starannie wy\u015bcie\u0142ane poch\u0142aniaj\u0105cymi wstrz\u0105sy \u017celowymi i piankowymi wk\u0142adkami, strategicznie rozmieszczonymi w celu zmniejszenia wibracji na drodze, zmniejszenia nacisku d\u0142oni oraz zapobiegania dr\u0119twieniu i zm\u0119czeniu. R\u0119kawice te chroni\u0105 d\u0142onie podczas d\u0142ugodystansowych przeja\u017cd\u017cek, jednocze\u015bnie zwi\u0119kszaj\u0105c kontrol\u0119 nad kierownic\u0105. Teksturowana, antypo\u015blizgowa powierzchnia zapewnia pewny chwyt nawet w mokrych warunkach.<\/p>\n<p class=\"\" data-start=\"1466\" data-end=\"1796\">Zaprojektowane w stylowym i \u017cywym r\u00f3\u017cowym kolorze w po\u0142\u0105czeniu z eleganckimi czarnymi akcentami i logo RYINZ, r\u0119kawice te oferuj\u0105 zar\u00f3wno modny wygl\u0105d, jak i profesjonaln\u0105 jako\u015b\u0107. Konstrukcja z po\u0142ow\u0105 palc\u00f3w zapewnia swobod\u0119 ruch\u00f3w i kontrol\u0119 dotykow\u0105, umo\u017cliwiaj\u0105c \u0142atwe zarz\u0105dzanie hamulcami, biegami i urz\u0105dzeniami mobilnymi bez zdejmowania r\u0119kawic.<\/p>\n<p class=\"\" data-start=\"1798\" data-end=\"2168\">Regulowane zapi\u0119cie na rzep zapewnia \u015bcis\u0142e, konfigurowalne dopasowanie wok\u00f3\u0142 nadgarstka, zapobiegaj\u0105c zsuwaniu si\u0119 i umo\u017cliwiaj\u0105c szybkie zak\u0142adanie \/ zdejmowanie. Dodatkowo zaczepy na palcach sprawiaj\u0105, \u017ce zdejmowanie jest szybkie i \u0142atwe, nawet po spoconej je\u017adzie. Wzmocnione podw\u00f3jne szwy zwi\u0119kszaj\u0105 trwa\u0142o\u015b\u0107 r\u0119kawic, dzi\u0119ki czemu idealnie nadaj\u0105 si\u0119 do codziennych przeja\u017cd\u017cek i ci\u0119\u017ckich sesji treningowych.<\/p>\n<p class=\"\" data-start=\"2170\" data-end=\"2440\">R\u00f3\u017cowe r\u0119kawiczki rowerowe RYINZ s\u0105 przeznaczone nie tylko do jazdy na rowerze - doskonale nadaj\u0105 si\u0119 do r\u00f3\u017cnych aktywno\u015bci fitness, takich jak treningi na si\u0142owni, trening si\u0142owy, wio\u015blarstwo, a nawet jazda na hulajnodze lub rowerze elektrycznym. Ich wielofunkcyjna konstrukcja zapewnia maksymalne wykorzystanie inwestycji.<\/p>\n<p class=\"\" data-start=\"2442\" data-end=\"2779\">Dzi\u0119ki ergonomicznemu kszta\u0142towi i oddychaj\u0105cej konstrukcji r\u0119kawice te minimalizuj\u0105 ryzyko zm\u0119czenia d\u0142oni, p\u0119cherzy lub przegrzania, pomagaj\u0105c je\u017adzi\u0107 d\u0142u\u017cej i czu\u0107 si\u0119 lepiej. Niezale\u017cnie od tego, czy jeste\u015b zwyk\u0142ym rowerzyst\u0105, doje\u017cd\u017casz do pracy w mie\u015bcie, \u015bcigasz si\u0119 lub jeste\u015b entuzjast\u0105 fitnessu, te r\u0119kawiczki zapewniaj\u0105 niezawodn\u0105 wydajno\u015b\u0107 podczas ka\u017cdej jazdy.<\/p>\n<p class=\"\" data-start=\"2781\" data-end=\"3056\">Z RYINZ nie tylko nosisz r\u0119kawiczki - wybierasz sprz\u0119t, kt\u00f3ry wspiera Ci\u0119 przy ka\u017cdym naci\u015bni\u0119ciu peda\u0142u, ka\u017cdej wspinaczce i ka\u017cdej przekroczonej linii mety. Zaufaj RYINZ, \u017ce dostarcza r\u0119kawice zaprojektowane dla mistrz\u00f3w i stylizowane dla os\u00f3b, kt\u00f3re nie boj\u0105 si\u0119 wyr\u00f3\u017cnia\u0107.<\/p>","protected":false},"excerpt":{"rendered":"<p>Stylowa i wygodna jazda w r\u0119kawiczkach rowerowych RYINZ Pink Half Finger. Te oddychaj\u0105ce, lekkie r\u0119kawiczki oferuj\u0105 doskona\u0142\u0105 wentylacj\u0119, antypo\u015blizgow\u0105 wy\u015bci\u00f3\u0142k\u0119 d\u0142oni poch\u0142aniaj\u0105c\u0105 wstrz\u0105sy i \u0142atwe w regulacji zapi\u0119cie na nadgarstku dla bezpiecznego dopasowania. Idealne do jazdy na rowerze, spinningu, treningu fitness i jazdy na hulajnodze, \u0142\u0105cz\u0105 modny r\u00f3\u017cowy design z wytrzyma\u0142\u0105 trwa\u0142o\u015bci\u0105. Ciesz si\u0119 maksymaln\u0105 przyczepno\u015bci\u0105, mniejszym zm\u0119czeniem i najwy\u017csz\u0105 ochron\u0105 d\u0142oni podczas ka\u017cdej jazdy. Wybierz RYINZ dla stylu nastawionego na wydajno\u015b\u0107, kt\u00f3ry wspiera ka\u017cdy pokonany kilometr.<\/p>","protected":false},"featured_media":8924,"comment_status":"closed","ping_status":"closed","template":"","meta":[],"product_brand":[35],"product_cat":[31,33],"product_tag":[36,37,38,39],"class_list":{"0":"post-8892","1":"product","2":"type-product","3":"status-publish","4":"has-post-thumbnail","6":"product_brand-ryinz","7":"product_cat-cycling-mountain-gloves","8":"product_cat-cycling-gloves","9":"product_tag-cycling-gloves","10":"product_tag-half-finger-gloves","11":"product_tag-pink-gloves","12":"product_tag-sport-gloves","14":"first","15":"instock","16":"taxable","17":"shipping-taxable","18":"purchasable","19":"product-type-simple"},"_links":{"self":[{"href":"https:\/\/ryinz.cz\/velkoobchod\/pl\/wp-json\/wp\/v2\/product\/8892","targetHints":{"allow":["GET"]}}],"collection":[{"href":"https:\/\/ryinz.cz\/velkoobchod\/pl\/wp-json\/wp\/v2\/product"}],"about":[{"href":"https:\/\/ryinz.cz\/velkoobchod\/pl\/wp-json\/wp\/v2\/types\/product"}],"replies":[{"embeddable":true,"href":"https:\/\/ryinz.cz\/velkoobchod\/pl\/wp-json\/wp\/v2\/comments?post=8892"}],"wp:featuredmedia":[{"embeddable":true,"href":"https:\/\/ryinz.cz\/velkoobchod\/pl\/wp-json\/wp\/v2\/media\/8924"}],"wp:attachment":[{"href":"https:\/\/ryinz.cz\/velkoobchod\/pl\/wp-json\/wp\/v2\/media?parent=8892"}],"wp:term":[{"taxonomy":"product_brand","embeddable":true,"href":"https:\/\/ryinz.cz\/velkoobchod\/pl\/wp-json\/wp\/v2\/product_brand?post=8892"},{"taxonomy":"product_cat","embeddable":true,"href":"https:\/\/ryinz.cz\/velkoobchod\/pl\/wp-json\/wp\/v2\/product_cat?post=8892"},{"taxonomy":"product_tag","embeddable":true,"href":"https:\/\/ryinz.cz\/velkoobchod\/pl\/wp-json\/wp\/v2\/product_tag?post=8892"}],"curies":[{"name":"wp","href":"https:\/\/api.w.org\/{rel}","templated":true}]}}