{"id":8891,"date":"2025-06-22T15:21:01","date_gmt":"2025-06-22T15:21:01","guid":{"rendered":"https:\/\/ryinz.cz\/velkoobchod\/?post_type=product&#038;p=8891"},"modified":"2026-01-18T20:16:36","modified_gmt":"2026-01-18T20:16:36","slug":"ryinz-oddychajace-rekawiczki-rowerowe-na-pol-palca-lekkie-antyposlizgowe-wyscielane-sportowe-rekawiczki-rowerowe-dla-mezczyzn-i-kobiet","status":"publish","type":"product","link":"https:\/\/ryinz.cz\/velkoobchod\/pl\/product\/ryinz-breathable-half-finger-cycling-gloves-lightweight-anti-slip-padded-sport-bike-gloves-for-men-and-women\/","title":{"rendered":"RYINZ Oddychaj\u0105ce r\u0119kawiczki rowerowe na p\u00f3\u0142 palca - lekkie, antypo\u015blizgowe, wy\u015bcie\u0142ane sportowe r\u0119kawiczki rowerowe dla m\u0119\u017cczyzn i kobiet"},"content":{"rendered":"<p class=\"\" data-start=\"254\" data-end=\"755\">Odkryj najwy\u017cszy komfort, przyczepno\u015b\u0107 i ochron\u0119 dzi\u0119ki oddychaj\u0105cym r\u0119kawiczkom rowerowym RYINZ z p\u00f3\u0142palcami, zaprojektowanym specjalnie dla zapalonych rowerzyst\u00f3w, kt\u00f3rzy ceni\u0105 sobie wydajno\u015b\u0107 i trwa\u0142o\u015b\u0107. Wykonane z wysokiej jako\u015bci oddychaj\u0105cego materia\u0142u, r\u0119kawiczki te zapewniaj\u0105 maksymaln\u0105 wentylacj\u0119, utrzymuj\u0105c d\u0142onie ch\u0142odne i wolne od potu nawet podczas d\u0142ugich przeja\u017cd\u017cek w intensywnym upale. Lekki materia\u0142 zapewnia uczucie drugiej sk\u00f3ry, umo\u017cliwiaj\u0105c pe\u0142n\u0105 mobilno\u015b\u0107 d\u0142oni bez po\u015bwi\u0119cania ochrony.<\/p>\n<p class=\"\" data-start=\"757\" data-end=\"1106\">Obszar d\u0142oni jest wzmocniony antypo\u015blizgow\u0105, poch\u0142aniaj\u0105c\u0105 wstrz\u0105sy wy\u015bci\u00f3\u0142k\u0105, strategicznie rozmieszczon\u0105 w celu zminimalizowania wibracji z trudnego terenu, ochrony przed zm\u0119czeniem d\u0142oni i zwi\u0119kszenia stabilno\u015bci chwytu. Niezale\u017cnie od tego, czy poruszasz si\u0119 po trudnych szlakach, sprintujesz po drodze, czy przemierzasz ulice miasta, r\u0119kawice RYINZ zapewniaj\u0105 sta\u0142\u0105 kontrol\u0119 i najwy\u017cszy komfort.<\/p>\n<p class=\"\" data-start=\"1109\" data-end=\"1446\">Konstrukcja z po\u0142ow\u0105 palc\u00f3w zapewnia lepsz\u0105 wra\u017cliwo\u015b\u0107 dotykow\u0105, u\u0142atwiaj\u0105c obs\u0142ug\u0119 hamulc\u00f3w, bieg\u00f3w i innych funkcji kierownicy bez utraty naturalnego wyczucia roweru. Regulowane zapi\u0119cia na nadgarstkach pozwalaj\u0105 dostosowa\u0107 dopasowanie, zapewniaj\u0105c, \u017ce r\u0119kawice pozostan\u0105 bezpiecznie na miejscu, nie ograniczaj\u0105c przep\u0142ywu krwi ani nie powoduj\u0105c dyskomfortu.<\/p>\n<p class=\"\" data-start=\"1448\" data-end=\"1792\">Stylowy, minimalistyczny czarny design z subtelnym brandingiem RYINZ zapewnia elegancki, profesjonalny wygl\u0105d odpowiedni zar\u00f3wno dla m\u0119\u017cczyzn, jak i kobiet. Niezale\u017cnie od tego, czy je\u017adzisz wyczynowo, czy fitnessowo, te r\u0119kawiczki doskonale r\u00f3wnowa\u017c\u0105 wydajno\u015b\u0107 i styl. Trwa\u0142e podw\u00f3jne szwy zapewniaj\u0105 d\u0142ugotrwa\u0142e noszenie, nawet po wielokrotnym u\u017cyciu i wielu cyklach prania.<\/p>\n<p class=\"\" data-start=\"1795\" data-end=\"2150\">Szybko zdejmowane zaczepy na palcach u\u0142atwiaj\u0105 \u015bci\u0105ganie r\u0119kawic, nawet gdy s\u0105 mokre od potu. Mi\u0119kka, ch\u0142onna \u0142atka na kciuk s\u0142u\u017cy do wycierania potu, zapewniaj\u0105c dobr\u0105 widoczno\u015b\u0107 i niezak\u0142\u00f3con\u0105 koncentracj\u0119 podczas jazdy. Ergonomiczna konstrukcja d\u0142oni i mi\u0119kka wewn\u0119trzna wy\u015bci\u00f3\u0142ka zapewniaj\u0105 maksymalny komfort d\u0142oni podczas d\u0142ugich wycieczek, redukuj\u0105c gor\u0105ce punkty i punkty nacisku.<\/p>\n<p class=\"\" data-start=\"2153\" data-end=\"2494\">Idealne do r\u00f3\u017cnych dyscyplin rowerowych, w tym kolarstwa g\u00f3rskiego (MTB), kolarstwa szosowego, jazdy po szutrze, BMX, zaj\u0119\u0107 spinningowych, a nawet og\u00f3lnych zaj\u0119\u0107 fitness, takich jak treningi na si\u0142owni, podnoszenie ci\u0119\u017car\u00f3w lub wios\u0142owanie. Dzi\u0119ki swojej wszechstronnej konstrukcji r\u0119kawiczki RYINZ doskonale sprawdzaj\u0105 si\u0119 r\u00f3wnie\u017c jako r\u0119kawiczki na hulajnog\u0119, r\u0119kawiczki do jazdy na rowerze elektrycznym i r\u0119kawiczki do codziennych aktywno\u015bci na \u015bwie\u017cym powietrzu.<\/p>\n<p class=\"\" data-start=\"2496\" data-end=\"2831\">Oddychaj\u0105ce r\u0119kawiczki rowerowe z p\u00f3\u0142palcami RYINZ s\u0105 przeznaczone dla ka\u017cdego, kto powa\u017cnie my\u015bli o komforcie, kontroli i trwa\u0142o\u015bci. Podnie\u015b swoje wra\u017cenia z jazdy dzi\u0119ki r\u0119kawiczkom, kt\u00f3re ciesz\u0105 si\u0119 zaufaniem zar\u00f3wno profesjonalnych rowerzyst\u00f3w, jak i codziennych rowerzyst\u00f3w. Jed\u017a dalej, szybciej i bezpieczniej dzi\u0119ki ochronnej mocy i ergonomicznemu blaskowi r\u0119kawic rowerowych RYINZ.<\/p>\n<p class=\"\" data-start=\"2833\" data-end=\"3022\">Od trudnych podjazd\u00f3w po ekscytuj\u0105ce zjazdy, od codziennych dojazd\u00f3w do pracy po weekendowe przygody, r\u0119kawice RYINZ zapewniaj\u0105 d\u0142oniom ochron\u0119, wsparcie i wygod\u0119 na ka\u017cdym kilometrze podr\u00f3\u017cy.<\/p>","protected":false},"excerpt":{"rendered":"<p>R\u0119kawiczki rowerowe RYINZ Breathable Half Finger zapewniaj\u0105 och\u0142od\u0119, wygod\u0119 i kontrol\u0119. Zaprojektowane z wysokowydajnego oddychaj\u0105cego materia\u0142u, amortyzuj\u0105cej antypo\u015blizgowej wy\u015bci\u00f3\u0142ki d\u0142oni i ergonomicznej konstrukcji z p\u00f3\u0142palcami, r\u0119kawice te zapewniaj\u0105 doskona\u0142\u0105 przyczepno\u015b\u0107 i zmniejszaj\u0105 zm\u0119czenie. Idealne do kolarstwa g\u00f3rskiego, kolarstwa szosowego, treningu fitness i jazdy na hulajnodze, maj\u0105 regulowane zapi\u0119cie na nadgarstku i \u0142atwe do \u015bci\u0105gni\u0119cia zak\u0142adki do szybkiego zdejmowania. Idealne dla m\u0119\u017cczyzn i kobiet, kt\u00f3rzy wymagaj\u0105 jako\u015bci, stylu i komfortu podczas ka\u017cdej jazdy. R\u0119kawiczki RYINZ to niezb\u0119dne ulepszenie, na kt\u00f3re zas\u0142uguj\u0105 Twoje d\u0142onie.<\/p>","protected":false},"featured_media":8927,"comment_status":"closed","ping_status":"closed","template":"","meta":[],"product_brand":[35],"product_cat":[31,33],"product_tag":[32,34],"class_list":{"0":"post-8891","1":"product","2":"type-product","3":"status-publish","4":"has-post-thumbnail","6":"product_brand-ryinz","7":"product_cat-cycling-mountain-gloves","8":"product_cat-cycling-gloves","9":"product_tag-cycling-mountain-gloves","10":"product_tag-mountain-bike-gloves","12":"first","13":"instock","14":"taxable","15":"shipping-taxable","16":"purchasable","17":"product-type-simple"},"_links":{"self":[{"href":"https:\/\/ryinz.cz\/velkoobchod\/pl\/wp-json\/wp\/v2\/product\/8891","targetHints":{"allow":["GET"]}}],"collection":[{"href":"https:\/\/ryinz.cz\/velkoobchod\/pl\/wp-json\/wp\/v2\/product"}],"about":[{"href":"https:\/\/ryinz.cz\/velkoobchod\/pl\/wp-json\/wp\/v2\/types\/product"}],"replies":[{"embeddable":true,"href":"https:\/\/ryinz.cz\/velkoobchod\/pl\/wp-json\/wp\/v2\/comments?post=8891"}],"wp:featuredmedia":[{"embeddable":true,"href":"https:\/\/ryinz.cz\/velkoobchod\/pl\/wp-json\/wp\/v2\/media\/8927"}],"wp:attachment":[{"href":"https:\/\/ryinz.cz\/velkoobchod\/pl\/wp-json\/wp\/v2\/media?parent=8891"}],"wp:term":[{"taxonomy":"product_brand","embeddable":true,"href":"https:\/\/ryinz.cz\/velkoobchod\/pl\/wp-json\/wp\/v2\/product_brand?post=8891"},{"taxonomy":"product_cat","embeddable":true,"href":"https:\/\/ryinz.cz\/velkoobchod\/pl\/wp-json\/wp\/v2\/product_cat?post=8891"},{"taxonomy":"product_tag","embeddable":true,"href":"https:\/\/ryinz.cz\/velkoobchod\/pl\/wp-json\/wp\/v2\/product_tag?post=8891"}],"curies":[{"name":"wp","href":"https:\/\/api.w.org\/{rel}","templated":true}]}}