{"id":8890,"date":"2025-06-22T15:21:00","date_gmt":"2025-06-22T15:21:00","guid":{"rendered":"https:\/\/ryinz.cz\/velkoobchod\/?post_type=product&#038;p=8890"},"modified":"2026-01-18T20:16:35","modified_gmt":"2026-01-18T20:16:35","slug":"ryinz-oddychajace-wyscielane-rekawiczki-rowerowe-na-pol-palca-dla-mezczyzn-i-kobiet-amortyzacja-antyposlizgowa-lekkie-letnie-rekawiczki-do-jazdy-konnej","status":"publish","type":"product","link":"https:\/\/ryinz.cz\/velkoobchod\/pl\/product\/ryinz-breathable-padded-half-finger-cycling-gloves-for-men-and-women-shock-absorption-anti-slip-lightweight-summer-riding-gloves\/","title":{"rendered":"RYINZ Oddychaj\u0105ce, wy\u015bcie\u0142ane r\u0119kawiczki rowerowe z p\u00f3\u0142palcami dla m\u0119\u017cczyzn i kobiet - poch\u0142aniaj\u0105ce wstrz\u0105sy, antypo\u015blizgowe, lekkie letnie r\u0119kawiczki je\u017adzieckie"},"content":{"rendered":"<p class=\"\" data-start=\"535\" data-end=\"942\">R\u0119kawiczki rowerowe RYINZ Breathable Padded Half Finger to idealny wyb\u00f3r dla rowerzyst\u00f3w, kt\u00f3rzy wymagaj\u0105 zar\u00f3wno wysokiej wydajno\u015bci, jak i stylowego komfortu. Stworzone zar\u00f3wno dla m\u0119\u017cczyzn, jak i kobiet, te r\u0119kawiczki z p\u00f3\u0142palcami zapewniaj\u0105 niezr\u00f3wnan\u0105 oddychalno\u015b\u0107, ergonomiczne wsparcie i lepsz\u0105 przyczepno\u015b\u0107 podczas ka\u017cdego rodzaju jazdy - od dojazd\u00f3w do pracy w mie\u015bcie po g\u00f3rskie szlaki i d\u0142ugodystansowe kolarstwo szosowe.<\/p>\n<p class=\"\" data-start=\"944\" data-end=\"1286\">Wykonane z najwy\u017cszej jako\u015bci lekkich materia\u0142\u00f3w, r\u0119kawice posiadaj\u0105 oddychaj\u0105c\u0105 siateczk\u0119 z ty\u0142u, aby zapewni\u0107 maksymalny przep\u0142yw powietrza, utrzymuj\u0105c d\u0142onie w ch\u0142odzie i bez potu nawet podczas najbardziej intensywnych przeja\u017cd\u017cek. Stylowy, nowoczesny design w naturalnych odcieniach ziemi sprawia, \u017ce r\u0119kawice te s\u0105 wszechstronnym towarzyszem, z \u0142atwo\u015bci\u0105 pasuj\u0105cym zar\u00f3wno do sportowej, jak i codziennej odzie\u017cy sportowej.<\/p>\n<p class=\"\" data-start=\"1288\" data-end=\"1610\">Strategicznie wy\u015bcie\u0142ane d\u0142onie zawieraj\u0105 piankowe wk\u0142adki poch\u0142aniaj\u0105ce wstrz\u0105sy, kt\u00f3re minimalizuj\u0105 wibracje na drodze i zm\u0119czenie d\u0142oni, umo\u017cliwiaj\u0105c d\u0142u\u017csze i wygodniejsze przeja\u017cd\u017cki. Niezale\u017cnie od tego, czy poruszasz si\u0119 po wyboistych szlakach, czy po g\u0142adkich autostradach, r\u0119kawice te zmniejszaj\u0105 obci\u0105\u017cenie d\u0142oni i nadgarstk\u00f3w, zwi\u0119kszaj\u0105c kontrol\u0119 nad rowerem.<\/p>\n<p class=\"\" data-start=\"1612\" data-end=\"1978\">Antypo\u015blizgowy silikonowy nadruk na ca\u0142ej d\u0142oni zapewnia doskona\u0142\u0105 przyczepno\u015b\u0107 w ka\u017cdych warunkach pogodowych, zapewniaj\u0105c pe\u0142n\u0105 kontrol\u0119 nad kierownic\u0105 nawet w deszczu lub przy wysokiej wilgotno\u015bci. Tymczasem trwa\u0142a konstrukcja ze wzmocnionymi szwami gwarantuje, \u017ce r\u0119kawice wytrzymaj\u0105 codzienne u\u017cytkowanie, sesje treningowe i zawody bez utraty kszta\u0142tu i komfortu.<\/p>\n<p class=\"\" data-start=\"1980\" data-end=\"2281\">\u0141atwo regulowany pasek na nadgarstek z bezpiecznym zapi\u0119ciem na rzep umo\u017cliwia idealne dopasowanie do rozmiaru nadgarstka, zapobiegaj\u0105c zsuwaniu si\u0119 i oferuj\u0105c szybkie zak\u0142adanie i zdejmowanie. Dodatkowo, p\u0119tle na palce umo\u017cliwiaj\u0105 szybkie zdejmowanie r\u0119kawic po treningu lub je\u017adzie bez ich nadwyr\u0119\u017cania.<\/p>\n<p class=\"\" data-start=\"2283\" data-end=\"2671\">Ergonomiczny kr\u00f3j z po\u0142ow\u0105 palc\u00f3w zapewnia naturalny ruch i doskona\u0142e dotykowe sprz\u0119\u017cenie zwrotne, umo\u017cliwiaj\u0105c \u0142atw\u0105 obs\u0142ug\u0119 bieg\u00f3w, hamulc\u00f3w i smartfon\u00f3w bez zdejmowania r\u0119kawic. Niezale\u017cnie od tego, czy je\u017adzisz na rowerze g\u00f3rskim, szosowym, podmiejskim, czy nawet u\u017cywasz tych r\u0119kawic do \u0107wicze\u0144 na si\u0142owni, podnoszenia ci\u0119\u017car\u00f3w lub treningu fitness, RYINZ zapewnia doskona\u0142e wsparcie i funkcjonalno\u015b\u0107.<\/p>\n<p class=\"\" data-start=\"2673\" data-end=\"2863\">Poza jazd\u0105 na rowerze, r\u0119kawiczki te s\u0105 r\u00f3wnie\u017c idealne do zaj\u0119\u0107 spinningowych, wio\u015blarstwa, w\u0119dr\u00f3wek z kijkami lub og\u00f3lnej sprawno\u015bci na \u015bwie\u017cym powietrzu, co czyni je wielofunkcyjnym niezb\u0119dnikiem dla aktywnego stylu \u017cycia.<\/p>\n<p class=\"\" data-start=\"2865\" data-end=\"2886\"><strong data-start=\"2865\" data-end=\"2884\">Specyfikacje:<\/strong><\/p>\n<ul data-start=\"2887\" data-end=\"3210\">\n<li class=\"\" data-start=\"2887\" data-end=\"2919\">\n<p class=\"\" data-start=\"2889\" data-end=\"2919\">P\u0142e\u0107: Unisex (m\u0119\u017cczy\u017ani i kobiety)<\/p>\n<\/li>\n<li class=\"\" data-start=\"2920\" data-end=\"2942\">\n<p class=\"\" data-start=\"2922\" data-end=\"2942\">Styl: P\u00f3\u0142palec<\/p>\n<\/li>\n<li class=\"\" data-start=\"2943\" data-end=\"2979\">\n<p class=\"\" data-start=\"2945\" data-end=\"2979\">Kolory: Earth White, Grey, Brown<\/p>\n<\/li>\n<li class=\"\" data-start=\"2980\" data-end=\"3012\">\n<p class=\"\" data-start=\"2982\" data-end=\"3012\">Dost\u0119pne rozmiary: S, M, L, XL<\/p>\n<\/li>\n<li class=\"\" data-start=\"3013\" data-end=\"3080\">\n<p class=\"\" data-start=\"3015\" data-end=\"3080\">Materia\u0142y: Oddychaj\u0105ca siateczka, wy\u015bcie\u0142ana pianka, d\u0142o\u0144 ze sk\u00f3ry syntetycznej<\/p>\n<\/li>\n<li class=\"\" data-start=\"3081\" data-end=\"3117\">\n<p class=\"\" data-start=\"3083\" data-end=\"3117\">Zapi\u0119cie: Regulowany pasek na rzep<\/p>\n<\/li>\n<li class=\"\" data-start=\"3118\" data-end=\"3210\">\n<p class=\"\" data-start=\"3120\" data-end=\"3210\">Idealny do: Kolarstwo szosowe, MTB, dojazdy do pracy, indoor spinning, treningi fitness, jazda na hulajnodze<\/p>\n<\/li>\n<\/ul>\n<p class=\"\" data-start=\"3212\" data-end=\"3452\">R\u0119kawiczki RYINZ s\u0105 stworzone dla mistrz\u00f3w, kt\u00f3rzy doceniaj\u0105 ka\u017cdy szczeg\u00f3\u0142 - wygod\u0119, wydajno\u015b\u0107 i stylow\u0105 praktyczno\u015b\u0107. Wybierz oddychaj\u0105ce r\u0119kawiczki rowerowe RYINZ na p\u00f3\u0142 palca, aby do\u015bwiadczy\u0107 d\u0142u\u017cszych przeja\u017cd\u017cek, lepszej przyczepno\u015bci i doskona\u0142ej ochrony ka\u017cdego dnia.<\/p>","protected":false},"excerpt":{"rendered":"<p class=\"\" data-start=\"3459\" data-end=\"4029\">Przenie\u015b swoje wra\u017cenia z jazdy na rowerze na wy\u017cszy poziom dzi\u0119ki oddychaj\u0105cym r\u0119kawiczkom rowerowym RYINZ z wy\u015bcie\u0142anymi p\u00f3\u0142palcami. Zaprojektowane z my\u015bl\u0105 o maksymalnej wentylacji i lepszej przyczepno\u015bci, te r\u0119kawiczki maj\u0105 amortyzuj\u0105c\u0105 wy\u015bci\u00f3\u0142k\u0119 d\u0142oni, antypo\u015blizgowe silikonowe nadruki i \u0142atwy w regulacji pasek na nadgarstek dla idealnego dopasowania. Stylowa kombinacja kolor\u00f3w Earth White-Grey-Brown pasuje do garderoby ka\u017cdego rowerzysty. Idealne do kolarstwa szosowego, MTB, spinningu, fitnessu i og\u00f3lnego u\u017cytku sportowego. Je\u017adzij dalej, mocniej i z wi\u0119ksz\u0105 pewno\u015bci\u0105 siebie dzi\u0119ki r\u0119kawicom RYINZ.<\/p>","protected":false},"featured_media":8920,"comment_status":"closed","ping_status":"closed","template":"","meta":[],"product_brand":[35],"product_cat":[31,33],"product_tag":[30,32],"class_list":{"0":"post-8890","1":"product","2":"type-product","3":"status-publish","4":"has-post-thumbnail","6":"product_brand-ryinz","7":"product_cat-cycling-mountain-gloves","8":"product_cat-cycling-gloves","9":"product_tag-cycling","10":"product_tag-cycling-mountain-gloves","12":"first","13":"instock","14":"virtual","15":"taxable","16":"purchasable","17":"product-type-simple"},"_links":{"self":[{"href":"https:\/\/ryinz.cz\/velkoobchod\/pl\/wp-json\/wp\/v2\/product\/8890","targetHints":{"allow":["GET"]}}],"collection":[{"href":"https:\/\/ryinz.cz\/velkoobchod\/pl\/wp-json\/wp\/v2\/product"}],"about":[{"href":"https:\/\/ryinz.cz\/velkoobchod\/pl\/wp-json\/wp\/v2\/types\/product"}],"replies":[{"embeddable":true,"href":"https:\/\/ryinz.cz\/velkoobchod\/pl\/wp-json\/wp\/v2\/comments?post=8890"}],"wp:featuredmedia":[{"embeddable":true,"href":"https:\/\/ryinz.cz\/velkoobchod\/pl\/wp-json\/wp\/v2\/media\/8920"}],"wp:attachment":[{"href":"https:\/\/ryinz.cz\/velkoobchod\/pl\/wp-json\/wp\/v2\/media?parent=8890"}],"wp:term":[{"taxonomy":"product_brand","embeddable":true,"href":"https:\/\/ryinz.cz\/velkoobchod\/pl\/wp-json\/wp\/v2\/product_brand?post=8890"},{"taxonomy":"product_cat","embeddable":true,"href":"https:\/\/ryinz.cz\/velkoobchod\/pl\/wp-json\/wp\/v2\/product_cat?post=8890"},{"taxonomy":"product_tag","embeddable":true,"href":"https:\/\/ryinz.cz\/velkoobchod\/pl\/wp-json\/wp\/v2\/product_tag?post=8890"}],"curies":[{"name":"wp","href":"https:\/\/api.w.org\/{rel}","templated":true}]}}