{"id":10437,"date":"2025-11-02T13:33:57","date_gmt":"2025-11-02T13:33:57","guid":{"rendered":"https:\/\/ryinz.cz\/velkoobchod\/?post_type=product&#038;p=10437"},"modified":"2026-01-18T20:23:49","modified_gmt":"2026-01-18T20:23:49","slug":"rekawice-motocyklowe-ryinz-stormguard-ce-level-2-skorzana-ochrona-premium-dla-ekstremalnych-motocyklistow","status":"publish","type":"product","link":"https:\/\/ryinz.cz\/velkoobchod\/pl\/product\/ryinz-stormguard-ce-level-2-motorcycle-gloves-premium-leather-protection-for-extreme-riders\/","title":{"rendered":"R\u0119kawice motocyklowe RYINZ StormGuard CE Level 2 - najwy\u017cszej jako\u015bci sk\u00f3rzana ochrona dla ekstremalnych motocyklist\u00f3w"},"content":{"rendered":"<p data-start=\"122\" data-end=\"572\">The <strong data-start=\"175\" data-end=\"224\">R\u0119kawice motocyklowe RYINZ StormGuard CE Level 2<\/strong> reprezentuj\u0105 now\u0105 generacj\u0119 profesjonalnej ochrony podczas jazdy. Zaprojektowane dla rowerzyst\u00f3w, kt\u00f3rzy nie uznaj\u0105 kompromis\u00f3w mi\u0119dzy komfortem, wydajno\u015bci\u0105 i bezpiecze\u0144stwem, r\u0119kawice te \u0142\u0105cz\u0105 w sobie <strong data-start=\"404\" data-end=\"440\">Wykonanie ze sk\u00f3ry licowej<\/strong> z <strong data-start=\"446\" data-end=\"471\">Zaawansowany pancerz przeciwuderzeniowy<\/strong> aby zapewni\u0107 pewno\u015b\u0107 na ka\u017cdym kilometrze - czy to na autostradach, torach wy\u015bcigowych, czy podczas prze\u0142ajowych przyg\u00f3d.<\/p>\n<p data-start=\"574\" data-end=\"913\">Zbudowany z my\u015bl\u0105 o sile i wytrzyma\u0142o\u015bci, StormGuard jest wyposa\u017cony w trwa\u0142y <strong data-start=\"642\" data-end=\"691\">zewn\u0119trzna pow\u0142oka wykonana z wysokiej jako\u015bci sk\u00f3ry bydl\u0119cej<\/strong>, Materia\u0142 ten zosta\u0142 wybrany ze wzgl\u0119du na jego odporno\u015b\u0107 na \u015bcieranie i elastyczno\u015b\u0107. R\u0119kawice zosta\u0142y zaprojektowane tak, aby porusza\u0142y si\u0119 wraz z d\u0142o\u0144mi, a nie przeciwko nim - zapewniaj\u0105c pe\u0142n\u0105 kontrol\u0119 nad przepustnic\u0105, sprz\u0119g\u0142em i hamulcami nawet podczas agresywnej jazdy.<\/p>\n<p data-start=\"915\" data-end=\"1271\">Podstaw\u0105 ochrony r\u0119kawic jest <strong data-start=\"958\" data-end=\"1010\">Wzmocnione w\u0142\u00f3knem w\u0119glowym ochraniacze kostek z certyfikatem CE<\/strong>, Wbudowany w wentylowan\u0105 struktur\u0119 plastra miodu, kt\u00f3ra rozprasza uderzenia przy jednoczesnym zachowaniu przep\u0142ywu powietrza. The <strong data-start=\"1113\" data-end=\"1129\">zbroja na palec<\/strong> oraz <strong data-start=\"1134\" data-end=\"1164\">Wy\u015bcie\u0142ane wzmocnienia d\u0142oni<\/strong> oferuj\u0105 dodatkow\u0105 ochron\u0119 w krytycznych obszarach, zapewniaj\u0105c doskona\u0142\u0105 ochron\u0119 bez po\u015bwi\u0119cania zr\u0119czno\u015bci.<\/p>\n<p data-start=\"1273\" data-end=\"1596\">The <strong data-start=\"1277\" data-end=\"1304\">dwuwarstwowa sk\u00f3rzana d\u0142o\u0144<\/strong> zapewnia doskona\u0142\u0105 przyczepno\u015b\u0107 i odporno\u015b\u0107 na zu\u017cycie \u015blizgu, podczas gdy <strong data-start=\"1369\" data-end=\"1406\">Strategicznie rozmieszczone perforacje<\/strong> w poprzek r\u0119kawicy zwi\u0119kszaj\u0105 oddychalno\u015b\u0107. Podw\u00f3jne i potr\u00f3jne szwy wzmacniaj\u0105 wytrzyma\u0142o\u015b\u0107 r\u0119kawicy pod naciskiem, czyni\u0105c j\u0105 niezawodnym towarzyszem zar\u00f3wno dla rowerzyst\u00f3w turystycznych, jak i sportowych.<\/p>\n<p data-start=\"1598\" data-end=\"1853\">A <strong data-start=\"1600\" data-end=\"1624\">d\u0142ugi mankiet ochronny<\/strong> z regulowanym paskiem na rzep zapewnia pe\u0142ne pokrycie nadgarstka i dok\u0142adne dopasowanie, kompatybilne z wi\u0119kszo\u015bci\u0105 r\u0119kaw\u00f3w kurtek. Wst\u0119pnie zakrzywiona ergonomiczna konstrukcja zmniejsza zm\u0119czenie, dzi\u0119ki czemu r\u0119kawice te s\u0105 idealne do jazdy na d\u0142ugich dystansach.<\/p>\n<p data-start=\"1855\" data-end=\"2413\">Ka\u017cdy szczeg\u00f3\u0142 r\u0119kawic StormGuard odzwierciedla zaanga\u017cowanie firmy RYINZ na rzecz <strong data-start=\"1926\" data-end=\"1969\">etyczne rzemios\u0142o i wp\u0142yw spo\u0142eczny<\/strong>. Ka\u017cda para jest starannie wykonana r\u0119cznie w uczciwych, bezpiecznych i wzmacniaj\u0105cych pozycj\u0119 warunkach pracy w ramach programu RYINZ. <strong data-start=\"2080\" data-end=\"2126\">Program na rzecz wzmocnienia pozycji kobiet i praw cz\u0142owieka<\/strong>. Inicjatywa ta nie tylko zapewnia stabilno\u015b\u0107 dochod\u00f3w i szkolenia kobietom w Pakistanie i Bangladeszu, ale tak\u017ce oferuje ca\u0142odobowe wsparcie emocjonalne i psychologiczne w ponad 110 j\u0119zykach - co jest \u015bwiadectwem przekonania RYINZ, \u017ce ochrona powinna wykracza\u0107 poza je\u017ad\u017aca i obejmowa\u0107 r\u0119ce, kt\u00f3re tworz\u0105.<\/p>\n<p data-start=\"2415\" data-end=\"2545\">Wybieraj\u0105c RYINZ, wybierasz jazd\u0119 z si\u0142\u0105 i sercem - chroni\u0105c siebie i wspieraj\u0105c wi\u0119ksz\u0105 spraw\u0119 humanitarn\u0105.<\/p>\n<p data-start=\"2547\" data-end=\"2566\"><strong data-start=\"2547\" data-end=\"2564\">Kluczowe cechy:<\/strong><\/p>\n<ul data-start=\"2567\" data-end=\"3167\">\n<li data-start=\"2567\" data-end=\"2615\">\n<p data-start=\"2569\" data-end=\"2615\">Pe\u0142na konstrukcja ochronna z certyfikatem CE Level 2.<\/p>\n<\/li>\n<li data-start=\"2616\" data-end=\"2668\">\n<p data-start=\"2618\" data-end=\"2668\">Konstrukcja z najwy\u017cszej jako\u015bci sk\u00f3ry bydl\u0119cej.<\/p>\n<\/li>\n<li data-start=\"2669\" data-end=\"2750\">\n<p data-start=\"2671\" data-end=\"2750\">Wentylowane ochraniacze kostek wzmocnione w\u0142\u00f3knem w\u0119glowym dla maksymalnej absorpcji uderze\u0144.<\/p>\n<\/li>\n<li data-start=\"2751\" data-end=\"2805\">\n<p data-start=\"2753\" data-end=\"2805\">Pancerz na palce i wy\u015bci\u00f3\u0142ka d\u0142oni dla wi\u0119kszego bezpiecze\u0144stwa.<\/p>\n<\/li>\n<li data-start=\"2806\" data-end=\"2857\">\n<p data-start=\"2808\" data-end=\"2857\">D\u0142ugi mankiet dla lepszego dopasowania do nadgarstka.<\/p>\n<\/li>\n<li data-start=\"2858\" data-end=\"2912\">\n<p data-start=\"2860\" data-end=\"2912\">Dwuwarstwowa wzmocniona d\u0142o\u0144 z antypo\u015blizgow\u0105 sk\u00f3r\u0105.<\/p>\n<\/li>\n<li data-start=\"2913\" data-end=\"2969\">\n<p data-start=\"2915\" data-end=\"2969\">Ergonomiczny kszta\u0142t zapewnia kontrol\u0119 bez zm\u0119czenia.<\/p>\n<\/li>\n<li data-start=\"2970\" data-end=\"3036\">\n<p data-start=\"2972\" data-end=\"3036\">Regulowane paski na nadgarstki i mankiety zapewniaj\u0105 bezpieczne, indywidualne dopasowanie.<\/p>\n<\/li>\n<li data-start=\"3037\" data-end=\"3097\">\n<p data-start=\"3039\" data-end=\"3097\">Strategiczne strefy perforacji zapewniaj\u0105 wentylacj\u0119 i komfort.<\/p>\n<\/li>\n<li data-start=\"3098\" data-end=\"3167\">\n<p data-start=\"3100\" data-end=\"3167\">Etyczne r\u0119czne wykonanie w ramach inicjatywy RYINZ Women Empowerment.<\/p>\n<\/li>\n<\/ul>\n<p data-start=\"3169\" data-end=\"3348\">Ka\u017cda r\u0119kawica RYINZ StormGuard to po\u0142\u0105czenie technologii, stylu i wsp\u00f3\u0142czucia - umo\u017cliwiaj\u0105c rowerzystom podb\u00f3j drogi z pewno\u015bci\u0105 siebie, jednocze\u015bnie pomagaj\u0105c kobietom budowa\u0107 silniejsz\u0105 przysz\u0142o\u015b\u0107.<\/p>","protected":false},"excerpt":{"rendered":"<p data-start=\"3355\" data-end=\"3954\">R\u0119kawice RYINZ StormGuard CE Level 2 s\u0105 przeznaczone dla motocyklist\u00f3w wymagaj\u0105cych maksymalnej ochrony i komfortu. Wykonane z pe\u0142noziarnistej sk\u00f3ry z wentylowanym karbonowym pancerzem, zapewniaj\u0105 doskona\u0142\u0105 trwa\u0142o\u015b\u0107 i odporno\u015b\u0107 na uderzenia. D\u0142ugi mankiet i podw\u00f3jne paski na rzep gwarantuj\u0105 bezpieczne dopasowanie, a perforowane strefy zwi\u0119kszaj\u0105 oddychalno\u015b\u0107. Idealne do jazdy turystycznej lub szybkiej, r\u0119kawice te \u0142\u0105cz\u0105 w sobie wytrzyma\u0142o\u015b\u0107, bezpiecze\u0144stwo i przeznaczenie. Etycznie wykonane w ramach programu RYINZ na rzecz kobiet - ka\u017cde zam\u00f3wienie wspiera uczciw\u0105 prac\u0119 i dobre samopoczucie kobiet na ca\u0142ym \u015bwiecie.<\/p>","protected":false},"featured_media":10438,"comment_status":"closed","ping_status":"closed","template":"","meta":[],"product_brand":[35],"product_cat":[1111,380,1268],"product_tag":[1270,1216,916,1212,1073,1273,1269,1271,841,1272,1055,123,419,1214,1091],"class_list":{"0":"post-10437","1":"product","2":"type-product","3":"status-publish","4":"has-post-thumbnail","6":"product_brand-ryinz","7":"product_cat-motorbike","8":"product_cat-motorbike-gloves","9":"product_cat-racing-ce-level-2-protective-gloves","10":"product_tag-armored-gloves","11":"product_tag-breathable-motorcycle-gloves","12":"product_tag-carbon-knuckle-gloves","13":"product_tag-ce-level-2-gloves","14":"product_tag-ethical-manufacturing","15":"product_tag-high-protection-gloves","16":"product_tag-leather-motorbike-gloves","17":"product_tag-long-cuff-gloves","18":"product_tag-motorcycle-gloves","19":"product_tag-premium-biker-gear","20":"product_tag-protective-gloves","21":"product_tag-racing-gloves","22":"product_tag-ryinz-gloves","23":"product_tag-touring-gloves","24":"product_tag-women-empowerment","26":"first","27":"instock","28":"taxable","29":"shipping-taxable","30":"purchasable","31":"product-type-simple"},"_links":{"self":[{"href":"https:\/\/ryinz.cz\/velkoobchod\/pl\/wp-json\/wp\/v2\/product\/10437","targetHints":{"allow":["GET"]}}],"collection":[{"href":"https:\/\/ryinz.cz\/velkoobchod\/pl\/wp-json\/wp\/v2\/product"}],"about":[{"href":"https:\/\/ryinz.cz\/velkoobchod\/pl\/wp-json\/wp\/v2\/types\/product"}],"replies":[{"embeddable":true,"href":"https:\/\/ryinz.cz\/velkoobchod\/pl\/wp-json\/wp\/v2\/comments?post=10437"}],"wp:featuredmedia":[{"embeddable":true,"href":"https:\/\/ryinz.cz\/velkoobchod\/pl\/wp-json\/wp\/v2\/media\/10438"}],"wp:attachment":[{"href":"https:\/\/ryinz.cz\/velkoobchod\/pl\/wp-json\/wp\/v2\/media?parent=10437"}],"wp:term":[{"taxonomy":"product_brand","embeddable":true,"href":"https:\/\/ryinz.cz\/velkoobchod\/pl\/wp-json\/wp\/v2\/product_brand?post=10437"},{"taxonomy":"product_cat","embeddable":true,"href":"https:\/\/ryinz.cz\/velkoobchod\/pl\/wp-json\/wp\/v2\/product_cat?post=10437"},{"taxonomy":"product_tag","embeddable":true,"href":"https:\/\/ryinz.cz\/velkoobchod\/pl\/wp-json\/wp\/v2\/product_tag?post=10437"}],"curies":[{"name":"wp","href":"https:\/\/api.w.org\/{rel}","templated":true}]}}