{"id":10435,"date":"2025-11-02T13:28:20","date_gmt":"2025-11-02T13:28:20","guid":{"rendered":"https:\/\/ryinz.cz\/velkoobchod\/?post_type=product&#038;p=10435"},"modified":"2026-01-18T20:23:47","modified_gmt":"2026-01-18T20:23:47","slug":"rekawice-turystyczne-ryinz-aerogrip-oddychajaca-hybryda-skory-i-siatki-zapewniajaca-precyzje-i-wygode","status":"publish","type":"product","link":"https:\/\/ryinz.cz\/velkoobchod\/pl\/product\/ryinz-aerogrip-touring-gloves-breathable-leather-mesh-hybrid-for-precision-and-comfort\/","title":{"rendered":"R\u0119kawiczki RYINZ AeroGrip Touring - oddychaj\u0105ca hybryda sk\u00f3ry i siatki zapewniaj\u0105ca precyzj\u0119 i wygod\u0119"},"content":{"rendered":"<p data-start=\"117\" data-end=\"542\">The <strong data-start=\"170\" data-end=\"203\">R\u0119kawice turystyczne RYINZ AeroGrip<\/strong> zosta\u0142y zaprojektowane dla rowerzyst\u00f3w, kt\u00f3rzy wymagaj\u0105 precyzyjnej kontroli, oddychalno\u015bci i komfortu bez uszczerbku dla ochrony. Zaprojektowany z zaawansowan\u0105 hybrydow\u0105 struktur\u0105 <strong data-start=\"366\" data-end=\"405\">Sk\u00f3ra premium i wentylowana siateczka<\/strong>, R\u0119kawice te zapewniaj\u0105 idealn\u0105 r\u00f3wnowag\u0119 mi\u0119dzy trwa\u0142o\u015bci\u0105 a przep\u0142ywem powietrza - idealne zar\u00f3wno do kr\u00f3tkich dojazd\u00f3w do pracy w mie\u015bcie, jak i d\u0142ugich przeja\u017cd\u017cek turystycznych.<\/p>\n<p data-start=\"544\" data-end=\"869\">Konstrukcja r\u0119kawic to mistrzostwo ergonomii. The <strong data-start=\"611\" data-end=\"646\">anatomicznie wyprofilowane palce<\/strong> zapewniaj\u0105 naturalny chwyt i minimalizuj\u0105 zm\u0119czenie podczas d\u0142ugich godzin na przepustnicy. Wzmocnione panele w obszarach nara\u017conych na du\u017ce obci\u0105\u017cenia - w tym na d\u0142oni, kostkach i opuszkach palc\u00f3w - zapewniaj\u0105 zwi\u0119kszon\u0105 ochron\u0119 przed \u015bcieraniem i uderzeniami.<\/p>\n<p data-start=\"871\" data-end=\"1273\">The <strong data-start=\"875\" data-end=\"902\">dwuwarstwowa sk\u00f3rzana d\u0142o\u0144<\/strong> posiada antypo\u015blizgowe wzmocnienie dla maksymalnej precyzji i trwa\u0142o\u015bci. W mi\u0119dzyczasie tylna cz\u0119\u015b\u0107 r\u0119kawicy integruje <strong data-start=\"1026\" data-end=\"1044\">Panele siatkowe 3D<\/strong> kt\u00f3re zapewniaj\u0105 ci\u0105g\u0142\u0105 cyrkulacj\u0119 powietrza, utrzymuj\u0105c d\u0142onie w ch\u0142odzie nawet podczas gor\u0105cych letnich przeja\u017cd\u017cek. Po\u0142\u0105czenie <strong data-start=\"1153\" data-end=\"1195\">Czarna sk\u00f3ra z detalami z szarej siateczki<\/strong> nadaje AeroGrip elegancki, nowoczesny wygl\u0105d, kt\u00f3ry pasuje do ka\u017cdego stylu sprz\u0119tu je\u017adzieckiego.<\/p>\n<p data-start=\"1275\" data-end=\"1522\">Aby zwi\u0119kszy\u0107 bezpiecze\u0144stwo, r\u0119kawice posiadaj\u0105 <strong data-start=\"1317\" data-end=\"1344\">Wy\u015bci\u00f3\u0142ka poch\u0142aniaj\u0105ca wstrz\u0105sy<\/strong> oraz <strong data-start=\"1349\" data-end=\"1387\">wk\u0142adki z gumy termoplastycznej (TPR)<\/strong> we wszystkich strefach uderzenia. Elastyczny pancerz kostek dostosowuje si\u0119 do naturalnych ruch\u00f3w d\u0142oni, zapewniaj\u0105c jednocze\u015bnie wygod\u0119 i ochron\u0119.<\/p>\n<p data-start=\"1524\" data-end=\"1786\">Regulowany <strong data-start=\"1539\" data-end=\"1563\">Zapi\u0119cie na rzep na nadgarstku<\/strong> zapewnia bezpieczne, spersonalizowane dopasowanie, a odblaskowe szwy subtelnie poprawiaj\u0105 widoczno\u015b\u0107 w nocy. Te cechy sprawiaj\u0105, \u017ce RYINZ AeroGrip jest nie tylko ochronny, ale tak\u017ce bardzo praktyczny zar\u00f3wno dla rowerzyst\u00f3w turystycznych, jak i miejskich.<\/p>\n<p data-start=\"1788\" data-end=\"2047\">Ka\u017cda r\u0119kawica jest szyta r\u0119cznie przy u\u017cyciu <strong data-start=\"1823\" data-end=\"1863\">Gwint przemys\u0142owy o wysokiej wytrzyma\u0142o\u015bci<\/strong>, zapewniaj\u0105c d\u0142ugotrwa\u0142\u0105 wytrzyma\u0142o\u015b\u0107 i si\u0142\u0119. Precyzyjne szwy r\u00f3wnie\u017c dodaj\u0105 jej charakteru premium i profesjonalnego wyko\u0144czenia, kt\u00f3re wyr\u00f3\u017cnia si\u0119 w ka\u017cdej kategorii odzie\u017cy motocyklowej.<\/p>\n<p data-start=\"2049\" data-end=\"2541\">Podobnie jak ca\u0142y sprz\u0119t RYINZ, r\u0119kawice AeroGrip Touring Gloves s\u0105 czym\u015b wi\u0119cej ni\u017c tylko kunsztem wykonania - maj\u0105 na sobie <strong data-start=\"2144\" data-end=\"2185\">misja wsp\u00f3\u0142czucia i wzmocnienia<\/strong>. Ka\u017cda para jest etycznie wytwarzana r\u0119cznie pod mark\u0105 RYINZ. <strong data-start=\"2236\" data-end=\"2265\">Program wzmocnienia pozycji kobiet<\/strong>, kt\u00f3ra wspiera bezpieczne \u015brodowiska pracy, sprawiedliwe p\u0142ace i programy dobrego samopoczucia emocjonalnego dla kobiet w Pakistanie i Bangladeszu. Dzi\u0119ki tej inicjatywie RYINZ oferuje ci\u0105g\u0142\u0105 edukacj\u0119, budowanie umiej\u0119tno\u015bci i wieloj\u0119zyczne wsparcie emocjonalne 24\/7 w ponad 110 j\u0119zykach.<\/p>\n<p data-start=\"2543\" data-end=\"2674\">Wybieraj\u0105c RYINZ, wybierasz nie tylko jako\u015b\u0107 - pomagasz budowa\u0107 bezpieczniejsz\u0105 przysz\u0142o\u015b\u0107 dla kobiet i rodzin na ca\u0142ym \u015bwiecie.<\/p>\n<p data-start=\"2676\" data-end=\"2695\"><strong data-start=\"2676\" data-end=\"2693\">Kluczowe cechy:<\/strong><\/p>\n<ul data-start=\"2696\" data-end=\"3326\">\n<li data-start=\"2696\" data-end=\"2773\">\n<p data-start=\"2698\" data-end=\"2773\">Hybrydowa konstrukcja klasy premium: prawdziwa sk\u00f3ra z wentylowanymi panelami z siatki.<\/p>\n<\/li>\n<li data-start=\"2774\" data-end=\"2843\">\n<p data-start=\"2776\" data-end=\"2843\">Wzmocniona sk\u00f3rzana d\u0142o\u0144 z antypo\u015blizgow\u0105 tekstur\u0105 dla lepszej przyczepno\u015bci.<\/p>\n<\/li>\n<li data-start=\"2844\" data-end=\"2896\">\n<p data-start=\"2846\" data-end=\"2896\">Wy\u015bcie\u0142ane strefy ochronne na kostkach i palcach.<\/p>\n<\/li>\n<li data-start=\"2897\" data-end=\"2951\">\n<p data-start=\"2899\" data-end=\"2951\">Ergonomiczny kszta\u0142t zmniejsza zm\u0119czenie d\u0142oni.<\/p>\n<\/li>\n<li data-start=\"2952\" data-end=\"3003\">\n<p data-start=\"2954\" data-end=\"3003\">Regulowane zapi\u0119cie na rzep zapewnia bezpieczne dopasowanie.<\/p>\n<\/li>\n<li data-start=\"3004\" data-end=\"3059\">\n<p data-start=\"3006\" data-end=\"3059\">Podw\u00f3jne szwy o wysokiej wytrzyma\u0142o\u015bci dla dodatkowej trwa\u0142o\u015bci.<\/p>\n<\/li>\n<li data-start=\"3060\" data-end=\"3117\">\n<p data-start=\"3062\" data-end=\"3117\">Oddychaj\u0105ce panele tylne z siatki zapewniaj\u0105 doskona\u0142\u0105 wentylacj\u0119.<\/p>\n<\/li>\n<li data-start=\"3118\" data-end=\"3183\">\n<p data-start=\"3120\" data-end=\"3183\">Odblaskowe szare paski dla lepszej widoczno\u015bci w s\u0142abym \u015bwietle.<\/p>\n<\/li>\n<li data-start=\"3184\" data-end=\"3239\">\n<p data-start=\"3186\" data-end=\"3239\">Idealny do jazdy turystycznej, dojazd\u00f3w do pracy i ca\u0142orocznych przeja\u017cd\u017cek.<\/p>\n<\/li>\n<li data-start=\"3240\" data-end=\"3326\">\n<p data-start=\"3242\" data-end=\"3326\">Etyczne r\u0119czne wykonanie w ramach inicjatywy RYINZ na rzecz wzmocnienia pozycji kobiet i praw cz\u0142owieka.<\/p>\n<\/li>\n<\/ul>\n<p data-start=\"3328\" data-end=\"3529\">The <strong data-start=\"3332\" data-end=\"3365\">R\u0119kawice turystyczne RYINZ AeroGrip<\/strong> uosabiaj\u0105 to, czego poszukuj\u0105 wsp\u00f3\u0142cze\u015bni motocykli\u015bci - ochron\u0119, precyzj\u0119 i cel. Ka\u017cda jazda to nie tylko bezpiecze\u0144stwo, ale tak\u017ce wsp\u00f3\u0142czucie w sercu.<\/p>","protected":false},"excerpt":{"rendered":"<p>R\u0119kawice RYINZ AeroGrip Touring Gloves \u0142\u0105cz\u0105 oddychaj\u0105c\u0105 siateczk\u0119 z wytrzyma\u0142\u0105 sk\u00f3r\u0105, zapewniaj\u0105c najwy\u017csz\u0105 r\u00f3wnowag\u0119 mi\u0119dzy komfortem i bezpiecze\u0144stwem. Wyposa\u017cone we wzmocnione d\u0142onie, amortyzuj\u0105c\u0105 wy\u015bci\u00f3\u0142k\u0119 i elastyczn\u0105 ochron\u0119 kostek, s\u0105 idealne na d\u0142ugie przeja\u017cd\u017cki i codzienne dojazdy do pracy. Wentylowane panele poprawiaj\u0105 przep\u0142yw powietrza, a ergonomiczne dopasowanie zapewnia kontrol\u0119 i wygod\u0119. Wyko\u0144czone w kolorze czarnym i szarym z odblaskowymi detalami, r\u0119kawice te s\u0105 etycznie wykonane w ramach inicjatywy RYINZ na rzecz kobiet - ka\u017cdy zakup wspiera bezpieczne miejsca pracy i wsparcie emocjonalne dla kobiet na ca\u0142ym \u015bwiecie.<\/p>","protected":false},"featured_media":10436,"comment_status":"closed","ping_status":"closed","template":"","meta":[],"product_brand":[35],"product_cat":[1111,380,1261],"product_tag":[1266,1079,173,1073,1264,1262,121,841,1265,419,1263,1214,85,1267,1091],"class_list":{"0":"post-10435","1":"product","2":"type-product","3":"status-publish","4":"has-post-thumbnail","6":"product_brand-ryinz","7":"product_cat-motorbike","8":"product_cat-motorbike-gloves","9":"product_cat-touring-all-season-gloves","10":"product_tag-black-grey-gloves","11":"product_tag-breathable-gloves","12":"product_tag-breathable-riding-gloves","13":"product_tag-ethical-manufacturing","14":"product_tag-hybrid-riding-gloves","15":"product_tag-leather-mesh-gloves","16":"product_tag-motorbike-gloves","17":"product_tag-motorcycle-gloves","18":"product_tag-protective-touring-gear","19":"product_tag-ryinz-gloves","20":"product_tag-summer-motorcycle-gloves","21":"product_tag-touring-gloves","22":"product_tag-tpr-protection-gloves","23":"product_tag-urban-commuter-gloves","24":"product_tag-women-empowerment","26":"first","27":"instock","28":"taxable","29":"shipping-taxable","30":"purchasable","31":"product-type-simple"},"_links":{"self":[{"href":"https:\/\/ryinz.cz\/velkoobchod\/pl\/wp-json\/wp\/v2\/product\/10435","targetHints":{"allow":["GET"]}}],"collection":[{"href":"https:\/\/ryinz.cz\/velkoobchod\/pl\/wp-json\/wp\/v2\/product"}],"about":[{"href":"https:\/\/ryinz.cz\/velkoobchod\/pl\/wp-json\/wp\/v2\/types\/product"}],"replies":[{"embeddable":true,"href":"https:\/\/ryinz.cz\/velkoobchod\/pl\/wp-json\/wp\/v2\/comments?post=10435"}],"wp:featuredmedia":[{"embeddable":true,"href":"https:\/\/ryinz.cz\/velkoobchod\/pl\/wp-json\/wp\/v2\/media\/10436"}],"wp:attachment":[{"href":"https:\/\/ryinz.cz\/velkoobchod\/pl\/wp-json\/wp\/v2\/media?parent=10435"}],"wp:term":[{"taxonomy":"product_brand","embeddable":true,"href":"https:\/\/ryinz.cz\/velkoobchod\/pl\/wp-json\/wp\/v2\/product_brand?post=10435"},{"taxonomy":"product_cat","embeddable":true,"href":"https:\/\/ryinz.cz\/velkoobchod\/pl\/wp-json\/wp\/v2\/product_cat?post=10435"},{"taxonomy":"product_tag","embeddable":true,"href":"https:\/\/ryinz.cz\/velkoobchod\/pl\/wp-json\/wp\/v2\/product_tag?post=10435"}],"curies":[{"name":"wp","href":"https:\/\/api.w.org\/{rel}","templated":true}]}}