{"id":10421,"date":"2025-11-02T12:27:02","date_gmt":"2025-11-02T12:27:02","guid":{"rendered":"https:\/\/ryinz.cz\/velkoobchod\/?post_type=product&#038;p=10421"},"modified":"2026-01-18T20:23:26","modified_gmt":"2026-01-18T20:23:26","slug":"ryinz-skyrider-blue-ce-armored-distressed-jeans-motocyklowe-jazda-w-stylu-wolnosci","status":"publish","type":"product","link":"https:\/\/ryinz.cz\/velkoobchod\/pl\/product\/ryinz-skyrider-blue-ce-armored-distressed-motorcycle-jeans-ride-in-freedom-style\/","title":{"rendered":"Jeansy motocyklowe RYINZ SkyRider Blue CE-Armored Distressed - Je\u017adzij w wolno\u015bci i stylu"},"content":{"rendered":"<p data-start=\"113\" data-end=\"472\">The <strong data-start=\"166\" data-end=\"228\">Jeansy motocyklowe RYINZ SkyRider Blue CE-Armored Distressed<\/strong> na nowo definiuj\u0105, co to znaczy je\u017adzi\u0107 pewnie i z polotem. Zaprojektowane dla motocyklist\u00f3w, kt\u00f3rzy ceni\u0105 sobie zar\u00f3wno ochron\u0119, jak i mod\u0119, te d\u017cinsy \u0142\u0105cz\u0105 solidne bezpiecze\u0144stwo na drodze z lu\u017anym miejskim wygl\u0105dem, kt\u00f3ry bez wysi\u0142ku przechodzi z autostrady do kawiarni.<\/p>\n<p data-start=\"474\" data-end=\"921\">Wykonane z <strong data-start=\"484\" data-end=\"506\">Rozci\u0105gliwy denim 11 uncji<\/strong> wzmocniony <strong data-start=\"523\" data-end=\"555\">W\u0142\u00f3kno aramidowe DuPont\u2122 Kevlar\u00ae<\/strong>, Te d\u017cinsy zapewniaj\u0105 niezr\u00f3wnan\u0105 odporno\u015b\u0107 na \u015bcieranie przy zachowaniu swobodnego, elastycznego charakteru. Wewn\u0119trzna <strong data-start=\"663\" data-end=\"683\">Zbroja CE poziom 1<\/strong> na kolanach i biodrach spe\u0142nia normy certyfikacji EN 1621-1, zapewniaj\u0105c ochron\u0119 przed uderzeniami bez zwi\u0119kszania obj\u0119to\u015bci. Do codziennego noszenia wk\u0142adki pancerne mo\u017cna \u0142atwo usun\u0105\u0107, przekszta\u0142caj\u0105c d\u017cinsy w wygodn\u0105 i stylow\u0105 par\u0119 na co dzie\u0144.<\/p>\n<p data-start=\"923\" data-end=\"1390\">Podpis SkyRider <strong data-start=\"948\" data-end=\"969\">postarzany design<\/strong> dodaje charakteru i indywidualno\u015bci. Ka\u017cdy wz\u00f3r rozdarcia i wyblakni\u0119cia jest r\u0119cznie wyka\u0144czany, aby uzyska\u0107 naturalnie zu\u017cyty wygl\u0105d, kt\u00f3ry wyra\u017ca wolno\u015b\u0107 i do\u015bwiadczenie. Wzmocnione szwy i pr\u0105\u017ckowane elastyczne panele na kolanach zapewniaj\u0105 trwa\u0142o\u015b\u0107 i ergonomiczny komfort, szczeg\u00f3lnie podczas d\u0142ugich przeja\u017cd\u017cek. Naturalna elastyczno\u015b\u0107 tkaniny zapewnia nieograniczony ruch w ka\u017cdej pozycji - niezale\u017cnie od tego, czy pochylasz si\u0119 na zakr\u0119tach, czy spacerujesz po mie\u015bcie.<\/p>\n<p data-start=\"1392\" data-end=\"1700\">Wn\u0119trze d\u017cins\u00f3w zawiera <strong data-start=\"1429\" data-end=\"1455\">oddychaj\u0105ca podszewka z siatki<\/strong> odprowadza pot i poprawia wentylacj\u0119. Konstrukcja jest przyci\u0119ta do <strong data-start=\"1523\" data-end=\"1543\">w\u0105ski, zw\u0119\u017cany kr\u00f3j<\/strong>, r\u00f3wnowa\u017c\u0105c nowoczesn\u0105 estetyk\u0119 z praktyczno\u015bci\u0105. Jasnoniebieski kolor nadaje im czysty, ale odwa\u017cny wygl\u0105d, dzi\u0119ki czemu nadaj\u0105 si\u0119 na ka\u017cd\u0105 por\u0119 roku.<\/p>\n<p data-start=\"1702\" data-end=\"2217\">W ramach zaanga\u017cowania RYINZ w etyczne rzemios\u0142o, ka\u017cda para d\u017cins\u00f3w SkyRider jest produkowana w bezpiecznych, uczciwych i wzmacniaj\u0105cych pozycj\u0119 warunkach. Kobiety s\u0105 w centrum produkcji - od szycia po kontrol\u0119 jako\u015bci - zapewniaj\u0105c r\u00f3wne szanse i godno\u015b\u0107 w miejscu pracy. Wybieraj\u0105c RYINZ, nie tylko nosisz produkt; jeste\u015b <strong data-start=\"2036\" data-end=\"2087\">Wspieranie r\u00f3wnouprawnienia kobiet i praw cz\u0142owieka<\/strong> w Pakistanie i Bangladeszu, gdzie RYINZ zapewnia ca\u0142odobowe, wieloj\u0119zyczne wsparcie emocjonalne dla pracownic i ich rodzin.<\/p>\n<p data-start=\"2219\" data-end=\"2410\">The <strong data-start=\"2223\" data-end=\"2252\">Niebieskie jeansy RYINZ SkyRider<\/strong> s\u0105 dla rowerzyst\u00f3w, kt\u00f3rzy wierz\u0105, \u017ce bezpiecze\u0144stwo i styl mog\u0105 i\u015b\u0107 w parze - i \u017ce ka\u017cdy zakup mo\u017ce mie\u0107 znaczenie. Mocna jazda. Swobodna jazda. Jazda z celem.<\/p>\n<p data-start=\"2412\" data-end=\"2431\"><strong data-start=\"2412\" data-end=\"2429\">Kluczowe cechy:<\/strong><\/p>\n<ul data-start=\"2432\" data-end=\"3066\">\n<li data-start=\"2432\" data-end=\"2505\">\n<p data-start=\"2434\" data-end=\"2505\">Wykonane z wysokiej jako\u015bci elastycznego denimu o grubo\u015bci 11 uncji wzmocnionego materia\u0142em DuPont\u2122 Kevlar\u00ae.<\/p>\n<\/li>\n<li data-start=\"2506\" data-end=\"2577\">\n<p data-start=\"2508\" data-end=\"2577\">Zdejmowany pancerz na kolanach i biodrach z certyfikatem CE Level 1 (EN 1621-1).<\/p>\n<\/li>\n<li data-start=\"2578\" data-end=\"2639\">\n<p data-start=\"2580\" data-end=\"2639\">R\u0119cznie t\u0142oczone wyko\u0144czenie z unikalnym wzorem wyblakni\u0119cia i rozdarcia.<\/p>\n<\/li>\n<li data-start=\"2640\" data-end=\"2704\">\n<p data-start=\"2642\" data-end=\"2704\">Pr\u0105\u017ckowane, elastyczne panele zwi\u0119kszaj\u0105ce elastyczno\u015b\u0107 i wygod\u0119.<\/p>\n<\/li>\n<li data-start=\"2705\" data-end=\"2758\">\n<p data-start=\"2707\" data-end=\"2758\">Wzmocnione potr\u00f3jne szwy w kluczowych punktach napr\u0119\u017ce\u0144.<\/p>\n<\/li>\n<li data-start=\"2759\" data-end=\"2807\">\n<p data-start=\"2761\" data-end=\"2807\">Oddychaj\u0105ca podszewka z siateczki zapewnia kontrol\u0119 wilgoci.<\/p>\n<\/li>\n<li data-start=\"2808\" data-end=\"2874\">\n<p data-start=\"2810\" data-end=\"2874\">Zw\u0119\u017cany kr\u00f3j zapewnia nowoczesny styl i swobod\u0119 ruch\u00f3w.<\/p>\n<\/li>\n<li data-start=\"2875\" data-end=\"2940\">\n<p data-start=\"2877\" data-end=\"2940\">Wzmocnione siedzisko i strefy kolan dla dodatkowej ochrony przed \u015bcieraniem.<\/p>\n<\/li>\n<li data-start=\"2941\" data-end=\"2991\">\n<p data-start=\"2943\" data-end=\"2991\">Wytrzyma\u0142e zamki b\u0142yskawiczne YKK i wysokiej jako\u015bci metalowe guziki.<\/p>\n<\/li>\n<li data-start=\"2992\" data-end=\"3066\">\n<p data-start=\"2994\" data-end=\"3066\">Etyczna produkcja z naciskiem na wzmocnienie pozycji kobiet i uczciwe p\u0142ace.<\/p>\n<\/li>\n<\/ul>\n<p data-start=\"3068\" data-end=\"3287\">Ka\u017cdy szczeg\u00f3\u0142 - od elastycznych szw\u00f3w po precyzyjne szwy - odzwierciedla misj\u0119 RYINZ, aby po\u0142\u0105czy\u0107 <strong data-start=\"3170\" data-end=\"3210\">wydajno\u015b\u0107, estetyka i przeznaczenie<\/strong>. Dzi\u0119ki SkyRider jazda staje si\u0119 czym\u015b wi\u0119cej ni\u017c tylko ruchem - nabiera znaczenia.<\/p>","protected":false},"excerpt":{"rendered":"<p>Jeansy motocyklowe RYINZ SkyRider Blue CE-Armored \u0142\u0105cz\u0105 w sobie swobod\u0119, ochron\u0119 i mod\u0119. Wykonane z elastycznego denimu wzmocnionego Kevlarem\u00ae i pancerzem z certyfikatem CE, zapewniaj\u0105 trwa\u0142o\u015b\u0107 i wygod\u0119 podczas miejskich lub d\u0142ugich przeja\u017cd\u017cek. Dzi\u0119ki r\u0119cznie t\u0142oczonemu wyko\u0144czeniu, oddychaj\u0105cej podszewce z siatki i w\u0105skiemu krojowi s\u0105 stylowe zar\u00f3wno na rowerze, jak i poza nim. Etycznie wykonane w ramach inicjatywy Ryinz na rzecz kobiet, ka\u017cdy zakup wspiera prawa cz\u0142owieka i uczciwe warunki pracy. Ryinz jest inny - ka\u017cda jazda wspiera wa\u017cn\u0105 spraw\u0119.<\/p>","protected":false},"featured_media":10422,"comment_status":"closed","ping_status":"closed","template":"","meta":[],"product_brand":[35],"product_cat":[1111,1109],"product_tag":[],"class_list":{"0":"post-10421","1":"product","2":"type-product","3":"status-publish","4":"has-post-thumbnail","6":"product_brand-ryinz","7":"product_cat-motorbike","8":"product_cat-motorbike-apparel","10":"first","11":"instock","12":"taxable","13":"shipping-taxable","14":"purchasable","15":"product-type-simple"},"_links":{"self":[{"href":"https:\/\/ryinz.cz\/velkoobchod\/pl\/wp-json\/wp\/v2\/product\/10421","targetHints":{"allow":["GET"]}}],"collection":[{"href":"https:\/\/ryinz.cz\/velkoobchod\/pl\/wp-json\/wp\/v2\/product"}],"about":[{"href":"https:\/\/ryinz.cz\/velkoobchod\/pl\/wp-json\/wp\/v2\/types\/product"}],"replies":[{"embeddable":true,"href":"https:\/\/ryinz.cz\/velkoobchod\/pl\/wp-json\/wp\/v2\/comments?post=10421"}],"wp:featuredmedia":[{"embeddable":true,"href":"https:\/\/ryinz.cz\/velkoobchod\/pl\/wp-json\/wp\/v2\/media\/10422"}],"wp:attachment":[{"href":"https:\/\/ryinz.cz\/velkoobchod\/pl\/wp-json\/wp\/v2\/media?parent=10421"}],"wp:term":[{"taxonomy":"product_brand","embeddable":true,"href":"https:\/\/ryinz.cz\/velkoobchod\/pl\/wp-json\/wp\/v2\/product_brand?post=10421"},{"taxonomy":"product_cat","embeddable":true,"href":"https:\/\/ryinz.cz\/velkoobchod\/pl\/wp-json\/wp\/v2\/product_cat?post=10421"},{"taxonomy":"product_tag","embeddable":true,"href":"https:\/\/ryinz.cz\/velkoobchod\/pl\/wp-json\/wp\/v2\/product_tag?post=10421"}],"curies":[{"name":"wp","href":"https:\/\/api.w.org\/{rel}","templated":true}]}}