{"id":10419,"date":"2025-11-02T12:26:00","date_gmt":"2025-11-02T12:26:00","guid":{"rendered":"https:\/\/ryinz.cz\/velkoobchod\/?post_type=product&#038;p=10419"},"modified":"2026-01-18T20:23:24","modified_gmt":"2026-01-18T20:23:24","slug":"ryinz-urbanstorm-jasnoszare-jeansy-motocyklowe-wzmocniony-jeans-z-certyfikatem-ce","status":"publish","type":"product","link":"https:\/\/ryinz.cz\/velkoobchod\/pl\/product\/ryinz-urbanstorm-light-grey-motorcycle-jeans-ce-certified-reinforced-riding-denim\/","title":{"rendered":"Jasnoszare jeansy motocyklowe RYINZ UrbanStorm - wzmocniony jeans z certyfikatem CE"},"content":{"rendered":"<p data-start=\"112\" data-end=\"498\">Poznaj <strong data-start=\"170\" data-end=\"218\">Jasnoszare jeansy motocyklowe RYINZ UrbanStorm<\/strong>, to kolejna ewolucja w ochronie motocykli miejskich - gdzie minimalistyczny europejski design spotyka si\u0119 z techniczn\u0105 doskona\u0142o\u015bci\u0105. Stworzone dla motocyklist\u00f3w, kt\u00f3rzy chc\u0105 pozosta\u0107 stylowi poza motocyklem, ale w pe\u0142ni chronieni na nim, te d\u017cinsy na nowo definiuj\u0105 komfort, wydajno\u015b\u0107 i bezpiecze\u0144stwo.<\/p>\n<p data-start=\"500\" data-end=\"983\">Wykonane z <strong data-start=\"510\" data-end=\"583\">Najwy\u017cszej jako\u015bci elastyczny denim o grubo\u015bci 12 uncji z domieszk\u0105 w\u0142\u00f3kien aramidowych DuPont\u2122 Kevlar\u00ae.<\/strong>, D\u017cinsy UrbanStorm zapewniaj\u0105 wyj\u0105tkow\u0105 odporno\u015b\u0107 na \u015bcieranie i rozdarcie. Panele aramidowe s\u0105 strategicznie rozmieszczone w miejscach nara\u017conych na uderzenia - kolanach, biodrach i siedzeniu - zapewniaj\u0105c ochron\u0119 klasy pancernej przy zachowaniu mi\u0119kkiej, elastycznej tekstury. W przeciwie\u0144stwie do niepor\u0119cznych tradycyjnych spodni je\u017adzieckich, te d\u017cinsy poruszaj\u0105 si\u0119 naturalnie wraz z cia\u0142em dzi\u0119ki zintegrowanemu <strong data-start=\"933\" data-end=\"956\">Strefy rozci\u0105gania w 4 kierunkach<\/strong> na kolanach i w kroku.<\/p>\n<p data-start=\"985\" data-end=\"1359\">Wyposa\u017cony w <strong data-start=\"999\" data-end=\"1024\">Ochraniacze CE poziom 1<\/strong> Ochraniacze na kolana i biodra spe\u0142niaj\u0105 normy EN 1621-1 i zapewniaj\u0105 niezawodn\u0105 absorpcj\u0119 uderze\u0144. Ochraniacze mo\u017cna \u0142atwo zdj\u0105\u0107, co pozwala na wszechstronne noszenie poza rowerem. Ochraniacze <strong data-start=\"1210\" data-end=\"1235\">pr\u0105\u017ckowane elastyczne panele<\/strong> na kolanach poprawiaj\u0105 mobilno\u015b\u0107 i ergonomi\u0119 jazdy, a wzmocniona konstrukcja siedziska zapewnia d\u0142ugotrwa\u0142\u0105 wytrzyma\u0142o\u015b\u0107.<\/p>\n<p data-start=\"1361\" data-end=\"1725\">Aby zapewni\u0107 przep\u0142yw powietrza i wygod\u0119, d\u017cinsy UrbanStorm obejmuj\u0105 <strong data-start=\"1419\" data-end=\"1442\">Podw\u00f3jne otwory wentylacyjne zapinane na zamek<\/strong> na udach - idealne na przeja\u017cd\u017cki w ciep\u0142e dni. Oddychaj\u0105ca podszewka z siateczki zwi\u0119ksza komfort, umo\u017cliwiaj\u0105c odprowadzanie potu, zapewniaj\u0105c ch\u0142\u00f3d nawet podczas d\u0142ugich podr\u00f3\u017cy. Wn\u0119trze <strong data-start=\"1612\" data-end=\"1648\">Anatomiczna, wst\u0119pnie zakrzywiona konstrukcja nogawki<\/strong> Zapewnia naturaln\u0105 postaw\u0119 podczas jazdy, zmniejszaj\u0105c nacisk na kolana i biodra.<\/p>\n<p data-start=\"1727\" data-end=\"1985\">Wyko\u0144czony w eleganckim <strong data-start=\"1750\" data-end=\"1776\">Jasnoszary sprany odcie\u0144<\/strong>, Te d\u017cinsy reprezentuj\u0105 wyrafinowany, wszechstronny wygl\u0105d, kt\u00f3ry z \u0142atwo\u015bci\u0105 \u0142\u0105czy si\u0119 z ka\u017cd\u0105 kurtk\u0105 lub butem. Eleganckie, tonalne szwy i subtelne logo RYINZ odzwierciedlaj\u0105 nowoczesn\u0105, dyskretn\u0105 pewno\u015b\u0107 siebie dzisiejszych je\u017ad\u017ac\u00f3w.<\/p>\n<p data-start=\"1987\" data-end=\"2431\">Linia UrbanStorm jest dumnym wyrazem <strong data-start=\"2039\" data-end=\"2095\">Misja RYINZ w zakresie praw cz\u0142owieka i wzmocnienia pozycji kobiet<\/strong>. Ka\u017cda para jest etycznie produkowana w certyfikowanych warsztatach w Pakistanie i Bangladeszu, zapewniaj\u0105c kobietom bezpieczne zatrudnienie i godziwe wynagrodzenie. Dzi\u0119ki wieloj\u0119zycznej inicjatywie wsparcia Ryinz 24\/7 pracownicy i ich rodziny maj\u0105 dost\u0119p do zdrowia psychicznego i pomocy emocjonalnej w ponad 110 j\u0119zykach - co jest \u015bwiadectwem filozofii Ryinz ukierunkowanej na cel.<\/p>\n<p data-start=\"2433\" data-end=\"2640\">Wybierz <strong data-start=\"2440\" data-end=\"2466\">Jeansy RYINZ UrbanStorm<\/strong> dla idealnej r\u00f3wnowagi mi\u0119dzy ochron\u0105, stylem i wsp\u00f3\u0142czuciem. Kiedy je\u017adzisz z Ryinz, nie nosisz tylko sprz\u0119tu ochronnego - nosisz warto\u015bci, kt\u00f3re chroni\u0105 \u017cycie.<\/p>\n<p data-start=\"2642\" data-end=\"2661\"><strong data-start=\"2642\" data-end=\"2659\">Kluczowe cechy:<\/strong><\/p>\n<ul data-start=\"2662\" data-end=\"3291\">\n<li data-start=\"2662\" data-end=\"2728\">\n<p data-start=\"2664\" data-end=\"2728\">Rozci\u0105gliwy denim premium 12 uncji ze wzmocnieniem DuPont\u2122 Kevlar\u00ae.<\/p>\n<\/li>\n<li data-start=\"2729\" data-end=\"2800\">\n<p data-start=\"2731\" data-end=\"2800\">Ochraniacze CE Level 1 na kolanach i biodrach (zdejmowane i regulowane).<\/p>\n<\/li>\n<li data-start=\"2801\" data-end=\"2866\">\n<p data-start=\"2803\" data-end=\"2866\">Wzmocnione panele aramidowe w strefach uderzenia (kolana, siedzenie, biodra).<\/p>\n<\/li>\n<li data-start=\"2867\" data-end=\"2929\">\n<p data-start=\"2869\" data-end=\"2929\">Rozci\u0105gliwe w 4 kierunkach panele zapewniaj\u0105 najwy\u017cszy komfort i elastyczno\u015b\u0107.<\/p>\n<\/li>\n<li data-start=\"2930\" data-end=\"2987\">\n<p data-start=\"2932\" data-end=\"2987\">\u017bebrowane sekcje kolan dla wi\u0119kszej mobilno\u015bci i stylu.<\/p>\n<\/li>\n<li data-start=\"2988\" data-end=\"3048\">\n<p data-start=\"2990\" data-end=\"3048\">Oddychaj\u0105ca podszewka z siateczki zapewnia kontrol\u0119 wilgoci i przep\u0142yw powietrza.<\/p>\n<\/li>\n<li data-start=\"3049\" data-end=\"3106\">\n<p data-start=\"3051\" data-end=\"3106\">Podw\u00f3jne otwory wentylacyjne na udach zapinane na zamek zapewniaj\u0105 regulacj\u0119 temperatury.<\/p>\n<\/li>\n<li data-start=\"3107\" data-end=\"3156\">\n<p data-start=\"3109\" data-end=\"3156\">Potr\u00f3jne szwy dla maksymalnej trwa\u0142o\u015bci.<\/p>\n<\/li>\n<li data-start=\"3157\" data-end=\"3215\">\n<p data-start=\"3159\" data-end=\"3215\">Subtelny branding RYINZ z eleganckim szarym wyko\u0144czeniem.<\/p>\n<\/li>\n<li data-start=\"3216\" data-end=\"3291\">\n<p data-start=\"3218\" data-end=\"3291\">Etyczna produkcja z uczciwym wynagrodzeniem i wzmocnieniem pozycji kobiet.<\/p>\n<\/li>\n<\/ul>\n<p data-start=\"3293\" data-end=\"3466\">Ka\u017cdy szczeg\u00f3\u0142 <strong data-start=\"3313\" data-end=\"3350\">Jasnoszare jeansy RYINZ UrbanStorm<\/strong> odzwierciedla oddanie - rowerzystom, bezpiecze\u0144stwu i ludzko\u015bci. Zaprojektowany dla wydajno\u015bci, zaprojektowany dla sumienia.<\/p>","protected":false},"excerpt":{"rendered":"<p>Jeansy motocyklowe RYINZ UrbanStorm Light Grey oferuj\u0105 ochron\u0119 z certyfikatem CE w eleganckim, nowoczesnym stylu. Wykonane z elastycznego denimu ze wzmocnieniami Kevlar\u00ae i wyjmowanym pancerzem, zapewniaj\u0105 elastyczno\u015b\u0107, bezpiecze\u0144stwo i wygod\u0119 podczas ka\u017cdej jazdy. Oddychaj\u0105ca podszewka z siatki, zapinane na zamek otwory wentylacyjne na udach i pr\u0105\u017ckowane panele na kolanach zwi\u0119kszaj\u0105 wydajno\u015b\u0107 i przep\u0142yw powietrza. Zaprojektowane w Europie i etycznie wykonane w ramach programu wzmocnienia pozycji kobiet Ryinz, ka\u017cda para wspiera prawa cz\u0142owieka i uczciw\u0105 prac\u0119. Ryinz jest inny - gdzie styl, bezpiecze\u0144stwo i wsp\u00f3\u0142czucie id\u0105 w parze.<\/p>","protected":false},"featured_media":10420,"comment_status":"closed","ping_status":"closed","template":"","meta":[],"product_brand":[35],"product_cat":[1111,1109],"product_tag":[1199,1183,1197,1160,1073,1196,1192,1191,1164,1158,1194,1193,1195,1198,1091],"class_list":{"0":"post-10419","1":"product","2":"type-product","3":"status-publish","4":"has-post-thumbnail","6":"product_brand-ryinz","7":"product_cat-motorbike","8":"product_cat-motorbike-apparel","9":"product_tag-abrasion-resistant-jeans","10":"product_tag-armored-denim","11":"product_tag-breathable-motorcycle-jeans","12":"product_tag-ce-approved-jeans","13":"product_tag-ethical-manufacturing","14":"product_tag-european-motorcycle-gear","15":"product_tag-kevlar-motorcycle-pants","16":"product_tag-light-grey-riding-jeans","17":"product_tag-motorcycle-apparel","18":"product_tag-motorcycle-jeans","19":"product_tag-protective-biker-pants","20":"product_tag-ryinz-motorcycle-jeans","21":"product_tag-stretch-motorcycle-jeans","22":"product_tag-stylish-biker-denim","23":"product_tag-women-empowerment","25":"first","26":"instock","27":"taxable","28":"shipping-taxable","29":"purchasable","30":"product-type-simple"},"_links":{"self":[{"href":"https:\/\/ryinz.cz\/velkoobchod\/pl\/wp-json\/wp\/v2\/product\/10419","targetHints":{"allow":["GET"]}}],"collection":[{"href":"https:\/\/ryinz.cz\/velkoobchod\/pl\/wp-json\/wp\/v2\/product"}],"about":[{"href":"https:\/\/ryinz.cz\/velkoobchod\/pl\/wp-json\/wp\/v2\/types\/product"}],"replies":[{"embeddable":true,"href":"https:\/\/ryinz.cz\/velkoobchod\/pl\/wp-json\/wp\/v2\/comments?post=10419"}],"wp:featuredmedia":[{"embeddable":true,"href":"https:\/\/ryinz.cz\/velkoobchod\/pl\/wp-json\/wp\/v2\/media\/10420"}],"wp:attachment":[{"href":"https:\/\/ryinz.cz\/velkoobchod\/pl\/wp-json\/wp\/v2\/media?parent=10419"}],"wp:term":[{"taxonomy":"product_brand","embeddable":true,"href":"https:\/\/ryinz.cz\/velkoobchod\/pl\/wp-json\/wp\/v2\/product_brand?post=10419"},{"taxonomy":"product_cat","embeddable":true,"href":"https:\/\/ryinz.cz\/velkoobchod\/pl\/wp-json\/wp\/v2\/product_cat?post=10419"},{"taxonomy":"product_tag","embeddable":true,"href":"https:\/\/ryinz.cz\/velkoobchod\/pl\/wp-json\/wp\/v2\/product_tag?post=10419"}],"curies":[{"name":"wp","href":"https:\/\/api.w.org\/{rel}","templated":true}]}}