{"id":10196,"date":"2025-10-19T10:42:40","date_gmt":"2025-10-19T10:42:40","guid":{"rendered":"https:\/\/ryinz.cz\/velkoobchod\/?post_type=product&#038;p=10196"},"modified":"2026-01-18T20:20:36","modified_gmt":"2026-01-18T20:20:36","slug":"ryinz-brazowe-skorzane-rekawice-motocyklowe-premium-skora-bydleca-wzmocniona-ochrona-komfort-podrozowania-certyfikat-ce","status":"publish","type":"product","link":"https:\/\/ryinz.cz\/velkoobchod\/pl\/product\/ryinz-brown-leather-motorcycle-gloves-premium-cowhide-reinforced-protection-touring-comfort-ce-certified\/","title":{"rendered":"Br\u0105zowe sk\u00f3rzane r\u0119kawice motocyklowe RYINZ - najwy\u017cszej jako\u015bci sk\u00f3ra bydl\u0119ca, wzmocniona ochrona i wygoda w podr\u00f3\u017cy | Certyfikat CE"},"content":{"rendered":"<p data-start=\"1019\" data-end=\"1335\">The <strong data-start=\"1023\" data-end=\"1064\">Br\u0105zowe sk\u00f3rzane r\u0119kawice motocyklowe RYINZ<\/strong> s\u0105 tam, gdzie klasyczne rzemios\u0142o spotyka si\u0119 z nowoczesn\u0105 ochron\u0105 podczas jazdy. Zaprojektowany dla tych, kt\u00f3rzy ceni\u0105 zar\u00f3wno <strong data-start=\"1163\" data-end=\"1183\">styl i bezpiecze\u0144stwo<\/strong>, R\u0119kawice te s\u0105 wykonane z <strong data-start=\"1212\" data-end=\"1244\">Sk\u00f3ra bydl\u0119ca premium 100%<\/strong>, zapewniaj\u0105c trwa\u0142o\u015b\u0107, wygod\u0119 i naturaln\u0105 mi\u0119kko\u015b\u0107, kt\u00f3ra poprawia si\u0119 z ka\u017cd\u0105 jazd\u0105.<\/p>\n<p data-start=\"1337\" data-end=\"1657\">Zaprojektowane z my\u015bl\u0105 o prawdziwych kolarzach r\u0119kawice obejmuj\u0105 <strong data-start=\"1384\" data-end=\"1414\">wzmocniona wy\u015bci\u00f3\u0142ka kostek<\/strong> kt\u00f3ra absorbuje uderzenia i zmniejsza obci\u0105\u017cenie podczas d\u0142ugich przeja\u017cd\u017cek. Opaska <strong data-start=\"1477\" data-end=\"1527\">obszar d\u0142oni posiada dwuwarstwowe sk\u00f3rzane panele<\/strong> dla dodatkowej ochrony i kontroli chwytu, podczas gdy <strong data-start=\"1573\" data-end=\"1602\">Sekcje mikroperforowane<\/strong> Zwi\u0119kszona wentylacja zapewnia ch\u0142\u00f3d i sucho\u015b\u0107 d\u0142oni.<\/p>\n<p data-start=\"1659\" data-end=\"1940\">The <strong data-start=\"1663\" data-end=\"1694\">Ergonomiczna, wst\u0119pnie zakrzywiona konstrukcja<\/strong> zapewnia idealne, naturalne dopasowanie, zmniejszaj\u0105c zm\u0119czenie d\u0142oni i oferuj\u0105c doskona\u0142\u0105 elastyczno\u015b\u0107. Z <strong data-start=\"1791\" data-end=\"1818\">regulowany pasek na rzep<\/strong> W nadgarstku r\u0119kawice s\u0105 bezpiecznie i wygodnie dopasowane, chroni\u0105c przed wiatrem i kurzem, jednocze\u015bnie zachowuj\u0105c pe\u0142n\u0105 swobod\u0119 ruch\u00f3w nadgarstka.<\/p>\n<p data-start=\"1942\" data-end=\"2255\">Wizualnie, bogaty <strong data-start=\"1961\" data-end=\"2022\">Br\u0105zowe sk\u00f3rzane wyko\u0144czenie w po\u0142\u0105czeniu z czarnymi kontrastowymi detalami<\/strong> nadaje tym r\u0119kawicom elegancki, inspirowany stylem vintage wygl\u0105d - elegancki, a jednocze\u015bnie wytrzyma\u0142y, pasuj\u0105cy do ka\u017cdej kurtki turystycznej lub zwyk\u0142ego sprz\u0119tu je\u017adzieckiego. R\u0119kawice <strong data-start=\"2150\" data-end=\"2174\">subtelne czerwone szwy<\/strong> dodaje najwy\u017cszej jako\u015bci detal, kt\u00f3ry odzwierciedla zaanga\u017cowanie RYINZ w doskona\u0142o\u015b\u0107.<\/p>\n<p data-start=\"2257\" data-end=\"2624\">Odpowiedni dla <strong data-start=\"2270\" data-end=\"2326\">Turystyka motocyklowa, dojazdy do pracy w mie\u015bcie i zwyk\u0142e przeja\u017cd\u017cki<\/strong>, R\u0119kawice te s\u0105 wszechstronnym wyborem na ka\u017cd\u0105 por\u0119 roku. Zbudowane z my\u015bl\u0105 o trwa\u0142o\u015bci i wydajno\u015bci, uciele\u015bniaj\u0105 filozofi\u0119 RYINZ dotycz\u0105c\u0105 jako\u015bci poprzez odpowiedzialno\u015b\u0107 - ka\u017cda para jest produkowana w ramach <strong data-start=\"2501\" data-end=\"2531\">etyczne warunki pracy<\/strong>, wspieraj\u0105cy <strong data-start=\"2544\" data-end=\"2592\">Wzmocnienie pozycji kobiet i uczciwe praktyki pracy<\/strong> w r\u00f3\u017cnych zak\u0142adach produkcyjnych.<\/p>\n<p data-start=\"2626\" data-end=\"2729\">Ka\u017cda przeja\u017cd\u017cka staje si\u0119 bardziej znacz\u0105ca z RYINZ - mark\u0105, kt\u00f3ra \u0142\u0105czy ochron\u0119, pasj\u0119 i cel.<\/p>\n<p data-start=\"2731\" data-end=\"2813\"><strong data-start=\"2731\" data-end=\"2773\">RYINZ - Inspirowany warto\u015bciami od 1975 roku.<\/strong><br data-start=\"2773\" data-end=\"2776\" \/>Jed\u017a z dum\u0105. Je\u017adzi\u0107 z celem.<\/p>\n<hr data-start=\"2815\" data-end=\"2818\" \/>\n<h2 data-start=\"2820\" data-end=\"2857\">\u2699\ufe0f <strong data-start=\"2826\" data-end=\"2855\">Specyfikacja techniczna:<\/strong><\/h2>\n<ul data-start=\"2858\" data-end=\"3344\">\n<li data-start=\"2858\" data-end=\"2904\">\n<p data-start=\"2860\" data-end=\"2904\"><strong data-start=\"2860\" data-end=\"2873\">Materia\u0142:<\/strong> 100% Najwy\u017cszej jako\u015bci sk\u00f3ra bydl\u0119ca<\/p>\n<\/li>\n<li data-start=\"2905\" data-end=\"2982\">\n<p data-start=\"2907\" data-end=\"2982\"><strong data-start=\"2907\" data-end=\"2922\">Ochrona:<\/strong> Wzmocniona wy\u015bci\u00f3\u0142ka kostek + dwuwarstwowa ochrona d\u0142oni<\/p>\n<\/li>\n<li data-start=\"2983\" data-end=\"3035\">\n<p data-start=\"2985\" data-end=\"3035\"><strong data-start=\"2985\" data-end=\"3001\">Wentylacja:<\/strong> Sk\u00f3rzane panele z mikroperforacj\u0105<\/p>\n<\/li>\n<li data-start=\"3036\" data-end=\"3099\">\n<p data-start=\"3038\" data-end=\"3099\"><strong data-start=\"3038\" data-end=\"3046\">Dopasowanie:<\/strong> Wst\u0119pnie zakrzywione palce + regulowany pasek na nadgarstek z rzepem<\/p>\n<\/li>\n<li data-start=\"3100\" data-end=\"3145\">\n<p data-start=\"3102\" data-end=\"3145\"><strong data-start=\"3102\" data-end=\"3111\">Uchwyt:<\/strong> Antypo\u015blizgowe wzmocnione strefy d\u0142oni<\/p>\n<\/li>\n<li data-start=\"3146\" data-end=\"3202\">\n<p data-start=\"3148\" data-end=\"3202\"><strong data-start=\"3148\" data-end=\"3159\">Projekt:<\/strong> Br\u0105zowy z czarnymi akcentami i czerwonymi przeszyciami<\/p>\n<\/li>\n<li data-start=\"3203\" data-end=\"3262\">\n<p data-start=\"3205\" data-end=\"3262\"><strong data-start=\"3205\" data-end=\"3213\">U\u017cycie:<\/strong> Idealny do jazdy turystycznej, dojazd\u00f3w do pracy i codziennej jazdy<\/p>\n<\/li>\n<li data-start=\"3263\" data-end=\"3344\">\n<p data-start=\"3265\" data-end=\"3344\"><strong data-start=\"3265\" data-end=\"3275\">Marka:<\/strong> RYINZ - europejska jako\u015b\u0107, etyczna produkcja, wspieranie kobiet<\/p>\n<\/li>\n<\/ul>","protected":false},"excerpt":{"rendered":"<p>The <strong data-start=\"401\" data-end=\"442\">Br\u0105zowe sk\u00f3rzane r\u0119kawice motocyklowe RYINZ<\/strong> \u0142\u0105cz\u0105 ponadczasowy design z profesjonaln\u0105 ochron\u0105. Wykonane z <strong data-start=\"510\" data-end=\"542\">Sk\u00f3ra bydl\u0119ca premium 100%<\/strong>, s\u0105 one wyposa\u017cone w <strong data-start=\"557\" data-end=\"590\">wzmocniona ochrona kostek<\/strong>, <strong data-start=\"592\" data-end=\"608\">wy\u015bcie\u0142ane d\u0142onie<\/strong>, oraz <strong data-start=\"614\" data-end=\"638\">Antypo\u015blizgowe strefy uchwytu<\/strong> dla pe\u0142nej kontroli i komfortu. Perforowane sekcje zapewniaj\u0105 oddychalno\u015b\u0107, podczas gdy <strong data-start=\"725\" data-end=\"747\">Pasek na nadgarstek na rzep<\/strong> gwarantuje bezpieczne, regulowane dopasowanie. Idealne dla <strong data-start=\"797\" data-end=\"827\">Jazda turystyczna i codzienna<\/strong>, R\u0119kawice te r\u00f3wnowa\u017c\u0105 luksusow\u0105 estetyk\u0119 z charakterystycznym dla RYINZ zaanga\u017cowaniem w bezpiecze\u0144stwo, jako\u015b\u0107 i odpowiedzialn\u0105 produkcj\u0119.<\/p>","protected":false},"featured_media":10197,"comment_status":"closed","ping_status":"closed","template":"","meta":[],"product_brand":[35],"product_cat":[1111,380,122],"product_tag":[937,934,408,938,912,923,915,928,909,936,862,940,935,939,866],"class_list":{"0":"post-10196","1":"product","2":"type-product","3":"status-publish","4":"has-post-thumbnail","6":"product_brand-ryinz","7":"product_cat-motorbike","8":"product_cat-motorbike-gloves","9":"product_cat-motorbike-racing-gloves","11":"product_tag-brown-biker-gloves","12":"product_tag-ce-certified-gloves","13":"product_tag-classic-motorcycle-gloves","14":"product_tag-durable-touring-gloves","15":"product_tag-ethical-motorcycle-apparel","16":"product_tag-motorcycle-leather-gloves","17":"product_tag-premium-cowhide-gloves","18":"product_tag-protective-biker-gloves","19":"product_tag-reinforced-riding-gloves","20":"product_tag-ryinz-motorcycle-gear","21":"product_tag-stylish-motorbike-accessories","22":"product_tag-touring-motorcycle-gloves","23":"product_tag-ventilated-leather-gloves","24":"product_tag-women-empowerment-brand","26":"first","27":"instock","28":"taxable","29":"shipping-taxable","30":"purchasable","31":"product-type-simple"},"_links":{"self":[{"href":"https:\/\/ryinz.cz\/velkoobchod\/pl\/wp-json\/wp\/v2\/product\/10196","targetHints":{"allow":["GET"]}}],"collection":[{"href":"https:\/\/ryinz.cz\/velkoobchod\/pl\/wp-json\/wp\/v2\/product"}],"about":[{"href":"https:\/\/ryinz.cz\/velkoobchod\/pl\/wp-json\/wp\/v2\/types\/product"}],"replies":[{"embeddable":true,"href":"https:\/\/ryinz.cz\/velkoobchod\/pl\/wp-json\/wp\/v2\/comments?post=10196"}],"wp:featuredmedia":[{"embeddable":true,"href":"https:\/\/ryinz.cz\/velkoobchod\/pl\/wp-json\/wp\/v2\/media\/10197"}],"wp:attachment":[{"href":"https:\/\/ryinz.cz\/velkoobchod\/pl\/wp-json\/wp\/v2\/media?parent=10196"}],"wp:term":[{"taxonomy":"product_brand","embeddable":true,"href":"https:\/\/ryinz.cz\/velkoobchod\/pl\/wp-json\/wp\/v2\/product_brand?post=10196"},{"taxonomy":"product_cat","embeddable":true,"href":"https:\/\/ryinz.cz\/velkoobchod\/pl\/wp-json\/wp\/v2\/product_cat?post=10196"},{"taxonomy":"product_tag","embeddable":true,"href":"https:\/\/ryinz.cz\/velkoobchod\/pl\/wp-json\/wp\/v2\/product_tag?post=10196"}],"curies":[{"name":"wp","href":"https:\/\/api.w.org\/{rel}","templated":true}]}}