{"id":10194,"date":"2025-10-19T10:39:40","date_gmt":"2025-10-19T10:39:40","guid":{"rendered":"https:\/\/ryinz.cz\/velkoobchod\/?post_type=product&#038;p=10194"},"modified":"2026-01-18T20:20:24","modified_gmt":"2026-01-18T20:20:24","slug":"ryinz-niebieskie-czerwone-skorzane-rekawice-motocyklowe-ochrona-ce-rekawice-sportowe-rekawice-turystyczne","status":"publish","type":"product","link":"https:\/\/ryinz.cz\/velkoobchod\/pl\/product\/ryinz-blue-red-leather-motorcycle-gloves-ce-protection-sport-riding-touring-gloves\/","title":{"rendered":"Niebiesko-czerwone sk\u00f3rzane r\u0119kawice motocyklowe RYINZ - ochrona CE | R\u0119kawice sportowe i turystyczne"},"content":{"rendered":"<p data-start=\"953\" data-end=\"1286\">The <strong data-start=\"957\" data-end=\"1001\">Niebiesko-czerwone sk\u00f3rzane r\u0119kawice motocyklowe RYINZ<\/strong> s\u0105 przeznaczone dla rowerzyst\u00f3w, kt\u00f3rzy chc\u0105 <strong data-start=\"1037\" data-end=\"1078\">Dynamiczny styl i niezawodna ochrona<\/strong> podczas ka\u017cdej jazdy. Zaprojektowane z dba\u0142o\u015bci\u0105 o szczeg\u00f3\u0142y i wykonane z <strong data-start=\"1142\" data-end=\"1169\">Najwy\u017cszej jako\u015bci sk\u00f3ra bydl\u0119ca<\/strong>, Zapewniaj\u0105 trwa\u0142o\u015b\u0107, przyczepno\u015b\u0107 i elastyczno\u015b\u0107, aby sprosta\u0107 wymaganiom zar\u00f3wno profesjonalnych, jak i rekreacyjnych rowerzyst\u00f3w.<\/p>\n<p data-start=\"1288\" data-end=\"1595\">Zaprojektowany z <strong data-start=\"1304\" data-end=\"1339\">Ochraniacze kostek o wysokiej g\u0119sto\u015bci<\/strong> oraz <strong data-start=\"1344\" data-end=\"1370\">Wk\u0142adki TPR na palcach<\/strong>, R\u0119kawice te zapewniaj\u0105 bezpiecze\u0144stwo podczas uderze\u0144 przy zachowaniu wyj\u0105tkowego komfortu. R\u0119kawice <strong data-start=\"1456\" data-end=\"1483\">wzmocniona sk\u00f3rzana d\u0142o\u0144<\/strong> zapewnia doskona\u0142\u0105 odporno\u015b\u0107 na \u015bcieranie i pewny chwyt kierownicy, nawet podczas d\u0142ugodystansowych wycieczek.<\/p>\n<p data-start=\"1597\" data-end=\"1889\">Aby zwi\u0119kszy\u0107 komfort w cieplejsze dni <strong data-start=\"1639\" data-end=\"1668\">perforowane sk\u00f3rzane panele<\/strong> z przodu umo\u017cliwiaj\u0105 naturalny przep\u0142yw powietrza, zapobiegaj\u0105c gromadzeniu si\u0119 potu przy jednoczesnym zachowaniu dopasowania. W <strong data-start=\"1764\" data-end=\"1786\">Pasek na nadgarstek na rzep<\/strong> zapewnia szybk\u0105 regulacj\u0119, a <strong data-start=\"1821\" data-end=\"1837\">elastyczny mankiet<\/strong> utrzymuje r\u0119kawic\u0119 na miejscu podczas szybkiej jazdy.<\/p>\n<p data-start=\"1891\" data-end=\"2153\">Po\u0142\u0105czenie <strong data-start=\"1910\" data-end=\"1949\">czerwone, niebieskie, czarne i bia\u0142e akcenty<\/strong> nadaje tym r\u0119kawicom nowoczesny wy\u015bcigowy wygl\u0105d - odwa\u017cny, energiczny i niepowtarzalny RYINZ. Model <strong data-start=\"2037\" data-end=\"2065\">wst\u0119pnie zakrzywiona konstrukcja palc\u00f3w<\/strong> Zmniejsza zm\u0119czenie d\u0142oni, pozwalaj\u0105c rowerzystom zachowa\u0107 naturalny chwyt dla maksymalnej kontroli.<\/p>\n<p data-start=\"2155\" data-end=\"2469\">Ka\u017cda r\u0119kawica RYINZ jest produkowana pod <strong data-start=\"2191\" data-end=\"2221\">etyczne warunki pracy<\/strong>, wspieraj\u0105cy <strong data-start=\"2234\" data-end=\"2282\">uczciwe standardy pracy i wzmocnienie pozycji kobiet<\/strong> we wszystkich zak\u0142adach produkcyjnych. Wyb\u00f3r RYINZ oznacza wspieranie praw cz\u0142owieka, zr\u00f3wnowa\u017conych praktyk i marki, kt\u00f3ra wierzy, \u017ce ka\u017cdy produkt powinien mie\u0107 cel i warto\u015b\u0107 wykraczaj\u0105c\u0105 poza zysk.<\/p>\n<p data-start=\"2471\" data-end=\"2643\">Idealny dla <strong data-start=\"2481\" data-end=\"2543\">motocykli\u015bci sportowi, entuzja\u015bci turystyki i osoby doje\u017cd\u017caj\u0105ce do pracy w mie\u015bcie<\/strong>, R\u0119kawice RYINZ Blue-Red reprezentuj\u0105 wydajno\u015b\u0107, osobowo\u015b\u0107 i ochron\u0119 w doskona\u0142ej r\u00f3wnowadze.<\/p>\n<p data-start=\"2645\" data-end=\"2732\"><strong data-start=\"2645\" data-end=\"2687\">RYINZ - Inspirowany warto\u015bciami od 1975 roku.<\/strong><br data-start=\"2687\" data-end=\"2690\" \/>Jed\u017a bezpiecznie. Je\u017adzi\u0107 odwa\u017cnie. Jazda z sensem.<\/p>\n<hr data-start=\"2734\" data-end=\"2737\" \/>\n<h2 data-start=\"2739\" data-end=\"2774\">\u2699\ufe0f <strong data-start=\"2745\" data-end=\"2774\">Specyfikacja techniczna:<\/strong><\/h2>\n<ul data-start=\"2775\" data-end=\"3260\">\n<li data-start=\"2775\" data-end=\"2844\">\n<p data-start=\"2777\" data-end=\"2844\"><strong data-start=\"2777\" data-end=\"2790\">Materia\u0142:<\/strong> 100% Sk\u00f3ra bydl\u0119ca Premium z perforowanymi panelami<\/p>\n<\/li>\n<li data-start=\"2845\" data-end=\"2903\">\n<p data-start=\"2847\" data-end=\"2903\"><strong data-start=\"2847\" data-end=\"2862\">Ochrona:<\/strong> Twardy pancerz na kostki + ochraniacze palc\u00f3w TPR<\/p>\n<\/li>\n<li data-start=\"2904\" data-end=\"2959\">\n<p data-start=\"2906\" data-end=\"2959\"><strong data-start=\"2906\" data-end=\"2915\">D\u0142o\u0144:<\/strong> Wzmocniona sk\u00f3ra z antypo\u015blizgow\u0105 wy\u015bci\u00f3\u0142k\u0105<\/p>\n<\/li>\n<li data-start=\"2960\" data-end=\"3021\">\n<p data-start=\"2962\" data-end=\"3021\"><strong data-start=\"2962\" data-end=\"2978\">Wentylacja:<\/strong> Perforowane strefy dla przep\u0142ywu powietrza i komfortu<\/p>\n<\/li>\n<li data-start=\"3022\" data-end=\"3068\">\n<p data-start=\"3024\" data-end=\"3068\"><strong data-start=\"3024\" data-end=\"3036\">Zamkni\u0119cie:<\/strong> Regulowany pasek na nadgarstek na rzep<\/p>\n<\/li>\n<li data-start=\"3069\" data-end=\"3121\">\n<p data-start=\"3071\" data-end=\"3121\"><strong data-start=\"3071\" data-end=\"3082\">Projekt:<\/strong> Wst\u0119pnie zakrzywione palce dla ergonomicznego dopasowania<\/p>\n<\/li>\n<li data-start=\"3122\" data-end=\"3178\">\n<p data-start=\"3124\" data-end=\"3178\"><strong data-start=\"3124\" data-end=\"3132\">U\u017cycie:<\/strong> Idealny dla kierowc\u00f3w sportowych, turystycznych i ulicznych<\/p>\n<\/li>\n<li data-start=\"3179\" data-end=\"3260\">\n<p data-start=\"3181\" data-end=\"3260\"><strong data-start=\"3181\" data-end=\"3191\">Marka:<\/strong> RYINZ - europejska jako\u015b\u0107, etyczna produkcja, wspieranie kobiet<\/p>\n<\/li>\n<\/ul>","protected":false},"excerpt":{"rendered":"<p>Dodaj kolor i ochron\u0119 do swojej jazdy dzi\u0119ki <strong data-start=\"392\" data-end=\"428\">Niebiesko-czerwone r\u0119kawice motocyklowe RYINZ<\/strong>, wykonane z <strong data-start=\"440\" data-end=\"467\">Najwy\u017cszej jako\u015bci sk\u00f3ra bydl\u0119ca<\/strong> z <strong data-start=\"473\" data-end=\"501\">wzmocniony pancerz goleni<\/strong> oraz <strong data-start=\"506\" data-end=\"527\">Os\u0142ony palc\u00f3w TPR<\/strong> dla najwy\u017cszego bezpiecze\u0144stwa. The <strong data-start=\"553\" data-end=\"586\">Wentylowana perforowana sk\u00f3ra<\/strong> zapewnia przep\u0142yw powietrza, podczas gdy <strong data-start=\"614\" data-end=\"631\">ergonomiczne dopasowanie<\/strong> oraz <strong data-start=\"636\" data-end=\"662\">antypo\u015blizgowa wy\u015bci\u00f3\u0142ka d\u0142oni<\/strong> zapewniaj\u0105 pe\u0142n\u0105 kontrol\u0119 i komfort. Zaprojektowany dla <strong data-start=\"710\" data-end=\"738\">kolarze sportowi i turystyczni<\/strong>, Te r\u0119kawice \u0142\u0105cz\u0105 w sobie \u017cywy design, nowoczesn\u0105 ochron\u0119 i zaufane rzemios\u0142o <strong data-start=\"829\" data-end=\"838\">RYINZ<\/strong> - dla tych, kt\u00f3rzy je\u017cd\u017c\u0105 z pewno\u015bci\u0105 siebie i pasj\u0105.<\/p>","protected":false},"featured_media":10195,"comment_status":"closed","ping_status":"closed","template":"","meta":[],"product_brand":[35],"product_cat":[1111,380],"product_tag":[932,933,927,926,924,923,914,915,928,930,931,862,925,929,866],"class_list":{"0":"post-10194","1":"product","2":"type-product","3":"status-publish","4":"has-post-thumbnail","6":"product_brand-ryinz","7":"product_cat-motorbike","8":"product_cat-motorbike-gloves","9":"product_tag-all-season-biker-gloves","10":"product_tag-anti-slip-palm-gloves","11":"product_tag-blue-red-biker-gloves","12":"product_tag-ce-protective-gloves","13":"product_tag-durable-motorbike-gloves","14":"product_tag-ethical-motorcycle-apparel","15":"product_tag-european-motorcycle-accessories","16":"product_tag-motorcycle-leather-gloves","17":"product_tag-premium-cowhide-gloves","18":"product_tag-protective-touring-gloves","19":"product_tag-racing-style-gloves","20":"product_tag-ryinz-motorcycle-gear","21":"product_tag-sport-bike-gloves","22":"product_tag-ventilated-riding-gloves","23":"product_tag-women-empowerment-brand","25":"first","26":"instock","27":"taxable","28":"shipping-taxable","29":"purchasable","30":"product-type-simple"},"_links":{"self":[{"href":"https:\/\/ryinz.cz\/velkoobchod\/pl\/wp-json\/wp\/v2\/product\/10194","targetHints":{"allow":["GET"]}}],"collection":[{"href":"https:\/\/ryinz.cz\/velkoobchod\/pl\/wp-json\/wp\/v2\/product"}],"about":[{"href":"https:\/\/ryinz.cz\/velkoobchod\/pl\/wp-json\/wp\/v2\/types\/product"}],"replies":[{"embeddable":true,"href":"https:\/\/ryinz.cz\/velkoobchod\/pl\/wp-json\/wp\/v2\/comments?post=10194"}],"wp:featuredmedia":[{"embeddable":true,"href":"https:\/\/ryinz.cz\/velkoobchod\/pl\/wp-json\/wp\/v2\/media\/10195"}],"wp:attachment":[{"href":"https:\/\/ryinz.cz\/velkoobchod\/pl\/wp-json\/wp\/v2\/media?parent=10194"}],"wp:term":[{"taxonomy":"product_brand","embeddable":true,"href":"https:\/\/ryinz.cz\/velkoobchod\/pl\/wp-json\/wp\/v2\/product_brand?post=10194"},{"taxonomy":"product_cat","embeddable":true,"href":"https:\/\/ryinz.cz\/velkoobchod\/pl\/wp-json\/wp\/v2\/product_cat?post=10194"},{"taxonomy":"product_tag","embeddable":true,"href":"https:\/\/ryinz.cz\/velkoobchod\/pl\/wp-json\/wp\/v2\/product_tag?post=10194"}],"curies":[{"name":"wp","href":"https:\/\/api.w.org\/{rel}","templated":true}]}}