{"id":10185,"date":"2025-10-19T10:12:21","date_gmt":"2025-10-19T10:12:21","guid":{"rendered":"https:\/\/ryinz.cz\/velkoobchod\/?post_type=product&#038;p=10185"},"modified":"2026-01-18T20:24:09","modified_gmt":"2026-01-18T20:24:09","slug":"kurtka-motocyklowa-ryinz-coral-red-premium-cowhide-ce-level-2-protection-3-in-1-touring-casual-wear","status":"publish","type":"product","link":"https:\/\/ryinz.cz\/velkoobchod\/pl\/product\/ryinz-coral-red-premium-cowhide-motorcycle-jacket-ce-level-2-protection-3-in-1-touring-casual-wear\/","title":{"rendered":"Kurtka motocyklowa RYINZ Coral Red Premium ze sk\u00f3ry bydl\u0119cej - ochrona CE poziom 2 | 3 w 1 Odzie\u017c turystyczna i codzienna"},"content":{"rendered":"<p data-start=\"1045\" data-end=\"1311\">The <strong data-start=\"1049\" data-end=\"1094\">Kurtka motocyklowa RYINZ Coral Red Premium<\/strong> jest przeznaczony dla tych, kt\u00f3rzy je\u017cd\u017c\u0105 pewnie i stylowo. Idealne po\u0142\u0105czenie <strong data-start=\"1172\" data-end=\"1215\">Kobieca elegancja i solidna ochrona<\/strong>, Ta kurtka \u0142\u0105czy europejski kunszt z ponadczasowym designem i funkcjonaln\u0105 wydajno\u015bci\u0105.<\/p>\n<p data-start=\"1313\" data-end=\"1708\">Zbudowany z <strong data-start=\"1330\" data-end=\"1362\">100% prawdziwa sk\u00f3ra bydl\u0119ca<\/strong>, Zapewnia d\u0142ugotrwa\u0142\u0105 trwa\u0142o\u015b\u0107 i elastyczno\u015b\u0107, oferuj\u0105c jednocze\u015bnie doskona\u0142\u0105 odporno\u015b\u0107 na \u015bcieranie. Wyposa\u017cony w <strong data-start=\"1476\" data-end=\"1511\">zdejmowane ochraniacze CE Level 2<\/strong> Na ramionach i \u0142okciach kurtka zapewnia najwy\u017cszy poziom bezpiecze\u0144stwa certyfikowany zgodnie z normami europejskimi. Wzmocnione szwy, g\u0142adkie zamki b\u0142yskawiczne i dopasowany kr\u00f3j sprawiaj\u0105, \u017ce jest r\u00f3wnie niezawodna, co stylowa.<\/p>\n<p data-start=\"1710\" data-end=\"1980\">Jego <strong data-start=\"1714\" data-end=\"1747\">W pe\u0142ni wyjmowana wk\u0142adka termiczna<\/strong> umo\u017cliwia \u0142atw\u0105 adaptacj\u0119 do zmieniaj\u0105cych si\u0119 warunk\u00f3w pogodowych - przytulny na zimowe przeja\u017cd\u017cki, lekki na cieplejsze dni. Po usuni\u0119ciu wk\u0142adki i ochraniaczy staje si\u0119 <strong data-start=\"1912\" data-end=\"1942\">elegancka sk\u00f3rzana kurtka casual<\/strong>, idealny do noszenia na co dzie\u0144 lub w podr\u00f3\u017cy.<\/p>\n<p data-start=\"1982\" data-end=\"2437\">The <strong data-start=\"1986\" data-end=\"2007\">koralowoczerwona sk\u00f3ra<\/strong> zaakcentowane <strong data-start=\"2022\" data-end=\"2046\">be\u017cowe paski wy\u015bcigowe<\/strong> nadaje jej wyj\u0105tkow\u0105, modn\u0105 osobowo\u015b\u0107, kt\u00f3ra odr\u00f3\u017cnia j\u0105 od standardowego sprz\u0119tu motocyklowego. Haftowane naszywki RYINZ i eleganckie krawiectwo dodaj\u0105 uroku dziedzictwa, odzwierciedlaj\u0105c zar\u00f3wno \u015bmia\u0142o\u015b\u0107, jak i wyrafinowanie. Funkcjonalne cechy konstrukcyjne - takie jak <strong data-start=\"2291\" data-end=\"2318\">bezpieczne kieszenie zapinane na zamek<\/strong>, <strong data-start=\"2320\" data-end=\"2345\">Regulowane paski w talii<\/strong>, oraz <strong data-start=\"2353\" data-end=\"2375\">Ko\u0142nierz zapinany na zatrzaski<\/strong> - zapewniaj\u0105 komfort i wygod\u0119 zar\u00f3wno na motocyklu, jak i poza nim.<\/p>\n<p data-start=\"2439\" data-end=\"2712\">Beyond design, <strong data-start=\"2454\" data-end=\"2485\">RYINZ oznacza cel.<\/strong> Ka\u017cda kurtka jest produkowana etycznie, wspieraj\u0105c <strong data-start=\"2532\" data-end=\"2583\">Wzmocnienie pozycji kobiet i sprawiedliwe warunki pracy<\/strong> w produkcji. Ka\u017cdy element nosi w sobie ducha RYINZ - symbol odpowiedzialno\u015bci, kreatywno\u015bci i szacunku dla ludzkich warto\u015bci.<\/p>\n<p data-start=\"2714\" data-end=\"2852\">Zar\u00f3wno dla kobiet je\u017cd\u017c\u0105cych na rowerze, jak i mi\u0142o\u015bnik\u00f3w stylu <strong data-start=\"2759\" data-end=\"2785\">Kurtka RYINZ Coral Red<\/strong> zapewnia pewno\u015b\u0107 siebie, kolor i komfort, kt\u00f3re nigdy nie pozostaj\u0105 niezauwa\u017cone.<\/p>\n<p data-start=\"2854\" data-end=\"2923\"><strong data-start=\"2854\" data-end=\"2896\">RYINZ - Inspirowany warto\u015bciami od 1975 roku.<\/strong><br data-start=\"2896\" data-end=\"2899\" \/>Jed\u017a dumnie. \u017byj odwa\u017cnie.<\/p>\n<hr data-start=\"2925\" data-end=\"2928\" \/>\n<h2 data-start=\"2930\" data-end=\"2965\">\u2699\ufe0f <strong data-start=\"2936\" data-end=\"2965\">Specyfikacja techniczna:<\/strong><\/h2>\n<ul data-start=\"2966\" data-end=\"3480\">\n<li data-start=\"2966\" data-end=\"3026\">\n<p data-start=\"2968\" data-end=\"3026\"><strong data-start=\"2968\" data-end=\"2987\">Materia\u0142 zewn\u0119trzny:<\/strong> 100% Najwy\u017cszej jako\u015bci naturalna sk\u00f3ra bydl\u0119ca<\/p>\n<\/li>\n<li data-start=\"3027\" data-end=\"3107\">\n<p data-start=\"3029\" data-end=\"3107\"><strong data-start=\"3029\" data-end=\"3044\">Ochraniacze:<\/strong> Zdejmowane ochraniacze ramion i \u0142okci z certyfikatem CE Level 2<\/p>\n<\/li>\n<li data-start=\"3108\" data-end=\"3170\">\n<p data-start=\"3110\" data-end=\"3170\"><strong data-start=\"3110\" data-end=\"3121\">Podszewka:<\/strong> W pe\u0142ni wyjmowana wk\u0142adka termiczna na zimne dni<\/p>\n<\/li>\n<li data-start=\"3171\" data-end=\"3244\">\n<p data-start=\"3173\" data-end=\"3244\"><strong data-start=\"3173\" data-end=\"3184\">Projekt:<\/strong> Funkcja 3 w 1 - kurtka motocyklowa, codzienna i sezonowa<\/p>\n<\/li>\n<li data-start=\"3245\" data-end=\"3328\">\n<p data-start=\"3247\" data-end=\"3328\"><strong data-start=\"3247\" data-end=\"3257\">Kolor:<\/strong> Koralowa czerwie\u0144 z be\u017cowymi paskami wy\u015bcigowymi (dost\u0119pne inne warianty kolorystyczne)<\/p>\n<\/li>\n<li data-start=\"3329\" data-end=\"3398\">\n<p data-start=\"3331\" data-end=\"3398\"><strong data-start=\"3331\" data-end=\"3339\">Dopasowanie:<\/strong> Regulowana talia, ko\u0142nierz na zatrzaski i bezpieczne kieszenie zapinane na suwak<\/p>\n<\/li>\n<li data-start=\"3399\" data-end=\"3480\">\n<p data-start=\"3401\" data-end=\"3480\"><strong data-start=\"3401\" data-end=\"3411\">Marka:<\/strong> RYINZ - europejska jako\u015b\u0107, etyczna produkcja, wspieranie kobiet<\/p>\n<\/li>\n<\/ul>","protected":false},"excerpt":{"rendered":"<p>The <strong data-start=\"420\" data-end=\"457\">Kurtka motocyklowa RYINZ Coral Red<\/strong> wnosi \u015bwie\u017cy, odwa\u017cny akcent do tradycyjnej odzie\u017cy motocyklowej. Wykonane z <strong data-start=\"522\" data-end=\"554\">Sk\u00f3ra bydl\u0119ca premium 100%<\/strong>, \u0142\u0105czy w sobie <strong data-start=\"568\" data-end=\"603\">zdejmowane ochraniacze CE Level 2<\/strong> z <strong data-start=\"611\" data-end=\"639\">Odpinana wk\u0142adka termiczna<\/strong> do adaptowalnego u\u017cytku o ka\u017cdej porze roku. To <strong data-start=\"680\" data-end=\"697\">Kurtka 3 w 1<\/strong> p\u0142ynnie przekszta\u0142ca si\u0119 z ochronnego sprz\u0119tu motocyklowego w modn\u0105 kurtk\u0119 codzienn\u0105. Dzi\u0119ki \u017cywemu koralowo-czerwonemu kolorowi, be\u017cowym paskom wy\u015bcigowym i szczeg\u00f3\u0142owym naszywkom RYINZ, jest idealna dla motocyklist\u00f3w, kt\u00f3rzy chc\u0105 si\u0119 wyr\u00f3\u017cnia\u0107 - pewnie \u0142\u0105cz\u0105c styl, bezpiecze\u0144stwo i wygod\u0119 podczas ka\u017cdej jazdy.<\/p>","protected":false},"featured_media":10186,"comment_status":"closed","ping_status":"closed","template":"","meta":[],"product_brand":[35],"product_cat":[852,1274],"product_tag":[857,859,855,900,876,886,885,902,853,854,901,881,887,866,899],"class_list":{"0":"post-10185","1":"product","2":"type-product","3":"status-publish","4":"has-post-thumbnail","6":"product_brand-ryinz","7":"product_cat-leather-jacket","8":"product_cat-ready-to-ship","9":"product_tag-3-in-1-motorcycle-jacket","10":"product_tag-all-season-biker-wear","11":"product_tag-ce-level-2-protection","12":"product_tag-coral-red-leather-jacket","13":"product_tag-durable-touring-jacket","14":"product_tag-ethical-leather-apparel","15":"product_tag-european-biker-fashion","16":"product_tag-fashionable-motorcycle-outfit","17":"product_tag-motorcycle-leather-jacket","18":"product_tag-premium-cowhide-jacket","19":"product_tag-protective-motorcycle-jacket","20":"product_tag-ryinz-riding-gear","21":"product_tag-stylish-motorbike-clothing","22":"product_tag-women-empowerment-brand","23":"product_tag-womens-biker-jacket","25":"first","26":"instock","27":"taxable","28":"shipping-taxable","29":"purchasable","30":"product-type-variable"},"_links":{"self":[{"href":"https:\/\/ryinz.cz\/velkoobchod\/pl\/wp-json\/wp\/v2\/product\/10185","targetHints":{"allow":["GET"]}}],"collection":[{"href":"https:\/\/ryinz.cz\/velkoobchod\/pl\/wp-json\/wp\/v2\/product"}],"about":[{"href":"https:\/\/ryinz.cz\/velkoobchod\/pl\/wp-json\/wp\/v2\/types\/product"}],"replies":[{"embeddable":true,"href":"https:\/\/ryinz.cz\/velkoobchod\/pl\/wp-json\/wp\/v2\/comments?post=10185"}],"wp:featuredmedia":[{"embeddable":true,"href":"https:\/\/ryinz.cz\/velkoobchod\/pl\/wp-json\/wp\/v2\/media\/10186"}],"wp:attachment":[{"href":"https:\/\/ryinz.cz\/velkoobchod\/pl\/wp-json\/wp\/v2\/media?parent=10185"}],"wp:term":[{"taxonomy":"product_brand","embeddable":true,"href":"https:\/\/ryinz.cz\/velkoobchod\/pl\/wp-json\/wp\/v2\/product_brand?post=10185"},{"taxonomy":"product_cat","embeddable":true,"href":"https:\/\/ryinz.cz\/velkoobchod\/pl\/wp-json\/wp\/v2\/product_cat?post=10185"},{"taxonomy":"product_tag","embeddable":true,"href":"https:\/\/ryinz.cz\/velkoobchod\/pl\/wp-json\/wp\/v2\/product_tag?post=10185"}],"curies":[{"name":"wp","href":"https:\/\/api.w.org\/{rel}","templated":true}]}}