{"id":10178,"date":"2025-10-19T10:03:21","date_gmt":"2025-10-19T10:03:21","guid":{"rendered":"https:\/\/ryinz.cz\/velkoobchod\/?post_type=product&#038;p=10178"},"modified":"2026-01-18T20:24:10","modified_gmt":"2026-01-18T20:24:10","slug":"ryinz-retro-zolta-kurtka-motocyklowa-premium-ze-skory-bydlecej-odpinane-ochraniacze-ramion-i-lokci-ce-level-2-3-w-1-turystyczna-odziez-codzienna","status":"publish","type":"product","link":"https:\/\/ryinz.cz\/velkoobchod\/pl\/product\/ryinz-retro-yellow-premium-cowhide-motorcycle-jacket-removable-ce-level-2-shoulder-and-elbow-protectors-3-in-1-touring-casual-wear\/","title":{"rendered":"Kurtka motocyklowa RYINZ Retro Yellow Premium Cowhide - wyjmowane ochraniacze ramion i \u0142okci CE Level 2| 3 w 1 Odzie\u017c turystyczna i codzienna"},"content":{"rendered":"<p data-start=\"1062\" data-end=\"1475\">The <strong data-start=\"1066\" data-end=\"1114\">Kurtka motocyklowa RYINZ Retro Yellow Premium<\/strong> zosta\u0142 zaprojektowany dla tych, kt\u00f3rzy \u017cyj\u0105 i je\u017cd\u017c\u0105 z pasj\u0105. Odwa\u017cny, nieustraszony i ponadczasowy - \u0142\u0105czy w sobie najwy\u017cszej jako\u015bci kunszt z mocn\u0105 estetyk\u0105, kt\u00f3ra robi wra\u017cenie, gdziekolwiek jeste\u015b. Zaprojektowany w Europie dla rowerzyst\u00f3w, kt\u00f3rzy ceni\u0105 sobie zar\u00f3wno wydajno\u015b\u0107, jak i osobowo\u015b\u0107, zapewnia <strong data-start=\"1389\" data-end=\"1449\">Wysokiej klasy ochrona, d\u0142ugotrwa\u0142y komfort i wyrazisty styl<\/strong> w jednej odzie\u017cy premium.<\/p>\n<p data-start=\"1477\" data-end=\"1866\">Wykonane z <strong data-start=\"1487\" data-end=\"1519\">100% prawdziwa sk\u00f3ra bydl\u0119ca<\/strong>, Ta kurtka oferuje doskona\u0142\u0105 trwa\u0142o\u015b\u0107, odporno\u015b\u0107 na \u015bcieranie i naturalne dopasowanie, kt\u00f3re poprawia si\u0119 z ka\u017cd\u0105 jazd\u0105. Model <strong data-start=\"1635\" data-end=\"1670\">zdejmowane ochraniacze CE Level 2<\/strong> na ramionach i \u0142okciach spe\u0142niaj\u0105 europejskie normy bezpiecze\u0144stwa, zapewniaj\u0105c niezawodn\u0105 ochron\u0119 przed uderzeniami. Wzmocnione szwy i wysokiej jako\u015bci zamki b\u0142yskawiczne dodatkowo zwi\u0119kszaj\u0105 trwa\u0142o\u015b\u0107 i wydajno\u015b\u0107 na drodze.<\/p>\n<p data-start=\"1868\" data-end=\"2159\">The <strong data-start=\"1872\" data-end=\"1905\">W pe\u0142ni wyjmowana wk\u0142adka termiczna<\/strong> dzi\u0119ki czemu nadaje si\u0119 do u\u017cytku w ka\u017cdych warunkach pogodowych - ciep\u0142y i ochronny zim\u0105, lekki i oddychaj\u0105cy latem. Po zdj\u0119ciu wy\u015bci\u00f3\u0142ki i ochraniaczy \u0142atwo przekszta\u0142ca si\u0119 w kurtk\u0119. <strong data-start=\"2080\" data-end=\"2109\">modna kurtka casual<\/strong>, Idealny do podr\u00f3\u017cy, wypoczynku lub codziennego noszenia.<\/p>\n<p data-start=\"2161\" data-end=\"2552\">The <strong data-start=\"2165\" data-end=\"2212\">\u017c\u00f3\u0142ty odcie\u0144 retro z czarnymi paskami wy\u015bcigowymi<\/strong> tworzy dynamiczny, sportowy wygl\u0105d, kt\u00f3ry oddaje ho\u0142d z\u0142otej erze motocyklizmu. Haftowane naszywki w stylu vintage i wyt\u0142oczone logo <strong data-start=\"2350\" data-end=\"2364\">Logo RYINZ<\/strong> na piersi dodaj\u0105 autentyczno\u015bci i charakteru, a funkcjonalne detale, takie jak <strong data-start=\"2444\" data-end=\"2508\">ko\u0142nierz na zatrzask, bezpieczne kieszenie na suwak i regulowane paski w talii<\/strong> zapewniaj\u0105 idealne dopasowanie i komfort przez ca\u0142y dzie\u0144.<\/p>\n<p data-start=\"2554\" data-end=\"2883\">Ka\u017cda kurtka RYINZ niesie ze sob\u0105 co\u015b wi\u0119cej ni\u017c tylko design - niesie misj\u0119. Wyprodukowana przez <strong data-start=\"2639\" data-end=\"2698\">Etyczna produkcja i inicjatywy na rzecz wzmocnienia pozycji kobiet<\/strong>, RYINZ wspiera bezpieczne i uczciwe warunki pracy dla kobiet w spo\u0142eczno\u015bciach produkcyjnych. Wyb\u00f3r RYINZ oznacza jazd\u0119 z celem - po\u0142\u0105czenie najwy\u017cszej jako\u015bci z odpowiedzialno\u015bci\u0105 spo\u0142eczn\u0105.<\/p>\n<p data-start=\"2885\" data-end=\"2967\"><strong data-start=\"2885\" data-end=\"2927\">RYINZ - Inspirowany warto\u015bciami od 1975 roku.<\/strong><br data-start=\"2927\" data-end=\"2930\" \/>Je\u017adzi\u0107 z pasj\u0105. \u017byj zgodnie z przeznaczeniem.<\/p>\n<hr data-start=\"2969\" data-end=\"2972\" \/>\n<h2 data-start=\"2974\" data-end=\"3009\">\u2699\ufe0f <strong data-start=\"2980\" data-end=\"3009\">Specyfikacja techniczna:<\/strong><\/h2>\n<ul data-start=\"3010\" data-end=\"3535\">\n<li data-start=\"3010\" data-end=\"3070\">\n<p data-start=\"3012\" data-end=\"3070\"><strong data-start=\"3012\" data-end=\"3031\">Materia\u0142 zewn\u0119trzny:<\/strong> 100% Najwy\u017cszej jako\u015bci naturalna sk\u00f3ra bydl\u0119ca<\/p>\n<\/li>\n<li data-start=\"3071\" data-end=\"3151\">\n<p data-start=\"3073\" data-end=\"3151\"><strong data-start=\"3073\" data-end=\"3088\">Ochraniacze:<\/strong> Zdejmowane ochraniacze ramion i \u0142okci z certyfikatem CE Level 2<\/p>\n<\/li>\n<li data-start=\"3152\" data-end=\"3214\">\n<p data-start=\"3154\" data-end=\"3214\"><strong data-start=\"3154\" data-end=\"3165\">Podszewka:<\/strong> W pe\u0142ni wyjmowana wk\u0142adka termiczna na zimne dni<\/p>\n<\/li>\n<li data-start=\"3215\" data-end=\"3288\">\n<p data-start=\"3217\" data-end=\"3288\"><strong data-start=\"3217\" data-end=\"3228\">Projekt:<\/strong> Funkcja 3 w 1 - kurtka motocyklowa, codzienna i sezonowa<\/p>\n<\/li>\n<li data-start=\"3289\" data-end=\"3375\">\n<p data-start=\"3291\" data-end=\"3375\"><strong data-start=\"3291\" data-end=\"3301\">Kolor:<\/strong> Retro Yellow z czarnymi paskami wy\u015bcigowymi (dost\u0119pne r\u00f3wnie\u017c w innych kolorach)<\/p>\n<\/li>\n<li data-start=\"3376\" data-end=\"3453\">\n<p data-start=\"3378\" data-end=\"3453\"><strong data-start=\"3378\" data-end=\"3386\">Dopasowanie:<\/strong> Regulowana talia, ko\u0142nierz na zatrzask i kieszenie zapinane na zamek zapewniaj\u0105 bezpieczne dopasowanie<\/p>\n<\/li>\n<li data-start=\"3454\" data-end=\"3535\">\n<p data-start=\"3456\" data-end=\"3535\"><strong data-start=\"3456\" data-end=\"3466\">Marka:<\/strong> RYINZ - europejska jako\u015b\u0107, etyczna produkcja, wspieranie kobiet<\/p>\n<\/li>\n<\/ul>","protected":false},"excerpt":{"rendered":"<p>Wyr\u00f3\u017cnij si\u0119 podczas ka\u017cdej jazdy z <strong data-start=\"458\" data-end=\"498\">\u017b\u00f3\u0142ta kurtka motocyklowa RYINZ Retro<\/strong>, wykonane z <strong data-start=\"513\" data-end=\"545\">Sk\u00f3ra bydl\u0119ca premium 100%<\/strong> dla niezr\u00f3wnanej wytrzyma\u0142o\u015bci, komfortu i elastyczno\u015bci. Wyposa\u017cenie <strong data-start=\"606\" data-end=\"660\">zdejmowane ochraniacze ramion i \u0142okci CE Level 2<\/strong> oraz <strong data-start=\"667\" data-end=\"695\">Odpinana wk\u0142adka termiczna<\/strong>, to <strong data-start=\"702\" data-end=\"719\">Kurtka 3 w 1<\/strong> idealnie dopasowuje si\u0119 do ka\u017cdej pory roku i okazji. Odwa\u017cna \u017c\u00f3\u0142ta sk\u00f3ra z kontrastuj\u0105cymi czarnymi paskami \u0142\u0105czy klasyczn\u0105 estetyk\u0119 wy\u015bcigow\u0105 z nowoczesn\u0105 funkcjonalno\u015bci\u0105 - idealna dla rowerzyst\u00f3w, kt\u00f3rzy chc\u0105 wyrazi\u0107 indywidualno\u015b\u0107, zachowuj\u0105c pe\u0142n\u0105 ochron\u0119 i styl na rowerze lub poza nim.<\/p>","protected":false},"featured_media":10179,"comment_status":"closed","ping_status":"closed","template":"","meta":[],"product_brand":[35],"product_cat":[852,1274],"product_tag":[880,882,855,876,886,885,884,853,879,883,881,887,869,866,878],"class_list":{"0":"post-10178","1":"product","2":"type-product","3":"status-publish","4":"has-post-thumbnail","6":"product_brand-ryinz","7":"product_cat-leather-jacket","8":"product_cat-ready-to-ship","9":"product_tag-3-in-1-motorbike-jacket","10":"product_tag-all-season-motorcycle-wear","11":"product_tag-ce-level-2-protection","12":"product_tag-durable-touring-jacket","13":"product_tag-ethical-leather-apparel","14":"product_tag-european-biker-fashion","15":"product_tag-mens-motorcycle-jacket","16":"product_tag-motorcycle-leather-jacket","17":"product_tag-premium-cowhide-leather","18":"product_tag-retro-racing-jacket","19":"product_tag-ryinz-riding-gear","20":"product_tag-stylish-motorbike-clothing","21":"product_tag-vintage-motorcycle-jacket","22":"product_tag-women-empowerment-brand","23":"product_tag-yellow-biker-jacket","25":"first","26":"instock","27":"taxable","28":"shipping-taxable","29":"purchasable","30":"product-type-variable"},"_links":{"self":[{"href":"https:\/\/ryinz.cz\/velkoobchod\/pl\/wp-json\/wp\/v2\/product\/10178","targetHints":{"allow":["GET"]}}],"collection":[{"href":"https:\/\/ryinz.cz\/velkoobchod\/pl\/wp-json\/wp\/v2\/product"}],"about":[{"href":"https:\/\/ryinz.cz\/velkoobchod\/pl\/wp-json\/wp\/v2\/types\/product"}],"replies":[{"embeddable":true,"href":"https:\/\/ryinz.cz\/velkoobchod\/pl\/wp-json\/wp\/v2\/comments?post=10178"}],"wp:featuredmedia":[{"embeddable":true,"href":"https:\/\/ryinz.cz\/velkoobchod\/pl\/wp-json\/wp\/v2\/media\/10179"}],"wp:attachment":[{"href":"https:\/\/ryinz.cz\/velkoobchod\/pl\/wp-json\/wp\/v2\/media?parent=10178"}],"wp:term":[{"taxonomy":"product_brand","embeddable":true,"href":"https:\/\/ryinz.cz\/velkoobchod\/pl\/wp-json\/wp\/v2\/product_brand?post=10178"},{"taxonomy":"product_cat","embeddable":true,"href":"https:\/\/ryinz.cz\/velkoobchod\/pl\/wp-json\/wp\/v2\/product_cat?post=10178"},{"taxonomy":"product_tag","embeddable":true,"href":"https:\/\/ryinz.cz\/velkoobchod\/pl\/wp-json\/wp\/v2\/product_tag?post=10178"}],"curies":[{"name":"wp","href":"https:\/\/api.w.org\/{rel}","templated":true}]}}