{"id":9336,"date":"2025-06-22T15:41:32","date_gmt":"2025-06-22T15:41:32","guid":{"rendered":"https:\/\/ryinz.cz\/velkoobchod\/?post_type=product&#038;p=9336"},"modified":"2026-01-18T20:19:06","modified_gmt":"2026-01-18T20:19:06","slug":"cagoules-tactiques-thermiques-pour-sports-dhiver-militaires-cyclisme-paintball-activites-de-plein-air-b2b","status":"publish","type":"product","link":"https:\/\/ryinz.cz\/velkoobchod\/fr\/product\/thermal-tactical-balaclavas-full-face-masks-for-winter-sports-military-biking-paintball-outdoor-activities-b2b\/","title":{"rendered":"Cagoules thermiques et tactiques - Masques complets pour les sports d'hiver, l'arm\u00e9e, le cyclisme, le paintball et les activit\u00e9s de plein air (B2B)"},"content":{"rendered":"<p data-start=\"1149\" data-end=\"1432\">Notre gamme de cagoules est con\u00e7ue pour la protection thermique, les applications tactiques et le confort tout au long de la journ\u00e9e dans des conditions extr\u00eames. Que vous soyez sur les pistes de ski, que vous travailliez en ext\u00e9rieur ou que vous vous entra\u00eeniez sur le terrain, nos cagoules offrent une protection essentielle contre le vent, la neige et la poussi\u00e8re.<\/p>\n<p data-start=\"1434\" data-end=\"1450\">Types disponibles :<\/p>\n<ul data-start=\"1451\" data-end=\"1770\">\n<li data-start=\"1451\" data-end=\"1501\">\n<p data-start=\"1453\" data-end=\"1501\">Cagoules l\u00e9g\u00e8res en Lycra pour une meilleure respirabilit\u00e9<\/p>\n<\/li>\n<li data-start=\"1502\" data-end=\"1554\">\n<p data-start=\"1504\" data-end=\"1554\">Cagoules d'hiver doubl\u00e9es de polaire pour les climats froids<\/p>\n<\/li>\n<li data-start=\"1555\" data-end=\"1602\">\n<p data-start=\"1557\" data-end=\"1602\">Cagoules tactiques avec trous pour les yeux ou la bouche<\/p>\n<\/li>\n<li data-start=\"1603\" data-end=\"1664\">\n<p data-start=\"1605\" data-end=\"1664\">Des mailles imprim\u00e9es en forme de cr\u00e2ne ou de camouflage pour plus d'impact et d'identit\u00e9<\/p>\n<\/li>\n<li data-start=\"1665\" data-end=\"1718\">\n<p data-start=\"1667\" data-end=\"1718\">Cagoules tricot\u00e9es avec c\u00f4t\u00e9s ouverts ou ferm\u00e9s<\/p>\n<\/li>\n<li data-start=\"1719\" data-end=\"1770\">\n<p data-start=\"1721\" data-end=\"1770\">Cagoules ninja extensibles pour athl\u00e8tes et cyclistes<\/p>\n<\/li>\n<\/ul>\n<p data-start=\"1772\" data-end=\"1786\">Caract\u00e9ristiques principales :<\/p>\n<ul data-start=\"1787\" data-end=\"2126\">\n<li data-start=\"1787\" data-end=\"1834\">\n<p data-start=\"1789\" data-end=\"1834\">Couverture compl\u00e8te de la t\u00eate, du cou, du visage et du menton<\/p>\n<\/li>\n<li data-start=\"1835\" data-end=\"1877\">\n<p data-start=\"1837\" data-end=\"1877\">Coupe extensible \u00e0 2 ou 4 directions pour plus de confort<\/p>\n<\/li>\n<li data-start=\"1878\" data-end=\"1930\">\n<p data-start=\"1880\" data-end=\"1930\">Tissus d'isolation thermique ou de refroidissement respirant<\/p>\n<\/li>\n<li data-start=\"1931\" data-end=\"1981\">\n<p data-start=\"1933\" data-end=\"1981\">Mat\u00e9riaux coupe-vent avec doublure int\u00e9rieure bross\u00e9e<\/p>\n<\/li>\n<li data-start=\"1982\" data-end=\"2028\">\n<p data-start=\"1984\" data-end=\"2028\">Compatible avec les casques, les chapeaux et les lunettes de protection<\/p>\n<\/li>\n<li data-start=\"2029\" data-end=\"2084\">\n<p data-start=\"2031\" data-end=\"2084\">Coutures plates ou options sans couture pour r\u00e9duire les irritations<\/p>\n<\/li>\n<li data-start=\"2085\" data-end=\"2126\">\n<p data-start=\"2087\" data-end=\"2126\">Taille unisexe pour les jeunes et les adultes<\/p>\n<\/li>\n<\/ul>\n<p data-start=\"2128\" data-end=\"2138\">Id\u00e9al pour :<\/p>\n<ul data-start=\"2139\" data-end=\"2409\">\n<li data-start=\"2139\" data-end=\"2171\">\n<p data-start=\"2141\" data-end=\"2171\">Mat\u00e9riel de ski et de snowboard<\/p>\n<\/li>\n<li data-start=\"2172\" data-end=\"2206\">\n<p data-start=\"2174\" data-end=\"2206\">V\u00eatements pour cyclistes et motocyclistes<\/p>\n<\/li>\n<li data-start=\"2207\" data-end=\"2254\">\n<p data-start=\"2209\" data-end=\"2254\">Airsoft, paintball et simulation tactique<\/p>\n<\/li>\n<li data-start=\"2255\" data-end=\"2294\">\n<p data-start=\"2257\" data-end=\"2294\">Entra\u00eenement militaire ou policier en plein air<\/p>\n<\/li>\n<li data-start=\"2295\" data-end=\"2332\">\n<p data-start=\"2297\" data-end=\"2332\">V\u00eatements de sauvetage en montagne et de survie<\/p>\n<\/li>\n<li data-start=\"2333\" data-end=\"2373\">\n<p data-start=\"2335\" data-end=\"2373\">Livraison par temps froid et travail sur le terrain<\/p>\n<\/li>\n<li data-start=\"2374\" data-end=\"2409\">\n<p data-start=\"2376\" data-end=\"2409\">Accessoires de mode et de cosplay<\/p>\n<\/li>\n<\/ul>\n<p data-start=\"2411\" data-end=\"2435\">Options de marquage personnalis\u00e9es :<\/p>\n<ul data-start=\"2436\" data-end=\"2605\">\n<li data-start=\"2436\" data-end=\"2485\">\n<p data-start=\"2438\" data-end=\"2485\">Impression par sublimation (par ex. t\u00eate de mort, motifs)<\/p>\n<\/li>\n<li data-start=\"2486\" data-end=\"2518\">\n<p data-start=\"2488\" data-end=\"2518\">Logos ou \u00e9cussons brod\u00e9s<\/p>\n<\/li>\n<li data-start=\"2519\" data-end=\"2556\">\n<p data-start=\"2521\" data-end=\"2556\">\u00c9tiquettes int\u00e9rieures imprim\u00e9es ou \u00e9tiquettes suspendues<\/p>\n<\/li>\n<li data-start=\"2557\" data-end=\"2605\">\n<p data-start=\"2559\" data-end=\"2605\">Emballage personnalis\u00e9 pour la vente au d\u00e9tail ou les kits tactiques<\/p>\n<\/li>\n<\/ul>\n<p data-start=\"2607\" data-end=\"2625\">Le mat\u00e9riel comprend<\/p>\n<ul data-start=\"2626\" data-end=\"2770\">\n<li data-start=\"2626\" data-end=\"2661\">\n<p data-start=\"2628\" data-end=\"2661\">Polyester, Lycra, m\u00e9langes de coton<\/p>\n<\/li>\n<li data-start=\"2662\" data-end=\"2693\">\n<p data-start=\"2664\" data-end=\"2693\">Tissu thermique doubl\u00e9 de polaire<\/p>\n<\/li>\n<li data-start=\"2694\" data-end=\"2725\">\n<p data-start=\"2696\" data-end=\"2725\">Maille perfor\u00e9e l\u00e9g\u00e8re<\/p>\n<\/li>\n<li data-start=\"2726\" data-end=\"2770\">\n<p data-start=\"2728\" data-end=\"2770\">Tricot acrylique (pour les versions hivernales lourdes)<\/p>\n<\/li>\n<\/ul>\n<p data-start=\"2772\" data-end=\"2967\">Disponible en plusieurs couleurs : noir, vert olive, camouflage militaire, gris, violet, orange, etc. Les impressions fantaisistes telles que les t\u00eates de mort ou les graphiques en 3D attirent les marques de sport et les amateurs de sports extr\u00eames.<\/p>\n<p data-start=\"2969\" data-end=\"3233\">Produit par <strong data-start=\"2981\" data-end=\"3003\">Ryinz spol. s.r.o.<\/strong>, Les cagoules sont disponibles avec la facturation de la TVA europ\u00e9enne, des mat\u00e9riaux conformes aux normes CE et une livraison rapide dans toute l'Europe. Nous prenons en charge les tests de petits lots, l'\u00e9chantillonnage rapide et la production \u00e9volutive pour les marques, les agences de s\u00e9curit\u00e9 et les d\u00e9taillants.<\/p>","protected":false},"excerpt":{"rendered":"<p data-start=\"302\" data-end=\"699\">Nos cagoules sont con\u00e7ues pour une protection contre les conditions m\u00e9t\u00e9orologiques extr\u00eames, une utilisation tactique et des sports de plein air de haute performance. Con\u00e7ues pour couvrir enti\u00e8rement la t\u00eate, le cou et le visage, elles sont indispensables pour le ski, le snowboard, la moto, l'airsoft, le paintball et l'entra\u00eenement militaire. Disponibles dans une vari\u00e9t\u00e9 de tissus (polaire, Lycra, coton et maille), ils offrent une isolation thermique, une gestion de l'humidit\u00e9 et une respirabilit\u00e9.<\/p>\n<p data-start=\"701\" data-end=\"937\">Vous avez le choix entre des mod\u00e8les \u00e0 trou unique, \u00e0 double trou ou \u00e0 trois trous, y compris des versions tactiques, sportives et fantaisistes comme les t\u00eates de mort ou les imprim\u00e9s camouflage. Plusieurs mod\u00e8les offrent une coupe extensible, des rabats de cou allong\u00e9s ou des doublures en polaire pour une meilleure d\u00e9fense en hiver.<\/p>\n<p data-start=\"939\" data-end=\"1095\">Produites par Ryinz avec de faibles MOQ et une prise en charge compl\u00e8te de la marque priv\u00e9e, nos cagoules sont pr\u00eates pour le marquage et la distribution B2B dans l'UE et sur les march\u00e9s mondiaux.<\/p>","protected":false},"featured_media":10150,"comment_status":"closed","ping_status":"closed","template":"","meta":[],"product_brand":[35],"product_cat":[68,715],"product_tag":[703,704,705,706,707,708,709,710,711,712,713,714,716,717,718],"class_list":{"0":"post-9336","1":"product","2":"type-product","3":"status-publish","4":"has-post-thumbnail","6":"product_brand-ryinz","7":"product_cat-ryinz","8":"product_cat-thermal-tactical-balaclavas","9":"product_tag-b2b-face-masks-for-tactical-teams","10":"product_tag-breathable-outdoor-full-head-covers-eu","11":"product_tag-custom-skull-print-face-covers-supplier","12":"product_tag-cycling-and-ski-balaclava-manufacturer","13":"product_tag-fleece-lined-balaclavas-for-cold-weather","14":"product_tag-full-face-lycra-balaclavas-wholesale-eu","15":"product_tag-helmet-compatible-face-mask-supplier","16":"product_tag-military-balaclava-ce-certified-supplier","17":"product_tag-motorbike-balaclava-with-windproof-lining","18":"product_tag-paintball-and-airsoft-balaclavas-europe","19":"product_tag-stretch-balaclavas-for-sports-brands","20":"product_tag-tactical-face-masks-for-military-use","21":"product_tag-thermal-balaclavas-for-winter-sports","22":"product_tag-three-hole-tactical-face-masks-for-bulk","23":"product_tag-winter-thermal-balaclavas-czech-supplier","25":"first","26":"instock","27":"taxable","28":"shipping-taxable","29":"purchasable","30":"product-type-simple"},"_links":{"self":[{"href":"https:\/\/ryinz.cz\/velkoobchod\/fr\/wp-json\/wp\/v2\/product\/9336","targetHints":{"allow":["GET"]}}],"collection":[{"href":"https:\/\/ryinz.cz\/velkoobchod\/fr\/wp-json\/wp\/v2\/product"}],"about":[{"href":"https:\/\/ryinz.cz\/velkoobchod\/fr\/wp-json\/wp\/v2\/types\/product"}],"replies":[{"embeddable":true,"href":"https:\/\/ryinz.cz\/velkoobchod\/fr\/wp-json\/wp\/v2\/comments?post=9336"}],"wp:featuredmedia":[{"embeddable":true,"href":"https:\/\/ryinz.cz\/velkoobchod\/fr\/wp-json\/wp\/v2\/media\/10150"}],"wp:attachment":[{"href":"https:\/\/ryinz.cz\/velkoobchod\/fr\/wp-json\/wp\/v2\/media?parent=9336"}],"wp:term":[{"taxonomy":"product_brand","embeddable":true,"href":"https:\/\/ryinz.cz\/velkoobchod\/fr\/wp-json\/wp\/v2\/product_brand?post=9336"},{"taxonomy":"product_cat","embeddable":true,"href":"https:\/\/ryinz.cz\/velkoobchod\/fr\/wp-json\/wp\/v2\/product_cat?post=9336"},{"taxonomy":"product_tag","embeddable":true,"href":"https:\/\/ryinz.cz\/velkoobchod\/fr\/wp-json\/wp\/v2\/product_tag?post=9336"}],"curies":[{"name":"wp","href":"https:\/\/api.w.org\/{rel}","templated":true}]}}