{"id":9331,"date":"2025-06-22T15:41:31","date_gmt":"2025-06-22T15:41:31","guid":{"rendered":"https:\/\/ryinz.cz\/velkoobchod\/?post_type=product&#038;p=9331"},"modified":"2026-01-18T20:18:56","modified_gmt":"2026-01-18T20:18:56","slug":"sweatshirts-a-capuche-en-coton-molletonne-personnalises-pour-les-marques-les-equipes-les-vetements-de-travail-et-les-vetements-de-ville-b2b-supply","status":"publish","type":"product","link":"https:\/\/ryinz.cz\/velkoobchod\/fr\/product\/custom-cotton-fleece-hoodies-pullover-zip-up-sweatshirts-for-brands-teams-workwear-and-streetwear-b2b-supply\/","title":{"rendered":"Hoodies personnalis\u00e9s en coton et polaire - Sweatshirts zipp\u00e9s et pulls pour les marques, les \u00e9quipes, les v\u00eatements de travail et les v\u00eatements de ville B2B Supply"},"content":{"rendered":"<p data-start=\"1237\" data-end=\"1521\">Nos sweats \u00e0 capuche personnalis\u00e9s allient chaleur, durabilit\u00e9 et souplesse de conception pour les entreprises, les clubs sportifs, les marques de mode et les agences de promotion. Que vous souhaitiez habiller votre \u00e9quipe, lancer une ligne de produits ou organiser un \u00e9v\u00e9nement, notre collection de sweats \u00e0 capuche est con\u00e7ue pour le confort et la visibilit\u00e9.<\/p>\n<p data-start=\"1523\" data-end=\"1682\">Fabriqu\u00e9s dans des mat\u00e9riaux de qualit\u00e9 sup\u00e9rieure tels que le coton bross\u00e9 100%, les m\u00e9langes molletonn\u00e9s coton-poly 65\/35 ou le tissu tech-fleece, nos sweats \u00e0 capuche sont \u00e0 la fois chauds et perm\u00e9ables \u00e0 l'air. Nous proposons :<\/p>\n<ul data-start=\"1683\" data-end=\"1871\">\n<li data-start=\"1683\" data-end=\"1725\">\n<p data-start=\"1685\" data-end=\"1725\">Pulls \u00e0 capuche avec poches kangourou<\/p>\n<\/li>\n<li data-start=\"1726\" data-end=\"1779\">\n<p data-start=\"1728\" data-end=\"1779\">Sweats \u00e0 capuche zipp\u00e9s avec devant fendu et fermetures \u00e0 glissi\u00e8re en m\u00e9tal<\/p>\n<\/li>\n<li data-start=\"1780\" data-end=\"1821\">\n<p data-start=\"1782\" data-end=\"1821\">Panneaux color\u00e9s ou enti\u00e8rement imprim\u00e9s<\/p>\n<\/li>\n<li data-start=\"1822\" data-end=\"1871\">\n<p data-start=\"1824\" data-end=\"1871\">Des sweats \u00e0 capuche de couleur unie dans des tons audacieux et neutres<\/p>\n<\/li>\n<\/ul>\n<p data-start=\"1873\" data-end=\"1894\">Les principales caract\u00e9ristiques sont les suivantes :<\/p>\n<ul data-start=\"1895\" data-end=\"2149\">\n<li data-start=\"1895\" data-end=\"1936\">\n<p data-start=\"1897\" data-end=\"1936\">Capuche doubl\u00e9e avec cordons de serrage r\u00e9glables<\/p>\n<\/li>\n<li data-start=\"1937\" data-end=\"1987\">\n<p data-start=\"1939\" data-end=\"1987\">Poignets et ceinture en tricot c\u00f4tel\u00e9 pour un ajustement s\u00fbr<\/p>\n<\/li>\n<li data-start=\"1988\" data-end=\"2041\">\n<p data-start=\"1990\" data-end=\"2041\">Coutures renforc\u00e9es et construction \u00e0 double couture<\/p>\n<\/li>\n<li data-start=\"2042\" data-end=\"2092\">\n<p data-start=\"2044\" data-end=\"2092\">Int\u00e9rieur doux au toucher pour l'isolation et le confort<\/p>\n<\/li>\n<li data-start=\"2093\" data-end=\"2149\">\n<p data-start=\"2095\" data-end=\"2149\">En option, passe-pouces, \u0153illets m\u00e9talliques et \u00e9tiquettes int\u00e9rieures<\/p>\n<\/li>\n<\/ul>\n<p data-start=\"2151\" data-end=\"2318\">Nos sweats \u00e0 capuche sont disponibles dans une vari\u00e9t\u00e9 de coupes, y compris des silhouettes streetwear ajust\u00e9es, r\u00e9guli\u00e8res ou surdimensionn\u00e9es. Ils sont parfaits pour une impression ou une broderie personnalis\u00e9e :<\/p>\n<ul data-start=\"2319\" data-end=\"2484\">\n<li data-start=\"2319\" data-end=\"2357\">\n<p data-start=\"2321\" data-end=\"2357\">Logo de la marque ou de l'\u00e9v\u00e9nement sur la poitrine\/le dos<\/p>\n<\/li>\n<li data-start=\"2358\" data-end=\"2394\">\n<p data-start=\"2360\" data-end=\"2394\">Nom du sponsor ou de l'\u00e9quipe sur les manches<\/p>\n<\/li>\n<li data-start=\"2395\" data-end=\"2444\">\n<p data-start=\"2397\" data-end=\"2444\">Remplacement de l'\u00e9tiquette de col par votre propre marque<\/p>\n<\/li>\n<li data-start=\"2445\" data-end=\"2484\">\n<p data-start=\"2447\" data-end=\"2484\">Emballage pr\u00eat \u00e0 l'emploi ou \u00e9tiquettes suspendues<\/p>\n<\/li>\n<\/ul>\n<p data-start=\"2486\" data-end=\"2750\">Nous prenons en charge les commandes en gros \u00e0 partir de 100 pi\u00e8ces par couleur\/design et proposons un \u00e9chantillonnage avant la production. Qu'il s'agisse de cr\u00e9er une collection scolaire, de lancer une marque de v\u00eatements de ville ou de fournir des v\u00eatements \u00e0 des entreprises, Ryinz veille \u00e0 ce que la production respecte les normes europ\u00e9ennes en mati\u00e8re de taille et de qualit\u00e9.<\/p>\n<p data-start=\"2752\" data-end=\"2778\">Les cas d'utilisation les plus courants sont les suivants :<\/p>\n<ul data-start=\"2779\" data-end=\"2974\">\n<li data-start=\"2779\" data-end=\"2812\">\n<p data-start=\"2781\" data-end=\"2812\">V\u00eatements de travail et uniformes de l'entreprise<\/p>\n<\/li>\n<li data-start=\"2813\" data-end=\"2848\">\n<p data-start=\"2815\" data-end=\"2848\">V\u00eatements de voyage ou d'avant-match pour l'\u00e9quipe<\/p>\n<\/li>\n<li data-start=\"2849\" data-end=\"2903\">\n<p data-start=\"2851\" data-end=\"2903\">Merchandising pour les influenceurs, les musiciens, les cr\u00e9ateurs<\/p>\n<\/li>\n<li data-start=\"2904\" data-end=\"2952\">\n<p data-start=\"2906\" data-end=\"2952\">Cadeaux promotionnels et v\u00eatements de marque<\/p>\n<\/li>\n<li data-start=\"2953\" data-end=\"2974\">\n<p data-start=\"2955\" data-end=\"2974\">Mat\u00e9riel pour ONG ou \u00e9v\u00e9nements<\/p>\n<\/li>\n<\/ul>\n<p data-start=\"2976\" data-end=\"3102\">Nos sweats \u00e0 capuche sont disponibles dans les tailles XS-3XL pour hommes, femmes et unisexes. Des tailles personnalis\u00e9es peuvent \u00e9galement \u00eatre fournies sur demande.<\/p>\n<p data-start=\"3104\" data-end=\"3321\">Produit par <strong data-start=\"3116\" data-end=\"3138\">Ryinz spol. s.r.o.<\/strong>, La soci\u00e9t\u00e9 est enregistr\u00e9e en R\u00e9publique tch\u00e8que et toutes les commandes sont factur\u00e9es \u00e0 la TVA de l'Union europ\u00e9enne et livr\u00e9es dans 28 pays. Nous servons des clients en Allemagne, en France, en Pologne, en Autriche, aux Pays-Bas, en Espagne et dans d'autres pays.<\/p>\n<p data-start=\"3323\" data-end=\"3475\">Qu'il s'agisse de sweats \u00e0 capuche avec logo, d'articles de mode avec impression sur toute la surface ou d'uniformes de couleur unie pour le personnel, Ryinz est votre fournisseur de v\u00eatements B2B de confiance.<\/p>","protected":false},"excerpt":{"rendered":"<p data-start=\"300\" data-end=\"599\">Nos sweats \u00e0 capuche sont con\u00e7us pour le confort, la chaleur et le marquage personnalis\u00e9. Fabriqu\u00e9s en coton bross\u00e9, en polaire ou en m\u00e9lange coton-poly, ils sont id\u00e9aux pour les tenues d\u00e9contract\u00e9es, les v\u00eatements de travail et les v\u00eatements promotionnels. Vous avez le choix entre des mod\u00e8les \u00e0 capuche ou \u00e0 fermeture \u00e9clair, dans une vari\u00e9t\u00e9 de couleurs et de coupes qui s'adaptent \u00e0 votre marque ou \u00e0 votre public.<\/p>\n<p data-start=\"601\" data-end=\"906\">Chaque sweat \u00e0 capuche comprend une capuche doubl\u00e9e, des cordons de serrage r\u00e9glables, des poignets et une taille c\u00f4tel\u00e9s, ainsi qu'une poche kangourou ou une poche fendue. Que vous souhaitiez des imprim\u00e9s audacieux, des couleurs vives ou des styles streetwear \u00e0 panneaux multiples, nous proposons une personnalisation compl\u00e8te avec s\u00e9rigraphie, broderie, \u00e9tiquettes tiss\u00e9es ou emballage de vente au d\u00e9tail.<\/p>\n<p data-start=\"908\" data-end=\"1183\">Disponibles en tailles homme, femme et unisexe (XS \u00e0 3XL), nos sweats \u00e0 capuche sont utilis\u00e9s pour les v\u00eatements d'entreprise, les v\u00eatements d'\u00e9quipe, le merchandising de marque et les v\u00eatements pour les jeunes. Avec des MOQ peu \u00e9lev\u00e9s et une livraison rapide dans l'UE depuis notre bureau tch\u00e8que, Ryinz est votre partenaire B2B pour des sweats \u00e0 capuche de haute qualit\u00e9, pr\u00eats pour l'UE.<\/p>\n<p data-start=\"300\" data-end=\"599\">Nos sweats \u00e0 capuche sont con\u00e7us pour le confort, la chaleur et le marquage personnalis\u00e9. Fabriqu\u00e9s en coton bross\u00e9, en polaire ou en m\u00e9lange coton-poly, ils sont id\u00e9aux pour les tenues d\u00e9contract\u00e9es, les v\u00eatements de travail et les v\u00eatements promotionnels. Vous avez le choix entre des mod\u00e8les \u00e0 capuche ou \u00e0 fermeture \u00e9clair, dans une vari\u00e9t\u00e9 de couleurs et de coupes qui s'adaptent \u00e0 votre marque ou \u00e0 votre public.<\/p>\n<p data-start=\"601\" data-end=\"906\">Chaque sweat \u00e0 capuche comprend une capuche doubl\u00e9e, des cordons de serrage r\u00e9glables, des poignets et une taille c\u00f4tel\u00e9s, ainsi qu'une poche kangourou ou une poche fendue. Que vous souhaitiez des imprim\u00e9s audacieux, des couleurs vives ou des styles streetwear \u00e0 panneaux multiples, nous proposons une personnalisation compl\u00e8te avec s\u00e9rigraphie, broderie, \u00e9tiquettes tiss\u00e9es ou emballage de vente au d\u00e9tail.<\/p>\n<p data-start=\"908\" data-end=\"1183\">Disponibles en tailles homme, femme et unisexe (XS \u00e0 3XL), nos sweats \u00e0 capuche sont utilis\u00e9s pour les v\u00eatements d'entreprise, les v\u00eatements d'\u00e9quipe, le merchandising de marque et les v\u00eatements pour les jeunes. Avec des MOQ peu \u00e9lev\u00e9s et une livraison rapide dans l'UE depuis notre bureau tch\u00e8que, Ryinz est votre partenaire B2B pour des sweats \u00e0 capuche de haute qualit\u00e9, pr\u00eats pour l'UE.<\/p>","protected":false},"featured_media":10154,"comment_status":"closed","ping_status":"closed","template":"","meta":[],"product_brand":[35],"product_cat":[438,68,467],"product_tag":[628,629,630,631,632,633,634,635,636,637,638,639,640,641,642],"class_list":{"0":"post-9331","1":"product","2":"type-product","3":"status-publish","4":"has-post-thumbnail","6":"product_brand-ryinz","7":"product_cat-leather-motorbike-pants","8":"product_cat-ryinz","9":"product_cat-textile-motorbike-jackets","10":"product_tag-b2b-fashion-hoodies-manufacturer-czechia","11":"product_tag-branded-hoodies-for-promotional-use","12":"product_tag-cotton-poly-hoodies-with-embroidery","13":"product_tag-custom-branded-hoodies-for-business","14":"product_tag-custom-hoodie-printing-eu-wholesale","15":"product_tag-fleece-hoodies-for-casual-wear-supplier","16":"product_tag-hooded-sweatshirts-for-events-and-merch","17":"product_tag-private-label-hoodie-supplier-europe","18":"product_tag-pullover-hoodies-with-logo-europe","19":"product_tag-retail-ready-hoodies-with-logo-print","20":"product_tag-screen-printed-cotton-hoodies-europe","21":"product_tag-streetwear-hoodies-for-fashion-brands","22":"product_tag-teamwear-hoodies-for-clubs-and-schools","23":"product_tag-unisex-custom-hoodies-with-drawstrings","24":"product_tag-zip-up-sweatshirts-for-teamwear-eu","26":"first","27":"instock","28":"taxable","29":"shipping-taxable","30":"purchasable","31":"product-type-simple"},"_links":{"self":[{"href":"https:\/\/ryinz.cz\/velkoobchod\/fr\/wp-json\/wp\/v2\/product\/9331","targetHints":{"allow":["GET"]}}],"collection":[{"href":"https:\/\/ryinz.cz\/velkoobchod\/fr\/wp-json\/wp\/v2\/product"}],"about":[{"href":"https:\/\/ryinz.cz\/velkoobchod\/fr\/wp-json\/wp\/v2\/types\/product"}],"replies":[{"embeddable":true,"href":"https:\/\/ryinz.cz\/velkoobchod\/fr\/wp-json\/wp\/v2\/comments?post=9331"}],"wp:featuredmedia":[{"embeddable":true,"href":"https:\/\/ryinz.cz\/velkoobchod\/fr\/wp-json\/wp\/v2\/media\/10154"}],"wp:attachment":[{"href":"https:\/\/ryinz.cz\/velkoobchod\/fr\/wp-json\/wp\/v2\/media?parent=9331"}],"wp:term":[{"taxonomy":"product_brand","embeddable":true,"href":"https:\/\/ryinz.cz\/velkoobchod\/fr\/wp-json\/wp\/v2\/product_brand?post=9331"},{"taxonomy":"product_cat","embeddable":true,"href":"https:\/\/ryinz.cz\/velkoobchod\/fr\/wp-json\/wp\/v2\/product_cat?post=9331"},{"taxonomy":"product_tag","embeddable":true,"href":"https:\/\/ryinz.cz\/velkoobchod\/fr\/wp-json\/wp\/v2\/product_tag?post=9331"}],"curies":[{"name":"wp","href":"https:\/\/api.w.org\/{rel}","templated":true}]}}