{"id":9327,"date":"2025-06-22T15:41:30","date_gmt":"2025-06-22T15:41:30","guid":{"rendered":"https:\/\/ryinz.cz\/velkoobchod\/?post_type=product&#038;p=9327"},"modified":"2026-01-18T20:18:51","modified_gmt":"2026-01-18T20:18:51","slug":"gants-de-mecanicien-haute-dexterite-gants-de-mecanicien-resistants-aux-coupures-gants-antiderapants-proteges-contre-les-chocs-pour-le-travail-industriel-dans-lautomobile","status":"publish","type":"product","link":"https:\/\/ryinz.cz\/velkoobchod\/fr\/product\/high-dexterity-mechanic-gloves-cut-resistant-impact-protected-anti-slip-gloves-for-industrial-automotive-work\/","title":{"rendered":"Gants de m\u00e9canicien haute dext\u00e9rit\u00e9 - Gants r\u00e9sistants aux coupures, prot\u00e9g\u00e9s contre les chocs et antid\u00e9rapants pour le travail industriel et automobile"},"content":{"rendered":"<p data-start=\"1504\" data-end=\"1854\">Nos gants de m\u00e9canicien sont con\u00e7us pour offrir performance, s\u00e9curit\u00e9 et confort aux professionnels travaillant dans des environnements \u00e0 haut risque et de haute pr\u00e9cision. Qu'il s'agisse de garages, d'ateliers de r\u00e9paration, de chantiers de construction ou d'usines de maintenance industrielle, ces gants prot\u00e8gent les mains contre les coupures, l'abrasion, les vibrations et les impacts, sans sacrifier la dext\u00e9rit\u00e9 ou l'adh\u00e9rence.<\/p>\n<p data-start=\"1856\" data-end=\"2288\">Fabriqu\u00e9s en cuir synth\u00e9tique durable, en nylon extensible, en n\u00e9opr\u00e8ne ou en tricot, nos gants offrent une grande souplesse tout en r\u00e9sistant \u00e0 l'usure. Les zones de la paume sont rehauss\u00e9es de motifs silicon\u00e9s ou textur\u00e9s pour une bonne prise sur les outils, les pi\u00e8ces et les surfaces mouill\u00e9es. De nombreux mod\u00e8les pr\u00e9sentent les caract\u00e9ristiques suivantes <strong data-start=\"2135\" data-end=\"2172\">protections en caoutchouc thermoplastique (TPR)<\/strong> sur les doigts et les articulations pour absorber les chocs externes et pr\u00e9venir les blessures dues \u00e0 la chute d'outils ou au contact avec des machines.<\/p>\n<p data-start=\"2290\" data-end=\"2607\">Les versions r\u00e9sistantes aux coupures sont fabriqu\u00e9es \u00e0 partir de <strong data-start=\"2329\" data-end=\"2369\">HPPE (poly\u00e9thyl\u00e8ne haute performance)<\/strong> ou <strong data-start=\"2373\" data-end=\"2396\">Fil m\u00e9lang\u00e9 de Kevlar<\/strong>, Les gants de protection sont en acier inoxydable et offrent une protection certifi\u00e9e EN388 contre les coupures. Ils sont id\u00e9aux pour la fabrication des m\u00e9taux, la manipulation du verre et les travaux \u00e0 ar\u00eates vives. Le rembourrage au niveau de la paume r\u00e9duit la fatigue lors de l'utilisation d'outils \u00e9lectriques ou de la pr\u00e9hension r\u00e9p\u00e9titive.<\/p>\n<p data-start=\"2609\" data-end=\"2648\">Les principales caract\u00e9ristiques de la gamme sont les suivantes<\/p>\n<ul data-start=\"2649\" data-end=\"2851\">\n<li data-start=\"2649\" data-end=\"2684\">\n<p data-start=\"2651\" data-end=\"2684\">Des doigts compatibles avec l'\u00e9cran tactile<\/p>\n<\/li>\n<li data-start=\"2685\" data-end=\"2724\">\n<p data-start=\"2687\" data-end=\"2724\">Fermeture des poignets par crochets et boucles ou par glissement<\/p>\n<\/li>\n<li data-start=\"2725\" data-end=\"2764\">\n<p data-start=\"2727\" data-end=\"2764\">Dos en maille respirante pour la ventilation<\/p>\n<\/li>\n<li data-start=\"2765\" data-end=\"2807\">\n<p data-start=\"2767\" data-end=\"2807\">Conception ergonomique avec doigts pr\u00e9-courb\u00e9s<\/p>\n<\/li>\n<li data-start=\"2808\" data-end=\"2851\">\n<p data-start=\"2810\" data-end=\"2851\">Coutures renforc\u00e9es dans les zones de forte sollicitation<\/p>\n<\/li>\n<\/ul>\n<p data-start=\"2853\" data-end=\"3219\">Les couleurs vives (jaune n\u00e9on, orange, rouge, violet) am\u00e9liorent la visibilit\u00e9 et l'identification de l'\u00e9quipe, tandis que les mod\u00e8les plus fonc\u00e9s offrent un aspect propre et professionnel. Les gants conviennent aussi bien aux droitiers qu'aux gauchers et restent souples \u00e0 des temp\u00e9ratures allant jusqu'\u00e0 0\u00b0C. En fonction de vos besoins, nous proposons des variantes \u00e0 usage g\u00e9n\u00e9ral, antichoc, anti-vibration ou \u00e0 doublure thermique.<\/p>\n<p data-start=\"3221\" data-end=\"3277\">Nous fournissons des services OEM personnalis\u00e9s pour les acheteurs B2B, notamment :<\/p>\n<ul data-start=\"3278\" data-end=\"3473\">\n<li data-start=\"3278\" data-end=\"3323\">\n<p data-start=\"3280\" data-end=\"3323\">Impression de logos (caoutchouc, s\u00e9rigraphie ou transfert)<\/p>\n<\/li>\n<li data-start=\"3324\" data-end=\"3358\">\n<p data-start=\"3326\" data-end=\"3358\">\u00c9tiquettes et emballages personnalis\u00e9s pour les brassards<\/p>\n<\/li>\n<li data-start=\"3359\" data-end=\"3396\">\n<p data-start=\"3361\" data-end=\"3396\">Ajustements uniques de la couleur et de la taille<\/p>\n<\/li>\n<li data-start=\"3397\" data-end=\"3429\">\n<p data-start=\"3399\" data-end=\"3429\">Int\u00e9gration d'\u00e9tiquettes et de codes-barres pour le commerce de d\u00e9tail<\/p>\n<\/li>\n<li data-start=\"3430\" data-end=\"3473\">\n<p data-start=\"3432\" data-end=\"3473\">Documentation de certification EN388 ou ANSI<\/p>\n<\/li>\n<\/ul>\n<p data-start=\"3475\" data-end=\"3735\">Tous les gants sont fabriqu\u00e9s dans le cadre de contr\u00f4les de qualit\u00e9 stricts et sont livr\u00e9s sous la marque Ryinz ou sous votre propre marque. En tant qu'entreprise enregistr\u00e9e en R\u00e9publique tch\u00e8que (<strong data-start=\"3622\" data-end=\"3644\">Ryinz spol. s.r.o.<\/strong>), nous nous occupons de la facturation de la TVA europ\u00e9enne, de la documentation d'exportation et de la logistique rapide \u00e0 travers l'Europe.<\/p>\n<p data-start=\"3737\" data-end=\"3778\">Les industries et les cas d'utilisation les plus courants sont les suivants<\/p>\n<ul data-start=\"3779\" data-end=\"3991\">\n<li data-start=\"3779\" data-end=\"3815\">\n<p data-start=\"3781\" data-end=\"3815\">Garages et ateliers automobiles<\/p>\n<\/li>\n<li data-start=\"3816\" data-end=\"3853\">\n<p data-start=\"3818\" data-end=\"3853\">Maintenance m\u00e9canique industrielle<\/p>\n<\/li>\n<li data-start=\"3854\" data-end=\"3877\">\n<p data-start=\"3856\" data-end=\"3877\">Travail sur le terrain dans le secteur du p\u00e9trole et du gaz<\/p>\n<\/li>\n<li data-start=\"3878\" data-end=\"3912\">\n<p data-start=\"3880\" data-end=\"3912\">Assemblage et r\u00e9paration d'\u00e9quipements<\/p>\n<\/li>\n<li data-start=\"3913\" data-end=\"3949\">\n<p data-start=\"3915\" data-end=\"3949\">Logistique, entrep\u00f4t et emballage<\/p>\n<\/li>\n<li data-start=\"3950\" data-end=\"3991\">\n<p data-start=\"3952\" data-end=\"3991\">Construction, peinture et charpenterie<\/p>\n<\/li>\n<\/ul>\n<p data-start=\"3993\" data-end=\"4225\">Avec des tailles allant de S \u00e0 XXL et des mod\u00e8les optimis\u00e9s pour un usage l\u00e9ger, moyen ou intensif, nos gants de m\u00e9canicien ont la confiance des ateliers d'outillage, des distributeurs d'EPI et des fournisseurs industriels dans toute l'Allemagne, la France, la R\u00e9publique tch\u00e8que, l'Espagne et la Pologne.<\/p>\n<p data-start=\"4227\" data-end=\"4399\">Contactez-nous pour un acc\u00e8s au catalogue, des demandes d'\u00e9chantillons, des prix par mod\u00e8le ou une assistance compl\u00e8te en mati\u00e8re de marquage personnalis\u00e9. Ryinz offre qualit\u00e9, confort et conformit\u00e9 - con\u00e7u pour les mains de travail.<\/p>","protected":false},"excerpt":{"rendered":"<p data-start=\"314\" data-end=\"631\">Nos gants de m\u00e9canicien sont con\u00e7us pour les professionnels qui ont besoin d'adh\u00e9rence, de dext\u00e9rit\u00e9 et de protection dans des environnements de travail exigeants. Ces gants combinent des textures de paume antid\u00e9rapantes, des protections de jointures r\u00e9sistantes aux chocs et des mat\u00e9riaux respirants. Ils sont parfaits pour l'automobile, la construction, la maintenance industrielle et les travaux de r\u00e9paration m\u00e9canique.<\/p>\n<p data-start=\"633\" data-end=\"931\">Selon le mod\u00e8le, les gants sont dot\u00e9s d'une protection contre les chocs en TPR, de bouts de doigts renforc\u00e9s, d'une compatibilit\u00e9 avec les \u00e9crans tactiles, de paumes rembourr\u00e9es et de tricots ou de poignets flexibles. Beaucoup comprennent des doublures r\u00e9sistantes aux coupures (certifi\u00e9es EN388), des coquilles sans couture ou des couleurs haute visibilit\u00e9 pour une s\u00e9curit\u00e9 accrue sur les chantiers \u00e0 faible luminosit\u00e9.<\/p>\n<p data-start=\"933\" data-end=\"1199\">Disponibles en rouge, jaune, orange, violet, noir et gris, ces gants sont id\u00e9aux pour les fournisseurs d'\u00e9quipements de s\u00e9curit\u00e9, les d\u00e9taillants d'outils, les grossistes industriels et les marques de distributeur. Les tailles vont de S \u00e0 XXL et peuvent \u00eatre marqu\u00e9es du logo de votre entreprise.<\/p>\n<p data-start=\"1201\" data-end=\"1450\">Ryinz fournit des gants m\u00e9caniques dans 28 pays de l'UE, avec facturation de la TVA europ\u00e9enne, service d'\u00e9chantillonnage rapide et faibles MOQ pour les revendeurs et les importateurs. Que vous ayez besoin d'une r\u00e9sistance aux chocs, \u00e0 l'adh\u00e9rence ou aux coupures, nos gants offrent une protection durable et abordable des mains.<\/p>","protected":false},"featured_media":10161,"comment_status":"closed","ping_status":"closed","template":"","meta":[],"product_brand":[35],"product_cat":[438,68,467],"product_tag":[545,546,547,548,549,550,551,552,553,554,555,556,557,558,559],"class_list":{"0":"post-9327","1":"product","2":"type-product","3":"status-publish","4":"has-post-thumbnail","6":"product_brand-ryinz","7":"product_cat-leather-motorbike-pants","8":"product_cat-ryinz","9":"product_cat-textile-motorbike-jackets","10":"product_tag-anti-slip-work-gloves-wholesale-eu","11":"product_tag-automotive-repair-gloves-with-grip","12":"product_tag-custom-branded-ppe-work-gloves","13":"product_tag-cut-resistant-gloves-for-auto-repair","14":"product_tag-cut-resistant-mechanic-gloves-en388","15":"product_tag-durable-utility-gloves-b2b-europe","16":"product_tag-flexible-gloves-for-workshop-safety","17":"product_tag-high-dexterity-mechanic-gloves-ce","18":"product_tag-high-visibility-mechanic-gloves-supplier","19":"product_tag-industrial-hand-protection-czech-supplier","20":"product_tag-mechanic-gloves-with-knuckle-guards","21":"product_tag-ppe-distributor-gloves-czech-republic","22":"product_tag-touchscreen-mechanic-gloves-europe","23":"product_tag-tpr-impact-gloves-for-mechanics","24":"product_tag-workshop-gloves-with-padded-palms","26":"first","27":"instock","28":"taxable","29":"shipping-taxable","30":"purchasable","31":"product-type-simple"},"_links":{"self":[{"href":"https:\/\/ryinz.cz\/velkoobchod\/fr\/wp-json\/wp\/v2\/product\/9327","targetHints":{"allow":["GET"]}}],"collection":[{"href":"https:\/\/ryinz.cz\/velkoobchod\/fr\/wp-json\/wp\/v2\/product"}],"about":[{"href":"https:\/\/ryinz.cz\/velkoobchod\/fr\/wp-json\/wp\/v2\/types\/product"}],"replies":[{"embeddable":true,"href":"https:\/\/ryinz.cz\/velkoobchod\/fr\/wp-json\/wp\/v2\/comments?post=9327"}],"wp:featuredmedia":[{"embeddable":true,"href":"https:\/\/ryinz.cz\/velkoobchod\/fr\/wp-json\/wp\/v2\/media\/10161"}],"wp:attachment":[{"href":"https:\/\/ryinz.cz\/velkoobchod\/fr\/wp-json\/wp\/v2\/media?parent=9327"}],"wp:term":[{"taxonomy":"product_brand","embeddable":true,"href":"https:\/\/ryinz.cz\/velkoobchod\/fr\/wp-json\/wp\/v2\/product_brand?post=9327"},{"taxonomy":"product_cat","embeddable":true,"href":"https:\/\/ryinz.cz\/velkoobchod\/fr\/wp-json\/wp\/v2\/product_cat?post=9327"},{"taxonomy":"product_tag","embeddable":true,"href":"https:\/\/ryinz.cz\/velkoobchod\/fr\/wp-json\/wp\/v2\/product_tag?post=9327"}],"curies":[{"name":"wp","href":"https:\/\/api.w.org\/{rel}","templated":true}]}}