{"id":9326,"date":"2025-06-22T15:41:30","date_gmt":"2025-06-22T15:41:30","guid":{"rendered":"https:\/\/ryinz.cz\/velkoobchod\/?post_type=product&#038;p=9326"},"modified":"2026-01-18T20:18:50","modified_gmt":"2026-01-18T20:18:50","slug":"gants-dhiver-thermiques-et-impermeables-gants-dexterieur-coupe-vent-avec-ecran-tactile-pour-le-velo-la-randonnee-et-le-froid","status":"publish","type":"product","link":"https:\/\/ryinz.cz\/velkoobchod\/fr\/product\/thermal-waterproof-winter-gloves-windproof-touchscreen-ready-outdoor-gloves-for-biking-hiking-and-cold-weather-use\/","title":{"rendered":"Gants d'hiver imperm\u00e9ables et thermiques - Gants d'ext\u00e9rieur coupe-vent, pr\u00eats \u00e0 recevoir un \u00e9cran tactile pour le v\u00e9lo, la randonn\u00e9e et le temps froid"},"content":{"rendered":"<p data-start=\"1508\" data-end=\"1854\">Nos gants d'hiver sont con\u00e7us pour les mois les plus froids de l'ann\u00e9e. Ils offrent une protection thermique, une r\u00e9sistance au vent, une d\u00e9perlance et une souplesse d'utilisation dans les environnements difficiles. Que vos clients soient des cyclistes, des coureurs, des randonneurs en montagne, des navetteurs hivernaux ou des livreurs, ces gants garantissent chaleur, visibilit\u00e9 et facilit\u00e9 d'utilisation.<\/p>\n<p data-start=\"1856\" data-end=\"2204\">Fabriqu\u00e9e en polyester de haute qualit\u00e9 ou en tissu softshell, la couche ext\u00e9rieure repousse la pluie fine et la neige. L'int\u00e9rieur comprend une doublure en polaire thermique ou isol\u00e9e, qui emprisonne la chaleur sans ajouter de volume excessif. Ces gants sont donc parfaits pour une utilisation active, permettant aux utilisateurs de tenir le guidon, d'utiliser le t\u00e9l\u00e9phone ou d'effectuer des t\u00e2ches quotidiennes dans des conditions glaciales.<\/p>\n<p data-start=\"2206\" data-end=\"2559\">Les zones de la paume sont trait\u00e9es avec des motifs antid\u00e9rapants en silicone ou en caoutchouc pour une forte adh\u00e9rence dans les environnements humides ou glac\u00e9s. Cela am\u00e9liore le contr\u00f4le pour les cyclistes et renforce la s\u00e9curit\u00e9 pour les sports d'hiver. Les doigts sont pr\u00e9-courb\u00e9s pour plus de confort et sont dot\u00e9s des caract\u00e9ristiques suivantes <strong data-start=\"2451\" data-end=\"2482\">conseils compatibles avec les \u00e9crans tactiles<\/strong> afin que les utilisateurs puissent utiliser des smartphones ou des appareils GPS sans enlever les gants.<\/p>\n<p data-start=\"2561\" data-end=\"2582\">Les principales caract\u00e9ristiques sont les suivantes :<\/p>\n<ul data-start=\"2583\" data-end=\"2831\">\n<li data-start=\"2583\" data-end=\"2621\">\n<p data-start=\"2585\" data-end=\"2621\">Poignets \u00e9lastiques pour l'\u00e9tanch\u00e9it\u00e9 au vent<\/p>\n<\/li>\n<li data-start=\"2622\" data-end=\"2665\">\n<p data-start=\"2624\" data-end=\"2665\">Poignets allong\u00e9s pour une meilleure couverture<\/p>\n<\/li>\n<li data-start=\"2666\" data-end=\"2714\">\n<p data-start=\"2668\" data-end=\"2714\">Logos ou d\u00e9tails r\u00e9fl\u00e9chissants pour la s\u00e9curit\u00e9 nocturne<\/p>\n<\/li>\n<li data-start=\"2715\" data-end=\"2769\">\n<p data-start=\"2717\" data-end=\"2769\">Rev\u00eatements r\u00e9sistants \u00e0 l'eau ou tissu ext\u00e9rieur trait\u00e9 DWR<\/p>\n<\/li>\n<li data-start=\"2770\" data-end=\"2831\">\n<p data-start=\"2772\" data-end=\"2831\">Disponible dans des couleurs de s\u00e9curit\u00e9 accrocheuses (rouge, jaune, bleu)<\/p>\n<\/li>\n<\/ul>\n<p data-start=\"2833\" data-end=\"3126\">Ces gants sont <strong data-start=\"2850\" data-end=\"2895\">l\u00e9ger, lavable et tr\u00e8s durable<\/strong>, Ils sont donc parfaits pour \u00eatre revendus par des d\u00e9taillants de mat\u00e9riel de plein air, des magasins de v\u00e9los, des clubs de course \u00e0 pied ou des \u00e9v\u00e9nements promotionnels. Nous soutenons \u00e9galement <strong data-start=\"3026\" data-end=\"3053\">personnalisation de l'entreprise<\/strong> y compris la broderie, l'impression de logo, l'emballage sp\u00e9cial ou l'\u00e9tiquetage de taille.<\/p>\n<p data-start=\"3128\" data-end=\"3358\">Les tailles disponibles vont de XS \u00e0 XXL et conviennent aussi bien aux hommes qu'aux femmes. Des tailles sur mesure peuvent \u00eatre ajout\u00e9es pour les clients en gros qui ont besoin de proportions particuli\u00e8res. La plupart des mod\u00e8les sont unisexes et con\u00e7us pour \u00eatre port\u00e9s serr\u00e9s afin d'obtenir des performances thermiques maximales.<\/p>\n<p data-start=\"3360\" data-end=\"3381\">Les applications comprennent<\/p>\n<ul data-start=\"3382\" data-end=\"3544\">\n<li data-start=\"3382\" data-end=\"3404\">\n<p data-start=\"3384\" data-end=\"3404\">Cyclisme par temps froid<\/p>\n<\/li>\n<li data-start=\"3405\" data-end=\"3433\">\n<p data-start=\"3407\" data-end=\"3433\">Randonn\u00e9e et trekking en hiver<\/p>\n<\/li>\n<li data-start=\"3434\" data-end=\"3456\">\n<p data-start=\"3436\" data-end=\"3456\">Trajets quotidiens en ville<\/p>\n<\/li>\n<li data-start=\"3457\" data-end=\"3476\">\n<p data-start=\"3459\" data-end=\"3476\">Pr\u00e9paration du ski et de la neige<\/p>\n<\/li>\n<li data-start=\"3477\" data-end=\"3504\">\n<p data-start=\"3479\" data-end=\"3504\">Travail de coursier ou d'entrep\u00f4t<\/p>\n<\/li>\n<li data-start=\"3505\" data-end=\"3544\">\n<p data-start=\"3507\" data-end=\"3544\">Cadeaux promotionnels ou pour des \u00e9v\u00e9nements sportifs<\/p>\n<\/li>\n<\/ul>\n<p data-start=\"3546\" data-end=\"3867\">Produit et export\u00e9 par <strong data-start=\"3571\" data-end=\"3593\">Ryinz spol. s.r.o.<\/strong>, Nos gants sont conformes aux normes CE et sont factur\u00e9s \u00e0 la TVA europ\u00e9enne depuis notre bureau en R\u00e9publique tch\u00e8que. Tous les gants sont emball\u00e9s dans un format pr\u00eat \u00e0 la vente ou en vrac, selon votre pr\u00e9f\u00e9rence. Nous servons des d\u00e9taillants et des grossistes en Allemagne, en France, en Italie, en Espagne, en Pologne et ailleurs.<\/p>\n<p data-start=\"3869\" data-end=\"4151\">Si vous cherchez \u00e0 stocker une ligne de gants d'hiver fiables, \u00e9l\u00e9gants et performants, notre production en usine garantit la coh\u00e9rence et la personnalisation n\u00e9cessaires \u00e0 l'\u00e9largissement de votre offre. Notre MOQ commence \u00e0 partir de 100 paires, avec des options flexibles bas\u00e9es sur la s\u00e9lection du mod\u00e8le et les besoins de la marque.<\/p>","protected":false},"excerpt":{"rendered":"<p data-start=\"313\" data-end=\"655\">Restez au chaud et prot\u00e9g\u00e9 avec nos gants d'hiver con\u00e7us pour les temp\u00e9ratures glaciales, les conditions humides et les activit\u00e9s de plein air quotidiennes. Ces gants sont dot\u00e9s d'une isolation thermique multicouche, de tissus ext\u00e9rieurs softshell ou polyester imperm\u00e9ables et de zones de pr\u00e9hension antid\u00e9rapantes en silicone. Ils sont id\u00e9aux pour les cyclistes, les coureurs, les randonneurs ou les navetteurs dans les climats froids.<\/p>\n<p data-start=\"657\" data-end=\"1042\">Chaque mod\u00e8le est dot\u00e9 de bouts de doigts compatibles avec un \u00e9cran tactile pour l'utilisation d'un smartphone, de poignets \u00e9lastiques pour bloquer l'air froid et d'\u00e9l\u00e9ments r\u00e9fl\u00e9chissants pour la visibilit\u00e9 nocturne. La doublure int\u00e9rieure est douce et respirante, tout en gardant les mains au chaud en cas de neige, de vent ou de gr\u00e9sil. Disponibles dans des couleurs vives comme le rouge, le jaune n\u00e9on, le bleu marine et le noir, ces gants allient fonctionnalit\u00e9 et design haute visibilit\u00e9.<\/p>\n<p data-start=\"1044\" data-end=\"1287\">Parfaits pour les travailleurs en ext\u00e9rieur, les livreurs, les amateurs de sport et les utilisateurs occasionnels, nos gants d'hiver sont l\u00e9gers, souples et r\u00e9sistants \u00e0 l'humidit\u00e9. Tous les mod\u00e8les peuvent \u00eatre marqu\u00e9s du logo de votre entreprise ou con\u00e7us pour des clients priv\u00e9s.<\/p>\n<p data-start=\"1289\" data-end=\"1454\">Avec une facturation europ\u00e9enne, des d\u00e9lais de livraison rapides et des minimums de commande peu \u00e9lev\u00e9s, Ryinz est votre fournisseur B2B de confiance pour des gants d'hiver de qualit\u00e9 sup\u00e9rieure en R\u00e9publique tch\u00e8que et dans 28 pays europ\u00e9ens.<\/p>","protected":false},"featured_media":10160,"comment_status":"closed","ping_status":"closed","template":"","meta":[],"product_brand":[35],"product_cat":[438,68,467],"product_tag":[530,531,532,533,534,535,536,537,538,539,540,541,542,543,544],"class_list":{"0":"post-9326","1":"product","2":"type-product","3":"status-publish","4":"has-post-thumbnail","6":"product_brand-ryinz","7":"product_cat-leather-motorbike-pants","8":"product_cat-ryinz","9":"product_cat-textile-motorbike-jackets","10":"product_tag-breathable-fleece-lined-gloves-eu","11":"product_tag-cold-weather-gloves-for-cyclists","12":"product_tag-custom-branded-thermal-gloves-czechia","13":"product_tag-insulated-gloves-for-outdoor-activities","14":"product_tag-lightweight-cold-weather-gloves-europe","15":"product_tag-reflective-winter-gloves-for-night-use","16":"product_tag-running-gloves-for-freezing-conditions","17":"product_tag-softshell-gloves-for-winter-biking","18":"product_tag-sport-and-commuter-gloves-ce-certified","19":"product_tag-thermal-waterproof-winter-gloves-eu","20":"product_tag-touchscreen-insulated-gloves-wholesale","21":"product_tag-water-resistant-gloves-for-delivery-staff","22":"product_tag-windproof-touchscreen-gloves-supplier","23":"product_tag-winter-gloves-with-silicone-grip","24":"product_tag-winter-safety-gloves-manufacturer-europe","26":"first","27":"instock","28":"taxable","29":"shipping-taxable","30":"purchasable","31":"product-type-simple"},"_links":{"self":[{"href":"https:\/\/ryinz.cz\/velkoobchod\/fr\/wp-json\/wp\/v2\/product\/9326","targetHints":{"allow":["GET"]}}],"collection":[{"href":"https:\/\/ryinz.cz\/velkoobchod\/fr\/wp-json\/wp\/v2\/product"}],"about":[{"href":"https:\/\/ryinz.cz\/velkoobchod\/fr\/wp-json\/wp\/v2\/types\/product"}],"replies":[{"embeddable":true,"href":"https:\/\/ryinz.cz\/velkoobchod\/fr\/wp-json\/wp\/v2\/comments?post=9326"}],"wp:featuredmedia":[{"embeddable":true,"href":"https:\/\/ryinz.cz\/velkoobchod\/fr\/wp-json\/wp\/v2\/media\/10160"}],"wp:attachment":[{"href":"https:\/\/ryinz.cz\/velkoobchod\/fr\/wp-json\/wp\/v2\/media?parent=9326"}],"wp:term":[{"taxonomy":"product_brand","embeddable":true,"href":"https:\/\/ryinz.cz\/velkoobchod\/fr\/wp-json\/wp\/v2\/product_brand?post=9326"},{"taxonomy":"product_cat","embeddable":true,"href":"https:\/\/ryinz.cz\/velkoobchod\/fr\/wp-json\/wp\/v2\/product_cat?post=9326"},{"taxonomy":"product_tag","embeddable":true,"href":"https:\/\/ryinz.cz\/velkoobchod\/fr\/wp-json\/wp\/v2\/product_tag?post=9326"}],"curies":[{"name":"wp","href":"https:\/\/api.w.org\/{rel}","templated":true}]}}