{"id":9323,"date":"2025-06-22T15:41:30","date_gmt":"2025-06-22T15:41:30","guid":{"rendered":"https:\/\/ryinz.cz\/velkoobchod\/?post_type=product&#038;p=9323"},"modified":"2026-01-18T20:18:42","modified_gmt":"2026-01-18T20:18:42","slug":"gants-de-course-en-cuir-certifies-ce-pour-les-motocyclistes-gants-blindes-ventiles-de-protection-pour-les-pilotes-de-piste-et-de-rue","status":"publish","type":"product","link":"https:\/\/ryinz.cz\/velkoobchod\/fr\/product\/ce-certified-leather-racing-gloves-for-motorcyclists-protective-vented-armored-gloves-for-track-and-street-riders\/","title":{"rendered":"Gants de course en cuir certifi\u00e9s CE pour motocyclistes - Gants de protection, ventil\u00e9s et blind\u00e9s pour les pilotes de piste et de rue"},"content":{"rendered":"<p data-start=\"1541\" data-end=\"1898\">Les gants de course sont des \u00e9quipements de s\u00e9curit\u00e9 essentiels pour les motocyclistes qui repoussent les limites, que ce soit sur les circuits de course, les routes de tourisme sportif ou les environnements de rue rapides. Nos gants de course certifi\u00e9s CE sont fabriqu\u00e9s en cuir de vachette ou de ch\u00e8vre de premi\u00e8re qualit\u00e9, renforc\u00e9s par de la fibre de carbone, des glissi\u00e8res TPU et des coutures en Kevlar pour r\u00e9pondre aux normes les plus strictes en mati\u00e8re de protection des mains.<\/p>\n<p data-start=\"1900\" data-end=\"2341\">Con\u00e7us pour la comp\u00e9tition et la vitesse, ces gants offrent un \u00e9quilibre pr\u00e9cis entre flexibilit\u00e9, contr\u00f4le tactile et r\u00e9sistance aux impacts. La coque ext\u00e9rieure est en cuir pleine fleur (0,8-1,2 mm d'\u00e9paisseur), connu pour sa r\u00e9sistance \u00e0 l'abrasion et son toucher doux. Chaque gant est dot\u00e9 d'un prot\u00e8ge-joint en fibre de carbone ou d'un protecteur en thermoplastique moul\u00e9 pour absorber les chocs en cas de collision. Les glissi\u00e8res des doigts et de la paume r\u00e9duisent encore l'\u00e9nergie de l'impact lors d'une glissade.<\/p>\n<p data-start=\"2343\" data-end=\"2722\">Nous utilisons du cuir double couche et de la mousse anti-choc sur la paume pour absorber les vibrations du guidon tout en \u00e9vitant les ampoules pendant les longues randonn\u00e9es. Les doigts pr\u00e9-courb\u00e9s r\u00e9duisent la fatigue de la main et am\u00e9liorent l'ergonomie lors de l'utilisation de l'embrayage et de l'acc\u00e9l\u00e9rateur. La doublure int\u00e9rieure est en polyester respirant et \u00e9vacuant la transpiration, ce qui assure un confort rafra\u00eechissant pendant les sessions de piste estivales ou les longues randonn\u00e9es.<\/p>\n<p data-start=\"2724\" data-end=\"3125\">Les zones perfor\u00e9es et les points de ventilation strat\u00e9giquement plac\u00e9s permettent \u00e0 l'air de circuler pour r\u00e9duire l'accumulation de sueur, en particulier autour des doigts. Les doubles fermetures Velcro aux poignets garantissent un ajustement s\u00fbr et serr\u00e9, emp\u00eachant les gants de glisser en cas d'impact. Les mod\u00e8les \u00e0 manchettes plus longues avec des conceptions de type gantelet offrent \u00e9galement une protection \u00e9tendue du poignet et de l'avant-bras, ce qui est id\u00e9al pour les coureurs professionnels et les amateurs de moto sportive.<\/p>\n<p data-start=\"3127\" data-end=\"3537\">Ces gants sont disponibles dans de multiples combinaisons de couleurs et de mod\u00e8les - noir classique, mod\u00e8les de course accentu\u00e9s par des n\u00e9ons, ou motifs bicolores personnalis\u00e9s. Des \u00e9l\u00e9ments r\u00e9fl\u00e9chissants sont ajout\u00e9s \u00e0 certaines versions pour une meilleure visibilit\u00e9 de nuit. Les bouts des doigts renforc\u00e9s permettent d'interagir avec l'\u00e9cran tactile sans avoir \u00e0 retirer les gants. Vous pouvez commander nos mod\u00e8les standard ou demander une personnalisation compl\u00e8te avec votre logo, le nom de votre coureur ou votre palette de couleurs.<\/p>\n<p data-start=\"3539\" data-end=\"3848\">Que vous soyez un magasin de motos, un revendeur d'\u00e9quipements de s\u00e9curit\u00e9 ou que vous lanciez votre propre marque, nous vous offrons un support OEM complet. Notre usine produit des gants de taille XS \u00e0 3XL, avec un contr\u00f4le de qualit\u00e9 strict \u00e0 chaque \u00e9tape. Chaque paire de gants est soumise \u00e0 un test de r\u00e9sistance aux chocs, \u00e0 une inspection visuelle et \u00e0 un emballage dans des sacs de protection de marque.<\/p>\n<p data-start=\"3850\" data-end=\"4092\">Ryinz spol. s.r.o., bas\u00e9 en R\u00e9publique tch\u00e8que, g\u00e8re l'ensemble de la facturation europ\u00e9enne, la conformit\u00e9 \u00e0 la TVA et la logistique d'exportation. Nous assurons les livraisons dans plus de 28 pays europ\u00e9ens et pouvons pr\u00e9parer des \u00e9chantillons, un \u00e9tiquetage personnalis\u00e9 ou un emballage de marque pour les d\u00e9taillants.<\/p>\n<p data-start=\"4094\" data-end=\"4126\">Nos gants de course sont id\u00e9aux pour :<\/p>\n<ul data-start=\"4127\" data-end=\"4278\">\n<li data-start=\"4127\" data-end=\"4160\">\n<p data-start=\"4129\" data-end=\"4160\">Pistes de course et \u00e9quipes de sport automobile<\/p>\n<\/li>\n<li data-start=\"4161\" data-end=\"4196\">\n<p data-start=\"4163\" data-end=\"4196\">Clubs de motards et \u00e9v\u00e9nements pour motards<\/p>\n<\/li>\n<li data-start=\"4197\" data-end=\"4236\">\n<p data-start=\"4199\" data-end=\"4236\">D\u00e9taillants ou grossistes professionnels<\/p>\n<\/li>\n<li data-start=\"4237\" data-end=\"4278\">\n<p data-start=\"4239\" data-end=\"4278\">Les marques B2B \u00e0 la recherche d'importations de haute qualit\u00e9<\/p>\n<\/li>\n<\/ul>\n<p data-start=\"4280\" data-end=\"4471\">Avec l'essor des courses de motos en Europe, la demande de gants conformes \u00e0 la norme CE, \u00e9l\u00e9gants et s\u00fbrs est plus forte que jamais. Ryinz est pr\u00eat \u00e0 soutenir votre croissance avec qualit\u00e9, rapidit\u00e9 et transparence.<\/p>","protected":false},"excerpt":{"rendered":"<p data-start=\"325\" data-end=\"613\">Nos gants de course certifi\u00e9s CE sont con\u00e7us pour des performances et une s\u00e9curit\u00e9 optimales sur la piste ou la route. Con\u00e7us pour les pilotes \u00e0 grande vitesse, ces gants associent du cuir pleine fleur, une protection des articulations en fibre de carbone et des glissi\u00e8res en TPU pour offrir une r\u00e9sistance \u00e0 l'abrasion et une absorption des chocs sup\u00e9rieures.<\/p>\n<p data-start=\"615\" data-end=\"913\">Chaque gant de cette gamme est con\u00e7u pour les environnements \u00e0 haut risque, avec des doigts pr\u00e9-courb\u00e9s, des paumes renforc\u00e9es, des doubles fermetures et des zones de ventilation perfor\u00e9es pour une prise en main et un confort optimaux. Les articulations en carbone, les poignets rembourr\u00e9s et les glissi\u00e8res pour les doigts assurent une protection sans sacrifier la flexibilit\u00e9.<\/p>\n<p data-start=\"915\" data-end=\"1215\">Disponibles dans de nombreux styles (noir, rouge, jaune, bleu, rose, etc.), ces gants r\u00e9pondent \u00e0 la fois aux attentes des professionnels et des passionn\u00e9s en mati\u00e8re de performances et d'esth\u00e9tique. Avec une large gamme de tailles (XS-3XL), des bouts de doigts adapt\u00e9s aux \u00e9crans tactiles et des coutures renforc\u00e9es, ces gants sont faits pour \u00eatre performants.<\/p>\n<p data-start=\"1217\" data-end=\"1487\">Ryinz soutient les acheteurs B2B gr\u00e2ce \u00e0 la facturation europ\u00e9enne, \u00e0 l'\u00e9chantillonnage rapide et \u00e0 la personnalisation compl\u00e8te, y compris le marquage priv\u00e9, les logos en relief et l'assortiment des couleurs. Nos gants sont port\u00e9s par des coureurs et vendus par des revendeurs de mat\u00e9riel dans toute l'Europe, notamment en Allemagne, en Italie, en Tch\u00e9quie, en France et en Pologne.<\/p>","protected":false},"featured_media":10159,"comment_status":"closed","ping_status":"closed","template":"","meta":[],"product_brand":[35],"product_cat":[438,68,467],"product_tag":[485,486,487,488,489,490,491,492,493,494,495,496,497,498,499],"class_list":{"0":"post-9323","1":"product","2":"type-product","3":"status-publish","4":"has-post-thumbnail","6":"product_brand-ryinz","7":"product_cat-leather-motorbike-pants","8":"product_cat-ryinz","9":"product_cat-textile-motorbike-jackets","10":"product_tag-armored-gloves-for-sportbike-riders","11":"product_tag-carbon-fiber-knuckle-gloves-europe","12":"product_tag-ce-certified-motorcycle-racing-gloves","13":"product_tag-european-distributor-of-biker-gloves","14":"product_tag-full-grain-leather-racing-gloves-supplier","15":"product_tag-high-speed-biker-gloves-manufacturer","16":"product_tag-kevlar-stitched-gloves-wholesale-europe","17":"product_tag-motorbike-gloves-with-palm-sliders","18":"product_tag-motorcycle-gloves-with-wrist-protection","19":"product_tag-pre-curved-motorcycle-gloves-ce-certified","20":"product_tag-private-label-racing-gloves-supplier","21":"product_tag-racing-gloves-with-ventilation-panels","22":"product_tag-sportbike-gloves-with-tpu-sliders-eu","23":"product_tag-touchscreen-leather-racing-gloves","24":"product_tag-track-ready-motorbike-gloves-wholesale","26":"first","27":"instock","28":"taxable","29":"shipping-taxable","30":"purchasable","31":"product-type-simple"},"_links":{"self":[{"href":"https:\/\/ryinz.cz\/velkoobchod\/fr\/wp-json\/wp\/v2\/product\/9323","targetHints":{"allow":["GET"]}}],"collection":[{"href":"https:\/\/ryinz.cz\/velkoobchod\/fr\/wp-json\/wp\/v2\/product"}],"about":[{"href":"https:\/\/ryinz.cz\/velkoobchod\/fr\/wp-json\/wp\/v2\/types\/product"}],"replies":[{"embeddable":true,"href":"https:\/\/ryinz.cz\/velkoobchod\/fr\/wp-json\/wp\/v2\/comments?post=9323"}],"wp:featuredmedia":[{"embeddable":true,"href":"https:\/\/ryinz.cz\/velkoobchod\/fr\/wp-json\/wp\/v2\/media\/10159"}],"wp:attachment":[{"href":"https:\/\/ryinz.cz\/velkoobchod\/fr\/wp-json\/wp\/v2\/media?parent=9323"}],"wp:term":[{"taxonomy":"product_brand","embeddable":true,"href":"https:\/\/ryinz.cz\/velkoobchod\/fr\/wp-json\/wp\/v2\/product_brand?post=9323"},{"taxonomy":"product_cat","embeddable":true,"href":"https:\/\/ryinz.cz\/velkoobchod\/fr\/wp-json\/wp\/v2\/product_cat?post=9323"},{"taxonomy":"product_tag","embeddable":true,"href":"https:\/\/ryinz.cz\/velkoobchod\/fr\/wp-json\/wp\/v2\/product_tag?post=9323"}],"curies":[{"name":"wp","href":"https:\/\/api.w.org\/{rel}","templated":true}]}}