{"id":9281,"date":"2025-08-26T11:48:35","date_gmt":"2025-08-26T11:48:35","guid":{"rendered":"https:\/\/ryinz.cz\/velkoobchod\/?post_type=product&#038;p=9281"},"modified":"2026-01-18T20:18:37","modified_gmt":"2026-01-18T20:18:37","slug":"vestes-de-moto-en-cuir-personnalisees-vestes-de-club-de-motards-en-gros-pour-les-conducteurs-de-lue-avec-boutons-fermetures-a-glissiere-ou-lacets-lateraux","status":"publish","type":"product","link":"https:\/\/ryinz.cz\/velkoobchod\/fr\/product\/custom-leather-motorbike-vests-wholesale-biker-club-vests-for-eu-riders-with-button-zipper-or-side-lace-designs\/","title":{"rendered":"Gilets de moto en cuir personnalis\u00e9s - Gilets de club de motards en gros pour les pilotes europ\u00e9ens avec boutons, fermetures \u00e0 glissi\u00e8re ou lacets lat\u00e9raux"},"content":{"rendered":"<p data-start=\"1653\" data-end=\"2060\">Les gilets de moto en cuir sont bien plus que de simples accessoires : ce sont des symboles du style de vie des motards, auxquels font confiance les pilotes, les clubs de motards et les communaut\u00e9s urbaines \u00e0 la pointe de la mode. Nos gilets sont con\u00e7us pour offrir durabilit\u00e9, confort et expression audacieuse, tout en pr\u00e9servant l'aspect pratique et la s\u00e9curit\u00e9 des motards. Fabriqu\u00e9e en cuir de vachette pleine fleur ou en cuir de buffle, chaque pi\u00e8ce est con\u00e7ue pour durer au fil des kilom\u00e8tres et des souvenirs.<\/p>\n<p data-start=\"2062\" data-end=\"2449\">Notre gamme comprend des mod\u00e8les \u00e0 boutons, \u00e0 fermeture \u00e9clair et \u00e0 lacets lat\u00e9raux, dans des coupes classiques et des coupes d\u00e9contract\u00e9es. Ces gilets offrent une protection l\u00e9g\u00e8re du torse pour les randonn\u00e9es par temps chaud ou peuvent \u00eatre superpos\u00e9s aux vestes de moto pendant les saisons plus froides. Avec des coutures renforc\u00e9es et une structure en cuir \u00e9pais, ils offrent une r\u00e9sistance au vent et un ajustement s\u00fbr, tout en offrant une libert\u00e9 de mouvement essentielle pour les motards.<\/p>\n<p data-start=\"2451\" data-end=\"2875\">Nous proposons diff\u00e9rents styles pour r\u00e9pondre aux besoins de tous les segments du march\u00e9. Nos gilets bruns vintage pr\u00e9sentent des finitions brunies et des boutons en laiton antique pour un look Americana robuste. Les gilets noirs sont dot\u00e9s d'un devant plat adapt\u00e9 aux gangs de motards et de poches int\u00e9rieures et ext\u00e9rieures pour les portefeuilles, le port dissimul\u00e9 et les outils. Certains mod\u00e8les sont dot\u00e9s de lacets lat\u00e9raux pour l'extensibilit\u00e9, de panneaux arri\u00e8re pour la broderie de grands \u00e9cussons ou de doublures perfor\u00e9es pour la circulation de l'air.<\/p>\n<p data-start=\"2877\" data-end=\"3234\">Toutes les vestes sont personnalisables afin de refl\u00e9ter l'identit\u00e9 de votre marque ou l'affiliation de votre club. Nous pouvons placer des \u00e9cussons personnalis\u00e9s, broder des logos, effectuer des gravures au laser et concevoir des panneaux arri\u00e8re uniques. Notre atelier travaille directement avec les clubs et les magasins pour cr\u00e9er des prototypes et livrer des commandes en gros. L'\u00e9paisseur du cuir varie de 1,0 \u00e0 1,3 mm, offrant \u00e0 la fois structure et confort.<\/p>\n<p data-start=\"3236\" data-end=\"3605\">Les options de doublure comprennent le satin, le polyester ou la maille. Les syst\u00e8mes de fermeture comprennent des fermetures \u00e0 glissi\u00e8re YKK de haute qualit\u00e9 ou des boutons-pression r\u00e9sistants \u00e0 la rouille. Certains mod\u00e8les haut de gamme comprennent de multiples poches internes avec des options d'\u00e9tui \u00e0 pistolet ou des compartiments s\u00e9curis\u00e9s pour t\u00e9l\u00e9phone portable. Que vos acheteurs soient des motards de croisi\u00e8re classiques, des cyclistes urbains \u00e0 la mode ou des touristes en Vespa, nos vestes s'adaptent \u00e0 tous les styles de vie.<\/p>\n<p data-start=\"3607\" data-end=\"3988\">Nous fabriquons ces gilets de motard sous la marque Ryinz spol. s.r.o., bas\u00e9e en R\u00e9publique tch\u00e8que et offrant une assistance B2B dans toute l'UE. Toutes les factures sont trait\u00e9es en Europe, avec des prix transparents, des frais de douane r\u00e9duits et une assistance rapide. Des acheteurs en Allemagne, en France, en Italie, en Pologne, aux Pays-Bas et en Espagne distribuent d\u00e9j\u00e0 nos gilets avec une excellente satisfaction de la client\u00e8le.<\/p>\n<p data-start=\"3990\" data-end=\"4290\">Des salons de la moto aux magasins de v\u00eatements en ligne, nos gilets de moto en cuir offrent un produit flexible et tr\u00e8s attrayant. Ils sont particuli\u00e8rement populaires pour les commandes de clubs, les \u00e9v\u00e9nements promotionnels, les mariages de motards et les voyages de fin de semaine. Les motards appr\u00e9cient le poids minime et la forte pr\u00e9sence de ces v\u00eatements.<\/p>\n<p data-start=\"4292\" data-end=\"4644\">Nos tailles sont conformes aux normes europ\u00e9ennes et vont du XS au 5XL. Nous proposons \u00e9galement des options de taille surdimensionn\u00e9e et de grande taille. La quantit\u00e9 minimale de commande pour les gilets personnalis\u00e9s est de 30 pi\u00e8ces seulement, et nous pouvons livrer des \u00e9chantillons \u00e0 l'avance pour approbation. Pour les marques qui souhaitent cr\u00e9er des collections ou les vendeurs en ligne qui ont besoin d'un stock reproductible, nous proposons \u00e9galement la fabrication en marque blanche.<\/p>\n<p data-start=\"4646\" data-end=\"4774\">Ryinz est votre partenaire pour les gilets en cuir europ\u00e9en, apportant h\u00e9ritage, performance et personnalisation \u00e0 votre ligne de v\u00eatements pour motards.<\/p>","protected":false},"excerpt":{"rendered":"<p data-start=\"349\" data-end=\"711\">Nos gilets de moto en cuir offrent un m\u00e9lange parfait d'identit\u00e9 motarde, de protection et de style. Fabriqu\u00e9s \u00e0 partir de cuir de vachette et de cuir de buffle de premi\u00e8re qualit\u00e9, ces gilets sont con\u00e7us pour les clubs de motards, les motards occasionnels et les d\u00e9taillants de v\u00eatements \u00e0 travers l'Europe. Disponibles en version boutonn\u00e9e, zipp\u00e9e ou \u00e0 lacets, nos gilets conviennent \u00e0 une grande vari\u00e9t\u00e9 d'objectifs de conduite et de besoins en mati\u00e8re de mode.<\/p>\n<p data-start=\"713\" data-end=\"971\">Ces gilets de moto offrent une protection centrale de la poitrine et sont g\u00e9n\u00e9ralement port\u00e9s par-dessus des vestes en cuir ou des sweats \u00e0 capuche. Avec des options de poches pour port dissimul\u00e9, de poches zipp\u00e9es, de doublure int\u00e9rieure et de zones de broderie, nos gilets sont enti\u00e8rement personnalisables pour les clubs et les marques.<\/p>\n<p data-start=\"973\" data-end=\"1304\">Que vous soyez propri\u00e9taire d'un magasin de motards, grossiste ou marque \u00e0 la recherche d'une production sous marque de distributeur, notre usine propose des quantit\u00e9s minimales, des d\u00e9lais d'ex\u00e9cution rapides et des livraisons dans l'Union europ\u00e9enne avec des factures TVA. Les gilets sont fabriqu\u00e9s dans des styles robustes - marron vintage, noir classique et cuir vieilli - con\u00e7us pour s'harmoniser avec les \u00e9quipements de moto ou les v\u00eatements de ville.<\/p>\n<p data-start=\"1306\" data-end=\"1599\">Id\u00e9ales pour les clubs de motards, les voyages \u00e0 moto, les festivals europ\u00e9ens ou les marques de mode urbaine, ces vestes en cuir sont disponibles dans les tailles XS-5XL et peuvent inclure un marquage personnalis\u00e9 tel que des patchs ou des logos. De la Tch\u00e9quie \u00e0 l'Allemagne et de l'Espagne \u00e0 la France, Ryinz est votre partenaire fiable pour les v\u00eatements en cuir pour motards.<\/p>","protected":false},"featured_media":10149,"comment_status":"closed","ping_status":"closed","template":"","meta":[],"product_brand":[35],"product_cat":[438,68],"product_tag":[439,440,441,442,443,444,445,446,447,448,449,450,451,452,453],"class_list":{"0":"post-9281","1":"product","2":"type-product","3":"status-publish","4":"has-post-thumbnail","6":"product_brand-ryinz","7":"product_cat-leather-motorbike-pants","8":"product_cat-ryinz","9":"product_tag-buffalo-leather-motorbike-vests-eu","10":"product_tag-classic-mens-leather-vests-for-riders","11":"product_tag-club-patch-ready-motorcycle-vests","13":"product_tag-distressed-brown-biker-vest-supplier","14":"product_tag-leather-biker-vests-wholesale-europe","15":"product_tag-motorbike-vest-with-concealed-pocket","16":"product_tag-motorcycle-apparel-supplier-in-eu","17":"product_tag-motorcycle-club-vests-manufacturer-eu","18":"product_tag-motorcycle-vest-with-pockets-b2b","19":"product_tag-private-label-biker-vest-supplier","20":"product_tag-side-lace-leather-biker-vest-europe","21":"product_tag-urban-rider-leather-vest-wholesale","22":"product_tag-wholesale-riding-vest-czech-exporter","23":"product_tag-zipper-and-button-leather-vests-b2b","25":"first","26":"instock","27":"taxable","28":"shipping-taxable","29":"purchasable","30":"product-type-simple"},"_links":{"self":[{"href":"https:\/\/ryinz.cz\/velkoobchod\/fr\/wp-json\/wp\/v2\/product\/9281","targetHints":{"allow":["GET"]}}],"collection":[{"href":"https:\/\/ryinz.cz\/velkoobchod\/fr\/wp-json\/wp\/v2\/product"}],"about":[{"href":"https:\/\/ryinz.cz\/velkoobchod\/fr\/wp-json\/wp\/v2\/types\/product"}],"replies":[{"embeddable":true,"href":"https:\/\/ryinz.cz\/velkoobchod\/fr\/wp-json\/wp\/v2\/comments?post=9281"}],"wp:featuredmedia":[{"embeddable":true,"href":"https:\/\/ryinz.cz\/velkoobchod\/fr\/wp-json\/wp\/v2\/media\/10149"}],"wp:attachment":[{"href":"https:\/\/ryinz.cz\/velkoobchod\/fr\/wp-json\/wp\/v2\/media?parent=9281"}],"wp:term":[{"taxonomy":"product_brand","embeddable":true,"href":"https:\/\/ryinz.cz\/velkoobchod\/fr\/wp-json\/wp\/v2\/product_brand?post=9281"},{"taxonomy":"product_cat","embeddable":true,"href":"https:\/\/ryinz.cz\/velkoobchod\/fr\/wp-json\/wp\/v2\/product_cat?post=9281"},{"taxonomy":"product_tag","embeddable":true,"href":"https:\/\/ryinz.cz\/velkoobchod\/fr\/wp-json\/wp\/v2\/product_tag?post=9281"}],"curies":[{"name":"wp","href":"https:\/\/api.w.org\/{rel}","templated":true}]}}