{"id":9266,"date":"2025-08-26T11:48:35","date_gmt":"2025-08-26T11:48:35","guid":{"rendered":"https:\/\/ryinz.cz\/velkoobchod\/?post_type=product&#038;p=9266"},"modified":"2026-01-18T20:18:36","modified_gmt":"2026-01-18T20:18:36","slug":"pantalon-de-moto-en-cuir-certifie-ce-pantalon-de-moto-b2b-avec-protection-des-genoux-pour-les-pilotes-de-piste-et-de-route","status":"publish","type":"product","link":"https:\/\/ryinz.cz\/velkoobchod\/fr\/product\/ce-certified-leather-motorbike-pants-custom-b2b-motorcycle-trousers-with-knee-protection-for-track-road-riders\/","title":{"rendered":"Pantalon de moto en cuir certifi\u00e9 CE - Pantalon de moto B2B personnalis\u00e9 avec protection des genoux pour les pilotes de piste et de route"},"content":{"rendered":"<p data-start=\"1704\" data-end=\"2049\">Con\u00e7us pour la performance, nos pantalons de moto en cuir sont l'armure essentielle pour le bas du corps des motards qui refusent de faire des compromis sur la protection, le confort ou la fonctionnalit\u00e9. Fabriqu\u00e9s en cuir de vachette de qualit\u00e9 sup\u00e9rieure et conformes ou sup\u00e9rieurs aux normes de certification CE, ces pantalons sont con\u00e7us pour les longues randonn\u00e9es, les virages rapides et tout ce qu'il y a entre les deux.<\/p>\n<p data-start=\"2051\" data-end=\"2502\">Chaque paire est fabriqu\u00e9e en cuir v\u00e9ritable de 1,2 \u00e0 1,4 mm d'\u00e9paisseur, offrant une r\u00e9sistance sup\u00e9rieure \u00e0 l'abrasion et une durabilit\u00e9 \u00e0 long terme. Les pantalons sont dot\u00e9s de coutures triples dans les zones critiques, ce qui leur conf\u00e8re une solidit\u00e9 accrue aux endroits o\u00f9 elles sont le plus n\u00e9cessaires. Les cavaliers sont prot\u00e9g\u00e9s par une armure int\u00e9gr\u00e9e ou amovible homologu\u00e9e CE au niveau des genoux et des hanches. Les fentes d'armure sont faciles d'acc\u00e8s et de remplacement, ce qui rend le pantalon adapt\u00e9 \u00e0 la conduite d\u00e9contract\u00e9e, \u00e0 la course ou \u00e0 l'entra\u00eenement aux cascades.<\/p>\n<p data-start=\"2504\" data-end=\"2861\">Les panneaux extensibles en accord\u00e9on au niveau des genoux et de la taille arri\u00e8re garantissent un excellent mouvement sur et en dehors du v\u00e9lo. Ces zones s'adaptent naturellement \u00e0 la position du corps du cycliste tout en r\u00e9duisant les tensions et les points de pression. Les panneaux en cuir ventil\u00e9s ou les ouvertures d'a\u00e9ration zipp\u00e9es offrent une circulation d'air optionnelle, aidant \u00e0 r\u00e9guler la temp\u00e9rature du corps pendant les longues randonn\u00e9es dans des conditions chaudes.<\/p>\n<p data-start=\"2863\" data-end=\"3197\">Pour am\u00e9liorer la facilit\u00e9 d'utilisation, nous avons inclus des caract\u00e9ristiques telles que des ouvertures de jambe zipp\u00e9es pour l'int\u00e9gration des bottes, des fermetures \u00e0 glissi\u00e8re de connexion \u00e0 la veste et une doublure int\u00e9rieure en maille pour l'\u00e9vacuation de l'humidit\u00e9. La doublure int\u00e9rieure est douce, respirante et r\u00e9duit les frottements sur la peau pendant la conduite. Les poches sont discr\u00e8tes mais accessibles pour les petits objets essentiels comme les cl\u00e9s ou les cartes.<\/p>\n<p data-start=\"3199\" data-end=\"3475\">Une grande vari\u00e9t\u00e9 de styles est disponible, des combinaisons rouge-noir de course aux finitions noires mates classiques, en passant par les options marron r\u00e9tro. Les motards qui attachent de l'importance \u00e0 la visibilit\u00e9 peuvent choisir des mod\u00e8les dot\u00e9s de passepoils r\u00e9fl\u00e9chissants ou de couleurs vives pour une s\u00e9curit\u00e9 accrue lors des sorties nocturnes ou par temps brumeux.<\/p>\n<p data-start=\"3477\" data-end=\"3773\">La personnalisation est possible pour les acheteurs qui ont besoin d'une marque, de couleurs ou de dimensions sp\u00e9cifiques. Vous pouvez ajouter votre logo ou ajuster les d\u00e9tails stylistiques pour qu'ils correspondent \u00e0 votre ligne de produits. En tant que fabricant en gros, nous proposons des pantalons de moto pr\u00eats \u00e0 l'emploi ou fabriqu\u00e9s sur commande, sous votre marque ou sous notre marque g\u00e9n\u00e9rique.<\/p>\n<p data-start=\"3775\" data-end=\"4109\">Nous fournissons des d\u00e9taillants, des revendeurs B2B, des \u00e9quipes sportives et des marques priv\u00e9es dans toute l'Europe. Notre soci\u00e9t\u00e9, Ryinz spol. s.r.o., est bas\u00e9e en R\u00e9publique tch\u00e8que et s'occupe de tous les besoins de l'UE en mati\u00e8re d'importation, de facturation et d'exp\u00e9dition. Les acheteurs d'Allemagne, de Pologne, de France, d'Italie et d'Espagne comptent sur nous pour une qualit\u00e9 constante, une communication claire et des prix comp\u00e9titifs.<\/p>\n<p data-start=\"4111\" data-end=\"4379\">Que vos clients soient des citadins, des coureurs du week-end ou des aventuriers, ces pantalons leur offrent la s\u00e9curit\u00e9 et la performance qu'ils attendent. Nous proposons des tableaux de tailles complets (XS \u00e0 5XL), des services d'\u00e9chantillonnage, des d\u00e9lais de production rapides et des quantit\u00e9s minimales de commande peu \u00e9lev\u00e9es.<\/p>\n<p data-start=\"4381\" data-end=\"4598\">Nous participons \u00e9galement \u00e0 des expositions et \u00e0 des salons de la moto dans toute l'Europe, ce qui nous permet d'examiner les produits en face \u00e0 face et d'instaurer une collaboration \u00e0 long terme. Contactez-nous pour demander des \u00e9chantillons ou prendre rendez-vous pour discuter de vos besoins B2B.<\/p>\n<p data-start=\"4600\" data-end=\"4773\">Lorsque vous choisissez nos pantalons de moto en cuir, vous ne choisissez pas seulement un \u00e9quipement, vous choisissez une protection de confiance soutenue par des ann\u00e9es d'expertise europ\u00e9enne en mati\u00e8re de v\u00eatements de s\u00e9curit\u00e9 pour motocyclistes.<\/p>","protected":false},"excerpt":{"rendered":"<p data-start=\"328\" data-end=\"625\">Nos pantalons de moto en cuir certifi\u00e9s CE offrent une protection et un confort s\u00e9rieux aux motards qui exigent un \u00e9quipement de haute performance. Ces pantalons sont con\u00e7us pour les pilotes de route et de piste, avec des panneaux renforc\u00e9s aux points d'impact cl\u00e9s, une forme ergonomique et des zones extensibles pour des mouvements sans restriction.<\/p>\n<p data-start=\"627\" data-end=\"949\">Chaque paire est fabriqu\u00e9e en cuir de vachette de haute qualit\u00e9 (1,2-1,4 mm d'\u00e9paisseur) pour garantir une excellente r\u00e9sistance \u00e0 l'abrasion et une durabilit\u00e9 \u00e0 long terme. Nous avons int\u00e9gr\u00e9 une protection de niveau CE au niveau des genoux et une armure optionnelle au niveau des hanches. Les panneaux extensibles en accord\u00e9on et les poignets zipp\u00e9s permettent de les porter facilement avec des bottes et des vestes compatibles.<\/p>\n<p data-start=\"951\" data-end=\"1187\">Les pantalons en cuir sont disponibles dans des styles de course, en noir urbain et dans des couleurs d'accentuation \u00e0 haute visibilit\u00e9 comme le rouge, l'orange et le blanc, afin d'aider les pilotes \u00e0 rester visibles et \u00e9l\u00e9gants. Tous les pantalons sont compatibles avec la plupart des vestes d'\u00e9quitation gr\u00e2ce \u00e0 des raccords \u00e0 glissi\u00e8re.<\/p>\n<p data-start=\"1189\" data-end=\"1419\">Id\u00e9al pour les d\u00e9taillants, les boutiques en ligne ou les marques qui recherchent des v\u00eatements de motard OEM ou de marque priv\u00e9e. Nos pantalons en cuir sont reconnus dans toute l'Europe par les professionnels et les motards passionn\u00e9s, gr\u00e2ce \u00e0 des quantit\u00e9s minimales et \u00e0 une personnalisation compl\u00e8te.<\/p>\n<p data-start=\"1421\" data-end=\"1648\">Ryinz propose des solutions B2B avec facturation depuis notre soci\u00e9t\u00e9 tch\u00e8que, livraison rapide dans 28 pays et assistance r\u00e9active. Que vous soyez revendeur ou distributeur, nos pantalons de moto en cuir offrent une valeur et une s\u00e9curit\u00e9 imbattables.<\/p>","protected":false},"featured_media":10148,"comment_status":"closed","ping_status":"closed","template":"","meta":[],"product_brand":[35],"product_cat":[438,68],"product_tag":[422,423,424,425,426,427,428,429,430,432,433,434,435,436,437],"class_list":{"0":"post-9266","1":"product","2":"type-product","3":"status-publish","4":"has-post-thumbnail","6":"product_brand-ryinz","7":"product_cat-leather-motorbike-pants","8":"product_cat-ryinz","9":"product_tag-b2b-motorbike-gear-czech-manufacturer","10":"product_tag-bulk-order-motorbike-protective-clothing","11":"product_tag-buy-motorcycle-suits-wholesale-online","12":"product_tag-ce-certified-leather-motorbike-suits","13":"product_tag-custom-motorbike-suits-with-branding","14":"product_tag-custom-made-leather-riding-suits-europe","15":"product_tag-durable-motorcycle-safety-gear-supplier","16":"product_tag-eu-approved-protective-biker-clothing","17":"product_tag-european-supplier-of-leather-race-suits","18":"product_tag-one-piece-biker-leather-racing-suit","19":"product_tag-private-label-motorbike-suits-manufacturer","20":"product_tag-professional-racing-suit-for-bikers","21":"product_tag-racing-leather-suits-for-eu-road-riders","22":"product_tag-track-ready-motorcycle-leather-apparel","23":"product_tag-wholesale-motorcycle-racing-suits-europe","25":"first","26":"instock","27":"taxable","28":"shipping-taxable","29":"purchasable","30":"product-type-simple"},"_links":{"self":[{"href":"https:\/\/ryinz.cz\/velkoobchod\/fr\/wp-json\/wp\/v2\/product\/9266","targetHints":{"allow":["GET"]}}],"collection":[{"href":"https:\/\/ryinz.cz\/velkoobchod\/fr\/wp-json\/wp\/v2\/product"}],"about":[{"href":"https:\/\/ryinz.cz\/velkoobchod\/fr\/wp-json\/wp\/v2\/types\/product"}],"replies":[{"embeddable":true,"href":"https:\/\/ryinz.cz\/velkoobchod\/fr\/wp-json\/wp\/v2\/comments?post=9266"}],"wp:featuredmedia":[{"embeddable":true,"href":"https:\/\/ryinz.cz\/velkoobchod\/fr\/wp-json\/wp\/v2\/media\/10148"}],"wp:attachment":[{"href":"https:\/\/ryinz.cz\/velkoobchod\/fr\/wp-json\/wp\/v2\/media?parent=9266"}],"wp:term":[{"taxonomy":"product_brand","embeddable":true,"href":"https:\/\/ryinz.cz\/velkoobchod\/fr\/wp-json\/wp\/v2\/product_brand?post=9266"},{"taxonomy":"product_cat","embeddable":true,"href":"https:\/\/ryinz.cz\/velkoobchod\/fr\/wp-json\/wp\/v2\/product_cat?post=9266"},{"taxonomy":"product_tag","embeddable":true,"href":"https:\/\/ryinz.cz\/velkoobchod\/fr\/wp-json\/wp\/v2\/product_tag?post=9266"}],"curies":[{"name":"wp","href":"https:\/\/api.w.org\/{rel}","templated":true}]}}