{"id":9251,"date":"2025-08-26T11:48:35","date_gmt":"2025-08-26T11:48:35","guid":{"rendered":"https:\/\/ryinz.cz\/velkoobchod\/?post_type=product&#038;p=9251"},"modified":"2026-01-18T20:18:35","modified_gmt":"2026-01-18T20:18:35","slug":"blousons-de-moto-en-cuir-certifies-ce-pour-b2b-vente-en-gros-de-vetements-de-protection-pour-motocyclistes-de-lue","status":"publish","type":"product","link":"https:\/\/ryinz.cz\/velkoobchod\/fr\/product\/custom-ce-certified-leather-motorbike-jackets-for-b2b-wholesale-protective-motorcycle-outerwear-for-eu-road-riders\/","title":{"rendered":"Vestes de moto en cuir certifi\u00e9es CE pour B2B Wholesale - V\u00eatements de protection pour motocyclistes de l'UE"},"content":{"rendered":"<p data-start=\"1723\" data-end=\"2171\">Nos blousons de moto en cuir repr\u00e9sentent la combinaison id\u00e9ale de protection, de polyvalence et d'esth\u00e9tique pour les conducteurs s\u00e9rieux et les motards soucieux de leur style dans toute l'Europe. Con\u00e7us pour r\u00e9pondre aux exigences en constante \u00e9volution des utilisateurs de motos modernes, nos blousons sont certifi\u00e9s CE et fabriqu\u00e9s avec du cuir de vachette durable et souple d'une \u00e9paisseur de 1,1 \u00e0 1,3 mm, id\u00e9al pour une utilisation quotidienne sur route, en ville, sur de longues distances et m\u00eame sur circuit.<\/p>\n<p data-start=\"2173\" data-end=\"2647\">Chaque veste de cette collection est fabriqu\u00e9e dans un souci de s\u00e9curit\u00e9. Les inserts de protection au niveau des coudes, des \u00e9paules et du dos sont soit int\u00e9gr\u00e9s, soit amovibles, et r\u00e9pondent aux normes CE de niveau 1 ou 2, selon les sp\u00e9cifications de l'acheteur. L'armure est l\u00e9g\u00e8re et absorbe les chocs, ce qui permet d'\u00e9viter les blessures en cas de chute. Outre les zones rembourr\u00e9es, les vestes sont cousues \u00e0 l'aide de fils \u00e0 haute r\u00e9sistance \u00e0 la traction et renforc\u00e9es au niveau de toutes les coutures et zones de pression.<\/p>\n<p data-start=\"2649\" data-end=\"3111\">Les cyclistes appr\u00e9cieront la forme ergonomique de ces vestes. Qu'il s'agisse d'une veste de course ajust\u00e9e, d'une veste de tourisme d\u00e9contract\u00e9e ou d'une veste hybride bi-sport, chaque veste est con\u00e7ue pour r\u00e9duire la r\u00e9sistance au vent tout en permettant la flexibilit\u00e9 du haut du corps. Des panneaux de tissu extensible ou de cuir en accord\u00e9on sur les \u00e9paules et les coudes permettent de s'adapter aux mouvements naturels pendant la conduite. Les cols hauts, les poignets \u00e0 boutons-pression et les fermetures coupe-vent ajoutent de la fonctionnalit\u00e9 pour les longues randonn\u00e9es sous diff\u00e9rents climats.<\/p>\n<p data-start=\"3113\" data-end=\"3441\">Dans des conditions plus froides, les doublures matelass\u00e9es thermiques emprisonnent la chaleur et maintiennent la chaleur corporelle, tandis que les doublures zipp\u00e9es permettent de se transformer en veste d'\u00e9t\u00e9 respirante en quelques minutes. Des fermetures \u00e0 glissi\u00e8re de ventilation ou des panneaux en maille permettent la circulation de l'air lors des journ\u00e9es chaudes. Toutes les fermetures \u00e0 glissi\u00e8re sont de type YKK et robustes, choisies pour r\u00e9sister \u00e0 des ann\u00e9es d'usure.<\/p>\n<p data-start=\"3443\" data-end=\"3829\">L'attrait visuel est tout aussi important. Nous proposons une grande vari\u00e9t\u00e9 de couleurs, comme le noir avec des rayures blanches, des vestes furtives enti\u00e8rement noires, des finitions vintage marron et des styles performants avec des panneaux n\u00e9on \u00e0 haute visibilit\u00e9. Des bandes r\u00e9fl\u00e9chissantes sont ajout\u00e9es pour une meilleure visibilit\u00e9 lors des sorties nocturnes. Des logos peuvent \u00eatre ajout\u00e9s sur la poitrine, les manches ou le dos en fonction de vos besoins.<\/p>\n<p data-start=\"3831\" data-end=\"4140\">Nos vestes sont disponibles dans les tailles XS \u00e0 5XL et peuvent \u00eatre personnalis\u00e9es sur demande. Vous pouvez choisir parmi les styles standard de notre catalogue ou soumettre votre design pour une production OEM personnalis\u00e9e. Nous avons l'habitude de fournir des marques, des clubs et des revendeurs \u00e0 la pointe de la mode avec des stocks pr\u00eats \u00e0 la vente ou en marque blanche.<\/p>\n<p data-start=\"4142\" data-end=\"4535\">L'ensemble de la production fait l'objet d'une assurance qualit\u00e9 \u00e0 chaque \u00e9tape, ce qui garantit que chaque pi\u00e8ce livr\u00e9e r\u00e9pond aux attentes. Notre soci\u00e9t\u00e9, Ryinz spol. s.r.o., a son si\u00e8ge en R\u00e9publique tch\u00e8que et fournit une documentation compl\u00e8te sur l'UE, le d\u00e9douanement et la facturation. En tant que fournisseur B2B de confiance, nous g\u00e9rons tout, de l'\u00e9chantillonnage initial \u00e0 l'exportation finale, afin que les acheteurs b\u00e9n\u00e9ficient d'une livraison sans heurts et sans risques.<\/p>\n<p data-start=\"4537\" data-end=\"4857\">Si vous \u00eates un d\u00e9taillant ou un distributeur qui cherche \u00e0 \u00e9largir son offre de v\u00eatements de moto avec des vestes de qualit\u00e9 sup\u00e9rieure, notre MOQ flexible et notre support de marque priv\u00e9e facilitent le d\u00e9marrage. Nous servons des clients dans plus de 28 pays europ\u00e9ens et pouvons les aider \u00e0 \u00e9tablir des tableaux de tailles r\u00e9gionaux, \u00e0 se conformer aux normes d'\u00e9tiquetage et \u00e0 concevoir des catalogues.<\/p>\n<p data-start=\"4859\" data-end=\"5124\">Nos blousons de moto en cuir ne sont pas seulement des v\u00eatements, ils sont un \u00e9l\u00e9ment cl\u00e9 de l'\u00e9quipement de s\u00e9curit\u00e9 de votre pilote. Gr\u00e2ce \u00e0 cette combinaison de style, de confort et de protection certifi\u00e9e CE, vos clients obtiennent la confiance dont ils ont besoin et votre entreprise obtient les performances qu'elle m\u00e9rite.<\/p>","protected":false},"excerpt":{"rendered":"<p data-start=\"373\" data-end=\"669\">Notre collection de blousons de moto en cuir certifi\u00e9s CE est con\u00e7ue pour assurer la s\u00e9curit\u00e9 routi\u00e8re, le confort du pilote et des performances \u00e9l\u00e9gantes. Ces blousons associent la r\u00e9sistance classique du cuir de vachette \u00e0 des syst\u00e8mes de protection modernes, garantissant une excellente r\u00e9sistance \u00e0 l'abrasion, aux chocs et aux conditions m\u00e9t\u00e9orologiques.<\/p>\n<p data-start=\"671\" data-end=\"971\">Con\u00e7ue pour les usagers quotidiens de la route, les cyclistes professionnels, les livreurs et les amateurs de cyclotourisme, chaque veste comprend un rembourrage de protection aux coudes, aux \u00e9paules et \u00e0 la colonne vert\u00e9brale. Con\u00e7ues pour une utilisation tout au long de l'ann\u00e9e, ces vestes comportent des panneaux ventil\u00e9s pour l'\u00e9t\u00e9 et des doublures thermiques pour l'hiver.<\/p>\n<p data-start=\"973\" data-end=\"1284\">Nous proposons de nombreux styles, y compris des finitions en cuir vintage, des coupes \"race-fit\" et des mod\u00e8les bord\u00e9s de n\u00e9ons \u00e0 haute visibilit\u00e9, afin de garantir qu'il existe une option pour chaque march\u00e9 et chaque identit\u00e9 de marque. Nous comptons parmi nos clients des d\u00e9taillants, des revendeurs et des distributeurs en Allemagne, en Espagne, en France, en R\u00e9publique tch\u00e8que et aux Pays-Bas.<\/p>\n<p data-start=\"1286\" data-end=\"1669\">Les logos personnalis\u00e9s, la broderie, la s\u00e9lection des couleurs et la taille sont disponibles avec des quantit\u00e9s minimales de commande (MOQ) peu \u00e9lev\u00e9es. Nous prenons en charge l'\u00e9tiquetage priv\u00e9 et les commandes B2B en gros, avec facturation de la TVA europ\u00e9enne et livraison rapide. Que vous souhaitiez approvisionner votre magasin, lancer une nouvelle collection ou rechercher un \u00e9quipement de protection de haute qualit\u00e9, les vestes Ryinz sont r\u00e9put\u00e9es dans toute l'Europe pour leur aspect et leurs performances.<\/p>","protected":false},"featured_media":10141,"comment_status":"closed","ping_status":"closed","template":"","meta":[],"product_brand":[35],"product_cat":[68],"product_tag":[422,423,424,425,426,427,428,429,430,432,433,434,435,436,437],"class_list":{"0":"post-9251","1":"product","2":"type-product","3":"status-publish","4":"has-post-thumbnail","6":"product_brand-ryinz","7":"product_cat-ryinz","8":"product_tag-b2b-motorbike-gear-czech-manufacturer","9":"product_tag-bulk-order-motorbike-protective-clothing","10":"product_tag-buy-motorcycle-suits-wholesale-online","11":"product_tag-ce-certified-leather-motorbike-suits","12":"product_tag-custom-motorbike-suits-with-branding","13":"product_tag-custom-made-leather-riding-suits-europe","14":"product_tag-durable-motorcycle-safety-gear-supplier","15":"product_tag-eu-approved-protective-biker-clothing","16":"product_tag-european-supplier-of-leather-race-suits","17":"product_tag-one-piece-biker-leather-racing-suit","18":"product_tag-private-label-motorbike-suits-manufacturer","19":"product_tag-professional-racing-suit-for-bikers","20":"product_tag-racing-leather-suits-for-eu-road-riders","21":"product_tag-track-ready-motorcycle-leather-apparel","22":"product_tag-wholesale-motorcycle-racing-suits-europe","24":"first","25":"instock","26":"taxable","27":"shipping-taxable","28":"purchasable","29":"product-type-simple"},"_links":{"self":[{"href":"https:\/\/ryinz.cz\/velkoobchod\/fr\/wp-json\/wp\/v2\/product\/9251","targetHints":{"allow":["GET"]}}],"collection":[{"href":"https:\/\/ryinz.cz\/velkoobchod\/fr\/wp-json\/wp\/v2\/product"}],"about":[{"href":"https:\/\/ryinz.cz\/velkoobchod\/fr\/wp-json\/wp\/v2\/types\/product"}],"replies":[{"embeddable":true,"href":"https:\/\/ryinz.cz\/velkoobchod\/fr\/wp-json\/wp\/v2\/comments?post=9251"}],"wp:featuredmedia":[{"embeddable":true,"href":"https:\/\/ryinz.cz\/velkoobchod\/fr\/wp-json\/wp\/v2\/media\/10141"}],"wp:attachment":[{"href":"https:\/\/ryinz.cz\/velkoobchod\/fr\/wp-json\/wp\/v2\/media?parent=9251"}],"wp:term":[{"taxonomy":"product_brand","embeddable":true,"href":"https:\/\/ryinz.cz\/velkoobchod\/fr\/wp-json\/wp\/v2\/product_brand?post=9251"},{"taxonomy":"product_cat","embeddable":true,"href":"https:\/\/ryinz.cz\/velkoobchod\/fr\/wp-json\/wp\/v2\/product_cat?post=9251"},{"taxonomy":"product_tag","embeddable":true,"href":"https:\/\/ryinz.cz\/velkoobchod\/fr\/wp-json\/wp\/v2\/product_tag?post=9251"}],"curies":[{"name":"wp","href":"https:\/\/api.w.org\/{rel}","templated":true}]}}