{"id":9212,"date":"2025-06-22T15:33:26","date_gmt":"2025-06-22T15:33:26","guid":{"rendered":"https:\/\/ryinz.cz\/velkoobchod\/?post_type=product&#038;p=9212"},"modified":"2026-01-18T20:18:32","modified_gmt":"2026-01-18T20:18:32","slug":"ryinz-gants-en-cuir-chauffants-avec-systeme-de-batterie-doigts-a-ecran-tactile-insert-hipora-paume-rembourree-en-gel-pour-le-commerce-de-detail-b2b","status":"publish","type":"product","link":"https:\/\/ryinz.cz\/velkoobchod\/fr\/product\/ryinz-heated-leather-gloves-with-battery-system-touchscreen-fingers-hipora-insert-gel-padded-palm-for-b2b-retail\/","title":{"rendered":"RYINZ Gants en cuir chauffants avec syst\u00e8me de batterie, doigts \u00e0 \u00e9cran tactile, insert Hipora et paume rembourr\u00e9e en gel pour le B2B\/la vente au d\u00e9tail"},"content":{"rendered":"<p data-start=\"949\" data-end=\"1064\"><strong data-start=\"949\" data-end=\"1064\">RYINZ GPTG-0283 Gants de moto chauffants - Chaleur \u00e9lectrique de premi\u00e8re qualit\u00e9 avec protection \u00e9tanche et contr\u00f4le tactile<\/strong><\/p>\n<p data-start=\"1066\" data-end=\"1461\">Lorsque la temp\u00e9rature baisse, la s\u00e9curit\u00e9 et la dext\u00e9rit\u00e9 ne doivent pas \u00eatre compromises. <strong data-start=\"1145\" data-end=\"1178\">RYINZ GPTG-0283 Gants chauffants<\/strong> sont con\u00e7us pour offrir exactement cela. Con\u00e7us pour les coureurs, les professionnels et les travailleurs en ext\u00e9rieur qui \u00e9voluent dans des environnements glac\u00e9s, ces gants associent une technologie thermique de pointe \u00e0 des mat\u00e9riaux de premi\u00e8re qualit\u00e9 pour garder les mains au chaud, au sec et prot\u00e9g\u00e9es sans sacrifier l'adh\u00e9rence ou le contr\u00f4le.<\/p>\n<p data-start=\"1463\" data-end=\"1691\">Con\u00e7u pour un confort tout au long de la journ\u00e9e et une haute visibilit\u00e9, ce mod\u00e8le conforme aux normes CE est id\u00e9al pour les randonn\u00e9es hivernales, les trajets longue distance, les kits d'\u00e9quipement pour l'aventure dans la neige ou la vente en gros B2B sur les march\u00e9s europ\u00e9ens de l'EPI et de l'\u00e9quipement pour motocyclistes.<\/p>\n<hr data-start=\"1693\" data-end=\"1696\" \/>\n<h3 data-start=\"1698\" data-end=\"1764\"><strong data-start=\"1702\" data-end=\"1764\">Paume en cuir v\u00e9ritable avec renfort en Pittard et rembourrage en gel<\/strong><\/h3>\n<p data-start=\"1766\" data-end=\"2202\">Au c\u0153ur de ce gant se trouvent <strong data-start=\"1797\" data-end=\"1829\">construction en cuir v\u00e9ritable<\/strong>, La paume de la main est en acier inoxydable, offrant une r\u00e9sistance \u00e0 l'abrasion imbattable et une adh\u00e9rence naturelle. La paume est dot\u00e9e d'un <strong data-start=\"1909\" data-end=\"1936\">Recouvrement en cuir Pittard<\/strong>, La toile de fond de l'avion, connue dans le monde entier pour sa durabilit\u00e9 exceptionnelle, sa r\u00e9sistance \u00e0 l'eau et sa flexibilit\u00e9, m\u00eame \u00e0 des temp\u00e9ratures inf\u00e9rieures \u00e0 z\u00e9ro, est un \u00e9l\u00e9ment essentiel pour la protection de l'environnement. En dessous, un <strong data-start=\"2064\" data-end=\"2091\">insert de rembourrage en mousse de gel<\/strong> amortit les vibrations du guidon ou des outils \u00e9lectriques, r\u00e9duisant ainsi la fatigue du conducteur sur les longues distances ou pendant les heures de travail.<\/p>\n<hr data-start=\"2204\" data-end=\"2207\" \/>\n<h3 data-start=\"2209\" data-end=\"2263\"><strong data-start=\"2213\" data-end=\"2263\">Capacit\u00e9 d'\u00e9cran tactile sur l'index et le pouce<\/strong><\/h3>\n<p data-start=\"2265\" data-end=\"2535\">Con\u00e7us pour les pilotes modernes, les gants pr\u00e9sentent les caract\u00e9ristiques suivantes <strong data-start=\"2312\" data-end=\"2340\">mat\u00e9riau sensible au toucher<\/strong> sur l'index et le pouce. Cela permet d'utiliser sans effort les smartphones, les GPS ou les \u00e9crans tactiles des motos sans enlever le gant, ce qui est essentiel pour l'efficacit\u00e9 et la s\u00e9curit\u00e9 pendant les voyages.<\/p>\n<hr data-start=\"2537\" data-end=\"2540\" \/>\n<h3 data-start=\"2542\" data-end=\"2614\"><strong data-start=\"2546\" data-end=\"2614\">Technologie chauffante avec bouton marche\/arr\u00eat int\u00e9gr\u00e9 et pochette pour la batterie<\/strong><\/h3>\n<p data-start=\"2616\" data-end=\"3023\">Le point fort du mod\u00e8le GPTG-0283 est son <strong data-start=\"2660\" data-end=\"2687\">syst\u00e8me de chauffage avanc\u00e9<\/strong>, discr\u00e8tement int\u00e9gr\u00e9 dans les couches internes du gant. Le gant <strong data-start=\"2748\" data-end=\"2765\">bouton marche\/arr\u00eat<\/strong> est judicieusement plac\u00e9e au dos du gant, associ\u00e9e \u00e0 un <strong data-start=\"2829\" data-end=\"2869\">compartiment \u00e0 piles et syst\u00e8me c\u00e2bl\u00e9<\/strong>. Cela permet aux utilisateurs de contr\u00f4ler les niveaux de chaleur en fonction des besoins, ce qui est id\u00e9al pour les amateurs de ski de fond, de motoneige ou les travailleurs industriels expos\u00e9s \u00e0 des climats difficiles.<\/p>\n<p data-start=\"3025\" data-end=\"3237\">Le chauffage couvre <strong data-start=\"3044\" data-end=\"3083\">dos de la main, doigts et paume<\/strong>, Le syst\u00e8me de chauffage de l'eau de la piscine est un syst\u00e8me de chauffage de l'eau de la piscine, offrant une distribution thermique uniforme. Compatible avec les batteries rechargeables Li-ion (vendues s\u00e9par\u00e9ment), le syst\u00e8me est s\u00fbr, fiable et \u00e9tanche.<\/p>\n<hr data-start=\"3239\" data-end=\"3242\" \/>\n<h3 data-start=\"3244\" data-end=\"3299\"><strong data-start=\"3248\" data-end=\"3299\">Armure pour les articulations, fermeture \u00e0 glissi\u00e8re YKK et revers renforc\u00e9<\/strong><\/h3>\n<p data-start=\"3301\" data-end=\"3660\">Pour plus de s\u00e9curit\u00e9, le gant comprend <strong data-start=\"3332\" data-end=\"3367\">protections thermoform\u00e9es des articulations<\/strong>, La chaussure est dot\u00e9e d'une couche de tissu extensible pour absorber les chocs. Les <strong data-start=\"3430\" data-end=\"3449\">Fermeture \u00e0 glissi\u00e8re YKK<\/strong> sur la manchette lat\u00e9rale permet un ajustement serr\u00e9 et ajustable, et ajoute une r\u00e9sistance au vent. Autres <strong data-start=\"3539\" data-end=\"3570\">impression d'autocollants r\u00e9fl\u00e9chissants<\/strong> am\u00e9liore la visibilit\u00e9 de nuit, ce qui est essentiel pour les motocyclistes, les travailleurs de la route ou les \u00e9quipes de secours.<\/p>\n<hr data-start=\"3662\" data-end=\"3665\" \/>\n<h3 data-start=\"3667\" data-end=\"3722\"><strong data-start=\"3671\" data-end=\"3722\">Insert imperm\u00e9able Hipora + doublure polaire Tricot<\/strong><\/h3>\n<p data-start=\"3724\" data-end=\"4095\">A l'int\u00e9rieur du gant, un <strong data-start=\"3744\" data-end=\"3764\">Membrane Hipora<\/strong> agit comme une barri\u00e8re imper-respirante, bloquant la pluie et la neige tout en laissant la transpiration s'\u00e9chapper. L'int\u00e9rieur comprend \u00e9galement <strong data-start=\"3884\" data-end=\"3913\">Doublure en tricot polaire<\/strong>, Ce syst\u00e8me \u00e0 deux couches permet d'isoler le gant sans l'encombrer. Ce syst\u00e8me \u00e0 double couche garantit que le gant fonctionne bien dans des conditions humides ou glac\u00e9es, tout en restant confortable pendant des heures d'utilisation continue.<\/p>\n<hr data-start=\"4097\" data-end=\"4100\" \/>\n<h3 data-start=\"4102\" data-end=\"4146\"><strong data-start=\"4106\" data-end=\"4146\">Zones de tissu extensible et ajustement ergonomique<\/strong><\/h3>\n<p data-start=\"4148\" data-end=\"4466\">Des panneaux \u00e9lastiques sur les doigts et le poignet am\u00e9liorent la dext\u00e9rit\u00e9, permettant un mouvement complet des doigts, m\u00eame avec les \u00e9l\u00e9ments chauffants \u00e0 l'int\u00e9rieur. Ces gants conviennent donc \u00e0 des t\u00e2ches de manutention minutieuses telles que la prise du guidon, l'utilisation de machines ou la fixation de clips de casque - des caract\u00e9ristiques essentielles pour la s\u00e9curit\u00e9 et le confort.<\/p>\n<hr data-start=\"4468\" data-end=\"4471\" \/>\n<h3 data-start=\"4473\" data-end=\"4496\"><strong data-start=\"4477\" data-end=\"4494\">Applications :<\/strong><\/h3>\n<ul data-start=\"4497\" data-end=\"4861\">\n<li data-start=\"4497\" data-end=\"4551\">\n<p data-start=\"4499\" data-end=\"4551\">Gants de moto chauffants pour les climats froids<\/p>\n<\/li>\n<li data-start=\"4552\" data-end=\"4616\">\n<p data-start=\"4554\" data-end=\"4616\">Gants EPI chauffants pour les temp\u00e9ratures glaciales des travailleurs en ext\u00e9rieur<\/p>\n<\/li>\n<li data-start=\"4617\" data-end=\"4675\">\n<p data-start=\"4619\" data-end=\"4675\">Gants pour motoneiges et sports d'hiver avec syst\u00e8me de batterie<\/p>\n<\/li>\n<li data-start=\"4676\" data-end=\"4737\">\n<p data-start=\"4678\" data-end=\"4737\">Gants industriels pour les \u00e9quipes des services publics et le personnel d'entretien<\/p>\n<\/li>\n<li data-start=\"4738\" data-end=\"4797\">\n<p data-start=\"4740\" data-end=\"4797\">Vente en gros et au d\u00e9tail d'\u00e9quipements thermiques pour l'Europe et au-del\u00e0<\/p>\n<\/li>\n<li data-start=\"4798\" data-end=\"4861\">\n<p data-start=\"4800\" data-end=\"4861\">Gants professionnels de sauvetage, de s\u00e9curit\u00e9 routi\u00e8re ou de patrouille en montagne<\/p>\n<\/li>\n<\/ul>\n<hr data-start=\"4863\" data-end=\"4866\" \/>\n<h3 data-start=\"4868\" data-end=\"4898\"><strong data-start=\"4872\" data-end=\"4896\">R\u00e9capitulatif des caract\u00e9ristiques principales :<\/strong><\/h3>\n<ul data-start=\"4899\" data-end=\"5456\">\n<li data-start=\"4899\" data-end=\"4950\">\n<p data-start=\"4901\" data-end=\"4950\">Paume en cuir v\u00e9ritable avec patch renforc\u00e9 Pittard<\/p>\n<\/li>\n<li data-start=\"4951\" data-end=\"5001\">\n<p data-start=\"4953\" data-end=\"5001\">Rembourrage en mousse de gel pour l'absorption des vibrations de la paume<\/p>\n<\/li>\n<li data-start=\"5002\" data-end=\"5047\">\n<p data-start=\"5004\" data-end=\"5047\">Support tactile pour smartphone sur l'index et le pouce<\/p>\n<\/li>\n<li data-start=\"5048\" data-end=\"5097\">\n<p data-start=\"5050\" data-end=\"5097\">Syst\u00e8me de chauffage int\u00e9gr\u00e9 avec bouton de commande<\/p>\n<\/li>\n<li data-start=\"5098\" data-end=\"5147\">\n<p data-start=\"5100\" data-end=\"5147\">Compatibilit\u00e9 avec les piles rechargeables (externes)<\/p>\n<\/li>\n<li data-start=\"5148\" data-end=\"5200\">\n<p data-start=\"5150\" data-end=\"5200\">Protection des articulations avec un tissu extensible durable<\/p>\n<\/li>\n<li data-start=\"5201\" data-end=\"5245\">\n<p data-start=\"5203\" data-end=\"5245\">Impression r\u00e9fl\u00e9chissante pour la s\u00e9curit\u00e9 nocturne<\/p>\n<\/li>\n<li data-start=\"5246\" data-end=\"5292\">\n<p data-start=\"5248\" data-end=\"5292\">Insert Hipora imperm\u00e9able et doublure en tricot<\/p>\n<\/li>\n<li data-start=\"5293\" data-end=\"5337\">\n<p data-start=\"5295\" data-end=\"5337\">Fermeture \u00e0 glissi\u00e8re YKK sur les poignets lat\u00e9raux + poignet extensible<\/p>\n<\/li>\n<li data-start=\"5338\" data-end=\"5386\">\n<p data-start=\"5340\" data-end=\"5386\">Certifi\u00e9 CE pour la s\u00e9curit\u00e9 et les performances de l'UE<\/p>\n<\/li>\n<li data-start=\"5387\" data-end=\"5456\">\n<p data-start=\"5389\" data-end=\"5456\">Id\u00e9al pour les cavaliers d'hiver, le personnel logistique et les \u00e9quipes de secours alpins.<\/p>\n<\/li>\n<\/ul>\n<p data-start=\"5458\" data-end=\"5658\">Ce gant n'est pas qu'un simple \u00e9quipement, c'est une <strong data-start=\"5493\" data-end=\"5541\">solution compl\u00e8te de contr\u00f4le thermique et de s\u00e9curit\u00e9<\/strong>, qui aide les marques \u00e0 se d\u00e9marquer par une r\u00e9elle innovation et des fonctionnalit\u00e9s dont les cyclistes, les travailleurs et les professionnels ont r\u00e9ellement besoin.<\/p>","protected":false},"excerpt":{"rendered":"<p data-start=\"429\" data-end=\"898\">RYINZ GPTG-0283 est un gant chauffant haute performance con\u00e7u pour les cyclistes par temps froid et les professionnels de l'outdoor. Fabriqu\u00e9 en cuir v\u00e9ritable, avec un renfort de paume en Pittards, des bouts de doigts \u00e0 \u00e9cran tactile et un syst\u00e8me de chauffage avec bouton marche\/arr\u00eat, il offre chaleur, protection et adh\u00e9rence dans les environnements extr\u00eames. Il comprend un insert imperm\u00e9able Hipora, une fermeture \u00e0 glissi\u00e8re YKK et un blindage des articulations. Il est id\u00e9al pour le tourisme \u00e0 moto, les EPI industriels et les d\u00e9taillants de gants haut de gamme.<\/p>","protected":false},"featured_media":9307,"comment_status":"closed","ping_status":"closed","template":"","meta":[],"product_brand":[35],"product_cat":[1111,380,122,68],"product_tag":[404,405,406,407,408,409,410,411,412,413,121,414,48,415,416,417,418,419,420,421],"class_list":{"0":"post-9212","1":"product","2":"type-product","3":"status-publish","4":"has-post-thumbnail","6":"product_brand-ryinz","7":"product_cat-motorbike","8":"product_cat-motorbike-gloves","9":"product_cat-motorbike-racing-gloves","10":"product_cat-ryinz","11":"product_tag-all-black-gloves","12":"product_tag-biker-gloves","13":"product_tag-black-riding-gloves","14":"product_tag-carbon-shell-gloves","15":"product_tag-ce-certified-gloves","16":"product_tag-eu-biker-gloves","17":"product_tag-gloves-for-racing","18":"product_tag-goat-leather-gloves","19":"product_tag-hook-loop-gloves","20":"product_tag-leather-motorcycle-gloves","21":"product_tag-motorbike-gloves","22":"product_tag-neoprene-cuff-gloves","23":"product_tag-padded-palm-gloves","24":"product_tag-premium-biker-gloves","25":"product_tag-racing-hand-gear","26":"product_tag-riding-gloves","27":"product_tag-road-trip-gloves","28":"product_tag-ryinz-gloves","29":"product_tag-safety-motorcycle-gloves","30":"product_tag-street-rider-gloves","32":"first","33":"instock","34":"taxable","35":"shipping-taxable","36":"purchasable","37":"product-type-simple"},"_links":{"self":[{"href":"https:\/\/ryinz.cz\/velkoobchod\/fr\/wp-json\/wp\/v2\/product\/9212","targetHints":{"allow":["GET"]}}],"collection":[{"href":"https:\/\/ryinz.cz\/velkoobchod\/fr\/wp-json\/wp\/v2\/product"}],"about":[{"href":"https:\/\/ryinz.cz\/velkoobchod\/fr\/wp-json\/wp\/v2\/types\/product"}],"replies":[{"embeddable":true,"href":"https:\/\/ryinz.cz\/velkoobchod\/fr\/wp-json\/wp\/v2\/comments?post=9212"}],"wp:featuredmedia":[{"embeddable":true,"href":"https:\/\/ryinz.cz\/velkoobchod\/fr\/wp-json\/wp\/v2\/media\/9307"}],"wp:attachment":[{"href":"https:\/\/ryinz.cz\/velkoobchod\/fr\/wp-json\/wp\/v2\/media?parent=9212"}],"wp:term":[{"taxonomy":"product_brand","embeddable":true,"href":"https:\/\/ryinz.cz\/velkoobchod\/fr\/wp-json\/wp\/v2\/product_brand?post=9212"},{"taxonomy":"product_cat","embeddable":true,"href":"https:\/\/ryinz.cz\/velkoobchod\/fr\/wp-json\/wp\/v2\/product_cat?post=9212"},{"taxonomy":"product_tag","embeddable":true,"href":"https:\/\/ryinz.cz\/velkoobchod\/fr\/wp-json\/wp\/v2\/product_tag?post=9212"}],"curies":[{"name":"wp","href":"https:\/\/api.w.org\/{rel}","templated":true}]}}