{"id":9211,"date":"2025-06-22T15:33:25","date_gmt":"2025-06-22T15:33:25","guid":{"rendered":"https:\/\/ryinz.cz\/velkoobchod\/?post_type=product&#038;p=9211"},"modified":"2026-01-18T20:18:31","modified_gmt":"2026-01-18T20:18:31","slug":"ryinz-gants-de-mecanicien-rouge-et-noir-avec-protection-tpr-et-paume-antiderapante","status":"publish","type":"product","link":"https:\/\/ryinz.cz\/velkoobchod\/fr\/product\/ryinz-red-black-mechanics-gloves-for-wholesale-retail-with-tpr-protection-and-anti-slip-palm-grip\/","title":{"rendered":"RYINZ Gants de m\u00e9canicien rouge-noir pour le commerce de gros et de d\u00e9tail avec protection TPR et paume antid\u00e9rapante"},"content":{"rendered":"<p data-start=\"745\" data-end=\"854\"><strong data-start=\"745\" data-end=\"854\">RYINZ Gants de m\u00e9canicien rouge-noir - Performance avec support TPR pour les ateliers, la construction et la s\u00e9curit\u00e9 industrielle<\/strong><\/p>\n<p data-start=\"856\" data-end=\"1170\">Construit pour la durabilit\u00e9 et la pr\u00e9cision, le <strong data-start=\"905\" data-end=\"941\">RYINZ Gants de m\u00e9canicien rouge-noir<\/strong> sont le m\u00e9lange parfait de flexibilit\u00e9, de protection et de design remarquable. Con\u00e7us pour des applications industrielles, ces gants offrent un contr\u00f4le tactile des outils, tout en offrant les caract\u00e9ristiques de s\u00e9curit\u00e9 essentielles au travail manuel.<\/p>\n<p data-start=\"1172\" data-end=\"1335\">Id\u00e9al pour les distributeurs d'EPI, les cha\u00eenes d'approvisionnement du secteur de la construction, les d\u00e9taillants d'ateliers et le mat\u00e9riel d'entretien automobile, ce mod\u00e8le offre \u00e0 votre catalogue une option audacieuse et pr\u00eate pour la s\u00e9curit\u00e9.<\/p>\n<hr data-start=\"1337\" data-end=\"1340\" \/>\n<h3 data-start=\"1342\" data-end=\"1392\"><strong data-start=\"1346\" data-end=\"1390\">Protection des doigts en TPR pour la d\u00e9fense contre les impacts<\/strong><\/h3>\n<p data-start=\"1393\" data-end=\"1674\">Le gant est \u00e9quip\u00e9 de <strong data-start=\"1420\" data-end=\"1457\">Protections en caoutchouc thermoplastique (TPR)<\/strong> sur les doigts - offrant une protection vitale contre les chocs, l'abrasion et les impacts m\u00e9caniques. Le TPR est flexible, ce qui permet aux doigts de bouger, tout en les prot\u00e9geant contre les outils ou les pi\u00e8ces tomb\u00e9es dans des environnements difficiles.<\/p>\n<hr data-start=\"1676\" data-end=\"1679\" \/>\n<h3 data-start=\"1681\" data-end=\"1729\"><strong data-start=\"1685\" data-end=\"1727\">Zones antid\u00e9rapantes de la paume en silicone pour une meilleure prise en main<\/strong><\/h3>\n<p data-start=\"1730\" data-end=\"1990\">Les caract\u00e9ristiques de la paume <strong data-start=\"1748\" data-end=\"1786\">l'impression de silicones plac\u00e9s avec pr\u00e9cision<\/strong> pour une meilleure adh\u00e9rence lors des t\u00e2ches sous haute pression. Qu'il s'agisse de tenir des outils, de diriger un volant ou de g\u00e9rer des \u00e9quipements, les zones en silicone assurent une manipulation stable sans glissement, m\u00eame dans des conditions humides ou huileuses.<\/p>\n<hr data-start=\"1992\" data-end=\"1995\" \/>\n<h3 data-start=\"1997\" data-end=\"2045\"><strong data-start=\"2001\" data-end=\"2043\">Coutures renforc\u00e9es pour une utilisation \u00e0 long terme<\/strong><\/h3>\n<p data-start=\"2046\" data-end=\"2319\">Les coutures renforc\u00e9es et la construction \u00e0 double couche le long des zones soumises \u00e0 de fortes contraintes (entrejambe, paume et poignet ext\u00e9rieur) conf\u00e8rent \u00e0 ces gants une dur\u00e9e de vie accrue en cas d'utilisation intensive. Ils conviennent \u00e0 un usage quotidien dans des secteurs exigeants tels que l'automobile, la m\u00e9tallurgie ou la logistique d'entrep\u00f4t.<\/p>\n<hr data-start=\"2321\" data-end=\"2324\" \/>\n<h3 data-start=\"2326\" data-end=\"2375\"><strong data-start=\"2330\" data-end=\"2373\">Conception ergonomique et tissu extensible<\/strong><\/h3>\n<p data-start=\"2376\" data-end=\"2649\">Les gants sont ergonomiques, avec des doigts pr\u00e9-courb\u00e9s et une construction ajust\u00e9e qui am\u00e9liore la dext\u00e9rit\u00e9. La zone du poignet est dot\u00e9e d'une manchette extensible qui permet de l'enfiler et de l'enlever facilement, tout en emp\u00eachant la poussi\u00e8re et les d\u00e9bris de p\u00e9n\u00e9trer dans le gant. Le tissu l\u00e9ger assure le confort sur de longues p\u00e9riodes.<\/p>\n<hr data-start=\"2651\" data-end=\"2654\" \/>\n<h3 data-start=\"2656\" data-end=\"2694\"><strong data-start=\"2660\" data-end=\"2692\">Des couleurs vives pour une meilleure visibilit\u00e9<\/strong><\/h3>\n<p data-start=\"2695\" data-end=\"2938\">La combinaison des couleurs rouge et noir assure une grande visibilit\u00e9 sur les chantiers, am\u00e9liorant ainsi la sensibilisation \u00e0 la s\u00e9curit\u00e9. Le design pointu et la <strong data-start=\"2814\" data-end=\"2844\">Marquage RYINZ sur la manchette<\/strong> positionnent \u00e9galement le gant comme un article EPI de qualit\u00e9 sup\u00e9rieure mais abordable, tant pour la vente au d\u00e9tail que pour les commandes en vrac.<\/p>\n<hr data-start=\"2940\" data-end=\"2943\" \/>\n<h3 data-start=\"2945\" data-end=\"2974\"><strong data-start=\"2949\" data-end=\"2972\">Applications id\u00e9ales :<\/strong><\/h3>\n<ul data-start=\"2975\" data-end=\"3262\">\n<li data-start=\"2975\" data-end=\"3013\">\n<p data-start=\"2977\" data-end=\"3013\">M\u00e9caniciens et ateliers automobiles<\/p>\n<\/li>\n<li data-start=\"3014\" data-end=\"3054\">\n<p data-start=\"3016\" data-end=\"3054\">Construction et assemblage industriel<\/p>\n<\/li>\n<li data-start=\"3055\" data-end=\"3091\">\n<p data-start=\"3057\" data-end=\"3091\">Manipulation d'entrep\u00f4ts et logistique<\/p>\n<\/li>\n<li data-start=\"3092\" data-end=\"3140\">\n<p data-start=\"3094\" data-end=\"3140\">Utilisateurs d'outils \u00e0 main dans l'ing\u00e9nierie et la maintenance<\/p>\n<\/li>\n<li data-start=\"3141\" data-end=\"3184\">\n<p data-start=\"3143\" data-end=\"3184\">Entretien des motocycles et manipulation des pi\u00e8ces<\/p>\n<\/li>\n<li data-start=\"3185\" data-end=\"3227\">\n<p data-start=\"3187\" data-end=\"3227\">Fournisseurs d'EPI et grossistes bas\u00e9s dans l'UE<\/p>\n<\/li>\n<li data-start=\"3228\" data-end=\"3262\">\n<p data-start=\"3230\" data-end=\"3262\">Magasins de bricolage et de quincaillerie<\/p>\n<\/li>\n<\/ul>\n<hr data-start=\"3264\" data-end=\"3267\" \/>\n<h3 data-start=\"3269\" data-end=\"3300\"><strong data-start=\"3273\" data-end=\"3298\">R\u00e9sum\u00e9 des principales caract\u00e9ristiques :<\/strong><\/h3>\n<ul data-start=\"3301\" data-end=\"3712\">\n<li data-start=\"3301\" data-end=\"3337\">\n<p data-start=\"3303\" data-end=\"3337\">Design haute visibilit\u00e9 rouge-noir<\/p>\n<\/li>\n<li data-start=\"3338\" data-end=\"3380\">\n<p data-start=\"3340\" data-end=\"3380\">Protection TPR sur les doigts et les articulations<\/p>\n<\/li>\n<li data-start=\"3381\" data-end=\"3422\">\n<p data-start=\"3383\" data-end=\"3422\">Zones palmaires antid\u00e9rapantes imprim\u00e9es en silicone<\/p>\n<\/li>\n<li data-start=\"3423\" data-end=\"3464\">\n<p data-start=\"3425\" data-end=\"3464\">Coupe ergonomique avec doigts pr\u00e9-courb\u00e9s<\/p>\n<\/li>\n<li data-start=\"3465\" data-end=\"3495\">\n<p data-start=\"3467\" data-end=\"3495\">Fermeture du poignet par poignet extensible<\/p>\n<\/li>\n<li data-start=\"3496\" data-end=\"3535\">\n<p data-start=\"3498\" data-end=\"3535\">Coutures renforc\u00e9es au niveau du pouce et de la paume<\/p>\n<\/li>\n<li data-start=\"3536\" data-end=\"3572\">\n<p data-start=\"3538\" data-end=\"3572\">Mat\u00e9riaux l\u00e9gers et respirants<\/p>\n<\/li>\n<li data-start=\"3573\" data-end=\"3612\">\n<p data-start=\"3575\" data-end=\"3612\">Con\u00e7u pour le confort et la durabilit\u00e9<\/p>\n<\/li>\n<li data-start=\"3613\" data-end=\"3661\">\n<p data-start=\"3615\" data-end=\"3661\">Id\u00e9al pour la distribution industrielle et de d\u00e9tail<\/p>\n<\/li>\n<li data-start=\"3662\" data-end=\"3712\">\n<p data-start=\"3664\" data-end=\"3712\">Structure conforme aux normes de s\u00e9curit\u00e9 de l'UE<\/p>\n<\/li>\n<\/ul>","protected":false},"excerpt":{"rendered":"<p data-start=\"267\" data-end=\"694\">Les gants de m\u00e9canicien rouge et noir de RYINZ allient un design remarquable \u00e0 la s\u00e9curit\u00e9, \u00e0 la pr\u00e9hension et au confort. Ces gants sont dot\u00e9s d'une protection des doigts en TPR, de zones de paume en silicone antid\u00e9rapantes et de coutures ergonomiques, ce qui les rend id\u00e9aux pour les techniciens, les \u00e9quipes de construction, les travailleurs industriels et l'entretien des motocyclettes. Ils conviennent parfaitement aux grossistes et aux d\u00e9taillants d'\u00e9quipement EPI \u00e0 la recherche de gants durables et \u00e0 haute visibilit\u00e9.<\/p>","protected":false},"featured_media":9306,"comment_status":"closed","ping_status":"closed","template":"","meta":[],"product_brand":[35],"product_cat":[1111,380,122,68],"product_tag":[404,405,406,407,408,409,410,411,412,413,121,414,48,415,416,417,418,419,420,421],"class_list":{"0":"post-9211","1":"product","2":"type-product","3":"status-publish","4":"has-post-thumbnail","6":"product_brand-ryinz","7":"product_cat-motorbike","8":"product_cat-motorbike-gloves","9":"product_cat-motorbike-racing-gloves","10":"product_cat-ryinz","11":"product_tag-all-black-gloves","12":"product_tag-biker-gloves","13":"product_tag-black-riding-gloves","14":"product_tag-carbon-shell-gloves","15":"product_tag-ce-certified-gloves","16":"product_tag-eu-biker-gloves","17":"product_tag-gloves-for-racing","18":"product_tag-goat-leather-gloves","19":"product_tag-hook-loop-gloves","20":"product_tag-leather-motorcycle-gloves","21":"product_tag-motorbike-gloves","22":"product_tag-neoprene-cuff-gloves","23":"product_tag-padded-palm-gloves","24":"product_tag-premium-biker-gloves","25":"product_tag-racing-hand-gear","26":"product_tag-riding-gloves","27":"product_tag-road-trip-gloves","28":"product_tag-ryinz-gloves","29":"product_tag-safety-motorcycle-gloves","30":"product_tag-street-rider-gloves","32":"first","33":"instock","34":"taxable","35":"shipping-taxable","36":"purchasable","37":"product-type-simple"},"_links":{"self":[{"href":"https:\/\/ryinz.cz\/velkoobchod\/fr\/wp-json\/wp\/v2\/product\/9211","targetHints":{"allow":["GET"]}}],"collection":[{"href":"https:\/\/ryinz.cz\/velkoobchod\/fr\/wp-json\/wp\/v2\/product"}],"about":[{"href":"https:\/\/ryinz.cz\/velkoobchod\/fr\/wp-json\/wp\/v2\/types\/product"}],"replies":[{"embeddable":true,"href":"https:\/\/ryinz.cz\/velkoobchod\/fr\/wp-json\/wp\/v2\/comments?post=9211"}],"wp:featuredmedia":[{"embeddable":true,"href":"https:\/\/ryinz.cz\/velkoobchod\/fr\/wp-json\/wp\/v2\/media\/9306"}],"wp:attachment":[{"href":"https:\/\/ryinz.cz\/velkoobchod\/fr\/wp-json\/wp\/v2\/media?parent=9211"}],"wp:term":[{"taxonomy":"product_brand","embeddable":true,"href":"https:\/\/ryinz.cz\/velkoobchod\/fr\/wp-json\/wp\/v2\/product_brand?post=9211"},{"taxonomy":"product_cat","embeddable":true,"href":"https:\/\/ryinz.cz\/velkoobchod\/fr\/wp-json\/wp\/v2\/product_cat?post=9211"},{"taxonomy":"product_tag","embeddable":true,"href":"https:\/\/ryinz.cz\/velkoobchod\/fr\/wp-json\/wp\/v2\/product_tag?post=9211"}],"curies":[{"name":"wp","href":"https:\/\/api.w.org\/{rel}","templated":true}]}}