{"id":9210,"date":"2025-06-22T15:33:24","date_gmt":"2025-06-22T15:33:24","guid":{"rendered":"https:\/\/ryinz.cz\/velkoobchod\/?post_type=product&#038;p=9210"},"modified":"2026-01-18T20:18:30","modified_gmt":"2026-01-18T20:18:30","slug":"ryinz-microfiber-motorcycle-gloves-with-touchscreen-index-knuckle-armor-adjustable-strap-for-retail-wholesale","status":"publish","type":"product","link":"https:\/\/ryinz.cz\/velkoobchod\/fr\/product\/ryinz-microfiber-motorcycle-gloves-with-touchscreen-index-knuckle-armor-adjustable-strap-for-retail-wholesale\/","title":{"rendered":"RYINZ Gants de moto en microfibre avec \u00e9cran tactile, protection des articulations et sangle r\u00e9glable pour la vente au d\u00e9tail et la vente en gros"},"content":{"rendered":"<p data-start=\"751\" data-end=\"859\"><strong data-start=\"751\" data-end=\"859\">RYINZ GMTG-0301 Gants de moto en microfibre - Protection de l'\u00e9cran tactile pour les pilotes et les distributeurs de l'UE<\/strong><\/p>\n<p data-start=\"861\" data-end=\"1254\">Que vous naviguiez dans les rues de la ville, sur de longs itin\u00e9raires ou que vous travailliez en ext\u00e9rieur, la <strong data-start=\"947\" data-end=\"973\">RYINZ GMTG-0301 Gants<\/strong> offrent un m\u00e9lange parfait de fonctionnalit\u00e9 intelligente, de style et de s\u00e9curit\u00e9. Ces gants offrent un confort tout au long de la journ\u00e9e gr\u00e2ce \u00e0 des tissus flexibles, une protection des articulations et un ajustement s\u00fbr - ce qui en fait un choix populaire pour les motocyclistes, les services de livraison et les revendeurs d'\u00e9quipement B2B dans toute l'Europe.<\/p>\n<hr data-start=\"1256\" data-end=\"1259\" \/>\n<h3 data-start=\"1261\" data-end=\"1306\"><strong data-start=\"1265\" data-end=\"1304\">Smartphone \u00c9cran tactile Index Doigt<\/strong><\/h3>\n<p data-start=\"1307\" data-end=\"1562\">Ne retirez plus jamais vos gants pour une utilisation mobile - ces gants comprennent <strong data-start=\"1376\" data-end=\"1425\">mat\u00e9riau tactile pour smartphone sur l'index<\/strong>, qui vous permet de r\u00e9pondre aux appels, d'acc\u00e9der au GPS ou de r\u00e9gler la musique en cours de route. Une fonction tr\u00e8s pratique pour les citadins et les professionnels de la livraison.<\/p>\n<hr data-start=\"1564\" data-end=\"1567\" \/>\n<h3 data-start=\"1569\" data-end=\"1620\"><strong data-start=\"1573\" data-end=\"1618\">Paume - enti\u00e8rement en microfibre pour le confort et l'adh\u00e9rence<\/strong><\/h3>\n<p data-start=\"1621\" data-end=\"1894\">L'ensemble de la paume est construit avec <strong data-start=\"1657\" data-end=\"1682\">microfibre de haute qualit\u00e9<\/strong>, Il offre une surface souple et adh\u00e9rente avec une durabilit\u00e9 am\u00e9lior\u00e9e. Il \u00e9pouse la forme de la main pour un meilleur contr\u00f4le tout en offrant une isolation mod\u00e9r\u00e9e et une grande r\u00e9sistance \u00e0 l'usure, id\u00e9ale pour rouler dans des conditions m\u00e9t\u00e9orologiques changeantes.<\/p>\n<hr data-start=\"1896\" data-end=\"1899\" \/>\n<h3 data-start=\"1901\" data-end=\"1957\"><strong data-start=\"1905\" data-end=\"1955\">Mat\u00e9riau de la face avant - Tissu mixte de haute technologie<\/strong><\/h3>\n<p data-start=\"1958\" data-end=\"2007\">L'ext\u00e9rieur du gant est constitu\u00e9 d'une combinaison de.. :<\/p>\n<ul data-start=\"2008\" data-end=\"2246\">\n<li data-start=\"2008\" data-end=\"2065\">\n<p data-start=\"2010\" data-end=\"2065\"><strong data-start=\"2010\" data-end=\"2039\">Tissu softshell gaufr\u00e9<\/strong> pour la structure et le style<\/p>\n<\/li>\n<li data-start=\"2066\" data-end=\"2125\">\n<p data-start=\"2068\" data-end=\"2125\"><strong data-start=\"2068\" data-end=\"2093\">Microfibre perfor\u00e9e<\/strong> aux poignets pour une meilleure respirabilit\u00e9<\/p>\n<\/li>\n<li data-start=\"2126\" data-end=\"2185\">\n<p data-start=\"2128\" data-end=\"2185\"><strong data-start=\"2128\" data-end=\"2154\">Zones extensibles dans les quatre sens<\/strong> pour le mouvement et la flexibilit\u00e9<\/p>\n<\/li>\n<li data-start=\"2186\" data-end=\"2246\">\n<p data-start=\"2188\" data-end=\"2246\"><strong data-start=\"2188\" data-end=\"2224\">Logos imprim\u00e9s en silicone et en autocollant<\/strong> pour un impact sur l'image de marque<\/p>\n<\/li>\n<\/ul>\n<p data-start=\"2248\" data-end=\"2382\">Cette construction multi-mat\u00e9riaux conf\u00e8re au gant un aspect professionnel tout en le gardant l\u00e9ger et confortable lors d'une utilisation prolong\u00e9e.<\/p>\n<hr data-start=\"2384\" data-end=\"2387\" \/>\n<h3 data-start=\"2389\" data-end=\"2439\"><strong data-start=\"2393\" data-end=\"2437\">Protection des articulations - Coquille de s\u00e9curit\u00e9 moul\u00e9e<\/strong><\/h3>\n<p data-start=\"2440\" data-end=\"2653\">Le moule <strong data-start=\"2451\" data-end=\"2472\">prot\u00e8ge-jambes<\/strong> est int\u00e9gr\u00e9 \u00e0 la surface du gant, offrant une barri\u00e8re solide contre les chocs et l'abrasion. Il aide les conducteurs \u00e0 garder confiance dans la circulation, les environnements tout-terrain ou les arr\u00eats d'urgence.<\/p>\n<hr data-start=\"2655\" data-end=\"2658\" \/>\n<h3 data-start=\"2660\" data-end=\"2723\"><strong data-start=\"2664\" data-end=\"2721\">Sangle de poignet avec ceinture tiss\u00e9e, boucle et stoppeur de cordon<\/strong><\/h3>\n<p data-start=\"2724\" data-end=\"3004\">Contrairement aux fermetures Velcro de base, ce mod\u00e8le comprend une <strong data-start=\"2776\" data-end=\"2796\">ruban tiss\u00e9<\/strong> avec un <strong data-start=\"2804\" data-end=\"2831\">boucle et stoppeur de cordon<\/strong> syst\u00e8me. Ce syst\u00e8me offre une <strong data-start=\"2854\" data-end=\"2885\">ajustement s\u00fbr et personnalisable<\/strong>, Les gants de protection sont con\u00e7us pour les personnes qui portent des gants tous les jours ou lors d'activit\u00e9s \u00e0 fortes vibrations telles que l'\u00e9quitation, la randonn\u00e9e ou le travail avec des outils.<\/p>\n<hr data-start=\"3006\" data-end=\"3009\" \/>\n<h3 data-start=\"3011\" data-end=\"3063\"><strong data-start=\"3015\" data-end=\"3061\">Int\u00e9rieur - Doublure en tricot polaire pour plus de chaleur<\/strong><\/h3>\n<p data-start=\"3064\" data-end=\"3249\">A l'int\u00e9rieur du gant, un <strong data-start=\"3084\" data-end=\"3108\">doublure en tricot polaire<\/strong> offre une chaleur douce et isolante sans encombrement. Il ajoute du confort pour les mois les plus frais et r\u00e9duit l'accumulation de sueur, ce qui permet de l'utiliser tout au long de l'ann\u00e9e.<\/p>\n<hr data-start=\"3251\" data-end=\"3254\" \/>\n<h3 data-start=\"3256\" data-end=\"3285\"><strong data-start=\"3260\" data-end=\"3283\">Applications id\u00e9ales :<\/strong><\/h3>\n<ul data-start=\"3286\" data-end=\"3556\">\n<li data-start=\"3286\" data-end=\"3319\">\n<p data-start=\"3288\" data-end=\"3319\">Conducteurs de motos et de scooters<\/p>\n<\/li>\n<li data-start=\"3320\" data-end=\"3368\">\n<p data-start=\"3322\" data-end=\"3368\">Professionnels de la livraison (par exemple, courriers alimentaires)<\/p>\n<\/li>\n<li data-start=\"3369\" data-end=\"3407\">\n<p data-start=\"3371\" data-end=\"3407\">Collections d'\u00e9quipements urbains et de tourisme<\/p>\n<\/li>\n<li data-start=\"3408\" data-end=\"3451\">\n<p data-start=\"3410\" data-end=\"3451\">Gants utilitaires d'ext\u00e9rieur pour temps doux<\/p>\n<\/li>\n<li data-start=\"3452\" data-end=\"3491\">\n<p data-start=\"3454\" data-end=\"3491\">Distributeurs en gros d'EPI et d'\u00e9quipements<\/p>\n<\/li>\n<li data-start=\"3492\" data-end=\"3556\">\n<p data-start=\"3494\" data-end=\"3556\">Les marques priv\u00e9es de gants ont besoin d'options pr\u00eates \u00e0 l'emploi pour les \u00e9crans tactiles<\/p>\n<\/li>\n<\/ul>\n<hr data-start=\"3558\" data-end=\"3561\" \/>\n<h3 data-start=\"3563\" data-end=\"3592\"><strong data-start=\"3567\" data-end=\"3590\">Points forts du produit :<\/strong><\/h3>\n<ul data-start=\"3593\" data-end=\"4014\">\n<li data-start=\"3593\" data-end=\"3647\">\n<p data-start=\"3595\" data-end=\"3647\">Paume en microfibre avec index tactile<\/p>\n<\/li>\n<li data-start=\"3648\" data-end=\"3700\">\n<p data-start=\"3650\" data-end=\"3700\">Ext\u00e9rieur en Softshell et tissu Fourway pour la flexibilit\u00e9<\/p>\n<\/li>\n<li data-start=\"3701\" data-end=\"3743\">\n<p data-start=\"3703\" data-end=\"3743\">Marquage en silicone et accents en relief<\/p>\n<\/li>\n<li data-start=\"3744\" data-end=\"3779\">\n<p data-start=\"3746\" data-end=\"3779\">Blindage moul\u00e9 des articulations pour plus de s\u00e9curit\u00e9<\/p>\n<\/li>\n<li data-start=\"3780\" data-end=\"3822\">\n<p data-start=\"3782\" data-end=\"3822\">Manchette perfor\u00e9e respirante pour une meilleure circulation de l'air<\/p>\n<\/li>\n<li data-start=\"3823\" data-end=\"3859\">\n<p data-start=\"3825\" data-end=\"3859\">Doublure polaire en tricot pour le confort<\/p>\n<\/li>\n<li data-start=\"3860\" data-end=\"3910\">\n<p data-start=\"3862\" data-end=\"3910\">Bracelet tiss\u00e9 r\u00e9glable avec boucle et bouchon<\/p>\n<\/li>\n<li data-start=\"3911\" data-end=\"3967\">\n<p data-start=\"3913\" data-end=\"3967\">Combinaison \u00e9l\u00e9gante de couleurs marron et noir avec la marque RYINZ<\/p>\n<\/li>\n<li data-start=\"3968\" data-end=\"4014\">\n<p data-start=\"3970\" data-end=\"4014\">Construction pr\u00eate \u00e0 l'emploi pour les march\u00e9s europ\u00e9ens<\/p>\n<\/li>\n<\/ul>","protected":false},"excerpt":{"rendered":"<p>Les gants de moto en microfibre RYINZ offrent un m\u00e9lange innovant de compatibilit\u00e9 avec les \u00e9crans tactiles, une protection moul\u00e9e des articulations et un m\u00e9lange haut de gamme de mat\u00e9riaux softshell, polaires et silicon\u00e9s. Con\u00e7us pour le confort, le contr\u00f4le et la protection, ces gants sont id\u00e9aux pour les motards, les livreurs et les \u00e9quipementiers \u00e0 la recherche d'une protection des mains \u00e9l\u00e9gante, respirante et conforme \u00e0 la norme CE.<\/p>","protected":false},"featured_media":9338,"comment_status":"closed","ping_status":"closed","template":"","meta":[],"product_brand":[35],"product_cat":[1111,380,122,68],"product_tag":[404,405,406,407,408,409,410,411,412,413,121,414,48,415,416,417,418,419,420,421],"class_list":{"0":"post-9210","1":"product","2":"type-product","3":"status-publish","4":"has-post-thumbnail","6":"product_brand-ryinz","7":"product_cat-motorbike","8":"product_cat-motorbike-gloves","9":"product_cat-motorbike-racing-gloves","10":"product_cat-ryinz","11":"product_tag-all-black-gloves","12":"product_tag-biker-gloves","13":"product_tag-black-riding-gloves","14":"product_tag-carbon-shell-gloves","15":"product_tag-ce-certified-gloves","16":"product_tag-eu-biker-gloves","17":"product_tag-gloves-for-racing","18":"product_tag-goat-leather-gloves","19":"product_tag-hook-loop-gloves","20":"product_tag-leather-motorcycle-gloves","21":"product_tag-motorbike-gloves","22":"product_tag-neoprene-cuff-gloves","23":"product_tag-padded-palm-gloves","24":"product_tag-premium-biker-gloves","25":"product_tag-racing-hand-gear","26":"product_tag-riding-gloves","27":"product_tag-road-trip-gloves","28":"product_tag-ryinz-gloves","29":"product_tag-safety-motorcycle-gloves","30":"product_tag-street-rider-gloves","32":"first","33":"instock","34":"taxable","35":"shipping-taxable","36":"purchasable","37":"product-type-simple"},"_links":{"self":[{"href":"https:\/\/ryinz.cz\/velkoobchod\/fr\/wp-json\/wp\/v2\/product\/9210","targetHints":{"allow":["GET"]}}],"collection":[{"href":"https:\/\/ryinz.cz\/velkoobchod\/fr\/wp-json\/wp\/v2\/product"}],"about":[{"href":"https:\/\/ryinz.cz\/velkoobchod\/fr\/wp-json\/wp\/v2\/types\/product"}],"replies":[{"embeddable":true,"href":"https:\/\/ryinz.cz\/velkoobchod\/fr\/wp-json\/wp\/v2\/comments?post=9210"}],"wp:featuredmedia":[{"embeddable":true,"href":"https:\/\/ryinz.cz\/velkoobchod\/fr\/wp-json\/wp\/v2\/media\/9338"}],"wp:attachment":[{"href":"https:\/\/ryinz.cz\/velkoobchod\/fr\/wp-json\/wp\/v2\/media?parent=9210"}],"wp:term":[{"taxonomy":"product_brand","embeddable":true,"href":"https:\/\/ryinz.cz\/velkoobchod\/fr\/wp-json\/wp\/v2\/product_brand?post=9210"},{"taxonomy":"product_cat","embeddable":true,"href":"https:\/\/ryinz.cz\/velkoobchod\/fr\/wp-json\/wp\/v2\/product_cat?post=9210"},{"taxonomy":"product_tag","embeddable":true,"href":"https:\/\/ryinz.cz\/velkoobchod\/fr\/wp-json\/wp\/v2\/product_tag?post=9210"}],"curies":[{"name":"wp","href":"https:\/\/api.w.org\/{rel}","templated":true}]}}