{"id":9208,"date":"2025-06-22T15:33:22","date_gmt":"2025-06-22T15:33:22","guid":{"rendered":"https:\/\/ryinz.cz\/velkoobchod\/?post_type=product&#038;p=9208"},"modified":"2026-01-18T20:18:28","modified_gmt":"2026-01-18T20:18:28","slug":"ryinz-armored-goatskin-motorcycle-gloves-for-wholesale-retail-with-tpu-knuckle-protection-and-embossed-grip","status":"publish","type":"product","link":"https:\/\/ryinz.cz\/velkoobchod\/fr\/product\/ryinz-armored-goatskin-motorcycle-gloves-for-wholesale-retail-with-tpu-knuckle-protection-and-embossed-grip\/","title":{"rendered":"RYINZ Gants de moto blind\u00e9s en peau de ch\u00e8vre pour le commerce de gros et de d\u00e9tail avec protection des articulations en TPU et prise en main gaufr\u00e9e"},"content":{"rendered":"<p data-start=\"814\" data-end=\"924\"><strong data-start=\"814\" data-end=\"924\">RYINZ MBWG 9999-0129 Gants de moto - Con\u00e7us pour la pr\u00e9cision, la solidit\u00e9 et les normes europ\u00e9ennes de s\u00e9curit\u00e9 routi\u00e8re<\/strong><\/p>\n<p data-start=\"926\" data-end=\"1400\">Con\u00e7ue pour la s\u00e9curit\u00e9, le style et un confort sup\u00e9rieur, la <strong data-start=\"982\" data-end=\"1024\">RYINZ MBWG 9999-0129 Gants de moto<\/strong> sont le compagnon id\u00e9al des cyclistes qui exigent plus qu'une simple protection. Con\u00e7us avec des mat\u00e9riaux de qualit\u00e9 professionnelle et des technologies renforc\u00e9es, ces gants conviennent \u00e0 la conduite agressive sur route, aux d\u00e9placements quotidiens et au tourisme. Que vous soyez un revendeur de mat\u00e9riel, une marque de v\u00eatements de moto ou un acheteur en gros pour un club d'\u00e9quitation, ce mod\u00e8le est un compl\u00e9ment id\u00e9al \u00e0 toute gamme de gants.<\/p>\n<hr data-start=\"1402\" data-end=\"1405\" \/>\n<h3 data-start=\"1407\" data-end=\"1466\"><strong data-start=\"1411\" data-end=\"1466\">TPU Knuckle Armor - R\u00e9sistance aux chocs sur toute la surface du corps<\/strong><\/h3>\n<p data-start=\"1467\" data-end=\"1783\">Ces gants sont dot\u00e9s d'une <strong data-start=\"1490\" data-end=\"1512\">Protection des articulations en TPU<\/strong>, Ces protections offrent une protection solide contre les impacts et l'abrasion en cas de collision ou de contact avec les mains. Avec un design a\u00e9rodynamique en forme de coquille, ces protections aident \u00e0 absorber la pression tout en offrant un aspect visuel pr\u00eat pour la course. Suffisamment souples pour permettre les mouvements, mais solides contre les forces ext\u00e9rieures.<\/p>\n<hr data-start=\"1785\" data-end=\"1788\" \/>\n<h3 data-start=\"1790\" data-end=\"1840\"><strong data-start=\"1794\" data-end=\"1840\">Cuir de ch\u00e8vre - paume et renforts<\/strong><\/h3>\n<p data-start=\"1841\" data-end=\"2247\">Fabriqu\u00e9 avec <strong data-start=\"1854\" data-end=\"1874\">Cuir de ch\u00e8vre<\/strong> sur la paume et les zones de renfort, ce gant offre une excellente r\u00e9sistance \u00e0 l'abrasion sans compromettre la flexibilit\u00e9. Le gant <strong data-start=\"2004\" data-end=\"2038\">paume en cuir gaufr\u00e9<\/strong>, Le cuir est souple, ce qui am\u00e9liore l'adh\u00e9rence par tous les temps, en particulier lors de la manipulation des commandes de frein ou d'embrayage. Le cuir est suffisamment souple pour permettre la flexibilit\u00e9 de la main tout en \u00e9tant suffisamment robuste pour r\u00e9sister \u00e0 une utilisation prolong\u00e9e.<\/p>\n<hr data-start=\"2249\" data-end=\"2252\" \/>\n<h3 data-start=\"2254\" data-end=\"2303\"><strong data-start=\"2258\" data-end=\"2303\">Protection en caoutchouc EVA - Zones du dos et des poignets<\/strong><\/h3>\n<p data-start=\"2304\" data-end=\"2641\">Des coussinets en caoutchouc EVA sont int\u00e9gr\u00e9s sur les <strong data-start=\"2342\" data-end=\"2368\">dos et poignets des doigts<\/strong>, Ce caoutchouc \u00e0 densit\u00e9 douce r\u00e9duit l'effet des vibrations externes et fournit une couche l\u00e9g\u00e8re de s\u00e9curit\u00e9 suppl\u00e9mentaire. Ce caoutchouc de faible densit\u00e9 r\u00e9duit l'effet des vibrations externes et fournit une couche l\u00e9g\u00e8re de s\u00e9curit\u00e9 suppl\u00e9mentaire. Ces coussinets, associ\u00e9s \u00e0 l'armure TPU, font de ce gant un outil id\u00e9al pour la conduite rapide et la navigation dans le trafic.<\/p>\n<hr data-start=\"2643\" data-end=\"2646\" \/>\n<h3 data-start=\"2648\" data-end=\"2691\"><strong data-start=\"2652\" data-end=\"2691\">Rembourrage en mousse + design de la poign\u00e9e gaufr\u00e9e<\/strong><\/h3>\n<p data-start=\"2692\" data-end=\"3002\">Suppl\u00e9mentaire <strong data-start=\"2703\" data-end=\"2719\">rembourrage en mousse<\/strong> sous le cuir permet d'absorber subtilement les chocs. <strong data-start=\"2780\" data-end=\"2806\">motif de gaufrage de palmier<\/strong> am\u00e9liore la traction et le contr\u00f4le, donnant au pilote une meilleure sensation et une meilleure maniabilit\u00e9 sans d\u00e9rapage. La combinaison de ces \u00e9l\u00e9ments permet une fonctionnalit\u00e9 totale, m\u00eame lors de longues randonn\u00e9es ou sur sol mouill\u00e9.<\/p>\n<hr data-start=\"3004\" data-end=\"3007\" \/>\n<h3 data-start=\"3009\" data-end=\"3059\"><strong data-start=\"3013\" data-end=\"3059\">Dos en tissu serg\u00e9 - Respirant et durable<\/strong><\/h3>\n<p data-start=\"3060\" data-end=\"3334\">Le <strong data-start=\"3064\" data-end=\"3092\">panneau arri\u00e8re en textile serg\u00e9<\/strong> offre de l'extensibilit\u00e9 et une bonne circulation de l'air sans compromettre la r\u00e9sistance. Il permet un mouvement et une flexibilit\u00e9 naturels de la main, r\u00e9duisant la transpiration et am\u00e9liorant la r\u00e9gulation de la temp\u00e9rature de la main. Le gant peut donc \u00eatre port\u00e9 m\u00eame pendant les saisons plus chaudes ou les randonn\u00e9es de longue dur\u00e9e.<\/p>\n<hr data-start=\"3336\" data-end=\"3339\" \/>\n<h3 data-start=\"3341\" data-end=\"3376\"><strong data-start=\"3345\" data-end=\"3376\">Manchette en velcro avec ajustement s\u00e9curis\u00e9<\/strong><\/h3>\n<p data-start=\"3377\" data-end=\"3595\">A <strong data-start=\"3379\" data-end=\"3411\">Manchette Velcro en cuir de ch\u00e8vre<\/strong> enveloppe le poignet et verrouille le gant en place. Qu'il soit port\u00e9 par-dessus ou par-dessous une veste, le poignet r\u00e9glable permet au pilote d'obtenir un ajustement personnalis\u00e9 et une protection contre le vent lors des d\u00e9placements \u00e0 grande vitesse.<\/p>\n<hr data-start=\"3597\" data-end=\"3600\" \/>\n<h3 data-start=\"3602\" data-end=\"3653\"><strong data-start=\"3606\" data-end=\"3653\">Certifi\u00e9 selon les normes EN420 et EN13594:2015<\/strong><\/h3>\n<p data-start=\"3654\" data-end=\"3852\">Ce gant est conforme \u00e0 <strong data-start=\"3679\" data-end=\"3711\">Normes de s\u00e9curit\u00e9 europ\u00e9ennes CE<\/strong> pour les gants de moto, y compris la protection contre l'abrasion, les d\u00e9chirures et les articulations, ce qui garantit qu'ils sont l\u00e9galement approuv\u00e9s et pr\u00eats pour la route dans tous les pays de l'UE.<\/p>\n<hr data-start=\"3854\" data-end=\"3857\" \/>\n<h3 data-start=\"3859\" data-end=\"3884\"><strong data-start=\"3863\" data-end=\"3882\">Les meilleurs cas d'utilisation :<\/strong><\/h3>\n<ul data-start=\"3885\" data-end=\"4155\">\n<li data-start=\"3885\" data-end=\"3927\">\n<p data-start=\"3887\" data-end=\"3927\">Cyclotourisme et d\u00e9placements urbains<\/p>\n<\/li>\n<li data-start=\"3928\" data-end=\"3960\">\n<p data-start=\"3930\" data-end=\"3960\">Course ou performance<\/p>\n<\/li>\n<li data-start=\"3961\" data-end=\"4001\">\n<p data-start=\"3963\" data-end=\"4001\">Programmes d'\u00e9quipements de s\u00e9curit\u00e9 OEM et de marque<\/p>\n<\/li>\n<li data-start=\"4002\" data-end=\"4047\">\n<p data-start=\"4004\" data-end=\"4047\">Revendeurs de produits motocyclistes conformes \u00e0 la norme CE<\/p>\n<\/li>\n<li data-start=\"4048\" data-end=\"4080\">\n<p data-start=\"4050\" data-end=\"4080\">Places de march\u00e9 de mat\u00e9riel en ligne B2B<\/p>\n<\/li>\n<li data-start=\"4081\" data-end=\"4115\">\n<p data-start=\"4083\" data-end=\"4115\">Rouler en saison froide ou mod\u00e9r\u00e9e<\/p>\n<\/li>\n<li data-start=\"4116\" data-end=\"4155\">\n<p data-start=\"4118\" data-end=\"4155\">Chauffeurs-livreurs ou \u00e9quipement de flotte<\/p>\n<\/li>\n<\/ul>\n<hr data-start=\"4157\" data-end=\"4160\" \/>\n<h3 data-start=\"4162\" data-end=\"4188\"><strong data-start=\"4166\" data-end=\"4186\">R\u00e9sum\u00e9 de l'article :<\/strong><\/h3>\n<ul data-start=\"4189\" data-end=\"4616\">\n<li data-start=\"4189\" data-end=\"4230\">\n<p data-start=\"4191\" data-end=\"4230\">Dos en tissu serg\u00e9 pour une meilleure respirabilit\u00e9<\/p>\n<\/li>\n<li data-start=\"4231\" data-end=\"4275\">\n<p data-start=\"4233\" data-end=\"4275\">Paume en cuir de ch\u00e8vre avec poign\u00e9e gaufr\u00e9e<\/p>\n<\/li>\n<li data-start=\"4276\" data-end=\"4316\">\n<p data-start=\"4278\" data-end=\"4316\">Protection des articulations en TPU pour la d\u00e9fense contre les chocs<\/p>\n<\/li>\n<li data-start=\"4317\" data-end=\"4359\">\n<p data-start=\"4319\" data-end=\"4359\">Rembourrage en caoutchouc EVA sur les doigts et la manchette<\/p>\n<\/li>\n<li data-start=\"4360\" data-end=\"4395\">\n<p data-start=\"4362\" data-end=\"4395\">Structure int\u00e9rieure renforc\u00e9e par de la mousse<\/p>\n<\/li>\n<li data-start=\"4396\" data-end=\"4436\">\n<p data-start=\"4398\" data-end=\"4436\">Certifi\u00e9 CE selon EN420 &amp; EN13594:2015<\/p>\n<\/li>\n<li data-start=\"4437\" data-end=\"4483\">\n<p data-start=\"4439\" data-end=\"4483\">Coutures durables et r\u00e9sistance \u00e0 l'usure<\/p>\n<\/li>\n<li data-start=\"4484\" data-end=\"4522\">\n<p data-start=\"4486\" data-end=\"4522\">Syst\u00e8me de fermeture du poignet par crochets et boucles<\/p>\n<\/li>\n<li data-start=\"4523\" data-end=\"4567\">\n<p data-start=\"4525\" data-end=\"4567\">Marquage en relief avec style noirci<\/p>\n<\/li>\n<li data-start=\"4568\" data-end=\"4616\">\n<p data-start=\"4570\" data-end=\"4616\">Id\u00e9al pour une utilisation \u00e0 grande vitesse, en milieu urbain et en tourn\u00e9e<\/p>\n<\/li>\n<\/ul>","protected":false},"excerpt":{"rendered":"<p>D\u00e9couvrez une durabilit\u00e9 et un confort in\u00e9gal\u00e9s avec les gants de moto blind\u00e9s RYINZ, fabriqu\u00e9s avec du cuir GoatSkin, des protections de jointures en TPU, des renforts en caoutchouc EVA et une coque arri\u00e8re en serg\u00e9. Ces gants combinent une protection rembourr\u00e9e en mousse, une poign\u00e9e de paume gaufr\u00e9e et des caract\u00e9ristiques conformes \u00e0 la norme CE, ce qui les rend id\u00e9aux pour les d\u00e9taillants de motos, les acheteurs en gros et les pilotes professionnels. Reconnus dans toute l'Europe, ces gants sont con\u00e7us pour la performance, la protection et le confort \u00e0 long terme.<\/p>","protected":false},"featured_media":9304,"comment_status":"closed","ping_status":"closed","template":"","meta":[],"product_brand":[35],"product_cat":[1111,380,122,68],"product_tag":[404,405,406,407,408,409,410,411,412,413,121,414,48,415,416,417,418,419,420,421],"class_list":{"0":"post-9208","1":"product","2":"type-product","3":"status-publish","4":"has-post-thumbnail","6":"product_brand-ryinz","7":"product_cat-motorbike","8":"product_cat-motorbike-gloves","9":"product_cat-motorbike-racing-gloves","10":"product_cat-ryinz","11":"product_tag-all-black-gloves","12":"product_tag-biker-gloves","13":"product_tag-black-riding-gloves","14":"product_tag-carbon-shell-gloves","15":"product_tag-ce-certified-gloves","16":"product_tag-eu-biker-gloves","17":"product_tag-gloves-for-racing","18":"product_tag-goat-leather-gloves","19":"product_tag-hook-loop-gloves","20":"product_tag-leather-motorcycle-gloves","21":"product_tag-motorbike-gloves","22":"product_tag-neoprene-cuff-gloves","23":"product_tag-padded-palm-gloves","24":"product_tag-premium-biker-gloves","25":"product_tag-racing-hand-gear","26":"product_tag-riding-gloves","27":"product_tag-road-trip-gloves","28":"product_tag-ryinz-gloves","29":"product_tag-safety-motorcycle-gloves","30":"product_tag-street-rider-gloves","32":"first","33":"instock","34":"taxable","35":"shipping-taxable","36":"purchasable","37":"product-type-simple"},"_links":{"self":[{"href":"https:\/\/ryinz.cz\/velkoobchod\/fr\/wp-json\/wp\/v2\/product\/9208","targetHints":{"allow":["GET"]}}],"collection":[{"href":"https:\/\/ryinz.cz\/velkoobchod\/fr\/wp-json\/wp\/v2\/product"}],"about":[{"href":"https:\/\/ryinz.cz\/velkoobchod\/fr\/wp-json\/wp\/v2\/types\/product"}],"replies":[{"embeddable":true,"href":"https:\/\/ryinz.cz\/velkoobchod\/fr\/wp-json\/wp\/v2\/comments?post=9208"}],"wp:featuredmedia":[{"embeddable":true,"href":"https:\/\/ryinz.cz\/velkoobchod\/fr\/wp-json\/wp\/v2\/media\/9304"}],"wp:attachment":[{"href":"https:\/\/ryinz.cz\/velkoobchod\/fr\/wp-json\/wp\/v2\/media?parent=9208"}],"wp:term":[{"taxonomy":"product_brand","embeddable":true,"href":"https:\/\/ryinz.cz\/velkoobchod\/fr\/wp-json\/wp\/v2\/product_brand?post=9208"},{"taxonomy":"product_cat","embeddable":true,"href":"https:\/\/ryinz.cz\/velkoobchod\/fr\/wp-json\/wp\/v2\/product_cat?post=9208"},{"taxonomy":"product_tag","embeddable":true,"href":"https:\/\/ryinz.cz\/velkoobchod\/fr\/wp-json\/wp\/v2\/product_tag?post=9208"}],"curies":[{"name":"wp","href":"https:\/\/api.w.org\/{rel}","templated":true}]}}