{"id":9207,"date":"2025-06-22T15:33:20","date_gmt":"2025-06-22T15:33:20","guid":{"rendered":"https:\/\/ryinz.cz\/velkoobchod\/?post_type=product&#038;p=9207"},"modified":"2026-01-18T20:18:27","modified_gmt":"2026-01-18T20:18:27","slug":"ryinz-premium-aniline-goat-leather-motorcycle-gloves-with-carbon-knuckle-neoprene-cuff-for-wholesale-retail","status":"publish","type":"product","link":"https:\/\/ryinz.cz\/velkoobchod\/fr\/product\/ryinz-premium-aniline-goat-leather-motorcycle-gloves-with-carbon-knuckle-neoprene-cuff-for-wholesale-retail\/","title":{"rendered":"RYINZ Gants de moto en cuir de ch\u00e8vre aniline de premi\u00e8re qualit\u00e9 avec joint en carbone et manchette en n\u00e9opr\u00e8ne pour la vente en gros et au d\u00e9tail"},"content":{"rendered":"<p data-start=\"891\" data-end=\"1004\"><strong data-start=\"891\" data-end=\"1004\">RYINZ Gants de moto en cuir aniline - Protection renforc\u00e9e par du carbone pour les pilotes s\u00e9rieux, les d\u00e9taillants et les acheteurs B2B<\/strong><\/p>\n<p data-start=\"1006\" data-end=\"1373\">Avec un design noir raffin\u00e9, une coupe ergonomique et une protection de niveau comp\u00e9tition, la <strong data-start=\"1089\" data-end=\"1120\">RYINZ MBSG 0786-0016 Gants<\/strong> repr\u00e9sentent un \u00e9quilibre parfait entre esth\u00e9tique et performance. Fabriqu\u00e9 \u00e0 partir de <strong data-start=\"1196\" data-end=\"1234\">cuir de ch\u00e8vre aniline de premi\u00e8re qualit\u00e9<\/strong>, Ces gants offrent une r\u00e9sistance \u00e0 l'abrasion, un contr\u00f4le tactile et un confort in\u00e9gal\u00e9 pour les trajets quotidiens, le tourisme ou la conduite agressive sur route.<\/p>\n<p data-start=\"1375\" data-end=\"1527\">Ce mod\u00e8le est id\u00e9al pour les canaux de vente au d\u00e9tail et en gros, en particulier sur les march\u00e9s europ\u00e9ens o\u00f9 les performances certifi\u00e9es et le style robuste sont tr\u00e8s demand\u00e9s.<\/p>\n<hr data-start=\"1529\" data-end=\"1532\" \/>\n<p data-start=\"1534\" data-end=\"1852\"><strong data-start=\"1534\" data-end=\"1592\">Paume en cuir de ch\u00e8vre aniline - Sensation et flexibilit\u00e9 optimales<\/strong><br data-start=\"1592\" data-end=\"1595\" \/>La paume du gant est fabriqu\u00e9e en <strong data-start=\"1630\" data-end=\"1666\">cuir de ch\u00e8vre aniline de premi\u00e8re qualit\u00e9<\/strong>, Les gants sont fabriqu\u00e9s \u00e0 partir d'une mati\u00e8re synth\u00e9tique, connue pour sa douceur, sa flexibilit\u00e9 naturelle et son excellente r\u00e9sistance \u00e0 l'abrasion. Ces gants s'adaptent rapidement \u00e0 la main du cavalier tout en offrant une prise confortable et s\u00fbre.<\/p>\n<hr data-start=\"1854\" data-end=\"1857\" \/>\n<p data-start=\"1859\" data-end=\"2145\"><strong data-start=\"1859\" data-end=\"1905\">Renforcement de la paume avec rembourrage de protection<\/strong><br data-start=\"1905\" data-end=\"1908\" \/>La zone des palmiers comprend <strong data-start=\"1931\" data-end=\"1970\">renfort suppl\u00e9mentaire en cuir aniline<\/strong> dans les zones de forte usure, ainsi que <strong data-start=\"2001\" data-end=\"2023\">l\u00e9ger rembourrage en mousse<\/strong>, La paume de la main est plus r\u00e9sistante et absorbe mieux les chocs lors des longues distances ou des contr\u00f4les techniques.<\/p>\n<hr data-start=\"2147\" data-end=\"2150\" \/>\n<p data-start=\"2152\" data-end=\"2454\"><strong data-start=\"2152\" data-end=\"2200\">Coquille en carbone pour une d\u00e9fense \u00e0 fort impact<\/strong><br data-start=\"2200\" data-end=\"2203\" \/>A <strong data-start=\"2205\" data-end=\"2239\">prot\u00e8ge-jambes en carbone<\/strong> int\u00e9gr\u00e9e dans le revers en cuir offre une protection avanc\u00e9e contre les chocs. Cette coque l\u00e9g\u00e8re mais durable prot\u00e8ge les articulations du pilote contre les d\u00e9bris, les chutes et les collisions, tout en ajoutant une esth\u00e9tique sportive \u00e9l\u00e9gante.<\/p>\n<hr data-start=\"2456\" data-end=\"2459\" \/>\n<p data-start=\"2461\" data-end=\"2781\"><strong data-start=\"2461\" data-end=\"2509\">Dos en cuir aniline avec accents r\u00e9fl\u00e9chissants<\/strong><br data-start=\"2509\" data-end=\"2512\" \/>Le revers est enti\u00e8rement envelopp\u00e9 dans <strong data-start=\"2545\" data-end=\"2569\">cuir de ch\u00e8vre aniline<\/strong> pour assurer la durabilit\u00e9 et un design unifi\u00e9. Subtil <strong data-start=\"2621\" data-end=\"2642\">passepoil r\u00e9fl\u00e9chissant<\/strong> am\u00e9liore la visibilit\u00e9 en cas de faible luminosit\u00e9, offrant ainsi aux cyclistes une s\u00e9curit\u00e9 accrue lors des sorties au cr\u00e9puscule ou la nuit, sans compromettre le look furtif enti\u00e8rement noir.<\/p>\n<hr data-start=\"2783\" data-end=\"2786\" \/>\n<p data-start=\"2788\" data-end=\"3106\"><strong data-start=\"2788\" data-end=\"2839\">Manchette en n\u00e9opr\u00e8ne - Fermeture souple et r\u00e9sistante aux intemp\u00e9ries<\/strong><br data-start=\"2839\" data-end=\"2842\" \/>Le <strong data-start=\"2846\" data-end=\"2863\">manchette en n\u00e9opr\u00e8ne<\/strong> assure une bonne \u00e9tanch\u00e9it\u00e9 au poignet et r\u00e9siste au vent. Il s'adapte confortablement au poignet et est dot\u00e9 d'un <strong data-start=\"2967\" data-end=\"3003\">Bande velcro avec marquage RYINZ<\/strong>, Le syst\u00e8me d'ouverture et de fermeture de l'\u00e9tui permet un r\u00e9glage facile et une fermeture s\u00fbre, m\u00eame lorsque l'on porte d'autres \u00e9quipements tels que des vestes ou des manches.<\/p>\n<hr data-start=\"3108\" data-end=\"3111\" \/>\n<p data-start=\"3113\" data-end=\"3370\"><strong data-start=\"3113\" data-end=\"3144\">Con\u00e7u pour une utilisation en toutes saisons<\/strong><br data-start=\"3144\" data-end=\"3147\" \/>L\u00e9g\u00e8rement rembourr\u00e9s et respirants, ces gants conviennent au printemps, \u00e0 l'\u00e9t\u00e9 et \u00e0 l'automne. Ils sont particuli\u00e8rement appr\u00e9ci\u00e9s des cyclistes europ\u00e9ens qui appr\u00e9cient les \u00e9quipements enti\u00e8rement noirs avec une marque discr\u00e8te et des mat\u00e9riaux de qualit\u00e9 sup\u00e9rieure.<\/p>\n<hr data-start=\"3372\" data-end=\"3375\" \/>\n<p data-start=\"3377\" data-end=\"3399\"><strong data-start=\"3377\" data-end=\"3397\">Convient le mieux \u00e0 :<\/strong><\/p>\n<ul data-start=\"3400\" data-end=\"3639\">\n<li data-start=\"3400\" data-end=\"3449\">\n<p data-start=\"3402\" data-end=\"3449\">D\u00e9taillants d'\u00e9quipements et de v\u00eatements pour motocycles<\/p>\n<\/li>\n<li data-start=\"3450\" data-end=\"3499\">\n<p data-start=\"3452\" data-end=\"3499\">Grossistes fournissant des gants en cuir pr\u00eats pour la CE<\/p>\n<\/li>\n<li data-start=\"3500\" data-end=\"3546\">\n<p data-start=\"3502\" data-end=\"3546\">Programmes de gants de cuir OEM et de marque priv\u00e9e<\/p>\n<\/li>\n<li data-start=\"3547\" data-end=\"3584\">\n<p data-start=\"3549\" data-end=\"3584\">Distributeurs d'\u00e9quipements de s\u00e9curit\u00e9 bas\u00e9s dans l'UE<\/p>\n<\/li>\n<li data-start=\"3585\" data-end=\"3639\">\n<p data-start=\"3587\" data-end=\"3639\">Conducteurs de v\u00e9hicules routiers et de tourisme dans des climats doux \u00e0 chauds<\/p>\n<\/li>\n<\/ul>\n<hr data-start=\"3641\" data-end=\"3644\" \/>\n<p data-start=\"3646\" data-end=\"3681\"><strong data-start=\"3646\" data-end=\"3679\">Les caract\u00e9ristiques du produit en un coup d'\u0153il :<\/strong><\/p>\n<ul data-start=\"3682\" data-end=\"4086\">\n<li data-start=\"3682\" data-end=\"3725\">\n<p data-start=\"3684\" data-end=\"3725\">Paume et dos en cuir de ch\u00e8vre aniline int\u00e9gral<\/p>\n<\/li>\n<li data-start=\"3726\" data-end=\"3772\">\n<p data-start=\"3728\" data-end=\"3772\">Renforcement de la paume avec un l\u00e9ger rembourrage en mousse<\/p>\n<\/li>\n<li data-start=\"3773\" data-end=\"3808\">\n<p data-start=\"3775\" data-end=\"3808\">Coquille de protection des articulations en carbone<\/p>\n<\/li>\n<li data-start=\"3809\" data-end=\"3853\">\n<p data-start=\"3811\" data-end=\"3853\">Manchette en n\u00e9opr\u00e8ne avec fermeture auto-agrippante<\/p>\n<\/li>\n<li data-start=\"3854\" data-end=\"3896\">\n<p data-start=\"3856\" data-end=\"3896\">Passepoil r\u00e9fl\u00e9chissant pour une meilleure visibilit\u00e9 de nuit<\/p>\n<\/li>\n<li data-start=\"3897\" data-end=\"3935\">\n<p data-start=\"3899\" data-end=\"3935\">Design \u00e9l\u00e9gant et performant enti\u00e8rement noir<\/p>\n<\/li>\n<li data-start=\"3936\" data-end=\"3983\">\n<p data-start=\"3938\" data-end=\"3983\">L\u00e9ger, respirant et pr\u00eat \u00e0 l'emploi<\/p>\n<\/li>\n<li data-start=\"3984\" data-end=\"4037\">\n<p data-start=\"3986\" data-end=\"4037\">Convient \u00e0 la conduite quotidienne et \u00e0 l'utilisation professionnelle<\/p>\n<\/li>\n<li data-start=\"4038\" data-end=\"4086\">\n<p data-start=\"4040\" data-end=\"4086\">Gant certifi\u00e9 CE con\u00e7u pour le march\u00e9 de l'UE<\/p>\n<\/li>\n<\/ul>","protected":false},"excerpt":{"rendered":"<p>Ces gants de moto noirs RYINZ sont fabriqu\u00e9s en cuir de ch\u00e8vre aniline de premi\u00e8re qualit\u00e9, avec un renfort rembourr\u00e9, une protection de la paume et un prot\u00e8ge-joint en carbone. Con\u00e7us pour les motards s\u00e9rieux, ils sont dot\u00e9s d'une manchette en n\u00e9opr\u00e8ne, de bandes r\u00e9fl\u00e9chissantes pour la visibilit\u00e9 et de mat\u00e9riaux respirants et protecteurs pour une performance par tous les temps. Id\u00e9al pour les d\u00e9taillants, les revendeurs d'\u00e9quipements de s\u00e9curit\u00e9 et les distributeurs europ\u00e9ens \u00e0 la recherche de gants de moto de qualit\u00e9 CE qui offrent \u00e0 la fois fonction et style \u00e9l\u00e9gant.<\/p>","protected":false},"featured_media":9303,"comment_status":"closed","ping_status":"closed","template":"","meta":[],"product_brand":[35],"product_cat":[1111,380,122,68],"product_tag":[404,405,406,407,408,409,410,411,412,413,121,414,48,415,416,417,418,419,420,421],"class_list":{"0":"post-9207","1":"product","2":"type-product","3":"status-publish","4":"has-post-thumbnail","6":"product_brand-ryinz","7":"product_cat-motorbike","8":"product_cat-motorbike-gloves","9":"product_cat-motorbike-racing-gloves","10":"product_cat-ryinz","11":"product_tag-all-black-gloves","12":"product_tag-biker-gloves","13":"product_tag-black-riding-gloves","14":"product_tag-carbon-shell-gloves","15":"product_tag-ce-certified-gloves","16":"product_tag-eu-biker-gloves","17":"product_tag-gloves-for-racing","18":"product_tag-goat-leather-gloves","19":"product_tag-hook-loop-gloves","20":"product_tag-leather-motorcycle-gloves","21":"product_tag-motorbike-gloves","22":"product_tag-neoprene-cuff-gloves","23":"product_tag-padded-palm-gloves","24":"product_tag-premium-biker-gloves","25":"product_tag-racing-hand-gear","26":"product_tag-riding-gloves","27":"product_tag-road-trip-gloves","28":"product_tag-ryinz-gloves","29":"product_tag-safety-motorcycle-gloves","30":"product_tag-street-rider-gloves","32":"first","33":"instock","34":"taxable","35":"shipping-taxable","36":"purchasable","37":"product-type-simple"},"_links":{"self":[{"href":"https:\/\/ryinz.cz\/velkoobchod\/fr\/wp-json\/wp\/v2\/product\/9207","targetHints":{"allow":["GET"]}}],"collection":[{"href":"https:\/\/ryinz.cz\/velkoobchod\/fr\/wp-json\/wp\/v2\/product"}],"about":[{"href":"https:\/\/ryinz.cz\/velkoobchod\/fr\/wp-json\/wp\/v2\/types\/product"}],"replies":[{"embeddable":true,"href":"https:\/\/ryinz.cz\/velkoobchod\/fr\/wp-json\/wp\/v2\/comments?post=9207"}],"wp:featuredmedia":[{"embeddable":true,"href":"https:\/\/ryinz.cz\/velkoobchod\/fr\/wp-json\/wp\/v2\/media\/9303"}],"wp:attachment":[{"href":"https:\/\/ryinz.cz\/velkoobchod\/fr\/wp-json\/wp\/v2\/media?parent=9207"}],"wp:term":[{"taxonomy":"product_brand","embeddable":true,"href":"https:\/\/ryinz.cz\/velkoobchod\/fr\/wp-json\/wp\/v2\/product_brand?post=9207"},{"taxonomy":"product_cat","embeddable":true,"href":"https:\/\/ryinz.cz\/velkoobchod\/fr\/wp-json\/wp\/v2\/product_cat?post=9207"},{"taxonomy":"product_tag","embeddable":true,"href":"https:\/\/ryinz.cz\/velkoobchod\/fr\/wp-json\/wp\/v2\/product_tag?post=9207"}],"curies":[{"name":"wp","href":"https:\/\/api.w.org\/{rel}","templated":true}]}}