{"id":9205,"date":"2025-06-22T15:33:19","date_gmt":"2025-06-22T15:33:19","guid":{"rendered":"https:\/\/ryinz.cz\/velkoobchod\/?post_type=product&#038;p=9205"},"modified":"2026-01-18T20:18:24","modified_gmt":"2026-01-18T20:18:24","slug":"ryinz-black-riding-gloves-for-wholesale-retail-with-carbon-knuckle-armor-back-mesh-reinforced-leather-palm","status":"publish","type":"product","link":"https:\/\/ryinz.cz\/velkoobchod\/fr\/product\/ryinz-black-riding-gloves-for-wholesale-retail-with-carbon-knuckle-armor-mesh-back-reinforced-leather-palm\/","title":{"rendered":"RYINZ Black Riding Gloves for Wholesale &amp; Retail with Carbon Knuckle Armor, Mesh Back &amp; Reinforced Leather Palm (Gants d'\u00e9quitation noirs pour la vente en gros et au d\u00e9tail avec armure de jointure en carbone, dos en maille et paume en cuir renforc\u00e9e)"},"content":{"rendered":"<p data-start=\"890\" data-end=\"993\"><strong data-start=\"890\" data-end=\"993\">RYINZ Carbon-Knuckle Black Motorcycle Gloves - High-Spec Safety for Gear Retailers &amp; EU Wholesalers<\/strong><\/p>\n<p data-start=\"995\" data-end=\"1334\">Le <strong data-start=\"999\" data-end=\"1041\">Gants de moto RYINZ Carbon-Knuckle<\/strong> sont con\u00e7us pour les pilotes s\u00e9rieux, offrant une protection, un confort et une ventilation de premier ordre dans une silhouette noire \u00e9l\u00e9gante. Gr\u00e2ce \u00e0 l'attention port\u00e9e aux d\u00e9tails des mat\u00e9riaux et des coutures, ces gants sont id\u00e9aux pour les acheteurs B2B, les distributeurs de sport automobile et les pilotes qui recherchent \u00e0 la fois la s\u00e9curit\u00e9 et l'esth\u00e9tique.<\/p>\n<p data-start=\"1336\" data-end=\"1498\">Ces gants associent une coque robuste et un design \u00e9l\u00e9gant inspir\u00e9 de la course, ce qui en fait l'une des entr\u00e9es les plus polyvalentes de la gamme de performance RYINZ.<\/p>\n<hr data-start=\"1500\" data-end=\"1503\" \/>\n<p data-start=\"1505\" data-end=\"1812\"><strong data-start=\"1505\" data-end=\"1544\">Armure de jointure en TPU \u00e0 l'aspect fibre de carbone<\/strong><br data-start=\"1544\" data-end=\"1547\" \/>Au c\u0153ur de la conception de la s\u00e9curit\u00e9 du gant se trouve un syst\u00e8me de protection contre les chocs. <strong data-start=\"1593\" data-end=\"1626\">Protection des articulations en TPU \u00e0 fort impact<\/strong> avec un <strong data-start=\"1634\" data-end=\"1655\">aspect fibre de carbone<\/strong>, Il offre une protection sup\u00e9rieure contre les contacts violents, les chocs d'impact et les abrasions de la route. Sa forme incurv\u00e9e am\u00e9liore le confort tout en renfor\u00e7ant les principales zones d'impact.<\/p>\n<hr data-start=\"1814\" data-end=\"1817\" \/>\n<p data-start=\"1819\" data-end=\"2211\"><strong data-start=\"1819\" data-end=\"1872\">Paume en cuir de premi\u00e8re qualit\u00e9 avec surpiq\u00fbres de renforcement<\/strong><br data-start=\"1872\" data-end=\"1875\" \/>La paume est fabriqu\u00e9e en <strong data-start=\"1900\" data-end=\"1919\">cuir durable<\/strong>, choisi pour son adh\u00e9rence naturelle, sa r\u00e9sistance \u00e0 l'abrasion et sa sensation tactile. Multiple <strong data-start=\"1998\" data-end=\"2021\">des recouvrements renforc\u00e9s<\/strong> sont strat\u00e9giquement cousus sur les zones soumises \u00e0 de fortes contraintes, avec des motifs de couture contrast\u00e9s pour le style et la structure. Les pilotes b\u00e9n\u00e9ficient ainsi d'un contr\u00f4le s\u00fbr du guidon et d'une dur\u00e9e de vie prolong\u00e9e des gants.<\/p>\n<hr data-start=\"2213\" data-end=\"2216\" \/>\n<p data-start=\"2218\" data-end=\"2554\"><strong data-start=\"2218\" data-end=\"2264\">Dos en maille pour la ventilation et la flexibilit\u00e9<\/strong><br data-start=\"2264\" data-end=\"2267\" \/>Le panneau arri\u00e8re comprend <strong data-start=\"2295\" data-end=\"2322\">tissu en maille extensible<\/strong>, La base en cuir flexible permet \u00e0 l'air de passer \u00e0 travers le gant pendant les sorties, ce qui aide \u00e0 r\u00e9duire l'accumulation de sueur et la chaleur dans des conditions plus chaudes. Associ\u00e9 \u00e0 la base en cuir souple, le gant offre une mobilit\u00e9 maximale pour le contr\u00f4le de l'acc\u00e9l\u00e9rateur et l'articulation des doigts.<\/p>\n<hr data-start=\"2556\" data-end=\"2559\" \/>\n<p data-start=\"2561\" data-end=\"2822\"><strong data-start=\"2561\" data-end=\"2595\">Construction pr\u00e9-courb\u00e9e des doigts<\/strong><br data-start=\"2595\" data-end=\"2598\" \/>Forme ergonomique <strong data-start=\"2619\" data-end=\"2641\">doigts pr\u00e9-courb\u00e9s<\/strong> am\u00e9liorent l'ajustement du gant et r\u00e9duisent la fatigue du cycliste sur les longues distances. Le gant s'adapte ainsi \u00e0 la position naturelle de la main sans solliciter la force de pr\u00e9hension.<\/p>\n<hr data-start=\"2824\" data-end=\"2827\" \/>\n<p data-start=\"2829\" data-end=\"3081\"><strong data-start=\"2829\" data-end=\"2866\">Accents r\u00e9fl\u00e9chissants pour une meilleure visibilit\u00e9<\/strong><br data-start=\"2866\" data-end=\"2869\" \/>Subtil <strong data-start=\"2876\" data-end=\"2897\">passepoil r\u00e9fl\u00e9chissant<\/strong> le long du poignet et du dos de la main am\u00e9liore la visibilit\u00e9 de nuit ou dans les environnements brumeux, ce qui rend ce gant s\u00fbr pour les citadins et les navetteurs qui roulent souvent dans des conditions de faible luminosit\u00e9.<\/p>\n<hr data-start=\"3083\" data-end=\"3086\" \/>\n<p data-start=\"3088\" data-end=\"3330\"><strong data-start=\"3088\" data-end=\"3135\">Bracelet en velcro avec logo RYINZ en relief<\/strong><br data-start=\"3135\" data-end=\"3138\" \/>Le <strong data-start=\"3142\" data-end=\"3169\">sangle velcro r\u00e9glable<\/strong> au poignet assure un ajustement personnalis\u00e9 et une fermeture s\u00fbre. Marqu\u00e9 du logo RYINZ, ce bracelet offre une protection contre le vent et une finition nette et confortable.<\/p>\n<hr data-start=\"3332\" data-end=\"3335\" \/>\n<p data-start=\"3337\" data-end=\"3371\"><strong data-start=\"3337\" data-end=\"3369\">Applications et acheteurs id\u00e9aux :<\/strong><\/p>\n<ul data-start=\"3372\" data-end=\"3597\">\n<li data-start=\"3372\" data-end=\"3406\">\n<p data-start=\"3374\" data-end=\"3406\">D\u00e9taillants d'accessoires pour motocycles<\/p>\n<\/li>\n<li data-start=\"3407\" data-end=\"3449\">\n<p data-start=\"3409\" data-end=\"3449\">Distributeurs d'\u00e9quipements de s\u00e9curit\u00e9 en Europe<\/p>\n<\/li>\n<li data-start=\"3450\" data-end=\"3500\">\n<p data-start=\"3452\" data-end=\"3500\">Les magasins d'\u00e9quipement motoris\u00e9 en ligne ciblent les conducteurs urbains<\/p>\n<\/li>\n<li data-start=\"3501\" data-end=\"3547\">\n<p data-start=\"3503\" data-end=\"3547\">Fournisseurs de gants OEM et marques priv\u00e9es<\/p>\n<\/li>\n<li data-start=\"3548\" data-end=\"3597\">\n<p data-start=\"3550\" data-end=\"3597\">Revendeurs de scooters, de mat\u00e9riel de transport et de tourisme<\/p>\n<\/li>\n<\/ul>\n<hr data-start=\"3599\" data-end=\"3602\" \/>\n<p data-start=\"3604\" data-end=\"3639\"><strong data-start=\"3604\" data-end=\"3637\">Caract\u00e9ristiques principales du produit R\u00e9sum\u00e9 :<\/strong><\/p>\n<ul data-start=\"3640\" data-end=\"4140\">\n<li data-start=\"3640\" data-end=\"3696\">\n<p data-start=\"3642\" data-end=\"3696\">Protection des articulations en TPU de type carbone pour une meilleure r\u00e9sistance aux chocs<\/p>\n<\/li>\n<li data-start=\"3697\" data-end=\"3755\">\n<p data-start=\"3699\" data-end=\"3755\">Paume en cuir avec renforts \u00e0 double piq\u00fbre<\/p>\n<\/li>\n<li data-start=\"3756\" data-end=\"3796\">\n<p data-start=\"3758\" data-end=\"3796\">Dos en maille respirante pour la ventilation<\/p>\n<\/li>\n<li data-start=\"3797\" data-end=\"3838\">\n<p data-start=\"3799\" data-end=\"3838\">Structure ergonomique des doigts pr\u00e9-courb\u00e9s<\/p>\n<\/li>\n<li data-start=\"3839\" data-end=\"3888\">\n<p data-start=\"3841\" data-end=\"3888\">Passepoil r\u00e9fl\u00e9chissant pour une meilleure visibilit\u00e9 en cas de faible luminosit\u00e9<\/p>\n<\/li>\n<li data-start=\"3889\" data-end=\"3936\">\n<p data-start=\"3891\" data-end=\"3936\">Fermeture velcro au poignet avec marquage en relief<\/p>\n<\/li>\n<li data-start=\"3937\" data-end=\"3981\">\n<p data-start=\"3939\" data-end=\"3981\">Design enti\u00e8rement noir avec surpiq\u00fbres contrast\u00e9es<\/p>\n<\/li>\n<li data-start=\"3982\" data-end=\"4032\">\n<p data-start=\"3984\" data-end=\"4032\">Construction l\u00e9g\u00e8re mais tr\u00e8s protectrice<\/p>\n<\/li>\n<li data-start=\"4033\" data-end=\"4082\">\n<p data-start=\"4035\" data-end=\"4082\">Excellent pour l'utilisation quotidienne et la conduite sportive<\/p>\n<\/li>\n<li data-start=\"4083\" data-end=\"4140\">\n<p data-start=\"4085\" data-end=\"4140\">Pr\u00eat pour la CE et con\u00e7u pour les normes de distribution europ\u00e9ennes<\/p>\n<\/li>\n<\/ul>\n<p data-start=\"4142\" data-end=\"4342\">Qu'il s'agisse de s'approvisionner en vue d'une vente saisonni\u00e8re ou de lancer une collection haut de gamme, les <strong data-start=\"4228\" data-end=\"4270\">Gants de moto RYINZ Carbon-Knuckle<\/strong> offrent une valeur sup\u00e9rieure et un design agressif pour les besoins de haute performance.<\/p>","protected":false},"excerpt":{"rendered":"<p data-start=\"275\" data-end=\"773\">Roulez en toute confiance avec les gants de moto noirs haute performance de RYINZ, dot\u00e9s d'une protection des articulations en fibre de carbone, d'une construction en cuir de premi\u00e8re qualit\u00e9 et d'un dos en maille a\u00e9r\u00e9e. Con\u00e7us avec des renforts de couture contrast\u00e9s, des zones de paume rembourr\u00e9es et des d\u00e9tails r\u00e9fl\u00e9chissants, ces gants allient style urbain et protection s\u00e9rieuse. Ils sont parfaits pour les d\u00e9taillants de motos, les grossistes en \u00e9quipement et les pilotes qui recherchent des gants \u00e9l\u00e9gants, durables et conformes \u00e0 la norme CE pour un usage quotidien ou \u00e0 grande vitesse.<\/p>","protected":false},"featured_media":9300,"comment_status":"closed","ping_status":"closed","template":"","meta":[],"product_brand":[35],"product_cat":[1111,380,122,68],"product_tag":[389,390,391,392,393,394,395,396,397,398,399,400,401,402,403],"class_list":{"0":"post-9205","1":"product","2":"type-product","3":"status-publish","4":"has-post-thumbnail","6":"product_brand-ryinz","7":"product_cat-motorbike","8":"product_cat-motorbike-gloves","9":"product_cat-motorbike-racing-gloves","10":"product_cat-ryinz","11":"product_tag-anti-slip-grip-gloves-for-riding-and-climbing","12":"product_tag-black-tactical-gloves-for-distributors-and-oems","13":"product_tag-ce-grade-gloves-with-impact-protection","14":"product_tag-cowhide-goat-sheep-leather-tactical-gloves","15":"product_tag-customizable-lining-tactical-gloves-for-all-weather","16":"product_tag-full-finger-motorcycle-gloves-with-hard-shell","17":"product_tag-leather-gloves-for-military-and-patrol-gear","18":"product_tag-lightweight-leather-gloves-for-b2b-buyers","19":"product_tag-multi-purpose-gloves-for-tactical-retail","20":"product_tag-protective-gloves-for-airsoft-and-police-use","21":"product_tag-reinforced-gloves-for-mechanical-use","22":"product_tag-ryinz-motorcycle-gloves-with-mesh-ventilation","23":"product_tag-summer-breathable-gloves-with-mesh-zones","24":"product_tag-tactical-leather-gloves-with-knuckle-armor","25":"product_tag-wholesale-riding-gloves-with-finger-protection","27":"first","28":"instock","29":"taxable","30":"shipping-taxable","31":"purchasable","32":"product-type-simple"},"_links":{"self":[{"href":"https:\/\/ryinz.cz\/velkoobchod\/fr\/wp-json\/wp\/v2\/product\/9205","targetHints":{"allow":["GET"]}}],"collection":[{"href":"https:\/\/ryinz.cz\/velkoobchod\/fr\/wp-json\/wp\/v2\/product"}],"about":[{"href":"https:\/\/ryinz.cz\/velkoobchod\/fr\/wp-json\/wp\/v2\/types\/product"}],"replies":[{"embeddable":true,"href":"https:\/\/ryinz.cz\/velkoobchod\/fr\/wp-json\/wp\/v2\/comments?post=9205"}],"wp:featuredmedia":[{"embeddable":true,"href":"https:\/\/ryinz.cz\/velkoobchod\/fr\/wp-json\/wp\/v2\/media\/9300"}],"wp:attachment":[{"href":"https:\/\/ryinz.cz\/velkoobchod\/fr\/wp-json\/wp\/v2\/media?parent=9205"}],"wp:term":[{"taxonomy":"product_brand","embeddable":true,"href":"https:\/\/ryinz.cz\/velkoobchod\/fr\/wp-json\/wp\/v2\/product_brand?post=9205"},{"taxonomy":"product_cat","embeddable":true,"href":"https:\/\/ryinz.cz\/velkoobchod\/fr\/wp-json\/wp\/v2\/product_cat?post=9205"},{"taxonomy":"product_tag","embeddable":true,"href":"https:\/\/ryinz.cz\/velkoobchod\/fr\/wp-json\/wp\/v2\/product_tag?post=9205"}],"curies":[{"name":"wp","href":"https:\/\/api.w.org\/{rel}","templated":true}]}}