{"id":9203,"date":"2025-06-22T15:32:55","date_gmt":"2025-06-22T15:32:55","guid":{"rendered":"https:\/\/ryinz.cz\/velkoobchod\/?post_type=product&#038;p=9203"},"modified":"2026-01-18T20:18:18","modified_gmt":"2026-01-18T20:18:18","slug":"ryinz-full-leather-racing-gloves-for-wholesale-retail-with-cowhide-reinforcements-and-tpu-knuckle-protection","status":"publish","type":"product","link":"https:\/\/ryinz.cz\/velkoobchod\/fr\/product\/ryinz-full-leather-racing-gloves-for-wholesale-retail-with-cowhide-reinforcements-and-tpu-knuckle-protection\/","title":{"rendered":"RYINZ Gants de course en cuir pour la vente en gros et au d\u00e9tail avec renforts en cuir de vache et protection des articulations en TPU"},"content":{"rendered":"<p data-start=\"822\" data-end=\"931\"><strong data-start=\"822\" data-end=\"931\">RYINZ Premium Racing Leather Gloves - Protection haut de gamme pour les d\u00e9taillants de sports motoris\u00e9s et les pilotes professionnels<\/strong><\/p>\n<p data-start=\"933\" data-end=\"1236\">Lorsqu'il s'agit d'\u00e9quipement de course, les pilotes exigent performance, pr\u00e9cision et protection. Les <strong data-start=\"1021\" data-end=\"1057\">RYINZ Gants de course en cuir<\/strong> sont con\u00e7ues pour d\u00e9passer les attentes gr\u00e2ce \u00e0 un m\u00e9lange unique de mat\u00e9riaux de premi\u00e8re qualit\u00e9, de conception anatomique et de confort flexible, le tout soutenu par l'engagement de RYINZ en faveur d'un savoir-faire de qualit\u00e9.<\/p>\n<p data-start=\"1238\" data-end=\"1387\">Ce mod\u00e8le est fortement recommand\u00e9 pour les magasins de mat\u00e9riel de moto, les grossistes B2B et les distributeurs de s\u00e9curit\u00e9 ciblant les march\u00e9s haut de gamme en Europe et \u00e0 l'\u00e9tranger.<\/p>\n<hr data-start=\"1389\" data-end=\"1392\" \/>\n<p data-start=\"1394\" data-end=\"1723\"><strong data-start=\"1394\" data-end=\"1454\">Cuir de ch\u00e8vre pleine fleur \u00e0 l'aniline - L\u00e9ger et souple<\/strong><br data-start=\"1454\" data-end=\"1457\" \/>Les gants sont construits avec <strong data-start=\"1489\" data-end=\"1513\">cuir de ch\u00e8vre aniline<\/strong>, Le rev\u00eatement de l'enveloppe est en acier inoxydable, choisi pour sa douceur, sa flexibilit\u00e9 et sa r\u00e9sistance \u00e0 l'usure exceptionnelles. La finition lisse permet un mouvement naturel de la main, ce qui est essentiel pour les environnements de course o\u00f9 la rapidit\u00e9 de r\u00e9ponse et le contr\u00f4le de l'acc\u00e9l\u00e9rateur sont essentiels.<\/p>\n<hr data-start=\"1725\" data-end=\"1728\" \/>\n<p data-start=\"1730\" data-end=\"2081\"><strong data-start=\"1730\" data-end=\"1788\">Renforts en cuir de vachette - Conception strat\u00e9gique de l'anneau<\/strong><br data-start=\"1788\" data-end=\"1791\" \/>Pour augmenter la force dans les zones \u00e0 fort impact, les gants comprennent <strong data-start=\"1853\" data-end=\"1895\">anneau en cuir de vache renforc\u00e9<\/strong> sur la paume et les doigts. Ces renforts \u00e9l\u00e9gants ajoutent de la durabilit\u00e9 et une double couche de s\u00e9curit\u00e9 sans ajouter d'encombrement, ce qui rend les gants id\u00e9aux pour une utilisation prolong\u00e9e pendant les courses ou les randonn\u00e9es.<\/p>\n<p data-start=\"2083\" data-end=\"2206\">Le motif en cuir textur\u00e9 ne se contente pas d'ajouter une touche visuelle, il offre \u00e9galement un contr\u00f4le subtil de la pr\u00e9hension au niveau des doigts et de la paume de la main.<\/p>\n<hr data-start=\"2208\" data-end=\"2211\" \/>\n<p data-start=\"2213\" data-end=\"2542\"><strong data-start=\"2213\" data-end=\"2267\">Protecteurs de jointures en TPU - S\u00e9curit\u00e9 contre les chocs l\u00e9gers<\/strong><br data-start=\"2267\" data-end=\"2270\" \/>Chaque gant est \u00e9quip\u00e9 de <strong data-start=\"2298\" data-end=\"2324\">Protections des articulations en TPU<\/strong>, Ces protections sont strat\u00e9giquement moul\u00e9es pour absorber les coups directs et r\u00e9duire le risque de blessures aux articulations. Les protections sont int\u00e9gr\u00e9es de mani\u00e8re transparente dans la coque du gant afin de conserver une esth\u00e9tique de course \u00e9l\u00e9gante tout en offrant une v\u00e9ritable protection.<\/p>\n<hr data-start=\"2544\" data-end=\"2547\" \/>\n<p data-start=\"2549\" data-end=\"2871\"><strong data-start=\"2549\" data-end=\"2611\">Conception ax\u00e9e sur le confort - rembourrage l\u00e9ger et d\u00e9tails des coutures<\/strong><br data-start=\"2611\" data-end=\"2614\" \/>Les gants comprennent <strong data-start=\"2633\" data-end=\"2659\">l\u00e9ger rembourrage interne<\/strong>, Les gants de course sont con\u00e7us pour r\u00e9duire les vibrations sans compromettre les sensations de la moto. Toutes les coutures sont r\u00e9alis\u00e9es avec du fil de qualit\u00e9 comp\u00e9tition, et les bords des panneaux sont soigneusement fa\u00e7onn\u00e9s pour \u00e9viter les frottements et am\u00e9liorer l'ajustement g\u00e9n\u00e9ral du gant.<\/p>\n<p data-start=\"2873\" data-end=\"2986\">Ce m\u00e9lange de confort et de renforcement rend ces gants id\u00e9aux pour la conduite \u00e0 grande vitesse et la randonn\u00e9e prolong\u00e9e.<\/p>\n<hr data-start=\"2988\" data-end=\"2991\" \/>\n<p data-start=\"2993\" data-end=\"3252\"><strong data-start=\"2993\" data-end=\"3027\">Fermeture s\u00e9curis\u00e9e et couverture totale<\/strong><br data-start=\"3027\" data-end=\"3030\" \/>La manchette allong\u00e9e est dot\u00e9e de panneaux de poignet renforc\u00e9s et d'un syst\u00e8me d'alarme. <strong data-start=\"3085\" data-end=\"3114\">Fermeture ajustable par velcro<\/strong> pour une coupe ajust\u00e9e et r\u00e9sistante au vent. Cela permet aux gants de rester en place sous une pression intense tout en bloquant le vent et les d\u00e9bris.<\/p>\n<hr data-start=\"3254\" data-end=\"3257\" \/>\n<p data-start=\"3259\" data-end=\"3277\"><strong data-start=\"3259\" data-end=\"3275\">Parfait pour :<\/strong><\/p>\n<ul data-start=\"3278\" data-end=\"3518\">\n<li data-start=\"3278\" data-end=\"3316\">\n<p data-start=\"3280\" data-end=\"3316\">\u00c9quipes et pilotes de motocycles<\/p>\n<\/li>\n<li data-start=\"3317\" data-end=\"3352\">\n<p data-start=\"3319\" data-end=\"3352\">D\u00e9taillants de mat\u00e9riel de haute performance<\/p>\n<\/li>\n<li data-start=\"3353\" data-end=\"3386\">\n<p data-start=\"3355\" data-end=\"3386\">Programmes de gants OEM pour le sport automobile<\/p>\n<\/li>\n<li data-start=\"3387\" data-end=\"3429\">\n<p data-start=\"3389\" data-end=\"3429\">Collections de gants de course de marque priv\u00e9e<\/p>\n<\/li>\n<li data-start=\"3430\" data-end=\"3466\">\n<p data-start=\"3432\" data-end=\"3466\">Fournisseurs en gros conformes aux normes de l'UE<\/p>\n<\/li>\n<li data-start=\"3467\" data-end=\"3518\">\n<p data-start=\"3469\" data-end=\"3518\">Les navetteurs ont besoin de gants d'\u00e9quitation en cuir de premi\u00e8re qualit\u00e9<\/p>\n<\/li>\n<\/ul>\n<hr data-start=\"3520\" data-end=\"3523\" \/>\n<p data-start=\"3525\" data-end=\"3550\"><strong data-start=\"3525\" data-end=\"3548\">Points forts du produit :<\/strong><\/p>\n<ul data-start=\"3551\" data-end=\"3945\">\n<li data-start=\"3551\" data-end=\"3593\">\n<p data-start=\"3553\" data-end=\"3593\">Construction en cuir de ch\u00e8vre aniline<\/p>\n<\/li>\n<li data-start=\"3594\" data-end=\"3656\">\n<p data-start=\"3596\" data-end=\"3656\">Renforts en cuir de vachette \u00e0 anneaux sur la paume et les doigts<\/p>\n<\/li>\n<li data-start=\"3657\" data-end=\"3712\">\n<p data-start=\"3659\" data-end=\"3712\">Prot\u00e8ge-joints int\u00e9gr\u00e9s en TPU pour une protection contre les chocs<\/p>\n<\/li>\n<li data-start=\"3713\" data-end=\"3754\">\n<p data-start=\"3715\" data-end=\"3754\">L\u00e9ger rembourrage pour amortir les vibrations<\/p>\n<\/li>\n<li data-start=\"3755\" data-end=\"3794\">\n<p data-start=\"3757\" data-end=\"3794\">Forme ergonomique des doigts de type course<\/p>\n<\/li>\n<li data-start=\"3795\" data-end=\"3834\">\n<p data-start=\"3797\" data-end=\"3834\">Manchette longue avec fermeture s\u00e9curis\u00e9e au poignet<\/p>\n<\/li>\n<li data-start=\"3835\" data-end=\"3894\">\n<p data-start=\"3837\" data-end=\"3894\">Noir sur noir avec marquage \u201cRYINZ\u201d et \u201cRACE EDITION\u201d.<\/p>\n<\/li>\n<li data-start=\"3895\" data-end=\"3945\">\n<p data-start=\"3897\" data-end=\"3945\">Des mat\u00e9riaux de premi\u00e8re qualit\u00e9 pour des performances professionnelles<\/p>\n<\/li>\n<\/ul>\n<p data-start=\"3947\" data-end=\"4182\">Ces gants offrent un support de conduite de haut niveau avec un m\u00e9lange unique de protection et de style. Que vous soyez un d\u00e9taillant de sport automobile ou une \u00e9quipe de course professionnelle, le <strong data-start=\"4110\" data-end=\"4146\">RYINZ Gants de course en cuir<\/strong> rehaussera votre collection de gants.<\/p>","protected":false},"excerpt":{"rendered":"<p>Voici les gants de course en cuir noir de RYINZ, fabriqu\u00e9s en cuir de ch\u00e8vre aniline avec des renforts en cuir de vache et un blindage des articulations en TPU. Con\u00e7us pour la durabilit\u00e9 et la flexibilit\u00e9, ces gants sont dot\u00e9s d'un l\u00e9ger rembourrage interne, de panneaux de doigts en forme d'anneau et de coutures s\u00fbres pour les randonn\u00e9es de haute performance. Con\u00e7us pour r\u00e9pondre aux besoins des passionn\u00e9s de course, des navetteurs et des fournisseurs d'\u00e9quipements de s\u00e9curit\u00e9 \u00e0 travers l'Europe, ces gants offrent un confort et une fonctionnalit\u00e9 de protection de premier ordre.<\/p>","protected":false},"featured_media":9298,"comment_status":"closed","ping_status":"closed","template":"","meta":[],"product_brand":[35],"product_cat":[1111,380,122,68],"product_tag":[389,390,391,392,393,394,395,396,397,398,399,400,401,402,403],"class_list":{"0":"post-9203","1":"product","2":"type-product","3":"status-publish","4":"has-post-thumbnail","6":"product_brand-ryinz","7":"product_cat-motorbike","8":"product_cat-motorbike-gloves","9":"product_cat-motorbike-racing-gloves","10":"product_cat-ryinz","11":"product_tag-anti-slip-grip-gloves-for-riding-and-climbing","12":"product_tag-black-tactical-gloves-for-distributors-and-oems","13":"product_tag-ce-grade-gloves-with-impact-protection","14":"product_tag-cowhide-goat-sheep-leather-tactical-gloves","15":"product_tag-customizable-lining-tactical-gloves-for-all-weather","16":"product_tag-full-finger-motorcycle-gloves-with-hard-shell","17":"product_tag-leather-gloves-for-military-and-patrol-gear","18":"product_tag-lightweight-leather-gloves-for-b2b-buyers","19":"product_tag-multi-purpose-gloves-for-tactical-retail","20":"product_tag-protective-gloves-for-airsoft-and-police-use","21":"product_tag-reinforced-gloves-for-mechanical-use","22":"product_tag-ryinz-motorcycle-gloves-with-mesh-ventilation","23":"product_tag-summer-breathable-gloves-with-mesh-zones","24":"product_tag-tactical-leather-gloves-with-knuckle-armor","25":"product_tag-wholesale-riding-gloves-with-finger-protection","27":"first","28":"instock","29":"taxable","30":"shipping-taxable","31":"purchasable","32":"product-type-simple"},"_links":{"self":[{"href":"https:\/\/ryinz.cz\/velkoobchod\/fr\/wp-json\/wp\/v2\/product\/9203","targetHints":{"allow":["GET"]}}],"collection":[{"href":"https:\/\/ryinz.cz\/velkoobchod\/fr\/wp-json\/wp\/v2\/product"}],"about":[{"href":"https:\/\/ryinz.cz\/velkoobchod\/fr\/wp-json\/wp\/v2\/types\/product"}],"replies":[{"embeddable":true,"href":"https:\/\/ryinz.cz\/velkoobchod\/fr\/wp-json\/wp\/v2\/comments?post=9203"}],"wp:featuredmedia":[{"embeddable":true,"href":"https:\/\/ryinz.cz\/velkoobchod\/fr\/wp-json\/wp\/v2\/media\/9298"}],"wp:attachment":[{"href":"https:\/\/ryinz.cz\/velkoobchod\/fr\/wp-json\/wp\/v2\/media?parent=9203"}],"wp:term":[{"taxonomy":"product_brand","embeddable":true,"href":"https:\/\/ryinz.cz\/velkoobchod\/fr\/wp-json\/wp\/v2\/product_brand?post=9203"},{"taxonomy":"product_cat","embeddable":true,"href":"https:\/\/ryinz.cz\/velkoobchod\/fr\/wp-json\/wp\/v2\/product_cat?post=9203"},{"taxonomy":"product_tag","embeddable":true,"href":"https:\/\/ryinz.cz\/velkoobchod\/fr\/wp-json\/wp\/v2\/product_tag?post=9203"}],"curies":[{"name":"wp","href":"https:\/\/api.w.org\/{rel}","templated":true}]}}