{"id":9202,"date":"2025-06-22T15:32:54","date_gmt":"2025-06-22T15:32:54","guid":{"rendered":"https:\/\/ryinz.cz\/velkoobchod\/?post_type=product&#038;p=9202"},"modified":"2026-01-18T20:18:17","modified_gmt":"2026-01-18T20:18:17","slug":"ryinz-zipper-cuff-motorcycle-gloves-with-silicone-palm-grip-tpu-knuckle-armor-reflective-piping-for-wholesale","status":"publish","type":"product","link":"https:\/\/ryinz.cz\/velkoobchod\/fr\/product\/ryinz-zipper-cuff-motorcycle-gloves-with-silicone-palm-grip-tpu-knuckle-armor-reflective-piping-for-wholesale\/","title":{"rendered":"RYINZ Gants de moto avec fermeture \u00e0 glissi\u00e8re, paume en silicone, protection des articulations en TPU et passepoil r\u00e9fl\u00e9chissant pour la vente en gros"},"content":{"rendered":"<p data-start=\"807\" data-end=\"916\"><strong data-start=\"807\" data-end=\"916\">RYINZ Motorcycle Gloves with Zipper Back &amp; Silicone Grip - Innovation de haute s\u00e9curit\u00e9 pour les pilotes et les acheteurs B2B<\/strong><\/p>\n<p data-start=\"918\" data-end=\"1225\">Pour les cyclistes qui appr\u00e9cient le design moderne et les fonctionnalit\u00e9s intelligentes, <strong data-start=\"983\" data-end=\"1024\">Gants de motocycliste RYINZ's Zipper Cuff<\/strong> offrent \u00e0 la fois performance et style. Id\u00e9aux pour les trajets quotidiens, les randonn\u00e9es longue distance ou l'utilisation tactique l\u00e9g\u00e8re, ces gants offrent une solution l\u00e9g\u00e8re et protectrice sans sacrifier l'adh\u00e9rence ou la dext\u00e9rit\u00e9.<\/p>\n<p data-start=\"1227\" data-end=\"1406\">Que vous fournissiez des gants \u00e0 des d\u00e9taillants de motos, \u00e0 des livreurs ou que vous ajoutiez \u00e0 votre catalogue de produits B2B en gros, ce mod\u00e8le est un choix polyvalent avec des caract\u00e9ristiques remarquables.<\/p>\n<hr data-start=\"1408\" data-end=\"1411\" \/>\n<p data-start=\"1413\" data-end=\"1778\"><strong data-start=\"1413\" data-end=\"1464\">Paume en cuir synth\u00e9tique avec impression de pr\u00e9hension en silicone<\/strong><br data-start=\"1464\" data-end=\"1467\" \/>La paume est fabriqu\u00e9e \u00e0 partir d'un mat\u00e9riau durable, le <strong data-start=\"1497\" data-end=\"1518\">cuir synth\u00e9tique<\/strong>, Il est con\u00e7u pour r\u00e9sister \u00e0 l'abrasion et aux frottements r\u00e9p\u00e9t\u00e9s. Pour am\u00e9liorer la prise en main et le contr\u00f4le de la poign\u00e9e, il est imprim\u00e9 de <strong data-start=\"1628\" data-end=\"1653\">accents de paume en silicone<\/strong>, Les poign\u00e9es d'acc\u00e9l\u00e9rateur, les leviers de frein et les appareils mobiles offrent une plus grande pr\u00e9cision aux cyclistes. Id\u00e9al pour les trajets en ville et sur autoroute.<\/p>\n<hr data-start=\"1780\" data-end=\"1783\" \/>\n<p data-start=\"1785\" data-end=\"2091\"><strong data-start=\"1785\" data-end=\"1825\">Protection TPU avec zone palmaire rembourr\u00e9e<\/strong><br data-start=\"1825\" data-end=\"1828\" \/>Int\u00e9gr\u00e9 <strong data-start=\"1837\" data-end=\"1863\">Protections des articulations en TPU<\/strong> prot\u00e8ge les articulations les plus vuln\u00e9rables de la main contre les chocs, tandis que des <strong data-start=\"1928\" data-end=\"1944\">rembourrage en mousse<\/strong> dans la paume att\u00e9nue les vibrations et augmente le confort \u00e0 long terme. Ces caract\u00e9ristiques font que ce gant convient aussi bien \u00e0 la circulation urbaine qu'au tout-terrain.<\/p>\n<hr data-start=\"2093\" data-end=\"2096\" \/>\n<p data-start=\"2098\" data-end=\"2391\"><strong data-start=\"2098\" data-end=\"2148\">Dos extensible avec empi\u00e8cement en cuir aniline pour les doigts<\/strong><br data-start=\"2148\" data-end=\"2151\" \/>Le dos du gant est construit en utilisant <strong data-start=\"2189\" data-end=\"2217\">tissu extensible haute flexibilit\u00e9<\/strong>, Les doigts sont renforc\u00e9s, ce qui favorise la circulation de l'air et la libert\u00e9 de mouvement. Les doigts sont renforc\u00e9s par des <strong data-start=\"2299\" data-end=\"2325\">panneaux en cuir aniline<\/strong>, Le syst\u00e8me d'entra\u00eenement \u00e0 la conduite est un syst\u00e8me d'entra\u00eenement \u00e0 la conduite, qui offre une durabilit\u00e9 accrue et une touche haut de gamme pour le conducteur.<\/p>\n<hr data-start=\"2393\" data-end=\"2396\" \/>\n<p data-start=\"2398\" data-end=\"2690\"><strong data-start=\"2398\" data-end=\"2437\">Fermeture \u00e0 glissi\u00e8re au dos pour une fermeture s\u00fbre<\/strong><br data-start=\"2437\" data-end=\"2440\" \/>Contrairement aux gants traditionnels \u00e0 fermeture velcro, ce mod\u00e8le comprend un syst\u00e8me d'ouverture et de fermeture de la porte. <strong data-start=\"2501\" data-end=\"2540\">fermeture \u00e0 glissi\u00e8re sur toute la longueur de la manchette arri\u00e8re<\/strong>, Le gant est en acier inoxydable, ce qui offre un ajustement s\u00fbr et a\u00e9rodynamique. Les coureurs peuvent enfiler et retirer le gant rapidement tout en b\u00e9n\u00e9ficiant d'une couverture suppl\u00e9mentaire du poignet pour bloquer le vent et l'humidit\u00e9.<\/p>\n<hr data-start=\"2692\" data-end=\"2695\" \/>\n<p data-start=\"2697\" data-end=\"2987\"><strong data-start=\"2697\" data-end=\"2743\">Passepoil r\u00e9fl\u00e9chissant pour une meilleure visibilit\u00e9 en cas de faible luminosit\u00e9<\/strong><br data-start=\"2743\" data-end=\"2746\" \/>Pour augmenter la visibilit\u00e9 la nuit ou dans des conditions de faible luminosit\u00e9, <strong data-start=\"2806\" data-end=\"2827\">passepoil r\u00e9fl\u00e9chissant<\/strong> Le bord de la manchette est en acier inoxydable, ce qui rend les mouvements de la main du conducteur plus perceptibles pour les autres automobilistes. Il s'agit d'un \u00e9l\u00e9ment de s\u00e9curit\u00e9 essentiel, en particulier pour les navetteurs et les conducteurs hivernaux.<\/p>\n<hr data-start=\"2989\" data-end=\"2992\" \/>\n<p data-start=\"2994\" data-end=\"3245\"><strong data-start=\"2994\" data-end=\"3032\">Sangle en velcro pour personnaliser l'ajustement<\/strong><br data-start=\"3032\" data-end=\"3035\" \/>En plus de la manchette \u00e0 fermeture \u00e9clair, le gant comprend un <strong data-start=\"3088\" data-end=\"3110\">Bracelet en velcro<\/strong> pour plus d'ajustement et de maintien du poignet. Ce syst\u00e8me de fermeture hybride assure \u00e0 la fois confort et s\u00e9curit\u00e9, m\u00eame sous des gants ou des vestes.<\/p>\n<hr data-start=\"3247\" data-end=\"3250\" \/>\n<p data-start=\"3252\" data-end=\"3286\"><strong data-start=\"3252\" data-end=\"3284\">Acheteurs id\u00e9aux et applications :<\/strong><\/p>\n<ul data-start=\"3287\" data-end=\"3530\">\n<li data-start=\"3287\" data-end=\"3319\">\n<p data-start=\"3289\" data-end=\"3319\">D\u00e9taillants de v\u00eatements pour motocycles<\/p>\n<\/li>\n<li data-start=\"3320\" data-end=\"3353\">\n<p data-start=\"3322\" data-end=\"3353\">Magasins de mat\u00e9riel de moto en ligne<\/p>\n<\/li>\n<li data-start=\"3354\" data-end=\"3381\">\n<p data-start=\"3356\" data-end=\"3381\">Grossistes en \u00e9quipements de s\u00e9curit\u00e9<\/p>\n<\/li>\n<li data-start=\"3382\" data-end=\"3409\">\n<p data-start=\"3384\" data-end=\"3409\">Fabricants de gants OEM<\/p>\n<\/li>\n<li data-start=\"3410\" data-end=\"3445\">\n<p data-start=\"3412\" data-end=\"3445\">Les motocyclistes qui font la navette toute l'ann\u00e9e<\/p>\n<\/li>\n<li data-start=\"3446\" data-end=\"3489\">\n<p data-start=\"3448\" data-end=\"3489\">Professionnels de l'\u00e9quitation tactique et urbaine<\/p>\n<\/li>\n<li data-start=\"3490\" data-end=\"3530\">\n<p data-start=\"3492\" data-end=\"3530\">Livreurs et entreprises de v\u00e9los \u00e9lectriques<\/p>\n<\/li>\n<\/ul>\n<hr data-start=\"3532\" data-end=\"3535\" \/>\n<p data-start=\"3537\" data-end=\"3568\"><strong data-start=\"3537\" data-end=\"3566\">Caract\u00e9ristiques du produit R\u00e9sum\u00e9 :<\/strong><\/p>\n<ul data-start=\"3569\" data-end=\"3998\">\n<li data-start=\"3569\" data-end=\"3620\">\n<p data-start=\"3571\" data-end=\"3620\">Paume en cuir synth\u00e9tique avec zones d'adh\u00e9rence en silicone<\/p>\n<\/li>\n<li data-start=\"3621\" data-end=\"3669\">\n<p data-start=\"3623\" data-end=\"3669\">Tissu extensible dans le dos pour favoriser le mouvement et la circulation de l'air<\/p>\n<\/li>\n<li data-start=\"3670\" data-end=\"3717\">\n<p data-start=\"3672\" data-end=\"3717\">Protection des articulations en TPU avec protection de la paume en mousse<\/p>\n<\/li>\n<li data-start=\"3718\" data-end=\"3766\">\n<p data-start=\"3720\" data-end=\"3766\">Panneaux de doigts en cuir aniline pour une meilleure durabilit\u00e9<\/p>\n<\/li>\n<li data-start=\"3767\" data-end=\"3816\">\n<p data-start=\"3769\" data-end=\"3816\">Passepoil r\u00e9fl\u00e9chissant pour une meilleure visibilit\u00e9 de nuit<\/p>\n<\/li>\n<li data-start=\"3817\" data-end=\"3856\">\n<p data-start=\"3819\" data-end=\"3856\">Manchette \u00e0 fermeture \u00e9clair avec poignet en velcro<\/p>\n<\/li>\n<li data-start=\"3857\" data-end=\"3894\">\n<p data-start=\"3859\" data-end=\"3894\">Conception l\u00e9g\u00e8re et protectrice<\/p>\n<\/li>\n<li data-start=\"3895\" data-end=\"3950\">\n<p data-start=\"3897\" data-end=\"3950\">Esth\u00e9tique moderne noir sur noir avec marquage RYINZ<\/p>\n<\/li>\n<li data-start=\"3951\" data-end=\"3998\">\n<p data-start=\"3953\" data-end=\"3998\">Id\u00e9al pour le printemps, l'automne et les hivers doux<\/p>\n<\/li>\n<\/ul>\n<p data-start=\"4000\" data-end=\"4230\">Le <strong data-start=\"4004\" data-end=\"4043\">RYINZ - Gants de moto avec poignet \u00e0 fermeture \u00e9clair<\/strong> offrent un design de pointe, une excellente protection et un attrait commercial pour une grande vari\u00e9t\u00e9 de cyclistes et de march\u00e9s. Parfait pour approvisionner votre magasin ou lancer une nouvelle ligne de v\u00eatements.<\/p>","protected":false},"excerpt":{"rendered":"<p>Ces gants de moto RYINZ combinent fonction et forme avec une paume en cuir synth\u00e9tique, une impression de pr\u00e9hension en silicone, une protection des articulations en TPU et une manchette \u00e0 fermeture \u00e9clair pour un ajustement s\u00fbr et \u00e9l\u00e9gant. Dot\u00e9s d'un dos en tissu extensible, de panneaux de doigts en cuir aniline, d'un renfort de paume rembourr\u00e9 et de passepoils r\u00e9fl\u00e9chissants pour la visibilit\u00e9, ces gants sont con\u00e7us pour rouler tout au long de l'ann\u00e9e. Ils sont parfaits pour les grossistes et les d\u00e9taillants d'\u00e9quipements de s\u00e9curit\u00e9 qui exigent qualit\u00e9 et innovation pour chaque gant.<\/p>","protected":false},"featured_media":9297,"comment_status":"closed","ping_status":"closed","template":"","meta":[],"product_brand":[35],"product_cat":[1111,380,122,68],"product_tag":[389,390,391,392,393,394,395,396,397,398,399,400,401,402,403],"class_list":{"0":"post-9202","1":"product","2":"type-product","3":"status-publish","4":"has-post-thumbnail","6":"product_brand-ryinz","7":"product_cat-motorbike","8":"product_cat-motorbike-gloves","9":"product_cat-motorbike-racing-gloves","10":"product_cat-ryinz","11":"product_tag-anti-slip-grip-gloves-for-riding-and-climbing","12":"product_tag-black-tactical-gloves-for-distributors-and-oems","13":"product_tag-ce-grade-gloves-with-impact-protection","14":"product_tag-cowhide-goat-sheep-leather-tactical-gloves","15":"product_tag-customizable-lining-tactical-gloves-for-all-weather","16":"product_tag-full-finger-motorcycle-gloves-with-hard-shell","17":"product_tag-leather-gloves-for-military-and-patrol-gear","18":"product_tag-lightweight-leather-gloves-for-b2b-buyers","19":"product_tag-multi-purpose-gloves-for-tactical-retail","20":"product_tag-protective-gloves-for-airsoft-and-police-use","21":"product_tag-reinforced-gloves-for-mechanical-use","22":"product_tag-ryinz-motorcycle-gloves-with-mesh-ventilation","23":"product_tag-summer-breathable-gloves-with-mesh-zones","24":"product_tag-tactical-leather-gloves-with-knuckle-armor","25":"product_tag-wholesale-riding-gloves-with-finger-protection","27":"first","28":"instock","29":"taxable","30":"shipping-taxable","31":"purchasable","32":"product-type-simple"},"_links":{"self":[{"href":"https:\/\/ryinz.cz\/velkoobchod\/fr\/wp-json\/wp\/v2\/product\/9202","targetHints":{"allow":["GET"]}}],"collection":[{"href":"https:\/\/ryinz.cz\/velkoobchod\/fr\/wp-json\/wp\/v2\/product"}],"about":[{"href":"https:\/\/ryinz.cz\/velkoobchod\/fr\/wp-json\/wp\/v2\/types\/product"}],"replies":[{"embeddable":true,"href":"https:\/\/ryinz.cz\/velkoobchod\/fr\/wp-json\/wp\/v2\/comments?post=9202"}],"wp:featuredmedia":[{"embeddable":true,"href":"https:\/\/ryinz.cz\/velkoobchod\/fr\/wp-json\/wp\/v2\/media\/9297"}],"wp:attachment":[{"href":"https:\/\/ryinz.cz\/velkoobchod\/fr\/wp-json\/wp\/v2\/media?parent=9202"}],"wp:term":[{"taxonomy":"product_brand","embeddable":true,"href":"https:\/\/ryinz.cz\/velkoobchod\/fr\/wp-json\/wp\/v2\/product_brand?post=9202"},{"taxonomy":"product_cat","embeddable":true,"href":"https:\/\/ryinz.cz\/velkoobchod\/fr\/wp-json\/wp\/v2\/product_cat?post=9202"},{"taxonomy":"product_tag","embeddable":true,"href":"https:\/\/ryinz.cz\/velkoobchod\/fr\/wp-json\/wp\/v2\/product_tag?post=9202"}],"curies":[{"name":"wp","href":"https:\/\/api.w.org\/{rel}","templated":true}]}}