{"id":9201,"date":"2025-06-22T15:32:53","date_gmt":"2025-06-22T15:32:53","guid":{"rendered":"https:\/\/ryinz.cz\/velkoobchod\/?post_type=product&#038;p=9201"},"modified":"2026-01-18T20:18:16","modified_gmt":"2026-01-18T20:18:16","slug":"ryinz-racing-leather-motorcycle-gloves-for-wholesale-retail-with-hipora-insert-zip-cuff-fiberfill-lining","status":"publish","type":"product","link":"https:\/\/ryinz.cz\/velkoobchod\/fr\/product\/ryinz-racing-leather-motorcycle-gloves-for-wholesale-retail-with-hipora-insert-zip-cuff-fiberfill-lining\/","title":{"rendered":"RYINZ Racing Leather Motorcycle Gloves for Wholesale &amp; Retail with HIPORA Insert, Zip Cuff &amp; Fiberfill Lining"},"content":{"rendered":"<p data-start=\"792\" data-end=\"894\"><strong data-start=\"792\" data-end=\"894\">RYINZ Performance Racing Leather Gloves - S\u00e9curit\u00e9 \u00e0 haute vitesse pour les d\u00e9taillants de sports motoris\u00e9s et les acheteurs B2B<\/strong><\/p>\n<p data-start=\"896\" data-end=\"1226\">Con\u00e7ue pour les coureurs qui recherchent la vitesse, le contr\u00f4le et une protection de niveau championnat, la <strong data-start=\"985\" data-end=\"1016\">Gants en cuir RYINZ Racing<\/strong> sont con\u00e7us pour les coureurs professionnels et les passionn\u00e9s de performance. Ce gant est un best-seller pour les d\u00e9taillants, les acheteurs B2B et les distributeurs de mat\u00e9riel de course ciblant le march\u00e9 des accessoires de moto haut de gamme.<\/p>\n<p data-start=\"1228\" data-end=\"1383\">Que vous \u00e9quipiez une \u00e9quipe de sport automobile ou que vous approvisionniez votre boutique en ligne avec du mat\u00e9riel en cuir de premi\u00e8re qualit\u00e9, ce produit offre \u00e0 la fois qualit\u00e9, fonction et attrait.<\/p>\n<hr data-start=\"1385\" data-end=\"1388\" \/>\n<p data-start=\"1390\" data-end=\"1678\"><strong data-start=\"1390\" data-end=\"1422\">Construction en cuir v\u00e9ritable<\/strong><br data-start=\"1422\" data-end=\"1425\" \/>Ces gants sont fabriqu\u00e9s en <strong data-start=\"1455\" data-end=\"1474\">cuir v\u00e9ritable<\/strong>, Les panneaux renforc\u00e9s et les coutures cousues avec pr\u00e9cision offrent une solidit\u00e9 suppl\u00e9mentaire sans compromettre le maintien. Les panneaux renforc\u00e9s et les coutures de pr\u00e9cision offrent une r\u00e9sistance suppl\u00e9mentaire sans compromettre la tenue.<\/p>\n<p data-start=\"1680\" data-end=\"1823\">Le design inspir\u00e9 de la course, tout en noir et blanc, donne une impression de s\u00e9curit\u00e9. <strong data-start=\"1736\" data-end=\"1751\">avantage visuel<\/strong>, Les produits de la s\u00e9rie \"B\" sont parfaits pour les collections de haute performance et les magasins d'\u00e9quipement de course automobile.<\/p>\n<hr data-start=\"1825\" data-end=\"1828\" \/>\n<p data-start=\"1830\" data-end=\"2131\"><strong data-start=\"1830\" data-end=\"1886\">HIPORA Glove Insert - Barri\u00e8re imperm\u00e9able et coupe-vent<\/strong><br data-start=\"1886\" data-end=\"1889\" \/>Les gants sont dot\u00e9s d'un <strong data-start=\"1922\" data-end=\"1941\">Membrane HIPORA<\/strong>, Le syst\u00e8me d'isolation de la main, hautement respirant et imperm\u00e9able, garde les mains au sec sans emprisonner la chaleur. Que les conditions de course soient s\u00e8ches ou humides, cet insert aide \u00e0 maintenir une temp\u00e9rature et un confort id\u00e9aux pour les mains.<\/p>\n<hr data-start=\"2133\" data-end=\"2136\" \/>\n<p data-start=\"2138\" data-end=\"2436\"><strong data-start=\"2138\" data-end=\"2183\">Fiberfill 300G pour une isolation l\u00e9g\u00e8re<\/strong><br data-start=\"2183\" data-end=\"2186\" \/>Ces gants sont livr\u00e9s avec <strong data-start=\"2209\" data-end=\"2242\">Isolation en fibre de 300 grammes<\/strong>, L'isolation thermique des gants est id\u00e9ale pour les conditions l\u00e9g\u00e8rement plus fra\u00eeches o\u00f9 le refroidissement \u00e9olien peut affecter les performances. Cette isolation apporte de la chaleur sans ajouter de volume excessif, ce qui rend les gants adapt\u00e9s aux courses sur trois saisons.<\/p>\n<hr data-start=\"2438\" data-end=\"2441\" \/>\n<p data-start=\"2443\" data-end=\"2700\"><strong data-start=\"2443\" data-end=\"2477\">Doublure en tricot pour un confort doux<\/strong><br data-start=\"2477\" data-end=\"2480\" \/>L'int\u00e9rieur est doubl\u00e9 de <strong data-start=\"2507\" data-end=\"2529\">tissu tricot\u00e9 doux<\/strong>, Le Tricot assure une exp\u00e9rience douce et sans irritation pour les courses de longue dur\u00e9e. Le tricot contribue \u00e9galement \u00e0 la r\u00e9gulation de la temp\u00e9rature interne et \u00e0 l'\u00e9vacuation de la transpiration pendant les courses intenses.<\/p>\n<hr data-start=\"2702\" data-end=\"2705\" \/>\n<p data-start=\"2707\" data-end=\"3035\"><strong data-start=\"2707\" data-end=\"2751\">Ajustement du poignet par fermeture \u00e9clair - Ajustement et style s\u00fbrs<\/strong><br data-start=\"2751\" data-end=\"2754\" \/>Contrairement aux fermetures classiques \u00e0 Velcro, ces gants sont dot\u00e9s d'une fermeture \u00e0 Velcro. <strong data-start=\"2815\" data-end=\"2845\">syst\u00e8me d'ajustement des poignets par fermeture \u00e9clair<\/strong>, Ce syst\u00e8me de fermeture double permet d'ajuster le gant au poignet et de lui donner une apparence plus \u00e9l\u00e9gante. Associ\u00e9 \u00e0 la bande Velcro, ce syst\u00e8me \u00e0 double fermeture garantit que le gant reste bien en place pendant les courses.<\/p>\n<hr data-start=\"3037\" data-end=\"3040\" \/>\n<p data-start=\"3042\" data-end=\"3297\"><strong data-start=\"3042\" data-end=\"3083\">Logo brod\u00e9 pour un marquage de qualit\u00e9<\/strong><br data-start=\"3083\" data-end=\"3086\" \/>Les gants pr\u00e9sentent les caract\u00e9ristiques suivantes <strong data-start=\"3105\" data-end=\"3149\">logos RYINZ et Race Edition brod\u00e9s<\/strong>, L'aspect \"cousu\" de ce produit lui conf\u00e8re une valeur per\u00e7ue plus \u00e9lev\u00e9e. Id\u00e9al pour les lignes haut de gamme ou les placements de produits ax\u00e9s sur la marque.<\/p>\n<hr data-start=\"3299\" data-end=\"3302\" \/>\n<p data-start=\"3304\" data-end=\"3605\"><strong data-start=\"3304\" data-end=\"3352\">Conception ergonomique avec protection compl\u00e8te des doigts<\/strong><br data-start=\"3352\" data-end=\"3355\" \/>Les zones de rembourrage strat\u00e9giques et la forme anatomique rendent ce gant id\u00e9al pour les postures de course. Les doigts pr\u00e9-courb\u00e9s et le cuir souple facilitent le contr\u00f4le de l'acc\u00e9l\u00e9rateur, tandis que les points de protection le long des articulations et de la paume offrent la s\u00e9curit\u00e9 l\u00e0 o\u00f9 elle est le plus n\u00e9cessaire.<\/p>\n<hr data-start=\"3607\" data-end=\"3610\" \/>\n<p data-start=\"3612\" data-end=\"3634\"><strong data-start=\"3612\" data-end=\"3632\">Convient le mieux \u00e0 :<\/strong><\/p>\n<ul data-start=\"3635\" data-end=\"3855\">\n<li data-start=\"3635\" data-end=\"3674\">\n<p data-start=\"3637\" data-end=\"3674\">Distributeurs de mat\u00e9riel de comp\u00e9tition pour motocycles<\/p>\n<\/li>\n<li data-start=\"3675\" data-end=\"3717\">\n<p data-start=\"3677\" data-end=\"3717\">Acheteurs B2B de gants pour les magasins de sport automobile<\/p>\n<\/li>\n<li data-start=\"3718\" data-end=\"3758\">\n<p data-start=\"3720\" data-end=\"3758\">Cavaliers professionnels et \u00e9quipes sportives<\/p>\n<\/li>\n<li data-start=\"3759\" data-end=\"3792\">\n<p data-start=\"3761\" data-end=\"3792\">Revendeurs en ligne de gants de course<\/p>\n<\/li>\n<li data-start=\"3793\" data-end=\"3824\">\n<p data-start=\"3795\" data-end=\"3824\">Lignes d'accessoires de performance<\/p>\n<\/li>\n<li data-start=\"3825\" data-end=\"3855\">\n<p data-start=\"3827\" data-end=\"3855\">Marques de gants sous label priv\u00e9<\/p>\n<\/li>\n<\/ul>\n<hr data-start=\"3857\" data-end=\"3860\" \/>\n<p data-start=\"3862\" data-end=\"3887\"><strong data-start=\"3862\" data-end=\"3885\">Points forts du produit :<\/strong><\/p>\n<ul data-start=\"3888\" data-end=\"4321\">\n<li data-start=\"3888\" data-end=\"3952\">\n<p data-start=\"3890\" data-end=\"3952\">Coque en cuir de premi\u00e8re qualit\u00e9 pour la durabilit\u00e9 et la protection contre l'abrasion<\/p>\n<\/li>\n<li data-start=\"3953\" data-end=\"4002\">\n<p data-start=\"3955\" data-end=\"4002\">Insert respirant imperm\u00e9able et coupe-vent HIPORA<\/p>\n<\/li>\n<li data-start=\"4003\" data-end=\"4043\">\n<p data-start=\"4005\" data-end=\"4043\">Isolation en fibres 300G pour la chaleur<\/p>\n<\/li>\n<li data-start=\"4044\" data-end=\"4087\">\n<p data-start=\"4046\" data-end=\"4087\">Doublure en tricot pour un confort int\u00e9rieur doux<\/p>\n<\/li>\n<li data-start=\"4088\" data-end=\"4132\">\n<p data-start=\"4090\" data-end=\"4132\">Ajustement de la manchette par fermeture \u00e9clair + fermeture par bande Velcro<\/p>\n<\/li>\n<li data-start=\"4133\" data-end=\"4168\">\n<p data-start=\"4135\" data-end=\"4168\">Le style de la course en noir et blanc<\/p>\n<\/li>\n<li data-start=\"4169\" data-end=\"4209\">\n<p data-start=\"4171\" data-end=\"4209\">Logos brod\u00e9s pour une finition haut de gamme<\/p>\n<\/li>\n<li data-start=\"4210\" data-end=\"4267\">\n<p data-start=\"4212\" data-end=\"4267\">Convient pour les courses \u00e0 grande vitesse et les performances sur route<\/p>\n<\/li>\n<li data-start=\"4268\" data-end=\"4321\">\n<p data-start=\"4270\" data-end=\"4321\">Conception conforme \u00e0 la norme CE et pr\u00eate pour le march\u00e9 europ\u00e9en<\/p>\n<\/li>\n<\/ul>\n<p data-start=\"4323\" data-end=\"4475\">Avec la <strong data-start=\"4332\" data-end=\"4374\">RYINZ Racing Gants de moto en cuir<\/strong>, Vous offrez ainsi un produit de haute performance auquel les conducteurs peuvent faire confiance dans les situations les plus exigeantes.<\/p>","protected":false},"excerpt":{"rendered":"<p data-start=\"272\" data-end=\"741\">Faites l'exp\u00e9rience de la pr\u00e9cision, de la protection et du confort avec les gants en cuir de course premium RYINZ - con\u00e7us pour la vitesse et la s\u00e9curit\u00e9. Con\u00e7us avec des logos brod\u00e9s, des poignets durables \u00e0 fermeture \u00e9clair, une isolation en fibre de verre 300G, une doublure en tricot et un insert imperm\u00e9able HIPORA, ces gants sont id\u00e9aux pour les coureurs professionnels, les pilotes de performance et les d\u00e9taillants d'\u00e9quipement. Un choix de premier ordre pour les grossistes en sports m\u00e9caniques et les distributeurs de gants de marque priv\u00e9e.<\/p>","protected":false},"featured_media":9296,"comment_status":"closed","ping_status":"closed","template":"","meta":[],"product_brand":[35],"product_cat":[1111,380,122,68],"product_tag":[389,390,391,392,393,394,395,396,397,398,399,400,401,402,403],"class_list":{"0":"post-9201","1":"product","2":"type-product","3":"status-publish","4":"has-post-thumbnail","6":"product_brand-ryinz","7":"product_cat-motorbike","8":"product_cat-motorbike-gloves","9":"product_cat-motorbike-racing-gloves","10":"product_cat-ryinz","11":"product_tag-anti-slip-grip-gloves-for-riding-and-climbing","12":"product_tag-black-tactical-gloves-for-distributors-and-oems","13":"product_tag-ce-grade-gloves-with-impact-protection","14":"product_tag-cowhide-goat-sheep-leather-tactical-gloves","15":"product_tag-customizable-lining-tactical-gloves-for-all-weather","16":"product_tag-full-finger-motorcycle-gloves-with-hard-shell","17":"product_tag-leather-gloves-for-military-and-patrol-gear","18":"product_tag-lightweight-leather-gloves-for-b2b-buyers","19":"product_tag-multi-purpose-gloves-for-tactical-retail","20":"product_tag-protective-gloves-for-airsoft-and-police-use","21":"product_tag-reinforced-gloves-for-mechanical-use","22":"product_tag-ryinz-motorcycle-gloves-with-mesh-ventilation","23":"product_tag-summer-breathable-gloves-with-mesh-zones","24":"product_tag-tactical-leather-gloves-with-knuckle-armor","25":"product_tag-wholesale-riding-gloves-with-finger-protection","27":"first","28":"instock","29":"taxable","30":"shipping-taxable","31":"purchasable","32":"product-type-simple"},"_links":{"self":[{"href":"https:\/\/ryinz.cz\/velkoobchod\/fr\/wp-json\/wp\/v2\/product\/9201","targetHints":{"allow":["GET"]}}],"collection":[{"href":"https:\/\/ryinz.cz\/velkoobchod\/fr\/wp-json\/wp\/v2\/product"}],"about":[{"href":"https:\/\/ryinz.cz\/velkoobchod\/fr\/wp-json\/wp\/v2\/types\/product"}],"replies":[{"embeddable":true,"href":"https:\/\/ryinz.cz\/velkoobchod\/fr\/wp-json\/wp\/v2\/comments?post=9201"}],"wp:featuredmedia":[{"embeddable":true,"href":"https:\/\/ryinz.cz\/velkoobchod\/fr\/wp-json\/wp\/v2\/media\/9296"}],"wp:attachment":[{"href":"https:\/\/ryinz.cz\/velkoobchod\/fr\/wp-json\/wp\/v2\/media?parent=9201"}],"wp:term":[{"taxonomy":"product_brand","embeddable":true,"href":"https:\/\/ryinz.cz\/velkoobchod\/fr\/wp-json\/wp\/v2\/product_brand?post=9201"},{"taxonomy":"product_cat","embeddable":true,"href":"https:\/\/ryinz.cz\/velkoobchod\/fr\/wp-json\/wp\/v2\/product_cat?post=9201"},{"taxonomy":"product_tag","embeddable":true,"href":"https:\/\/ryinz.cz\/velkoobchod\/fr\/wp-json\/wp\/v2\/product_tag?post=9201"}],"curies":[{"name":"wp","href":"https:\/\/api.w.org\/{rel}","templated":true}]}}