{"id":9200,"date":"2025-06-22T15:32:52","date_gmt":"2025-06-22T15:32:52","guid":{"rendered":"https:\/\/ryinz.cz\/velkoobchod\/?post_type=product&#038;p=9200"},"modified":"2026-01-18T20:18:15","modified_gmt":"2026-01-18T20:18:15","slug":"ryinz-leather-tactical-gloves-for-wholesale-retail-with-hard-knuckle-armor-mesh-ventilation-finger-protection","status":"publish","type":"product","link":"https:\/\/ryinz.cz\/velkoobchod\/fr\/product\/ryinz-leather-tactical-gloves-for-wholesale-retail-with-hard-knuckle-armor-mesh-ventilation-finger-protection\/","title":{"rendered":"RYINZ Gants tactiques en cuir pour le commerce de gros et de d\u00e9tail avec armure de poing dur, ventilation en maille et protection des doigts"},"content":{"rendered":"<p data-start=\"829\" data-end=\"931\"><strong data-start=\"829\" data-end=\"931\">RYINZ Premium Leather Tactical Gloves - Con\u00e7u pour les cavaliers, les professionnels et les distributeurs internationaux<\/strong><\/p>\n<p data-start=\"933\" data-end=\"1249\">Lorsque la protection s'allie \u00e0 la flexibilit\u00e9, vous obtenez le <strong data-start=\"980\" data-end=\"1013\">Gants tactiques en cuir RYINZ<\/strong> - une option haut de gamme pour les cavaliers, le personnel militaire et les professionnels de la tactique du monde entier. Ces gants sont con\u00e7us dans un but pr\u00e9cis : ils offrent une s\u00e9curit\u00e9, une adh\u00e9rence, un confort et une respirabilit\u00e9 de premier ordre sans compromettre les mouvements ou les performances.<\/p>\n<p data-start=\"1251\" data-end=\"1411\">Parfait pour les grossistes, les fournisseurs d'EPI, les magasins de d\u00e9tail et les projets de gants de marque priv\u00e9e, ce mod\u00e8le est con\u00e7u pour les clients qui exigent \u00e0 la fois du style et de la substance.<\/p>\n<hr data-start=\"1413\" data-end=\"1416\" \/>\n<p data-start=\"1418\" data-end=\"1816\"><strong data-start=\"1418\" data-end=\"1472\">Options de mat\u00e9riaux - Cuir de vache, de ch\u00e8vre ou de mouton<\/strong><br data-start=\"1472\" data-end=\"1475\" \/>RYINZ offre une production personnalisable avec <strong data-start=\"1517\" data-end=\"1528\">peau de vache<\/strong>, <strong data-start=\"1530\" data-end=\"1538\">ch\u00e8vre<\/strong>, ou <strong data-start=\"1543\" data-end=\"1560\">cuir de mouton<\/strong> en fonction de la sensation et de la durabilit\u00e9 requises. Le cuir de vache offre une grande r\u00e9sistance \u00e0 l'abrasion, le cuir de ch\u00e8vre une grande souplesse et le cuir de mouton une finition \u00e9l\u00e9gante et souple pour des mouvements pr\u00e9cis. Ces trois options sont r\u00e9put\u00e9es pour leur long\u00e9vit\u00e9.<\/p>\n<hr data-start=\"1818\" data-end=\"1821\" \/>\n<p data-start=\"1823\" data-end=\"2146\"><strong data-start=\"1823\" data-end=\"1880\">Construction en maille a\u00e9r\u00e9e - Meilleure respirabilit\u00e9<\/strong><br data-start=\"1880\" data-end=\"1883\" \/>Pour les environnements chauds ou \u00e0 forte activit\u00e9, ces gants comprennent <strong data-start=\"1943\" data-end=\"1969\">zones d'a\u00e9ration en maille<\/strong> int\u00e9gr\u00e9e dans le panneau arri\u00e8re et les doigts. Cela am\u00e9liore la circulation de l'air, ce qui rend les gants adapt\u00e9s \u00e0 l'\u00e9t\u00e9 ou \u00e0 des activit\u00e9s o\u00f9 l'on transpire, comme la conduite d'une moto, l'airsoft ou les patrouilles.<\/p>\n<hr data-start=\"2148\" data-end=\"2151\" \/>\n<p data-start=\"2153\" data-end=\"2454\"><strong data-start=\"2153\" data-end=\"2197\">Protection des articulations pour les zones d'impact<\/strong><br data-start=\"2197\" data-end=\"2200\" \/>Le moule <strong data-start=\"2211\" data-end=\"2233\">armure \u00e0 poing dur<\/strong> est une caract\u00e9ristique de s\u00e9curit\u00e9 essentielle, offrant un bouclier solide contre les impacts, les \u00e9raflures et les abrasions. Que vous soyez sur un v\u00e9lo, en train de grimper ou dans une simulation d'entra\u00eenement, ces gants offrent une protection essentielle dans les zones \u00e0 haut risque pour les mains.<\/p>\n<hr data-start=\"2456\" data-end=\"2459\" \/>\n<p data-start=\"2461\" data-end=\"2741\"><strong data-start=\"2461\" data-end=\"2489\">Panneaux de protection des doigts<\/strong><br data-start=\"2489\" data-end=\"2492\" \/>Chaque doigt comprend <strong data-start=\"2513\" data-end=\"2543\">embouts de protection renforc\u00e9s<\/strong>, Les pointes de la s\u00e9rie \"B\", qui prot\u00e8gent contre les blocages et les abrasions tout en offrant une flexibilit\u00e9 et une pr\u00e9cision de pr\u00e9hension. Ces pointes sont essentielles pour une utilisation tactique ou dans le b\u00e2timent, o\u00f9 la dext\u00e9rit\u00e9 et le contr\u00f4le des doigts sont essentiels.<\/p>\n<hr data-start=\"2743\" data-end=\"2746\" \/>\n<p data-start=\"2748\" data-end=\"2892\"><strong data-start=\"2748\" data-end=\"2805\">Doublures int\u00e9rieures confortables - Polaire \/ Tricot \/ Playboy<\/strong><br data-start=\"2805\" data-end=\"2808\" \/>Vous pouvez choisir parmi plusieurs options de doublure int\u00e9rieure pour r\u00e9pondre \u00e0 vos besoins en mati\u00e8re de climat et de confort :<\/p>\n<ul data-start=\"2893\" data-end=\"3036\">\n<li data-start=\"2893\" data-end=\"2933\">\n<p data-start=\"2895\" data-end=\"2933\"><strong data-start=\"2895\" data-end=\"2905\">Polaire<\/strong> pour la chaleur par temps froid<\/p>\n<\/li>\n<li data-start=\"2934\" data-end=\"2986\">\n<p data-start=\"2936\" data-end=\"2986\"><strong data-start=\"2936\" data-end=\"2946\">Tricot<\/strong> pour une \u00e9vacuation de l'humidit\u00e9 et un port tout au long de la journ\u00e9e<\/p>\n<\/li>\n<li data-start=\"2987\" data-end=\"3036\">\n<p data-start=\"2989\" data-end=\"3036\"><strong data-start=\"2989\" data-end=\"3000\">Playboy<\/strong> pour une couche de confort lisse et soyeuse<\/p>\n<\/li>\n<\/ul>\n<p data-start=\"3038\" data-end=\"3119\">Cette flexibilit\u00e9 permet au gant de s'adapter \u00e0 diff\u00e9rents march\u00e9s et conditions.<\/p>\n<hr data-start=\"3121\" data-end=\"3124\" \/>\n<p data-start=\"3126\" data-end=\"3410\"><strong data-start=\"3126\" data-end=\"3172\">Am\u00e9lioration de la prise en main et zones de la paume renforc\u00e9es<\/strong><br data-start=\"3172\" data-end=\"3175\" \/>La zone des palmiers comprend <strong data-start=\"3198\" data-end=\"3244\">panneaux de pr\u00e9hension strat\u00e9giques et doubles coutures<\/strong>, La surface est textur\u00e9e pour une s\u00e9curit\u00e9 antid\u00e9rapante, ce qui fait de ces gants la solution id\u00e9ale pour les travaux sous haute pression. La surface est textur\u00e9e pour une s\u00e9curit\u00e9 antid\u00e9rapante, ce qui rend ces gants id\u00e9aux pour les travaux sous haute pression.<\/p>\n<hr data-start=\"3412\" data-end=\"3415\" \/>\n<p data-start=\"3417\" data-end=\"3433\"><strong data-start=\"3417\" data-end=\"3431\">Id\u00e9al pour :<\/strong><\/p>\n<ul data-start=\"3434\" data-end=\"3664\">\n<li data-start=\"3434\" data-end=\"3463\">\n<p data-start=\"3436\" data-end=\"3463\">D\u00e9taillants d'\u00e9quipements pour motocycles<\/p>\n<\/li>\n<li data-start=\"3464\" data-end=\"3498\">\n<p data-start=\"3466\" data-end=\"3498\">Fournisseurs de produits tactiques et d'airsoft<\/p>\n<\/li>\n<li data-start=\"3499\" data-end=\"3542\">\n<p data-start=\"3501\" data-end=\"3542\">Cha\u00eenes d'approvisionnement militaires et paramilitaires<\/p>\n<\/li>\n<li data-start=\"3543\" data-end=\"3592\">\n<p data-start=\"3545\" data-end=\"3592\">Distributeurs de gants de construction et de m\u00e9canique<\/p>\n<\/li>\n<li data-start=\"3593\" data-end=\"3623\">\n<p data-start=\"3595\" data-end=\"3623\">Programmes de gants en cuir OEM<\/p>\n<\/li>\n<li data-start=\"3624\" data-end=\"3664\">\n<p data-start=\"3626\" data-end=\"3664\">Marques de produits d'aventure ou de survie en plein air<\/p>\n<\/li>\n<\/ul>\n<hr data-start=\"3666\" data-end=\"3669\" \/>\n<p data-start=\"3671\" data-end=\"3695\"><strong data-start=\"3671\" data-end=\"3693\">Points forts de la conception :<\/strong><\/p>\n<ul data-start=\"3696\" data-end=\"4133\">\n<li data-start=\"3696\" data-end=\"3737\">\n<p data-start=\"3698\" data-end=\"3737\">Choix de cuir de vache, de ch\u00e8vre ou de mouton<\/p>\n<\/li>\n<li data-start=\"3738\" data-end=\"3783\">\n<p data-start=\"3740\" data-end=\"3783\">Panneaux arri\u00e8re en maille a\u00e9r\u00e9e pour une meilleure respirabilit\u00e9<\/p>\n<\/li>\n<li data-start=\"3784\" data-end=\"3828\">\n<p data-start=\"3786\" data-end=\"3828\">Blindage des articulations pour une meilleure r\u00e9sistance aux chocs<\/p>\n<\/li>\n<li data-start=\"3829\" data-end=\"3874\">\n<p data-start=\"3831\" data-end=\"3874\">Renforcement des doigts pour une protection accrue<\/p>\n<\/li>\n<li data-start=\"3875\" data-end=\"3921\">\n<p data-start=\"3877\" data-end=\"3921\">Doublures disponibles : polaire, tricot, playboy<\/p>\n<\/li>\n<li data-start=\"3922\" data-end=\"3959\">\n<p data-start=\"3924\" data-end=\"3959\">Paume renforc\u00e9e avec texture de pr\u00e9hension<\/p>\n<\/li>\n<li data-start=\"3960\" data-end=\"4001\">\n<p data-start=\"3962\" data-end=\"4001\">Couleur noire \u00e9l\u00e9gante avec marquage RYINZ<\/p>\n<\/li>\n<li data-start=\"4002\" data-end=\"4055\">\n<p data-start=\"4004\" data-end=\"4055\">Courroie de poignet r\u00e9glable avec fermeture auto-agrippante<\/p>\n<\/li>\n<li data-start=\"4056\" data-end=\"4090\">\n<p data-start=\"4058\" data-end=\"4090\">L\u00e9ger mais tr\u00e8s r\u00e9sistant<\/p>\n<\/li>\n<li data-start=\"4091\" data-end=\"4133\">\n<p data-start=\"4093\" data-end=\"4133\">Possibilit\u00e9 de personnalisation pour les acheteurs en gros<\/p>\n<\/li>\n<\/ul>\n<p data-start=\"4135\" data-end=\"4359\">Que vous fournissiez des \u00e9quipements tactiques pour les travaux \u00e0 haut risque ou que vous offriez une protection \u00e9l\u00e9gante aux motocyclistes, le <strong data-start=\"4251\" data-end=\"4284\">RYINZ Gants tactiques en cuir<\/strong> sont des produits de premier ordre dont l'attrait a \u00e9t\u00e9 prouv\u00e9 dans de nombreux secteurs d'activit\u00e9.<\/p>","protected":false},"excerpt":{"rendered":"<p data-start=\"273\" data-end=\"778\">Con\u00e7us pour un usage professionnel, les gants tactiques en cuir RYINZ combinent des options en cuir de vachette, de ch\u00e8vre ou de mouton avec des mailles respirantes et des renforts de protection. Dot\u00e9s d'un prot\u00e8ge-joint rigide, d'un prot\u00e8ge-doigt et d'une doublure en polaire, en tricot ou en playboy, ces gants sont id\u00e9aux pour la moto, l'airsoft, l'arm\u00e9e ou la construction. Utilisables tout au long de l'ann\u00e9e, ils constituent un produit de haute performance pour les acheteurs en gros et les magasins d'\u00e9quipement tactique.<\/p>","protected":false},"featured_media":9295,"comment_status":"closed","ping_status":"closed","template":"","meta":[],"product_brand":[35],"product_cat":[1111,380,122,68],"product_tag":[389,390,391,392,393,394,395,396,397,398,399,400,401,402,403],"class_list":{"0":"post-9200","1":"product","2":"type-product","3":"status-publish","4":"has-post-thumbnail","6":"product_brand-ryinz","7":"product_cat-motorbike","8":"product_cat-motorbike-gloves","9":"product_cat-motorbike-racing-gloves","10":"product_cat-ryinz","11":"product_tag-anti-slip-grip-gloves-for-riding-and-climbing","12":"product_tag-black-tactical-gloves-for-distributors-and-oems","13":"product_tag-ce-grade-gloves-with-impact-protection","14":"product_tag-cowhide-goat-sheep-leather-tactical-gloves","15":"product_tag-customizable-lining-tactical-gloves-for-all-weather","16":"product_tag-full-finger-motorcycle-gloves-with-hard-shell","17":"product_tag-leather-gloves-for-military-and-patrol-gear","18":"product_tag-lightweight-leather-gloves-for-b2b-buyers","19":"product_tag-multi-purpose-gloves-for-tactical-retail","20":"product_tag-protective-gloves-for-airsoft-and-police-use","21":"product_tag-reinforced-gloves-for-mechanical-use","22":"product_tag-ryinz-motorcycle-gloves-with-mesh-ventilation","23":"product_tag-summer-breathable-gloves-with-mesh-zones","24":"product_tag-tactical-leather-gloves-with-knuckle-armor","25":"product_tag-wholesale-riding-gloves-with-finger-protection","27":"first","28":"instock","29":"taxable","30":"shipping-taxable","31":"purchasable","32":"product-type-simple"},"_links":{"self":[{"href":"https:\/\/ryinz.cz\/velkoobchod\/fr\/wp-json\/wp\/v2\/product\/9200","targetHints":{"allow":["GET"]}}],"collection":[{"href":"https:\/\/ryinz.cz\/velkoobchod\/fr\/wp-json\/wp\/v2\/product"}],"about":[{"href":"https:\/\/ryinz.cz\/velkoobchod\/fr\/wp-json\/wp\/v2\/types\/product"}],"replies":[{"embeddable":true,"href":"https:\/\/ryinz.cz\/velkoobchod\/fr\/wp-json\/wp\/v2\/comments?post=9200"}],"wp:featuredmedia":[{"embeddable":true,"href":"https:\/\/ryinz.cz\/velkoobchod\/fr\/wp-json\/wp\/v2\/media\/9295"}],"wp:attachment":[{"href":"https:\/\/ryinz.cz\/velkoobchod\/fr\/wp-json\/wp\/v2\/media?parent=9200"}],"wp:term":[{"taxonomy":"product_brand","embeddable":true,"href":"https:\/\/ryinz.cz\/velkoobchod\/fr\/wp-json\/wp\/v2\/product_brand?post=9200"},{"taxonomy":"product_cat","embeddable":true,"href":"https:\/\/ryinz.cz\/velkoobchod\/fr\/wp-json\/wp\/v2\/product_cat?post=9200"},{"taxonomy":"product_tag","embeddable":true,"href":"https:\/\/ryinz.cz\/velkoobchod\/fr\/wp-json\/wp\/v2\/product_tag?post=9200"}],"curies":[{"name":"wp","href":"https:\/\/api.w.org\/{rel}","templated":true}]}}