{"id":9199,"date":"2025-06-22T15:32:52","date_gmt":"2025-06-22T15:32:52","guid":{"rendered":"https:\/\/ryinz.cz\/velkoobchod\/?post_type=product&#038;p=9199"},"modified":"2026-01-18T20:18:14","modified_gmt":"2026-01-18T20:18:14","slug":"ryinz-tactical-combat-gloves-for-wholesale-retail-with-hard-knuckle-armor-and-anti-slip-grip-palm-protection","status":"publish","type":"product","link":"https:\/\/ryinz.cz\/velkoobchod\/fr\/product\/ryinz-tactical-combat-gloves-for-wholesale-retail-with-hard-knuckle-armor-and-anti-slip-grip-palm-protection\/","title":{"rendered":"RYINZ Gants de combat tactique pour le commerce de gros et de d\u00e9tail avec armure de poing dur et protection de la paume antid\u00e9rapante"},"content":{"rendered":"<p>&nbsp;<\/p>\n<p data-start=\"846\" data-end=\"964\"><strong data-start=\"846\" data-end=\"964\">RYINZ Tactical Hard Knuckle Gloves - Protection robuste pour les forces de s\u00e9curit\u00e9, les aventuriers et les acheteurs en gros<\/strong><\/p>\n<p data-start=\"966\" data-end=\"1322\">Con\u00e7ue pour les environnements intenses, les utilisations \u00e0 fort impact et les aventures tout-terrain, la <strong data-start=\"1049\" data-end=\"1074\">Gants tactiques RYINZ<\/strong> sont un choix de premier ordre pour les professionnels et les amateurs d'activit\u00e9s de plein air. Que vous \u00e9quipiez des motards, du personnel de s\u00e9curit\u00e9, des joueurs d'airsoft ou des \u00e9quipes tactiques, ces gants sont con\u00e7us pour r\u00e9sister aux exigences d'un usage quotidien et extr\u00eame.<\/p>\n<p data-start=\"1324\" data-end=\"1480\">Ce mod\u00e8le convient parfaitement aux acheteurs en gros, aux d\u00e9taillants d'\u00e9quipement et aux revendeurs de marques priv\u00e9es ciblant les march\u00e9s de la s\u00e9curit\u00e9 et de la tactique en Europe et au-del\u00e0.<\/p>\n<hr data-start=\"1482\" data-end=\"1485\" \/>\n<p data-start=\"1487\" data-end=\"1832\"><strong data-start=\"1487\" data-end=\"1522\">Protection des articulations pr\u00eate au combat<\/strong><br data-start=\"1522\" data-end=\"1525\" \/>L'une des caract\u00e9ristiques de ces gants est la <strong data-start=\"1567\" data-end=\"1595\">armure de poing am\u00e9ricain \u00e0 coque dure<\/strong>, Les gants sont dot\u00e9s d'une armure en thermoplastique durable et r\u00e9sistant aux chocs. Con\u00e7ue pour prot\u00e9ger les articulations du contact direct et des chocs violents, cette armure rend les gants id\u00e9aux pour les missions tactiques, les entra\u00eenements militaires ou l'utilisation de la moto \u00e0 des fins de protection.<\/p>\n<p data-start=\"1834\" data-end=\"2004\">Chaque doigt est \u00e9quip\u00e9 de petits <strong data-start=\"1871\" data-end=\"1899\">inserts de coque renforc\u00e9s<\/strong>, La s\u00e9curit\u00e9 est ainsi renforc\u00e9e lors des contacts physiques ou des man\u0153uvres tactiques, tout en conservant une grande amplitude de mouvement.<\/p>\n<hr data-start=\"2006\" data-end=\"2009\" \/>\n<p data-start=\"2011\" data-end=\"2341\"><strong data-start=\"2011\" data-end=\"2054\">Prise en main sup\u00e9rieure - Paume textur\u00e9e antid\u00e9rapante<\/strong><br data-start=\"2054\" data-end=\"2057\" \/>La face palmaire pr\u00e9sente les caract\u00e9ristiques suivantes <strong data-start=\"2080\" data-end=\"2111\">mat\u00e9riau antid\u00e9rapant textur\u00e9<\/strong> Con\u00e7ue pour am\u00e9liorer le contr\u00f4le et \u00e9viter de glisser lors de la manipulation d'\u00e9quipements, d'outils, d'armes ou de guidons. Cette poign\u00e9e est essentielle pour toute personne impliqu\u00e9e dans des t\u00e2ches de haute pr\u00e9cision ou \u00e0 grande vitesse telles que l'\u00e9quitation, le tir ou l'escalade.<\/p>\n<p data-start=\"2343\" data-end=\"2513\">Les coutures renforc\u00e9es de la paume soutiennent les points de tension cl\u00e9s pour prolonger la dur\u00e9e de vie du produit, en particulier pour les utilisateurs effectuant des mouvements r\u00e9p\u00e9titifs, comme les agents de la force publique ou les m\u00e9caniciens.<\/p>\n<hr data-start=\"2515\" data-end=\"2518\" \/>\n<p data-start=\"2520\" data-end=\"2788\"><strong data-start=\"2520\" data-end=\"2568\">Tactical Fit - Poignet r\u00e9glable par velcro<\/strong><br data-start=\"2568\" data-end=\"2571\" \/>Chaque gant comprend un <strong data-start=\"2593\" data-end=\"2620\">sangle velcro r\u00e9sistante<\/strong> afin d'offrir une coupe ajust\u00e9e et personnalisable autour du poignet. Cette conception garantit que les gants restent en place en cas de mouvement rapide de la main ou d'impact, tout en emp\u00eachant le vent et la poussi\u00e8re de p\u00e9n\u00e9trer dans les gants.<\/p>\n<p data-start=\"2790\" data-end=\"2914\">La large ouverture de la manchette permet un enfilage et un retrait rapides, ce qui rend ces gants parfaits pour les officiers de service et les cavaliers en d\u00e9placement.<\/p>\n<hr data-start=\"2916\" data-end=\"2919\" \/>\n<p data-start=\"2921\" data-end=\"3223\"><strong data-start=\"2921\" data-end=\"2961\">Construction respirante et flexible<\/strong><br data-start=\"2961\" data-end=\"2964\" \/>Malgr\u00e9 sa protection renforc\u00e9e, le gant reste <strong data-start=\"3017\" data-end=\"3047\">l\u00e9ger et respirant<\/strong>, Il est compos\u00e9 d'un mat\u00e9riau extensible et d'un int\u00e9rieur rembourr\u00e9 qui permettent une bonne circulation de l'air tout en prot\u00e9geant les articulations et la peau. Il peut ainsi \u00eatre port\u00e9 \u00e0 long terme sous diff\u00e9rents climats.<\/p>\n<hr data-start=\"3225\" data-end=\"3228\" \/>\n<p data-start=\"3230\" data-end=\"3246\"><strong data-start=\"3230\" data-end=\"3244\">Id\u00e9al pour :<\/strong><\/p>\n<ul data-start=\"3247\" data-end=\"3536\">\n<li data-start=\"3247\" data-end=\"3279\">\n<p data-start=\"3249\" data-end=\"3279\">Forces militaires et de s\u00e9curit\u00e9<\/p>\n<\/li>\n<li data-start=\"3280\" data-end=\"3319\">\n<p data-start=\"3282\" data-end=\"3319\">\u00c9quipes tactiques et fourniture d'\u00e9quipements SWAT<\/p>\n<\/li>\n<li data-start=\"3320\" data-end=\"3365\">\n<p data-start=\"3322\" data-end=\"3365\">Airsoft, paintball et simulation de combat<\/p>\n<\/li>\n<li data-start=\"3366\" data-end=\"3401\">\n<p data-start=\"3368\" data-end=\"3401\">Conducteurs de motos et de motos tout-terrain<\/p>\n<\/li>\n<li data-start=\"3402\" data-end=\"3441\">\n<p data-start=\"3404\" data-end=\"3441\">Kits de survie et d'aventure en plein air<\/p>\n<\/li>\n<li data-start=\"3442\" data-end=\"3484\">\n<p data-start=\"3444\" data-end=\"3484\">Construction, travaux lourds en atelier<\/p>\n<\/li>\n<li data-start=\"3485\" data-end=\"3536\">\n<p data-start=\"3487\" data-end=\"3536\">Distributeurs en gros d'EPI et de v\u00eatements tactiques<\/p>\n<\/li>\n<\/ul>\n<hr data-start=\"3538\" data-end=\"3541\" \/>\n<p data-start=\"3543\" data-end=\"3570\"><strong data-start=\"3543\" data-end=\"3568\">R\u00e9sum\u00e9 des principales caract\u00e9ristiques :<\/strong><\/p>\n<ul data-start=\"3571\" data-end=\"4000\">\n<li data-start=\"3571\" data-end=\"3628\">\n<p data-start=\"3573\" data-end=\"3628\">Protection des articulations par une coque dure pour une protection contre les chocs directs<\/p>\n<\/li>\n<li data-start=\"3629\" data-end=\"3674\">\n<p data-start=\"3631\" data-end=\"3674\">Paume textur\u00e9e antid\u00e9rapante pour une meilleure prise en main<\/p>\n<\/li>\n<li data-start=\"3675\" data-end=\"3721\">\n<p data-start=\"3677\" data-end=\"3721\">Inserts de coque de doigt pour la d\u00e9fense de la main enti\u00e8re<\/p>\n<\/li>\n<li data-start=\"3722\" data-end=\"3755\">\n<p data-start=\"3724\" data-end=\"3755\">Courroie de poignet ajustable en velcro<\/p>\n<\/li>\n<li data-start=\"3756\" data-end=\"3802\">\n<p data-start=\"3758\" data-end=\"3802\">Coutures de la paume renforc\u00e9es pour une utilisation prolong\u00e9e<\/p>\n<\/li>\n<li data-start=\"3803\" data-end=\"3837\">\n<p data-start=\"3805\" data-end=\"3837\">Int\u00e9rieur respirant et rembourr\u00e9<\/p>\n<\/li>\n<li data-start=\"3838\" data-end=\"3889\">\n<p data-start=\"3840\" data-end=\"3889\">Design noir robuste pour une esth\u00e9tique tactique<\/p>\n<\/li>\n<li data-start=\"3890\" data-end=\"3950\">\n<p data-start=\"3892\" data-end=\"3950\">Compatible avec les uniformes, les tenues d'\u00e9quitation et les kits tactiques<\/p>\n<\/li>\n<li data-start=\"3951\" data-end=\"4000\">\n<p data-start=\"3953\" data-end=\"4000\">Disponible en tailles standard pour hommes et femmes<\/p>\n<\/li>\n<\/ul>","protected":false},"excerpt":{"rendered":"<p>Con\u00e7us pour la robustesse et l'utilisation tactique, les gants de combat noirs RYINZ sont dot\u00e9s d'une armure renforc\u00e9e pour les articulations dures, de zones de pr\u00e9hension antid\u00e9rapantes et d'une protection des doigts pour une grande dext\u00e9rit\u00e9. Id\u00e9al pour l'arm\u00e9e, l'airsoft, la s\u00e9curit\u00e9, la moto et l'aventure en plein air, ces gants offrent un \u00e9quilibre parfait entre durabilit\u00e9, flexibilit\u00e9 et ajustement s\u00e9curis\u00e9 du poignet gr\u00e2ce \u00e0 un velcro r\u00e9glable. Parfait pour la distribution en gros B2B, les magasins d'\u00e9quipement tactique et les d\u00e9taillants de motos \u00e0 la recherche de gants robustes et polyvalents.<\/p>\n<ul>\n<li data-start=\"4037\" data-end=\"4081\">\n<p data-start=\"4040\" data-end=\"4081\">Gants tactiques avec protection des articulations dures<\/p>\n<\/li>\n<li data-start=\"4082\" data-end=\"4137\">\n<p data-start=\"4085\" data-end=\"4137\">Grossiste gants militaires avec protection des articulations<\/p>\n<\/li>\n<li data-start=\"4138\" data-end=\"4191\">\n<p data-start=\"4141\" data-end=\"4191\">Gants de combat RYINZ pour la s\u00e9curit\u00e9 et l'ext\u00e9rieur<\/p>\n<\/li>\n<li data-start=\"4192\" data-end=\"4240\">\n<p data-start=\"4195\" data-end=\"4240\">Gants tactiques de tir \u00e0 paume antid\u00e9rapante<\/p>\n<\/li>\n<li data-start=\"4241\" data-end=\"4293\">\n<p data-start=\"4244\" data-end=\"4293\">Gants de moto avec protection des articulations<\/p>\n<\/li>\n<li data-start=\"4294\" data-end=\"4347\">\n<p data-start=\"4297\" data-end=\"4347\">Gants de protection pour la police et les \u00e9quipes SWAT<\/p>\n<\/li>\n<li data-start=\"4348\" data-end=\"4403\">\n<p data-start=\"4351\" data-end=\"4403\">Gants tactiques \u00e0 doigts entiers pour des performances robustes<\/p>\n<\/li>\n<li data-start=\"4404\" data-end=\"4460\">\n<p data-start=\"4407\" data-end=\"4460\">Gants renforc\u00e9s pour les joueurs d'airsoft et de paintball<\/p>\n<\/li>\n<li data-start=\"4461\" data-end=\"4515\">\n<p data-start=\"4464\" data-end=\"4515\">Gants de travail robustes pour la construction ou l'\u00e9quitation<\/p>\n<\/li>\n<li data-start=\"4516\" data-end=\"4568\">\n<p data-start=\"4520\" data-end=\"4568\">Gants tactiques respirants pour une utilisation par temps chaud<\/p>\n<\/li>\n<li data-start=\"4569\" data-end=\"4620\">\n<p data-start=\"4573\" data-end=\"4620\">Gants de qualit\u00e9 militaire avec sangle de poignet en velcro<\/p>\n<\/li>\n<li data-start=\"4621\" data-end=\"4673\">\n<p data-start=\"4625\" data-end=\"4673\">Gants d'ext\u00e9rieur pour mat\u00e9riel d'aventure et de survie<\/p>\n<\/li>\n<li data-start=\"4674\" data-end=\"4720\">\n<p data-start=\"4678\" data-end=\"4720\">Gants tactiques europ\u00e9ens pour les commandes en gros<\/p>\n<\/li>\n<li data-start=\"4721\" data-end=\"4773\">\n<p data-start=\"4725\" data-end=\"4773\">Gants blind\u00e9s pour la protection et le contr\u00f4le de la pr\u00e9hension<\/p>\n<\/li>\n<li data-start=\"4774\" data-end=\"4831\">\n<p data-start=\"4778\" data-end=\"4831\">Gants tactiques polyvalents pour grossistes<\/p>\n<\/li>\n<\/ul>","protected":false},"featured_media":9294,"comment_status":"closed","ping_status":"closed","template":"","meta":[],"product_brand":[35],"product_cat":[1111,380,122,68],"product_tag":[],"class_list":{"0":"post-9199","1":"product","2":"type-product","3":"status-publish","4":"has-post-thumbnail","6":"product_brand-ryinz","7":"product_cat-motorbike","8":"product_cat-motorbike-gloves","9":"product_cat-motorbike-racing-gloves","10":"product_cat-ryinz","12":"first","13":"instock","14":"taxable","15":"shipping-taxable","16":"purchasable","17":"product-type-simple"},"_links":{"self":[{"href":"https:\/\/ryinz.cz\/velkoobchod\/fr\/wp-json\/wp\/v2\/product\/9199","targetHints":{"allow":["GET"]}}],"collection":[{"href":"https:\/\/ryinz.cz\/velkoobchod\/fr\/wp-json\/wp\/v2\/product"}],"about":[{"href":"https:\/\/ryinz.cz\/velkoobchod\/fr\/wp-json\/wp\/v2\/types\/product"}],"replies":[{"embeddable":true,"href":"https:\/\/ryinz.cz\/velkoobchod\/fr\/wp-json\/wp\/v2\/comments?post=9199"}],"wp:featuredmedia":[{"embeddable":true,"href":"https:\/\/ryinz.cz\/velkoobchod\/fr\/wp-json\/wp\/v2\/media\/9294"}],"wp:attachment":[{"href":"https:\/\/ryinz.cz\/velkoobchod\/fr\/wp-json\/wp\/v2\/media?parent=9199"}],"wp:term":[{"taxonomy":"product_brand","embeddable":true,"href":"https:\/\/ryinz.cz\/velkoobchod\/fr\/wp-json\/wp\/v2\/product_brand?post=9199"},{"taxonomy":"product_cat","embeddable":true,"href":"https:\/\/ryinz.cz\/velkoobchod\/fr\/wp-json\/wp\/v2\/product_cat?post=9199"},{"taxonomy":"product_tag","embeddable":true,"href":"https:\/\/ryinz.cz\/velkoobchod\/fr\/wp-json\/wp\/v2\/product_tag?post=9199"}],"curies":[{"name":"wp","href":"https:\/\/api.w.org\/{rel}","templated":true}]}}